{"id":4526,"date":"2026-04-01T10:01:17","date_gmt":"2026-04-01T10:01:17","guid":{"rendered":"https:\/\/ehrlichvietnam.vn\/?post_type=product&#038;p=4526"},"modified":"2026-04-01T10:04:42","modified_gmt":"2026-04-01T10:04:42","slug":"combo-luxury-21","status":"publish","type":"product","link":"https:\/\/ehrlichvietnam.vn\/combo-luxury-21\/","title":{"rendered":"Combo Luxury &#8211; 21"},"content":{"rendered":"<h1 data-section-id=\"uhtha2\" data-start=\"147\" data-end=\"256\">Combo Thi\u1ebft B\u1ecb V\u1ec7 Sinh Luxury 21 \u2013 Ehrlich x American Standard, L\u1ef1a Ch\u1ecdn An To\u00e0n &amp; D\u1ec5 D\u00f9ng Cho M\u1ecdi Gia \u0110\u00ecnh<\/h1>\n<p data-start=\"258\" data-end=\"306\">Kh\u00f4ng ph\u1ea3i ai c\u0169ng c\u1ea7n m\u1ed9t ph\u00f2ng t\u1eafm qu\u00e1 c\u1ea7u k\u1ef3.<\/p>\n<p data-start=\"308\" data-end=\"426\">\u0110a s\u1ed1 kh\u00e1ch h\u00e0ng khi l\u00e0m nh\u00e0 \u0111\u1ec1u t\u00ecm m\u1ed9t b\u1ed9 thi\u1ebft b\u1ecb <strong data-start=\"361\" data-end=\"425\">d\u1ec5 d\u00f9ng \u2013 b\u1ec1n \u2013 \u00edt l\u1ed7i \u2013 ai trong nh\u00e0 c\u0169ng s\u1eed d\u1ee5ng tho\u1ea3i m\u00e1i<\/strong>.<\/p>\n<p data-start=\"428\" data-end=\"529\">V\u00e0 \u0111\u00f3 ch\u00ednh l\u00e0 l\u00fd do <strong data-start=\"449\" data-end=\"462\">Luxury 21<\/strong> tr\u1edf th\u00e0nh m\u1ed9t trong nh\u1eefng combo \u201cd\u1ec5 b\u00e1n \u2013 d\u1ec5 ch\u1ecdn \u2013 d\u1ec5 d\u00f9ng\u201d nh\u1ea5t.<\/p>\n<p data-start=\"531\" data-end=\"690\">\u0110\u01b0\u1ee3c k\u1ebft h\u1ee3p t\u1eeb <strong data-start=\"547\" data-end=\"588\">Ehrlich \u2013 American Standard<\/strong>, b\u1ed9 s\u1ea3n ph\u1ea9m n\u00e0y mang \u0111\u1ebfn m\u1ed9t kh\u00f4ng gian ph\u00f2ng t\u1eafm <strong data-start=\"640\" data-end=\"689\">\u0111\u1ed3ng b\u1ed9, \u1ed5n \u0111\u1ecbnh v\u00e0 th\u00e2n thi\u1ec7n v\u1edbi ng\u01b0\u1eddi d\u00f9ng<\/strong>.<\/p>\n<hr data-start=\"692\" data-end=\"695\" \/>\n<h2 data-section-id=\"e0502g\" data-start=\"697\" data-end=\"751\">Luxury 21 \u2013 Combo \u201cQu\u1ed1c D\u00e2n\u201d Cho Ph\u00f2ng T\u1eafm Hi\u1ec7n \u0110\u1ea1i<\/h2>\n<p data-start=\"753\" data-end=\"818\">Luxury 21 kh\u00f4ng ch\u1ea1y theo thi\u1ebft k\u1ebf qu\u00e1 n\u1ed5i b\u1eadt, m\u00e0 t\u1eadp trung v\u00e0o:<\/p>\n<ul data-start=\"820\" data-end=\"922\">\n<li data-section-id=\"o0zcap\" data-start=\"820\" data-end=\"853\">Tr\u1ea3i nghi\u1ec7m s\u1eed d\u1ee5ng h\u00e0ng ng\u00e0y<\/li>\n<li data-section-id=\"x73ltm\" data-start=\"854\" data-end=\"872\">\u0110\u1ed9 b\u1ec1n l\u00e2u d\u00e0i<\/li>\n<li data-section-id=\"z2wohs\" data-start=\"873\" data-end=\"922\">S\u1ef1 ti\u1ec7n l\u1ee3i cho m\u1ecdi th\u00e0nh vi\u00ean trong gia \u0111\u00ecnh<\/li>\n<\/ul>\n<p data-start=\"924\" data-end=\"991\">\ud83d\udc49 \u0110\u00e2y l\u00e0 combo ph\u00f9 h\u1ee3p v\u1edbi <strong data-start=\"952\" data-end=\"975\">80% nhu c\u1ea7u th\u1ef1c t\u1ebf<\/strong> c\u1ee7a kh\u00e1ch h\u00e0ng.<\/p>\n<hr data-start=\"993\" data-end=\"996\" \/>\n<h2 data-section-id=\"lm1tjo\" data-start=\"998\" data-end=\"1034\">Combo Luxury 21 Bao G\u1ed3m Nh\u1eefng G\u00ec?<\/h2>\n<p data-start=\"1036\" data-end=\"1084\">B\u1ed9 s\u1ea3n ph\u1ea9m \u0111\u1ea7y \u0111\u1ee7 cho m\u1ed9t ph\u00f2ng t\u1eafm ho\u00e0n ch\u1ec9nh:<\/p>\n<ul data-start=\"1086\" data-end=\"1458\">\n<li data-section-id=\"dqysoy\" data-start=\"1086\" data-end=\"1140\"><strong data-start=\"1088\" data-end=\"1117\">B\u1ed3n c\u1ea7u American Standard<\/strong> x\u1ea3 m\u1ea1nh, v\u1eadn h\u00e0nh \u00eam<\/li>\n<li data-section-id=\"5dvya1\" data-start=\"1141\" data-end=\"1195\"><strong data-start=\"1143\" data-end=\"1172\">T\u1ee7 ch\u1eadu lavabo treo t\u01b0\u1eddng<\/strong> g\u1ecdn g\u00e0ng, d\u1ec5 v\u1ec7 sinh<\/li>\n<li data-section-id=\"1sx2f09\" data-start=\"1250\" data-end=\"1296\"><strong data-start=\"1252\" data-end=\"1276\">V\u00f2i lavabo n\u00f3ng l\u1ea1nh<\/strong> ho\u1ea1t \u0111\u1ed9ng \u1ed5n \u0111\u1ecbnh<\/li>\n<li data-section-id=\"i1vdf3\" data-start=\"1297\" data-end=\"1357\">\u2b50 <strong data-start=\"1301\" data-end=\"1355\">Sen c\u00e2y cao c\u1ea5p, d\u1ec5 s\u1eed d\u1ee5ng<\/strong><\/li>\n<li data-section-id=\"fs9vcd\" data-start=\"1391\" data-end=\"1424\"><strong data-start=\"1393\" data-end=\"1422\">V\u00f2i x\u1ecbt v\u1ec7 sinh + d\u00e2y c\u1ea5p<\/strong><\/li>\n<li data-section-id=\"1ohm0sy\" data-start=\"1425\" data-end=\"1458\"><strong data-start=\"1427\" data-end=\"1456\">Ph\u1ee5 ki\u1ec7n ph\u00f2ng t\u1eafm \u0111\u1ea7y \u0111\u1ee7<\/strong><\/li>\n<\/ul>\n<p data-start=\"1460\" data-end=\"1492\">\ud83d\udc49 L\u1eafp \u0111\u1eb7t nhanh \u2013 s\u1eed d\u1ee5ng ngay.<\/p>\n<hr data-start=\"1494\" data-end=\"1497\" \/>\n<h2 data-section-id=\"m415sx\" data-start=\"1499\" data-end=\"1525\">\u0110i\u1ec3m M\u1ea1nh C\u1ee7a Luxury 21<\/h2>\n<h3 data-section-id=\"1m68z1i\" data-start=\"1527\" data-end=\"1559\">1. D\u1ec5 d\u00f9ng cho m\u1ecdi \u0111\u1ed1i t\u01b0\u1ee3ng<\/h3>\n<ul data-start=\"1561\" data-end=\"1651\">\n<li data-section-id=\"11tamz5\" data-start=\"1561\" data-end=\"1590\">Tay g\u1ea1t, n\u00fam v\u1eb7n \u0111\u01a1n gi\u1ea3n<\/li>\n<li data-section-id=\"1q3i5ci\" data-start=\"1591\" data-end=\"1613\">Kh\u00f4ng c\u1ea7n l\u00e0m quen<\/li>\n<li data-section-id=\"15dycl6\" data-start=\"1614\" data-end=\"1651\">Ng\u01b0\u1eddi l\u1edbn tu\u1ed5i v\u1eabn d\u00f9ng tho\u1ea3i m\u00e1i<\/li>\n<\/ul>\n<p data-start=\"1653\" data-end=\"1709\">\ud83d\udc49 \u0110\u00e2y l\u00e0 \u0111i\u1ec3m r\u1ea5t quan tr\u1ecdng v\u1edbi gia \u0111\u00ecnh nhi\u1ec1u th\u1ebf h\u1ec7.<\/p>\n<hr data-start=\"1711\" data-end=\"1714\" \/>\n<h3 data-section-id=\"azxvvs\" data-start=\"1716\" data-end=\"1761\">2. Sen c\u00e2y truy\u1ec1n th\u1ed1ng \u2013 \u1ed5n \u0111\u1ecbnh, \u00edt l\u1ed7i<\/h3>\n<p data-start=\"1763\" data-end=\"1814\">Luxury 21 s\u1eed d\u1ee5ng <strong data-start=\"1781\" data-end=\"1813\">sen c\u00e2y d\u1ea1ng c\u01a1 truy\u1ec1n th\u1ed1ng<\/strong>:<\/p>\n<ul data-start=\"1816\" data-end=\"1892\">\n<li data-section-id=\"oc1hnu\" data-start=\"1816\" data-end=\"1831\">\u00cdt h\u1ecfng v\u1eb7t<\/li>\n<li data-section-id=\"mo8zzx\" data-start=\"1832\" data-end=\"1855\">D\u1ec5 s\u1eeda ch\u1eefa n\u1ebfu c\u1ea7n<\/li>\n<li data-section-id=\"1qq5vab\" data-start=\"1856\" data-end=\"1892\">Ho\u1ea1t \u0111\u1ed9ng \u1ed5n \u0111\u1ecbnh theo th\u1eddi gian<\/li>\n<\/ul>\n<p data-start=\"1894\" data-end=\"1944\">\ud83d\udc49 Ph\u00f9 h\u1ee3p v\u1edbi ng\u01b0\u1eddi \u01b0u ti\u00ean s\u1ef1 \u201c\u0103n ch\u1eafc m\u1eb7c b\u1ec1n\u201d.<\/p>\n<hr data-start=\"1946\" data-end=\"1949\" \/>\n<h3 data-section-id=\"3mx9h1\" data-start=\"1951\" data-end=\"1996\">3. Thi\u1ebft k\u1ebf trung t\u00ednh \u2013 d\u1ec5 ph\u1ed1i n\u1ed9i th\u1ea5t<\/h3>\n<ul data-start=\"1998\" data-end=\"2074\">\n<li data-section-id=\"18p8y69\" data-start=\"1998\" data-end=\"2020\">T\u00f4ng s\u00e1ng, s\u1ea1ch s\u1ebd<\/li>\n<li data-section-id=\"8r4lpa\" data-start=\"2021\" data-end=\"2049\">Ph\u00f9 h\u1ee3p nhi\u1ec1u phong c\u00e1ch<\/li>\n<li data-section-id=\"1el83s5\" data-start=\"2050\" data-end=\"2074\">Kh\u00f4ng k\u00e9n kh\u00f4ng gian<\/li>\n<\/ul>\n<p data-start=\"2076\" data-end=\"2113\">\ud83d\udc49 D\u00f9ng cho nh\u00e0 \u1edf hay c\u0103n h\u1ed9 \u0111\u1ec1u h\u1ee3p.<\/p>\n<hr data-start=\"2115\" data-end=\"2118\" \/>\n<h3 data-section-id=\"1fvjt8m\" data-start=\"2120\" data-end=\"2155\">4. \u0110\u1ed9 b\u1ec1n cao \u2013 s\u1eed d\u1ee5ng l\u00e2u d\u00e0i<\/h3>\n<ul data-start=\"2157\" data-end=\"2221\">\n<li data-section-id=\"1x4qwlm\" data-start=\"2157\" data-end=\"2177\">S\u1ee9 ch\u1ed1ng b\u00e1m b\u1ea9n<\/li>\n<li data-section-id=\"1rt4ggh\" data-start=\"2178\" data-end=\"2199\">Kim lo\u1ea1i ch\u1ed1ng g\u1ec9<\/li>\n<li data-section-id=\"4mt38n\" data-start=\"2200\" data-end=\"2221\">Linh ki\u1ec7n \u1ed5n \u0111\u1ecbnh<\/li>\n<\/ul>\n<p data-start=\"2223\" data-end=\"2255\">Gi\u00fap gi\u1ea3m thi\u1ec3u chi ph\u00ed b\u1ea3o tr\u00ec.<\/p>\n<hr data-start=\"2257\" data-end=\"2260\" \/>\n<h2 data-section-id=\"3mv3q1\" data-start=\"2262\" data-end=\"2303\">S\u1ef1 K\u1ebft H\u1ee3p Th\u01b0\u01a1ng Hi\u1ec7u T\u1ea1o N\u00ean Gi\u00e1 Tr\u1ecb<\/h2>\n<p data-start=\"2305\" data-end=\"2334\">Luxury 21 l\u00e0 s\u1ef1 k\u1ebft h\u1ee3p gi\u1eefa:<\/p>\n<ul data-start=\"2336\" data-end=\"2481\">\n<li data-section-id=\"njtlff\" data-start=\"2336\" data-end=\"2390\"><strong data-start=\"2338\" data-end=\"2349\">Ehrlich<\/strong>: thi\u1ebft k\u1ebf t\u1ed5ng th\u1ec3 chu\u1ea9n Germany Style<\/li>\n<li data-section-id=\"1okw4km\" data-start=\"2391\" data-end=\"2444\"><strong data-start=\"2393\" data-end=\"2414\">American Standard<\/strong>: th\u01b0\u01a1ng hi\u1ec7u qu\u1ed1c t\u1ebf uy t\u00edn<\/li>\n<\/ul>\n<p data-start=\"2483\" data-end=\"2537\">\ud83d\udc49 \u0110\u1ea3m b\u1ea3o m\u1ed9t combo v\u1eeba \u0111\u1eb9p, v\u1eeba b\u1ec1n, v\u1eeba d\u1ec5 s\u1eed d\u1ee5ng.<\/p>\n<hr data-start=\"2539\" data-end=\"2542\" \/>\n<h2 data-section-id=\"l0y7w6\" data-start=\"2544\" data-end=\"2584\">\u01afu \u0110i\u1ec3m Khi Ch\u1ecdn Combo Thay V\u00ec Mua L\u1ebb<\/h2>\n<h3 data-section-id=\"k9hdqd\" data-start=\"2586\" data-end=\"2611\">1. \u0110\u1ed3ng b\u1ed9 ho\u00e0n ch\u1ec9nh<\/h3>\n<ul data-start=\"2613\" data-end=\"2686\">\n<li data-section-id=\"y5poqn\" data-start=\"2613\" data-end=\"2632\">Kh\u00f4ng l\u1ec7ch t\u00f4ng<\/li>\n<li data-section-id=\"ky46ov\" data-start=\"2633\" data-end=\"2657\">Kh\u00f4ng thi\u1ebfu ph\u1ee5 ki\u1ec7n<\/li>\n<li data-section-id=\"16moz6y\" data-start=\"2658\" data-end=\"2686\">Kh\u00f4ng ph\u1ea3i ch\u1ecdn t\u1eebng m\u00f3n<\/li>\n<\/ul>\n<hr data-start=\"2688\" data-end=\"2691\" \/>\n<h3 data-section-id=\"1vjcest\" data-start=\"2693\" data-end=\"2719\">2. Ti\u1ebft ki\u1ec7m th\u1eddi gian<\/h3>\n<ul data-start=\"2721\" data-end=\"2784\">\n<li data-section-id=\"111nkyh\" data-start=\"2721\" data-end=\"2747\">Kh\u00f4ng c\u1ea7n \u0111i nhi\u1ec1u n\u01a1i<\/li>\n<li data-section-id=\"9ar20o\" data-start=\"2748\" data-end=\"2784\">Kh\u00f4ng ph\u1ea3i so s\u00e1nh t\u1eebng s\u1ea3n ph\u1ea9m<\/li>\n<\/ul>\n<hr data-start=\"2786\" data-end=\"2789\" \/>\n<h3 data-section-id=\"az5x51\" data-start=\"2791\" data-end=\"2812\">3. T\u1ed1i \u01b0u chi ph\u00ed<\/h3>\n<ul data-start=\"2814\" data-end=\"2876\">\n<li data-section-id=\"i1j7pv\" data-start=\"2814\" data-end=\"2842\">Gi\u00e1 combo t\u1ed1t h\u01a1n mua l\u1ebb<\/li>\n<li data-section-id=\"1oh2q0v\" data-start=\"2843\" data-end=\"2876\">Kh\u00f4ng ph\u00e1t sinh chi ph\u00ed ngo\u00e0i<\/li>\n<\/ul>\n<hr data-start=\"2878\" data-end=\"2881\" \/>\n<h2 data-section-id=\"1pb7ol6\" data-start=\"2883\" data-end=\"2905\">Gi\u00e1 Combo Luxury 21<\/h2>\n<ul data-start=\"2907\" data-end=\"2974\">\n<li data-section-id=\"14rinct\" data-start=\"2907\" data-end=\"2940\"><strong data-start=\"2909\" data-end=\"2926\">Gi\u00e1 ni\u00eam y\u1ebft:<\/strong> 36.754.000\u0111<\/li>\n<li data-section-id=\"1lk340h\" data-start=\"2941\" data-end=\"2974\"><strong data-start=\"2943\" data-end=\"2958\">Gi\u00e1 \u01b0u \u0111\u00e3i:<\/strong> <strong data-start=\"2959\" data-end=\"2974\">20.881.000\u0111<\/strong><\/li>\n<\/ul>\n<p data-start=\"2976\" data-end=\"2986\">Quy\u1ec1n l\u1ee3i:<\/p>\n<ul data-start=\"2988\" data-end=\"3107\">\n<li data-section-id=\"1w6hxfb\" data-start=\"2988\" data-end=\"3023\">\ud83d\ude9a Mi\u1ec5n ph\u00ed giao h\u00e0ng to\u00e0n qu\u1ed1c<\/li>\n<li data-section-id=\"1wta9z4\" data-start=\"3024\" data-end=\"3045\">\ud83d\udee0 B\u1ea3o h\u00e0nh 5 n\u0103m<\/li>\n<li data-section-id=\"z8h9bs\" data-start=\"3046\" data-end=\"3081\">\u2714\ufe0f Ki\u1ec3m tra tr\u01b0\u1edbc khi nh\u1eadn h\u00e0ng<\/li>\n<li data-section-id=\"cgo9ry\" data-start=\"3082\" data-end=\"3107\">\u2714\ufe0f Cam k\u1ebft ch\u00ednh h\u00e3ng<\/li>\n<\/ul>\n<hr data-start=\"3109\" data-end=\"3112\" \/>\n<h2 data-section-id=\"6xvjow\" data-start=\"3114\" data-end=\"3142\">Luxury 21 Ph\u00f9 H\u1ee3p V\u1edbi Ai?<\/h2>\n<ul data-start=\"3144\" data-end=\"3284\">\n<li data-section-id=\"11cpvv\" data-start=\"3144\" data-end=\"3169\">Gia \u0111\u00ecnh nhi\u1ec1u th\u1ebf h\u1ec7<\/li>\n<li data-section-id=\"mdwa3p\" data-start=\"3170\" data-end=\"3207\">Ng\u01b0\u1eddi \u01b0u ti\u00ean s\u1ef1 \u1ed5n \u0111\u1ecbnh, d\u1ec5 d\u00f9ng<\/li>\n<li data-section-id=\"19am4lq\" data-start=\"3208\" data-end=\"3241\">Nh\u00e0 \u1edf, c\u0103n h\u1ed9 c\u1ea7n setup nhanh<\/li>\n<li data-section-id=\"124czn0\" data-start=\"3242\" data-end=\"3284\">Ng\u01b0\u1eddi kh\u00f4ng mu\u1ed1n s\u1ea3n ph\u1ea9m qu\u00e1 ph\u1ee9c t\u1ea1p<\/li>\n<\/ul>\n<hr data-start=\"3286\" data-end=\"3289\" \/>\n<h2 data-section-id=\"11wiq9r\" data-start=\"3291\" data-end=\"3302\">K\u1ebft Lu\u1eadn<\/h2>\n<p data-start=\"3304\" data-end=\"3364\"><strong data-start=\"3304\" data-end=\"3317\">Luxury 21<\/strong> l\u00e0 l\u1ef1a ch\u1ecdn \u201can to\u00e0n\u201d nh\u01b0ng kh\u00f4ng h\u1ec1 \u0111\u01a1n gi\u1ea3n.<\/p>\n<p data-start=\"3366\" data-end=\"3379\">\u0110\u00e2y l\u00e0 combo:<\/p>\n<ul data-start=\"3381\" data-end=\"3465\">\n<li data-section-id=\"6ul6zh\" data-start=\"3381\" data-end=\"3406\">D\u1ec5 d\u00f9ng cho m\u1ecdi ng\u01b0\u1eddi<\/li>\n<li data-section-id=\"l2d5d\" data-start=\"3407\" data-end=\"3432\">B\u1ec1n b\u1ec9 theo th\u1eddi gian<\/li>\n<li data-section-id=\"moou1b\" data-start=\"3433\" data-end=\"3465\">\u0110\u1ed3ng b\u1ed9, g\u1ecdn g\u00e0ng, ti\u1ec7n nghi<\/li>\n<\/ul>\n<p data-start=\"3467\" data-end=\"3583\">\ud83d\udc49 N\u1ebfu b\u1ea1n mu\u1ed1n m\u1ed9t b\u1ed9 thi\u1ebft b\u1ecb <strong data-start=\"3499\" data-end=\"3544\">kh\u00f4ng c\u1ea7n suy ngh\u0129 nhi\u1ec1u \u2013 l\u1eafp l\u00e0 d\u00f9ng \u1ed5n<\/strong>, th\u00ec Luxury 21 l\u00e0 l\u1ef1a ch\u1ecdn r\u1ea5t h\u1ee3p l\u00fd.<\/p>\n<h2 data-start=\"4812\" data-end=\"4864\">\ud83d\udcde Li\u00ean H\u1ec7 \u0110\u1eb7t Mua Combo Ehrlich Luxury 21 Ch\u00ednh H\u00e3ng<\/h2>\n<p data-start=\"4866\" data-end=\"4979\"><strong data-start=\"4866\" data-end=\"4917\">Ehrlich Vi\u1ec7t Nam \u2013 Thi\u1ebft B\u1ecb Nh\u00e0 B\u1ebfp &amp; Ph\u00f2ng T\u1eafm<\/strong><br data-start=\"4917\" data-end=\"4920\" \/>\ud83d\udccd\u00a0\u0110\u1ecba ch\u1ec9: S\u1ed1 6 Li\u1ec1n K\u1ec1 22, K\u0110T V\u0103n Kh\u00ea, H\u00e0 \u0110\u00f4ng, H\u00e0 N\u1ed9i<\/p>\n<p data-start=\"4981\" data-end=\"5105\">\ud83c\udf10\u00a0Website:\u00a0<a class=\"decorated-link\" href=\"https:\/\/ehrlichvietnam.vn\/\" target=\"_new\" rel=\"noopener\" data-start=\"4993\" data-end=\"5019\">https:\/\/ehrlichvietnam.vn\/<\/a><br data-start=\"5019\" data-end=\"5022\" \/>\ud83d\udcde\u00a0Hotline:\u00a0<strong data-start=\"5034\" data-end=\"5051\">0932 27 05 20<\/strong><br data-start=\"5051\" data-end=\"5054\" \/>\ud83d\udcac\u00a0Zalo OA:\u00a0<a class=\"decorated-link\" href=\"https:\/\/zalo.me\/s\/2888141157129558325\" target=\"_new\" rel=\"noopener\" data-start=\"5066\" data-end=\"5103\">https:\/\/zalo.me\/s\/2888141157129558325<\/a><\/p>\n<p data-start=\"5107\" data-end=\"5218\">\ud83c\udfa5\u00a0TikTok:\u00a0<a class=\"decorated-link\" href=\"https:\/\/www.tiktok.com\/@ehrlich.chia.s?_r=1\" target=\"_new\" rel=\"noopener\" data-start=\"5118\" data-end=\"5162\">https:\/\/www.tiktok.com\/@ehrlichthietbivesinh<\/a><br data-start=\"5162\" data-end=\"5165\" \/>\u25b6\ufe0f\u00a0YouTube:\u00a0<a class=\"decorated-link\" href=\"https:\/\/www.youtube.com\/@EhrlichVietNam\" target=\"_new\" rel=\"noopener\" data-start=\"5177\" data-end=\"5216\">https:\/\/www.youtube.com\/@EhrlichVietNam<\/a><\/p>\n<p data-start=\"5220\" data-end=\"5265\">\ud83d\ude9a\u00a0Giao h\u00e0ng to\u00e0n qu\u1ed1c \u2013 t\u01b0 v\u1ea5n nhanh ch\u00f3ng<\/p>\n<p data-start=\"5374\" data-end=\"5452\">\ud83d\udc49 Li\u00ean h\u1ec7 ngay \u0111\u1ec3 \u0111\u01b0\u1ee3c t\u01b0 v\u1ea5n v\u00e0 nh\u1eadn \u01b0u \u0111\u00e3i t\u1ed1t nh\u1ea5t cho c\u00f4ng tr\u00ecnh c\u1ee7a b\u1ea1n.<\/p>\n","protected":false},"excerpt":{"rendered":"<p data-start=\"106\" data-end=\"188\">\ud83c\udf1f <strong data-start=\"109\" data-end=\"186\">Combo thi\u1ebft b\u1ecb v\u1ec7 sinh Ehrlich \u2013 Ho\u00e0n thi\u1ec7n ph\u00f2ng t\u1eafm theo phong c\u00e1ch \u0110\u1ee9c<\/strong><\/p>\n<p data-start=\"190\" data-end=\"498\">Kh\u00f4ng gian ph\u00f2ng t\u1eafm kh\u00f4ng ch\u1ec9 l\u00e0 n\u01a1i sinh ho\u1ea1t h\u1eb1ng ng\u00e0y, m\u00e0 c\u00f2n l\u00e0 n\u01a1i t\u00e1i t\u1ea1o n\u0103ng l\u01b0\u1ee3ng, t\u1eadn h\u01b0\u1edfng s\u1ef1 th\u01b0 gi\u00e3n sau m\u1ed9t ng\u00e0y d\u00e0i. V\u1edbi tri\u1ebft l\u00fd <strong data-start=\"336\" data-end=\"369\">\u201ctinh t\u1ebf trong t\u1eebng chi ti\u1ebft\u201d<\/strong>, Ehrlich mang \u0111\u1ebfn combo thi\u1ebft b\u1ecb v\u1ec7 sinh \u0111\u1ed3ng b\u1ed9, gi\u00fap ph\u00f2ng t\u1eafm tr\u1edf th\u00e0nh <strong data-start=\"445\" data-end=\"495\">m\u1ed9t t\u1ed5ng th\u1ec3 sang tr\u1ecdng, hi\u1ec7n \u0111\u1ea1i v\u00e0 ti\u1ec7n nghi<\/strong>.<\/p>\n<p data-start=\"500\" data-end=\"778\">\u2728 M\u1ed7i s\u1ea3n ph\u1ea9m trong combo \u0111\u1ec1u \u0111\u01b0\u1ee3c ch\u1ebf t\u00e1c t\u1eeb ch\u1ea5t li\u1ec7u cao c\u1ea5p, \u00e1p d\u1ee5ng c\u00f4ng ngh\u1ec7 ch\u1ed1ng b\u00e1m b\u1ea9n, ch\u1ed1ng \u1ea9m m\u1ed1c v\u00e0 t\u1ed1i \u01b0u c\u00f4ng n\u0103ng s\u1eed d\u1ee5ng. Khi k\u1ebft h\u1ee3p tr\u1ecdn b\u1ed9, ch\u00fang t\u1ea1o n\u00ean s\u1ef1 h\u00e0i h\u00f2a tuy\u1ec7t \u0111\u1ed1i v\u1ec1 thi\u1ebft k\u1ebf, t\u1eeb ki\u1ec3u d\u00e1ng \u0111\u1ebfn m\u00e0u s\u1eafc \u2013 v\u1eeba th\u1ea9m m\u1ef9, v\u1eeba b\u1ec1n b\u1ec9 theo th\u1eddi gian.<\/p>\n<p data-start=\"780\" data-end=\"959\">\ud83d\udc8e L\u1ef1a ch\u1ecdn <strong data-start=\"792\" data-end=\"826\">combo thi\u1ebft b\u1ecb v\u1ec7 sinh Ehrlich<\/strong> ch\u00ednh l\u00e0 l\u1ef1a ch\u1ecdn s\u1ef1 <strong data-start=\"848\" data-end=\"870\">\u0111\u1eb3ng c\u1ea5p chu\u1ea9n \u0110\u1ee9c<\/strong>, mang \u0111\u1ebfn tr\u1ea3i nghi\u1ec7m tho\u1ea3i m\u00e1i, ti\u1ec7n l\u1ee3i v\u00e0 n\u00e2ng t\u1ea7m gi\u00e1 tr\u1ecb kh\u00f4ng gian s\u1ed1ng c\u1ee7a b\u1ea1n.<\/p>\n","protected":false},"featured_media":4527,"comment_status":"open","ping_status":"closed","template":"","meta":{"_acf_changed":false},"product_brand":[],"product_cat":[55,77,133],"product_tag":[],"class_list":{"0":"post-4526","1":"product","2":"type-product","3":"status-publish","4":"has-post-thumbnail","6":"product_cat-combo-phong-tam","7":"product_cat-combo","8":"product_cat-combo-luxury","10":"first","11":"instock","12":"sale","13":"shipping-taxable","14":"purchasable","15":"product-type-simple"},"acf":[],"_links":{"self":[{"href":"https:\/\/ehrlichvietnam.vn\/en\/wp-json\/wp\/v2\/product\/4526","targetHints":{"allow":["GET"]}}],"collection":[{"href":"https:\/\/ehrlichvietnam.vn\/en\/wp-json\/wp\/v2\/product"}],"about":[{"href":"https:\/\/ehrlichvietnam.vn\/en\/wp-json\/wp\/v2\/types\/product"}],"replies":[{"embeddable":true,"href":"https:\/\/ehrlichvietnam.vn\/en\/wp-json\/wp\/v2\/comments?post=4526"}],"wp:featuredmedia":[{"embeddable":true,"href":"https:\/\/ehrlichvietnam.vn\/en\/wp-json\/wp\/v2\/media\/4527"}],"wp:attachment":[{"href":"https:\/\/ehrlichvietnam.vn\/en\/wp-json\/wp\/v2\/media?parent=4526"}],"wp:term":[{"taxonomy":"product_brand","embeddable":true,"href":"https:\/\/ehrlichvietnam.vn\/en\/wp-json\/wp\/v2\/product_brand?post=4526"},{"taxonomy":"product_cat","embeddable":true,"href":"https:\/\/ehrlichvietnam.vn\/en\/wp-json\/wp\/v2\/product_cat?post=4526"},{"taxonomy":"product_tag","embeddable":true,"href":"https:\/\/ehrlichvietnam.vn\/en\/wp-json\/wp\/v2\/product_tag?post=4526"}],"curies":[{"name":"wp","href":"https:\/\/api.w.org\/{rel}","templated":true}]}}