{"id":4521,"date":"2026-04-01T09:55:49","date_gmt":"2026-04-01T09:55:49","guid":{"rendered":"https:\/\/ehrlichvietnam.vn\/?post_type=product&#038;p=4521"},"modified":"2026-04-01T10:00:43","modified_gmt":"2026-04-01T10:00:43","slug":"combo-luxury-20","status":"publish","type":"product","link":"https:\/\/ehrlichvietnam.vn\/combo-luxury-20\/","title":{"rendered":"Combo Luxury &#8211; 20"},"content":{"rendered":"<h1 data-section-id=\"thi06o\" data-start=\"118\" data-end=\"223\">Combo Thi\u1ebft B\u1ecb V\u1ec7 Sinh Luxury 20 \u2013 Ehrlich x INAX x Italisa, Ph\u00f2ng T\u1eafm T\u00f4ng X\u00e1m Hi\u1ec7n \u0110\u1ea1i Chu\u1ea9n Xu H\u01b0\u1edbng<\/h1>\n<p data-start=\"225\" data-end=\"345\">Trong nh\u1eefng n\u0103m g\u1ea7n \u0111\u00e2y, <strong data-start=\"250\" data-end=\"272\">ph\u00f2ng t\u1eafm t\u00f4ng x\u00e1m<\/strong> \u0111ang tr\u1edf th\u00e0nh xu h\u01b0\u1edbng \u0111\u01b0\u1ee3c \u01b0a chu\u1ed9ng trong thi\u1ebft k\u1ebf n\u1ed9i th\u1ea5t hi\u1ec7n \u0111\u1ea1i.<\/p>\n<p data-start=\"347\" data-end=\"468\">Kh\u00f4ng qu\u00e1 s\u00e1ng nh\u01b0 tr\u1eafng, c\u0169ng kh\u00f4ng qu\u00e1 t\u1ed1i nh\u01b0 \u0111en \u2013 m\u00e0u x\u00e1m mang l\u1ea1i c\u1ea3m gi\u00e1c <strong data-start=\"428\" data-end=\"467\">tinh t\u1ebf, s\u1ea1ch s\u1ebd v\u00e0 cao c\u1ea5p h\u01a1n h\u1eb3n<\/strong>.<\/p>\n<p data-start=\"470\" data-end=\"660\">V\u00e0 <strong data-start=\"473\" data-end=\"486\">Luxury 20<\/strong> ch\u00ednh l\u00e0 b\u1ed9 combo \u0111\u01b0\u1ee3c thi\u1ebft k\u1ebf theo tinh th\u1ea7n \u0111\u00f3, v\u1edbi s\u1ef1 k\u1ebft h\u1ee3p t\u1eeb <strong data-start=\"556\" data-end=\"584\">Ehrlich \u2013 INAX \u2013 Italisa<\/strong>, mang \u0111\u1ebfn gi\u1ea3i ph\u00e1p ph\u00f2ng t\u1eafm <strong data-start=\"615\" data-end=\"659\">\u0111\u1ed3ng b\u1ed9 \u2013 sang tr\u1ecdng \u2013 chu\u1ea9n gu hi\u1ec7n \u0111\u1ea1i<\/strong>.<\/p>\n<hr data-start=\"662\" data-end=\"665\" \/>\n<h2 data-section-id=\"5k6zbh\" data-start=\"667\" data-end=\"736\">Luxury 20 \u2013 Gi\u1ea3i Ph\u00e1p Cho Kh\u00f4ng Gian Ph\u00f2ng T\u1eafm Tinh G\u1ecdn &amp; \u0110\u1eb3ng C\u1ea5p<\/h2>\n<p data-start=\"738\" data-end=\"792\">Luxury 20 kh\u00f4ng h\u01b0\u1edbng t\u1edbi s\u1ef1 c\u1ea7u k\u1ef3, m\u00e0 t\u1eadp trung v\u00e0o:<\/p>\n<ul data-start=\"794\" data-end=\"918\">\n<li data-section-id=\"238c61\" data-start=\"794\" data-end=\"834\">Thi\u1ebft k\u1ebf t\u1ed1i gi\u1ea3n nh\u01b0ng c\u00f3 \u0111i\u1ec3m nh\u1ea5n<\/li>\n<li data-section-id=\"19s6igo\" data-start=\"835\" data-end=\"877\">M\u00e0u s\u1eafc trung t\u00ednh, d\u1ec5 ph\u1ed1i kh\u00f4ng gian<\/li>\n<li data-section-id=\"adakyk\" data-start=\"878\" data-end=\"918\">Tr\u1ea3i nghi\u1ec7m s\u1eed d\u1ee5ng m\u01b0\u1ee3t m\u00e0, \u1ed5n \u0111\u1ecbnh<\/li>\n<\/ul>\n<p data-start=\"920\" data-end=\"1012\">\ud83d\udc49 \u0110\u00e2y l\u00e0 combo d\u00e0nh cho nh\u1eefng ai th\u00edch phong c\u00e1ch <strong data-start=\"971\" data-end=\"1011\">hi\u1ec7n \u0111\u1ea1i \u2013 g\u1ecdn g\u00e0ng \u2013 kh\u00f4ng l\u1ed7i th\u1eddi<\/strong>.<\/p>\n<hr data-start=\"1014\" data-end=\"1017\" \/>\n<h2 data-section-id=\"lmcdg5\" data-start=\"1019\" data-end=\"1055\">Combo Luxury 20 Bao G\u1ed3m Nh\u1eefng G\u00ec?<\/h2>\n<p data-start=\"1057\" data-end=\"1105\">B\u1ed9 s\u1ea3n ph\u1ea9m \u0111\u1ea7y \u0111\u1ee7 cho m\u1ed9t ph\u00f2ng t\u1eafm ho\u00e0n ch\u1ec9nh:<\/p>\n<ul data-start=\"1107\" data-end=\"1472\">\n<li data-section-id=\"7emuqu\" data-start=\"1107\" data-end=\"1159\"><strong data-start=\"1109\" data-end=\"1133\">B\u1ed3n c\u1ea7u INAX cao c\u1ea5p<\/strong> x\u1ea3 m\u1ea1nh, ti\u1ebft ki\u1ec7m n\u01b0\u1edbc<\/li>\n<li data-section-id=\"1nw8945\" data-start=\"1160\" data-end=\"1220\"><strong data-start=\"1162\" data-end=\"1189\">T\u1ee7 ch\u1eadu lavabo t\u00f4ng x\u00e1m<\/strong> thi\u1ebft k\u1ebf treo t\u01b0\u1eddng hi\u1ec7n \u0111\u1ea1i<\/li>\n<li data-section-id=\"11fuqxf\" data-start=\"1273\" data-end=\"1327\"><strong data-start=\"1275\" data-end=\"1301\">V\u00f2i lavabo m\u00e0u titan<\/strong> t\u1ea1o \u0111i\u1ec3m nh\u1ea5n kh\u00e1c bi\u1ec7t<\/li>\n<li data-section-id=\"1iyq084\" data-start=\"1328\" data-end=\"1379\">\u2b50 <strong data-start=\"1332\" data-end=\"1360\">Sen c\u00e2y titan cao c\u1ea5p<\/strong> \u0111\u1ed3ng b\u1ed9 thi\u1ebft k\u1ebf<\/li>\n<li data-section-id=\"fs9vcd\" data-start=\"1405\" data-end=\"1438\"><strong data-start=\"1407\" data-end=\"1436\">V\u00f2i x\u1ecbt v\u1ec7 sinh + d\u00e2y c\u1ea5p<\/strong><\/li>\n<li data-section-id=\"1ohm0sy\" data-start=\"1439\" data-end=\"1472\"><strong data-start=\"1441\" data-end=\"1470\">Ph\u1ee5 ki\u1ec7n ph\u00f2ng t\u1eafm \u0111\u1ea7y \u0111\u1ee7<\/strong><\/li>\n<\/ul>\n<p data-start=\"1474\" data-end=\"1526\">\ud83d\udc49 Ch\u1ec9 c\u1ea7n l\u1eafp \u0111\u1eb7t l\u00e0 ho\u00e0n thi\u1ec7n to\u00e0n b\u1ed9 kh\u00f4ng gian.<\/p>\n<hr data-start=\"1528\" data-end=\"1531\" \/>\n<h2 data-section-id=\"1b7zaqt\" data-start=\"1533\" data-end=\"1592\">\u0110i\u1ec3m Kh\u00e1c Bi\u1ec7t: T\u00f4ng X\u00e1m \u0110\u1ed3ng B\u1ed9 \u2013 Xu H\u01b0\u1edbng N\u1ed9i Th\u1ea5t M\u1edbi<\/h2>\n<h3 data-section-id=\"10fn9qn\" data-start=\"1594\" data-end=\"1633\">1. T\u0103ng t\u00ednh th\u1ea9m m\u1ef9 cho kh\u00f4ng gian<\/h3>\n<ul data-start=\"1635\" data-end=\"1768\">\n<li data-section-id=\"bhruhk\" data-start=\"1635\" data-end=\"1679\">M\u00e0u x\u00e1m mang l\u1ea1i c\u1ea3m gi\u00e1c sang h\u01a1n tr\u1eafng<\/li>\n<li data-section-id=\"lw7zzd\" data-start=\"1680\" data-end=\"1724\">D\u1ec5 k\u1ebft h\u1ee3p v\u1edbi nhi\u1ec1u phong c\u00e1ch n\u1ed9i th\u1ea5t<\/li>\n<li data-section-id=\"19bum90\" data-start=\"1725\" data-end=\"1768\">Ph\u00f9 h\u1ee3p t\u1eeb c\u0103n h\u1ed9 \u0111\u1ebfn nh\u00e0 ph\u1ed1, bi\u1ec7t th\u1ef1<\/li>\n<\/ul>\n<p data-start=\"1770\" data-end=\"1817\">\ud83d\udc49 Nh\u00ecn t\u1ed5ng th\u1ec3 ph\u00f2ng t\u1eafm s\u1ebd \u201cx\u1ecbn\u201d h\u01a1n r\u00f5 r\u1ec7t.<\/p>\n<hr data-start=\"1819\" data-end=\"1822\" \/>\n<h3 data-section-id=\"1otgttn\" data-start=\"1824\" data-end=\"1857\">2. \u00cdt l\u1ed9 v\u1ebft b\u1ea9n, d\u1ec5 gi\u1eef s\u1ea1ch<\/h3>\n<ul data-start=\"1859\" data-end=\"1967\">\n<li data-section-id=\"16fbzl9\" data-start=\"1859\" data-end=\"1893\">Kh\u00f4ng l\u1ed9 v\u1ebft n\u01b0\u1edbc nh\u01b0 m\u00e0u s\u00e1ng<\/li>\n<li data-section-id=\"107zmdv\" data-start=\"1894\" data-end=\"1924\">\u00cdt th\u1ea5y v\u1ebft \u1ed1, d\u1ea5u v\u00e2n tay<\/li>\n<li data-section-id=\"1wv2zr0\" data-start=\"1925\" data-end=\"1967\">D\u1ec5 v\u1ec7 sinh h\u01a1n trong qu\u00e1 tr\u00ecnh s\u1eed d\u1ee5ng<\/li>\n<\/ul>\n<p data-start=\"1969\" data-end=\"2018\">\ud83d\udc49 Ph\u00f9 h\u1ee3p v\u1edbi nhu c\u1ea7u s\u1eed d\u1ee5ng th\u1ef1c t\u1ebf h\u00e0ng ng\u00e0y.<\/p>\n<hr data-start=\"2020\" data-end=\"2023\" \/>\n<h3 data-section-id=\"1fio1sw\" data-start=\"2025\" data-end=\"2061\">3. Kh\u00f4ng l\u1ed7i th\u1eddi theo th\u1eddi gian<\/h3>\n<ul data-start=\"2063\" data-end=\"2171\">\n<li data-section-id=\"1hpf2uc\" data-start=\"2063\" data-end=\"2093\">T\u00f4ng x\u00e1m l\u00e0 m\u00e0u trung t\u00ednh<\/li>\n<li data-section-id=\"16nza8p\" data-start=\"2094\" data-end=\"2132\">Kh\u00f4ng b\u1ecb \u201cl\u1ed7i m\u1ed1t\u201d nh\u01b0 c\u00e1c m\u00e0u n\u1ed5i<\/li>\n<li data-section-id=\"q0ki2v\" data-start=\"2133\" data-end=\"2171\">D\u00f9ng l\u00e2u v\u1eabn gi\u1eef \u0111\u01b0\u1ee3c t\u00ednh th\u1ea9m m\u1ef9<\/li>\n<\/ul>\n<hr data-start=\"2173\" data-end=\"2176\" \/>\n<h2 data-section-id=\"12r1po8\" data-start=\"2178\" data-end=\"2225\">Sen C\u00e2y Titan \u2013 \u0110i\u1ec3m Nh\u1ea5n Ch\u00ednh C\u1ee7a Combo<\/h2>\n<p data-start=\"2227\" data-end=\"2303\">Luxury 20 s\u1eed d\u1ee5ng <strong data-start=\"2245\" data-end=\"2280\">sen c\u00e2y \u0111\u1ed3ng b\u1ed9 m\u00e0u titan cao c\u1ea5p<\/strong>, mang l\u1ea1i tr\u1ea3i nghi\u1ec7m:<\/p>\n<ul data-start=\"2305\" data-end=\"2400\">\n<li data-section-id=\"ogpzym\" data-start=\"2305\" data-end=\"2334\">B\u00e1t sen l\u1edbn, n\u01b0\u1edbc ph\u1ee7 \u0111\u1ec1u<\/li>\n<li data-section-id=\"1ji8osm\" data-start=\"2335\" data-end=\"2368\">\u00c1p l\u1ef1c \u1ed5n \u0111\u1ecbnh, t\u1eafm tho\u1ea3i m\u00e1i<\/li>\n<li data-section-id=\"1d2r8mm\" data-start=\"2369\" data-end=\"2400\">Thi\u1ebft k\u1ebf hi\u1ec7n \u0111\u1ea1i, c\u1ee9ng c\u00e1p<\/li>\n<\/ul>\n<p data-start=\"2402\" data-end=\"2473\">\ud83d\udc49 Kh\u00f4ng ch\u1ec9 l\u00e0 thi\u1ebft b\u1ecb, m\u00e0 c\u00f2n l\u00e0 \u0111i\u1ec3m nh\u1ea5n gi\u00fap ph\u00f2ng t\u1eafm kh\u00e1c bi\u1ec7t.<\/p>\n<hr data-start=\"2475\" data-end=\"2478\" \/>\n<h2 data-section-id=\"h7qsaj\" data-start=\"2480\" data-end=\"2515\">\u01afu \u0110i\u1ec3m Khi Ch\u1ecdn Combo Luxury 20<\/h2>\n<h3 data-section-id=\"1lzoru1\" data-start=\"2517\" data-end=\"2551\">1. Collab 3 th\u01b0\u01a1ng hi\u1ec7u uy t\u00edn<\/h3>\n<ul data-start=\"2553\" data-end=\"2695\">\n<li data-section-id=\"njtlff\" data-start=\"2553\" data-end=\"2607\"><strong data-start=\"2555\" data-end=\"2566\">Ehrlich<\/strong>: thi\u1ebft k\u1ebf t\u1ed5ng th\u1ec3 chu\u1ea9n Germany Style<\/li>\n<li data-section-id=\"1o0lehb\" data-start=\"2608\" data-end=\"2658\"><strong data-start=\"2610\" data-end=\"2618\">INAX<\/strong>: th\u01b0\u01a1ng hi\u1ec7u Nh\u1eadt n\u1ed5i ti\u1ebfng v\u1ec1 \u0111\u1ed9 b\u1ec1n<\/li>\n<li data-section-id=\"18jxtfe\" data-start=\"2659\" data-end=\"2695\"><strong data-start=\"2661\" data-end=\"2672\">Italisa<\/strong>: ho\u00e0n thi\u1ec7n ph\u1ee5 ki\u1ec7n<\/li>\n<\/ul>\n<p data-start=\"2697\" data-end=\"2745\">\ud83d\udc49 \u0110\u1ea3m b\u1ea3o c\u1ea3 v\u1ec1 th\u1ea9m m\u1ef9 l\u1eabn ch\u1ea5t l\u01b0\u1ee3ng s\u1eed d\u1ee5ng.<\/p>\n<hr data-start=\"2747\" data-end=\"2750\" \/>\n<h3 data-section-id=\"13vtyxb\" data-start=\"2752\" data-end=\"2796\">2. \u0110\u1ed3ng b\u1ed9 ho\u00e0n ch\u1ec9nh \u2013 kh\u00f4ng c\u1ea7n mua l\u1ebb<\/h3>\n<ul data-start=\"2798\" data-end=\"2865\">\n<li data-section-id=\"lko56v\" data-start=\"2798\" data-end=\"2817\">\u0110\u1ea7y \u0111\u1ee7 thi\u1ebft b\u1ecb<\/li>\n<li data-section-id=\"ky46ov\" data-start=\"2818\" data-end=\"2842\">Kh\u00f4ng thi\u1ebfu ph\u1ee5 ki\u1ec7n<\/li>\n<li data-section-id=\"1llcvrw\" data-start=\"2843\" data-end=\"2865\">Kh\u00f4ng lo l\u1ec7ch t\u00f4ng<\/li>\n<\/ul>\n<p data-start=\"2867\" data-end=\"2909\">\ud83d\udc49 Ti\u1ebft ki\u1ec7m r\u1ea5t nhi\u1ec1u th\u1eddi gian l\u1ef1a ch\u1ecdn.<\/p>\n<hr data-start=\"2911\" data-end=\"2914\" \/>\n<h3 data-section-id=\"az5x51\" data-start=\"2916\" data-end=\"2937\">3. T\u1ed1i \u01b0u chi ph\u00ed<\/h3>\n<ul data-start=\"2939\" data-end=\"3025\">\n<li data-section-id=\"i1j7pv\" data-start=\"2939\" data-end=\"2967\">Gi\u00e1 combo t\u1ed1t h\u01a1n mua l\u1ebb<\/li>\n<li data-section-id=\"17mwmjb\" data-start=\"2968\" data-end=\"2998\">Kh\u00f4ng ph\u00e1t sinh chi ph\u00ed \u1ea9n<\/li>\n<li data-section-id=\"1o9yw8g\" data-start=\"2999\" data-end=\"3025\">D\u1ec5 ki\u1ec3m so\u00e1t ng\u00e2n s\u00e1ch<\/li>\n<\/ul>\n<hr data-start=\"3027\" data-end=\"3030\" \/>\n<h3 data-section-id=\"1x377yi\" data-start=\"3032\" data-end=\"3061\">4. D\u1ec5 l\u1eafp \u0111\u1eb7t \u2013 d\u00f9ng ngay<\/h3>\n<ul data-start=\"3063\" data-end=\"3151\">\n<li data-section-id=\"1wqwuwe\" data-start=\"3063\" data-end=\"3078\">Setup nhanh<\/li>\n<li data-section-id=\"12hzftb\" data-start=\"3079\" data-end=\"3113\">Ph\u00f9 h\u1ee3p c\u1ea3 nh\u00e0 \u1edf v\u00e0 c\u00f4ng tr\u00ecnh<\/li>\n<li data-section-id=\"13ytwgx\" data-start=\"3114\" data-end=\"3151\">H\u1ea1n ch\u1ebf sai s\u00f3t khi ch\u1ecdn thi\u1ebft b\u1ecb<\/li>\n<\/ul>\n<hr data-start=\"3153\" data-end=\"3156\" \/>\n<h3 data-section-id=\"1lddzif\" data-start=\"3158\" data-end=\"3193\">5. \u0110\u1ed9 b\u1ec1n cao \u2013 s\u1eed d\u1ee5ng l\u00e2u d\u00e0i<\/h3>\n<ul data-start=\"3195\" data-end=\"3279\">\n<li data-section-id=\"1x4qwlm\" data-start=\"3195\" data-end=\"3215\">S\u1ee9 ch\u1ed1ng b\u00e1m b\u1ea9n<\/li>\n<li data-section-id=\"1rt4ggh\" data-start=\"3216\" data-end=\"3237\">Kim lo\u1ea1i ch\u1ed1ng g\u1ec9<\/li>\n<li data-section-id=\"yeo8a\" data-start=\"3238\" data-end=\"3279\">Ho\u1ea1t \u0111\u1ed9ng \u1ed5n \u0111\u1ecbnh trong m\u00f4i tr\u01b0\u1eddng \u1ea9m<\/li>\n<\/ul>\n<hr data-start=\"3281\" data-end=\"3284\" \/>\n<h2 data-section-id=\"1pb7ol7\" data-start=\"3286\" data-end=\"3308\">Gi\u00e1 Combo Luxury 20<\/h2>\n<ul data-start=\"3310\" data-end=\"3377\">\n<li data-section-id=\"1d7o76m\" data-start=\"3310\" data-end=\"3343\"><strong data-start=\"3312\" data-end=\"3329\">Gi\u00e1 ni\u00eam y\u1ebft:<\/strong> 34.654.000\u0111<\/li>\n<li data-section-id=\"5vqwhj\" data-start=\"3344\" data-end=\"3377\"><strong data-start=\"3346\" data-end=\"3361\">Gi\u00e1 \u01b0u \u0111\u00e3i:<\/strong> <strong data-start=\"3362\" data-end=\"3377\">19.368.000\u0111<\/strong><\/li>\n<\/ul>\n<p data-start=\"3379\" data-end=\"3396\">Quy\u1ec1n l\u1ee3i \u0111i k\u00e8m:<\/p>\n<ul data-start=\"3398\" data-end=\"3523\">\n<li data-section-id=\"1w6hxfb\" data-start=\"3398\" data-end=\"3433\">\ud83d\ude9a Mi\u1ec5n ph\u00ed giao h\u00e0ng to\u00e0n qu\u1ed1c<\/li>\n<li data-section-id=\"1wta9z4\" data-start=\"3434\" data-end=\"3455\">\ud83d\udee0 B\u1ea3o h\u00e0nh 5 n\u0103m<\/li>\n<li data-section-id=\"1gtc4gi\" data-start=\"3456\" data-end=\"3497\">\u2714\ufe0f Ki\u1ec3m tra h\u00e0ng tr\u01b0\u1edbc khi thanh to\u00e1n<\/li>\n<li data-section-id=\"cgo9ry\" data-start=\"3498\" data-end=\"3523\">\u2714\ufe0f Cam k\u1ebft ch\u00ednh h\u00e3ng<\/li>\n<\/ul>\n<hr data-start=\"3525\" data-end=\"3528\" \/>\n<h2 data-section-id=\"n6n241\" data-start=\"3530\" data-end=\"3558\">Luxury 20 Ph\u00f9 H\u1ee3p V\u1edbi Ai?<\/h2>\n<ul data-start=\"3560\" data-end=\"3733\">\n<li data-section-id=\"105ujoa\" data-start=\"3560\" data-end=\"3605\">Ng\u01b0\u1eddi th\u00edch phong c\u00e1ch hi\u1ec7n \u0111\u1ea1i, t\u1ed1i gi\u1ea3n<\/li>\n<li data-section-id=\"168heo\" data-start=\"3606\" data-end=\"3651\">Gia ch\u1ee7 mu\u1ed1n ph\u00f2ng t\u1eafm nh\u00ecn \u201ccao c\u1ea5p h\u01a1n\u201d<\/li>\n<li data-section-id=\"m50bfb\" data-start=\"3652\" data-end=\"3692\">C\u0103n h\u1ed9, nh\u00e0 ph\u1ed1 theo tone trung t\u00ednh<\/li>\n<li data-section-id=\"1fktzym\" data-start=\"3693\" data-end=\"3733\">Ng\u01b0\u1eddi mu\u1ed1n combo b\u1ec1n \u2013 \u0111\u1eb9p \u2013 d\u1ec5 d\u00f9ng<\/li>\n<\/ul>\n<hr data-start=\"3735\" data-end=\"3738\" \/>\n<h2 data-section-id=\"11wiq9r\" data-start=\"3740\" data-end=\"3751\">K\u1ebft Lu\u1eadn<\/h2>\n<p data-start=\"3753\" data-end=\"3816\"><strong data-start=\"3753\" data-end=\"3766\">Luxury 20<\/strong> l\u00e0 l\u1ef1a ch\u1ecdn d\u00e0nh cho nh\u1eefng ai mu\u1ed1n m\u1ed9t ph\u00f2ng t\u1eafm:<\/p>\n<ul data-start=\"3818\" data-end=\"3898\">\n<li data-section-id=\"3jobr4\" data-start=\"3818\" data-end=\"3839\">\u0110\u1eb9p theo xu h\u01b0\u1edbng<\/li>\n<li data-section-id=\"ms9673\" data-start=\"3840\" data-end=\"3864\">D\u1ec5 s\u1eed d\u1ee5ng h\u1eb1ng ng\u00e0y<\/li>\n<li data-section-id=\"u7kp3n\" data-start=\"3865\" data-end=\"3898\">Kh\u00f4ng l\u1ed7i th\u1eddi theo th\u1eddi gian<\/li>\n<\/ul>\n<p data-start=\"3900\" data-end=\"4042\">V\u1edbi thi\u1ebft k\u1ebf <strong data-start=\"3913\" data-end=\"3933\">t\u00f4ng x\u00e1m \u0111\u1ed3ng b\u1ed9<\/strong> c\u00f9ng s\u1ef1 k\u1ebft h\u1ee3p t\u1eeb <strong data-start=\"3953\" data-end=\"3981\">Ehrlich \u2013 INAX \u2013 Italisa<\/strong>, \u0111\u00e2y l\u00e0 combo gi\u00fap n\u00e2ng t\u1ea7m kh\u00f4ng gian s\u1ed1ng m\u1ed9t c\u00e1ch r\u00f5 r\u1ec7t.<\/p>\n<p data-start=\"4044\" data-end=\"4151\">\ud83d\udc49 N\u1ebfu b\u1ea1n \u0111ang t\u00ecm m\u1ed9t b\u1ed9 thi\u1ebft b\u1ecb v\u1eeba \u201c\u0111\u1eb9p gu\u201d v\u1eeba \u201cd\u00f9ng \u1ed5n\u201d, Luxury 20 l\u00e0 l\u1ef1a ch\u1ecdn r\u1ea5t \u0111\u00e1ng \u0111\u1ec3 c\u00e2n nh\u1eafc.<\/p>\n<h2 data-start=\"4812\" data-end=\"4864\">\ud83d\udcde Li\u00ean H\u1ec7 \u0110\u1eb7t Mua Combo Ehrlich Luxury 20 Ch\u00ednh H\u00e3ng<\/h2>\n<p data-start=\"4866\" data-end=\"4979\"><strong data-start=\"4866\" data-end=\"4917\">Ehrlich Vi\u1ec7t Nam \u2013 Thi\u1ebft B\u1ecb Nh\u00e0 B\u1ebfp &amp; Ph\u00f2ng T\u1eafm<\/strong><br data-start=\"4917\" data-end=\"4920\" \/>\ud83d\udccd\u00a0\u0110\u1ecba ch\u1ec9: S\u1ed1 6 Li\u1ec1n K\u1ec1 22, K\u0110T V\u0103n Kh\u00ea, H\u00e0 \u0110\u00f4ng, H\u00e0 N\u1ed9i<\/p>\n<p data-start=\"4981\" data-end=\"5105\">\ud83c\udf10\u00a0Website:\u00a0<a class=\"decorated-link\" href=\"https:\/\/ehrlichvietnam.vn\/\" target=\"_new\" rel=\"noopener\" data-start=\"4993\" data-end=\"5019\">https:\/\/ehrlichvietnam.vn\/<\/a><br data-start=\"5019\" data-end=\"5022\" \/>\ud83d\udcde\u00a0Hotline:\u00a0<strong data-start=\"5034\" data-end=\"5051\">0932 27 05 20<\/strong><br data-start=\"5051\" data-end=\"5054\" \/>\ud83d\udcac\u00a0Zalo OA:\u00a0<a class=\"decorated-link\" href=\"https:\/\/zalo.me\/s\/2888141157129558325\" target=\"_new\" rel=\"noopener\" data-start=\"5066\" data-end=\"5103\">https:\/\/zalo.me\/s\/2888141157129558325<\/a><\/p>\n<p data-start=\"5107\" data-end=\"5218\">\ud83c\udfa5\u00a0TikTok:\u00a0<a class=\"decorated-link\" href=\"https:\/\/www.tiktok.com\/@ehrlich.chia.s?_r=1\" target=\"_new\" rel=\"noopener\" data-start=\"5118\" data-end=\"5162\">https:\/\/www.tiktok.com\/@ehrlichthietbivesinh<\/a><br data-start=\"5162\" data-end=\"5165\" \/>\u25b6\ufe0f\u00a0YouTube:\u00a0<a class=\"decorated-link\" href=\"https:\/\/www.youtube.com\/@EhrlichVietNam\" target=\"_new\" rel=\"noopener\" data-start=\"5177\" data-end=\"5216\">https:\/\/www.youtube.com\/@EhrlichVietNam<\/a><\/p>\n<p data-start=\"5220\" data-end=\"5265\">\ud83d\ude9a\u00a0Giao h\u00e0ng to\u00e0n qu\u1ed1c \u2013 t\u01b0 v\u1ea5n nhanh ch\u00f3ng<\/p>\n<p data-start=\"5374\" data-end=\"5452\">\ud83d\udc49 Li\u00ean h\u1ec7 ngay \u0111\u1ec3 \u0111\u01b0\u1ee3c t\u01b0 v\u1ea5n v\u00e0 nh\u1eadn \u01b0u \u0111\u00e3i t\u1ed1t nh\u1ea5t cho c\u00f4ng tr\u00ecnh c\u1ee7a b\u1ea1n.<\/p>\n","protected":false},"excerpt":{"rendered":"<p data-start=\"106\" data-end=\"188\">\ud83c\udf1f <strong data-start=\"109\" data-end=\"186\">Combo thi\u1ebft b\u1ecb v\u1ec7 sinh Ehrlich \u2013 Ho\u00e0n thi\u1ec7n ph\u00f2ng t\u1eafm theo phong c\u00e1ch \u0110\u1ee9c<\/strong><\/p>\n<p data-start=\"190\" data-end=\"498\">Kh\u00f4ng gian ph\u00f2ng t\u1eafm kh\u00f4ng ch\u1ec9 l\u00e0 n\u01a1i sinh ho\u1ea1t h\u1eb1ng ng\u00e0y, m\u00e0 c\u00f2n l\u00e0 n\u01a1i t\u00e1i t\u1ea1o n\u0103ng l\u01b0\u1ee3ng, t\u1eadn h\u01b0\u1edfng s\u1ef1 th\u01b0 gi\u00e3n sau m\u1ed9t ng\u00e0y d\u00e0i. V\u1edbi tri\u1ebft l\u00fd <strong data-start=\"336\" data-end=\"369\">\u201ctinh t\u1ebf trong t\u1eebng chi ti\u1ebft\u201d<\/strong>, Ehrlich mang \u0111\u1ebfn combo thi\u1ebft b\u1ecb v\u1ec7 sinh \u0111\u1ed3ng b\u1ed9, gi\u00fap ph\u00f2ng t\u1eafm tr\u1edf th\u00e0nh <strong data-start=\"445\" data-end=\"495\">m\u1ed9t t\u1ed5ng th\u1ec3 sang tr\u1ecdng, hi\u1ec7n \u0111\u1ea1i v\u00e0 ti\u1ec7n nghi<\/strong>.<\/p>\n<p data-start=\"500\" data-end=\"778\">\u2728 M\u1ed7i s\u1ea3n ph\u1ea9m trong combo \u0111\u1ec1u \u0111\u01b0\u1ee3c ch\u1ebf t\u00e1c t\u1eeb ch\u1ea5t li\u1ec7u cao c\u1ea5p, \u00e1p d\u1ee5ng c\u00f4ng ngh\u1ec7 ch\u1ed1ng b\u00e1m b\u1ea9n, ch\u1ed1ng \u1ea9m m\u1ed1c v\u00e0 t\u1ed1i \u01b0u c\u00f4ng n\u0103ng s\u1eed d\u1ee5ng. Khi k\u1ebft h\u1ee3p tr\u1ecdn b\u1ed9, ch\u00fang t\u1ea1o n\u00ean s\u1ef1 h\u00e0i h\u00f2a tuy\u1ec7t \u0111\u1ed1i v\u1ec1 thi\u1ebft k\u1ebf, t\u1eeb ki\u1ec3u d\u00e1ng \u0111\u1ebfn m\u00e0u s\u1eafc \u2013 v\u1eeba th\u1ea9m m\u1ef9, v\u1eeba b\u1ec1n b\u1ec9 theo th\u1eddi gian.<\/p>\n<p data-start=\"780\" data-end=\"959\">\ud83d\udc8e L\u1ef1a ch\u1ecdn <strong data-start=\"792\" data-end=\"826\">combo thi\u1ebft b\u1ecb v\u1ec7 sinh Ehrlich<\/strong> ch\u00ednh l\u00e0 l\u1ef1a ch\u1ecdn s\u1ef1 <strong data-start=\"848\" data-end=\"870\">\u0111\u1eb3ng c\u1ea5p chu\u1ea9n \u0110\u1ee9c<\/strong>, mang \u0111\u1ebfn tr\u1ea3i nghi\u1ec7m tho\u1ea3i m\u00e1i, ti\u1ec7n l\u1ee3i v\u00e0 n\u00e2ng t\u1ea7m gi\u00e1 tr\u1ecb kh\u00f4ng gian s\u1ed1ng c\u1ee7a b\u1ea1n.<\/p>\n","protected":false},"featured_media":4518,"comment_status":"open","ping_status":"closed","template":"","meta":{"_acf_changed":false},"product_brand":[],"product_cat":[55,77,133],"product_tag":[],"class_list":{"0":"post-4521","1":"product","2":"type-product","3":"status-publish","4":"has-post-thumbnail","6":"product_cat-combo-phong-tam","7":"product_cat-combo","8":"product_cat-combo-luxury","10":"first","11":"instock","12":"sale","13":"shipping-taxable","14":"purchasable","15":"product-type-simple"},"acf":[],"_links":{"self":[{"href":"https:\/\/ehrlichvietnam.vn\/en\/wp-json\/wp\/v2\/product\/4521","targetHints":{"allow":["GET"]}}],"collection":[{"href":"https:\/\/ehrlichvietnam.vn\/en\/wp-json\/wp\/v2\/product"}],"about":[{"href":"https:\/\/ehrlichvietnam.vn\/en\/wp-json\/wp\/v2\/types\/product"}],"replies":[{"embeddable":true,"href":"https:\/\/ehrlichvietnam.vn\/en\/wp-json\/wp\/v2\/comments?post=4521"}],"wp:featuredmedia":[{"embeddable":true,"href":"https:\/\/ehrlichvietnam.vn\/en\/wp-json\/wp\/v2\/media\/4518"}],"wp:attachment":[{"href":"https:\/\/ehrlichvietnam.vn\/en\/wp-json\/wp\/v2\/media?parent=4521"}],"wp:term":[{"taxonomy":"product_brand","embeddable":true,"href":"https:\/\/ehrlichvietnam.vn\/en\/wp-json\/wp\/v2\/product_brand?post=4521"},{"taxonomy":"product_cat","embeddable":true,"href":"https:\/\/ehrlichvietnam.vn\/en\/wp-json\/wp\/v2\/product_cat?post=4521"},{"taxonomy":"product_tag","embeddable":true,"href":"https:\/\/ehrlichvietnam.vn\/en\/wp-json\/wp\/v2\/product_tag?post=4521"}],"curies":[{"name":"wp","href":"https:\/\/api.w.org\/{rel}","templated":true}]}}