{"id":4512,"date":"2026-04-01T09:25:03","date_gmt":"2026-04-01T09:25:03","guid":{"rendered":"https:\/\/ehrlichvietnam.vn\/?post_type=product&#038;p=4512"},"modified":"2026-04-01T09:42:03","modified_gmt":"2026-04-01T09:42:03","slug":"combo-luxury-16-copy","status":"publish","type":"product","link":"https:\/\/ehrlichvietnam.vn\/combo-luxury-17\/","title":{"rendered":"Combo Luxury &#8211; 17"},"content":{"rendered":"<h1 data-section-id=\"zktmg2\" data-start=\"104\" data-end=\"223\">Combo Thi\u1ebft B\u1ecb V\u1ec7 Sinh Luxury 17 \u2013 B\u1ed9 Ba Th\u01b0\u01a1ng Hi\u1ec7u Ehrlich x American Standard x Italisa, Chu\u1ea9n \u0110\u1eb9p &amp; B\u1ec1n Cho M\u1ecdi Kh\u00f4ng Gian<\/h1>\n<p data-start=\"225\" data-end=\"357\">N\u1ebfu b\u1ea1n \u0111ang t\u00ecm m\u1ed9t combo ph\u00f2ng t\u1eafm <strong data-start=\"262\" data-end=\"293\">\u0111\u1ed3ng b\u1ed9 \u2013 d\u1ec5 d\u00f9ng \u2013 b\u1ec1n l\u00e2u<\/strong>, th\u00ec <strong data-start=\"299\" data-end=\"312\">Luxury 17<\/strong> l\u00e0 l\u1ef1a ch\u1ecdn r\u1ea5t \u201c\u0111\u00e1ng ti\u1ec1n\u201d trong ph\u00e2n kh\u00fac.<\/p>\n<p data-start=\"359\" data-end=\"540\">\u0110\u00e2y l\u00e0 b\u1ed9 s\u1ea3n ph\u1ea9m \u0111\u01b0\u1ee3c k\u1ebft h\u1ee3p t\u1eeb <strong data-start=\"394\" data-end=\"435\">Ehrlich \u2013 American Standard \u2013 Italisa<\/strong>, mang \u0111\u1ebfn gi\u1ea3i ph\u00e1p ph\u00f2ng t\u1eafm ho\u00e0n ch\u1ec9nh, v\u1eeba \u0111\u1ea3m b\u1ea3o th\u1ea9m m\u1ef9, v\u1eeba t\u1ed1i \u01b0u tr\u1ea3i nghi\u1ec7m s\u1eed d\u1ee5ng h\u1eb1ng ng\u00e0y.<\/p>\n<p data-start=\"542\" data-end=\"679\">Kh\u00f4ng c\u1ea7n ch\u1ecdn l\u1ebb t\u1eebng m\u00f3n, kh\u00f4ng lo l\u1ec7ch t\u00f4ng \u2013 ch\u1ec9 c\u1ea7n l\u1eafp \u0111\u1eb7t l\u00e0 c\u00f3 ngay m\u1ed9t kh\u00f4ng gian ph\u00f2ng t\u1eafm <strong data-start=\"643\" data-end=\"678\">g\u1ecdn g\u00e0ng, hi\u1ec7n \u0111\u1ea1i v\u00e0 ti\u1ec7n nghi<\/strong>.<\/p>\n<hr data-start=\"681\" data-end=\"684\" \/>\n<h2 data-section-id=\"bg019v\" data-start=\"686\" data-end=\"714\">T\u1ed5ng Quan Combo Luxury 17<\/h2>\n<p data-start=\"716\" data-end=\"752\">Luxury 17 h\u01b0\u1edbng t\u1edbi nh\u00f3m kh\u00e1ch h\u00e0ng:<\/p>\n<ul data-start=\"754\" data-end=\"861\">\n<li data-section-id=\"12lnqna\" data-start=\"754\" data-end=\"794\">Mu\u1ed1n ho\u00e0n thi\u1ec7n ph\u00f2ng t\u1eafm nhanh, g\u1ecdn<\/li>\n<li data-section-id=\"1u0xg71\" data-start=\"795\" data-end=\"827\">\u01afu ti\u00ean \u0111\u1ed9 b\u1ec1n v\u00e0 s\u1ef1 \u1ed5n \u0111\u1ecbnh<\/li>\n<li data-section-id=\"14n5u8i\" data-start=\"828\" data-end=\"861\">C\u1ea7n combo \u0111\u1ed3ng b\u1ed9, d\u1ec5 l\u1eafp \u0111\u1eb7t<\/li>\n<\/ul>\n<p data-start=\"863\" data-end=\"918\">\u0110\u00e2y l\u00e0 b\u1ed9 s\u1ea3n ph\u1ea9m ph\u00f9 h\u1ee3p cho c\u1ea3 nh\u00e0 \u1edf l\u1eabn c\u00f4ng tr\u00ecnh.<\/p>\n<hr data-start=\"920\" data-end=\"923\" \/>\n<h2 data-section-id=\"141gd0x\" data-start=\"925\" data-end=\"961\">Combo Luxury 17 Bao G\u1ed3m Nh\u1eefng G\u00ec?<\/h2>\n<p data-start=\"963\" data-end=\"1001\">B\u1ed9 s\u1ea3n ph\u1ea9m \u0111\u1ea7y \u0111\u1ee7 thi\u1ebft b\u1ecb c\u1ea7n thi\u1ebft:<\/p>\n<ul data-start=\"1003\" data-end=\"1347\">\n<li data-section-id=\"gz2z7d\" data-start=\"1003\" data-end=\"1065\"><strong data-start=\"1005\" data-end=\"1042\">B\u1ed3n c\u1ea7u cao c\u1ea5p American Standard<\/strong> x\u1ea3 m\u1ea1nh, v\u1eadn h\u00e0nh \u00eam<\/li>\n<li data-section-id=\"e3cy39\" data-start=\"1066\" data-end=\"1117\"><strong data-start=\"1068\" data-end=\"1097\">T\u1ee7 ch\u1eadu lavabo treo t\u01b0\u1eddng<\/strong> t\u1ed1i \u01b0u kh\u00f4ng gian<\/li>\n<li data-section-id=\"pfkoyc\" data-start=\"1170\" data-end=\"1213\"><strong data-start=\"1172\" data-end=\"1196\">V\u00f2i lavabo n\u00f3ng l\u1ea1nh<\/strong> ho\u1ea1t \u0111\u1ed9ng m\u01b0\u1ee3t<\/li>\n<li data-section-id=\"1nhvxuc\" data-start=\"1214\" data-end=\"1246\"><strong data-start=\"1216\" data-end=\"1244\">Sen c\u00e2y cao c\u1ea5p<\/strong><\/li>\n<li data-section-id=\"fs9vcd\" data-start=\"1280\" data-end=\"1313\"><strong data-start=\"1282\" data-end=\"1311\">V\u00f2i x\u1ecbt v\u1ec7 sinh + d\u00e2y c\u1ea5p<\/strong><\/li>\n<li data-section-id=\"1ohm0sy\" data-start=\"1314\" data-end=\"1347\"><strong data-start=\"1316\" data-end=\"1345\">Ph\u1ee5 ki\u1ec7n ph\u00f2ng t\u1eafm \u0111\u1ea7y \u0111\u1ee7<\/strong><\/li>\n<\/ul>\n<p data-start=\"1349\" data-end=\"1387\">\ud83d\udc49 Setup tr\u1ecdn b\u1ed9 \u2013 kh\u00f4ng c\u1ea7n mua th\u00eam.<\/p>\n<hr data-start=\"1389\" data-end=\"1392\" \/>\n<h2 data-section-id=\"opqe6f\" data-start=\"1394\" data-end=\"1423\">\u0110i\u1ec3m N\u1ed5i B\u1eadt C\u1ee7a Luxury 17<\/h2>\n<h3 data-section-id=\"ko64u0\" data-start=\"1425\" data-end=\"1475\">1. Sen c\u00e2y b\u1ea3n l\u1edbn \u2013 tr\u1ea3i nghi\u1ec7m t\u1eafm tho\u1ea3i m\u00e1i<\/h3>\n<ul data-start=\"1477\" data-end=\"1555\">\n<li data-section-id=\"3rlcj9\" data-start=\"1477\" data-end=\"1507\">B\u00e1t sen r\u1ed9ng, n\u01b0\u1edbc ph\u1ee7 \u0111\u1ec1u<\/li>\n<li data-section-id=\"1k8bvb4\" data-start=\"1508\" data-end=\"1526\">\u00c1p l\u1ef1c \u1ed5n \u0111\u1ecbnh<\/li>\n<li data-section-id=\"y7qdke\" data-start=\"1527\" data-end=\"1555\">T\u1eafm d\u1ec5 ch\u1ecbu h\u01a1n m\u1ed7i ng\u00e0y<\/li>\n<\/ul>\n<p data-start=\"1557\" data-end=\"1619\">Mang l\u1ea1i c\u1ea3m gi\u00e1c \u201ctho\u00e1ng \u2013 \u0111\u00e3 \u2013 th\u01b0 gi\u00e3n\u201d h\u01a1n so v\u1edbi sen nh\u1ecf.<\/p>\n<hr data-start=\"1621\" data-end=\"1624\" \/>\n<h3 data-section-id=\"11fdqkg\" data-start=\"1626\" data-end=\"1669\">2. Thi\u1ebft k\u1ebf \u0111\u1ed3ng b\u1ed9 \u2013 nh\u00ecn l\u00e0 th\u1ea5y sang<\/h3>\n<p data-start=\"1671\" data-end=\"1740\">T\u1eeb t\u1ee7 ch\u1eadu, g\u01b0\u01a1ng \u0111\u1ebfn linh ki\u1ec7n \u0111\u1ec1u theo c\u00f9ng m\u1ed9t phong c\u00e1ch:<\/p>\n<ul data-start=\"1742\" data-end=\"1813\">\n<li data-section-id=\"r9mfit\" data-start=\"1742\" data-end=\"1761\">M\u00e0u s\u1eafc h\u00e0i h\u00f2a<\/li>\n<li data-section-id=\"1vch34x\" data-start=\"1762\" data-end=\"1784\">Ki\u1ec3u d\u00e1ng hi\u1ec7n \u0111\u1ea1i<\/li>\n<li data-section-id=\"1oiysuu\" data-start=\"1785\" data-end=\"1813\">Ph\u00f9 h\u1ee3p nhi\u1ec1u kh\u00f4ng gian<\/li>\n<\/ul>\n<p data-start=\"1815\" data-end=\"1869\">\ud83d\udc49 Gi\u00fap ph\u00f2ng t\u1eafm g\u1ecdn g\u00e0ng v\u00e0 n\u00e2ng c\u1ea5p th\u1ea9m m\u1ef9 r\u00f5 r\u1ec7t.<\/p>\n<hr data-start=\"1871\" data-end=\"1874\" \/>\n<h3 data-section-id=\"19wczld\" data-start=\"1876\" data-end=\"1915\">3. S\u1ef1 k\u1ebft h\u1ee3p t\u1eeb th\u01b0\u01a1ng hi\u1ec7u uy t\u00edn<\/h3>\n<p data-start=\"1917\" data-end=\"1945\">Luxury 17 l\u00e0 s\u1ef1 collab gi\u1eefa:<\/p>\n<ul data-start=\"1947\" data-end=\"2117\">\n<li data-section-id=\"1eem22w\" data-start=\"1947\" data-end=\"1992\"><strong data-start=\"1949\" data-end=\"1960\">Ehrlich<\/strong>: \u0111\u1ecbnh h\u01b0\u1edbng thi\u1ebft k\u1ebf t\u1ed5ng th\u1ec3<\/li>\n<li data-section-id=\"qbc3ui\" data-start=\"1993\" data-end=\"2060\"><strong data-start=\"1995\" data-end=\"2016\">American Standard<\/strong>: th\u01b0\u01a1ng hi\u1ec7u qu\u1ed1c t\u1ebf, n\u1ed5i ti\u1ebfng v\u1ec1 \u0111\u1ed9 b\u1ec1n<\/li>\n<li data-section-id=\"1btdo6m\" data-start=\"2061\" data-end=\"2117\"><strong data-start=\"2063\" data-end=\"2074\">Italisa<\/strong>: ho\u00e0n thi\u1ec7n ph\u1ee5 ki\u1ec7n v\u00e0 chi ti\u1ebft s\u1eed d\u1ee5ng<\/li>\n<\/ul>\n<p data-start=\"2119\" data-end=\"2132\">Gi\u00fap \u0111\u1ea3m b\u1ea3o:<\/p>\n<ul data-start=\"2134\" data-end=\"2204\">\n<li data-section-id=\"1k7sxc3\" data-start=\"2134\" data-end=\"2156\">Ch\u1ea5t l\u01b0\u1ee3ng \u1ed5n \u0111\u1ecbnh<\/li>\n<li data-section-id=\"l8nf2v\" data-start=\"2157\" data-end=\"2176\">Tr\u1ea3i nghi\u1ec7m t\u1ed1t<\/li>\n<li data-section-id=\"zj2hyn\" data-start=\"2177\" data-end=\"2204\">S\u1eed d\u1ee5ng l\u00e2u d\u00e0i, \u00edt l\u1ed7i<\/li>\n<\/ul>\n<hr data-start=\"2206\" data-end=\"2209\" \/>\n<h3 data-section-id=\"8m7ppr\" data-start=\"2211\" data-end=\"2247\">4. D\u1ec5 l\u1eafp \u0111\u1eb7t \u2013 t\u1ed1i \u01b0u th\u1eddi gian<\/h3>\n<ul data-start=\"2249\" data-end=\"2338\">\n<li data-section-id=\"1ow610w\" data-start=\"2249\" data-end=\"2275\">\u0110\u1ea7y \u0111\u1ee7 ph\u1ee5 ki\u1ec7n \u0111i k\u00e8m<\/li>\n<li data-section-id=\"1mjbiic\" data-start=\"2276\" data-end=\"2305\">Kh\u00f4ng c\u1ea7n mua l\u1ebb t\u1eebng m\u00f3n<\/li>\n<li data-section-id=\"109blii\" data-start=\"2306\" data-end=\"2338\">H\u1ea1n ch\u1ebf sai s\u00f3t khi l\u1ef1a ch\u1ecdn<\/li>\n<\/ul>\n<p data-start=\"2340\" data-end=\"2393\">\ud83d\udc49 R\u1ea5t ph\u00f9 h\u1ee3p cho ng\u01b0\u1eddi b\u1eadn r\u1ed9n ho\u1eb7c l\u00e0m c\u00f4ng tr\u00ecnh.<\/p>\n<hr data-start=\"2395\" data-end=\"2398\" \/>\n<h3 data-section-id=\"11lae4h\" data-start=\"2400\" data-end=\"2443\">5. \u0110\u1ed9 b\u1ec1n cao \u2013 y\u00ean t\u00e2m s\u1eed d\u1ee5ng l\u00e2u d\u00e0i<\/h3>\n<ul data-start=\"2445\" data-end=\"2529\">\n<li data-section-id=\"1x4qwlm\" data-start=\"2445\" data-end=\"2465\">S\u1ee9 ch\u1ed1ng b\u00e1m b\u1ea9n<\/li>\n<li data-section-id=\"1rt4ggh\" data-start=\"2466\" data-end=\"2487\">Kim lo\u1ea1i ch\u1ed1ng g\u1ec9<\/li>\n<li data-section-id=\"yeo8a\" data-start=\"2488\" data-end=\"2529\">Ho\u1ea1t \u0111\u1ed9ng \u1ed5n \u0111\u1ecbnh trong m\u00f4i tr\u01b0\u1eddng \u1ea9m<\/li>\n<\/ul>\n<p data-start=\"2531\" data-end=\"2565\">Gi\u00fap gi\u1ea3m chi ph\u00ed s\u1eeda ch\u1eefa v\u1ec1 sau.<\/p>\n<hr data-start=\"2567\" data-end=\"2570\" \/>\n<h2 data-section-id=\"1pb7ogv\" data-start=\"2572\" data-end=\"2594\">Gi\u00e1 Combo Luxury 17<\/h2>\n<ul data-start=\"2596\" data-end=\"2663\">\n<li data-section-id=\"1sxs3ek\" data-start=\"2596\" data-end=\"2629\"><strong data-start=\"2598\" data-end=\"2615\">Gi\u00e1 ni\u00eam y\u1ebft:<\/strong> 35.545.000\u0111<\/li>\n<li data-section-id=\"1b3ed1u\" data-start=\"2630\" data-end=\"2663\"><strong data-start=\"2632\" data-end=\"2647\">Gi\u00e1 \u01b0u \u0111\u00e3i:<\/strong> <strong data-start=\"2648\" data-end=\"2663\">17.868.000\u0111<\/strong><\/li>\n<\/ul>\n<p data-start=\"2665\" data-end=\"2675\">Quy\u1ec1n l\u1ee3i:<\/p>\n<ul data-start=\"2677\" data-end=\"2798\">\n<li data-section-id=\"1w6hxfb\" data-start=\"2677\" data-end=\"2712\">\ud83d\ude9a Mi\u1ec5n ph\u00ed giao h\u00e0ng to\u00e0n qu\u1ed1c<\/li>\n<li data-section-id=\"1wta9z4\" data-start=\"2713\" data-end=\"2734\">\ud83d\udee0 B\u1ea3o h\u00e0nh 5 n\u0103m<\/li>\n<li data-section-id=\"vmots3\" data-start=\"2735\" data-end=\"2772\">\u2714\ufe0f H\u1ed7 tr\u1ee3 ki\u1ec3m tra tr\u01b0\u1edbc khi nh\u1eadn<\/li>\n<li data-section-id=\"cgo9ry\" data-start=\"2773\" data-end=\"2798\">\u2714\ufe0f Cam k\u1ebft ch\u00ednh h\u00e3ng<\/li>\n<\/ul>\n<hr data-start=\"2800\" data-end=\"2803\" \/>\n<h2 data-section-id=\"11hgfdh\" data-start=\"2805\" data-end=\"2833\">Luxury 17 Ph\u00f9 H\u1ee3p V\u1edbi Ai?<\/h2>\n<ul data-start=\"2835\" data-end=\"3005\">\n<li data-section-id=\"nsu1xg\" data-start=\"2835\" data-end=\"2874\">Gia \u0111\u00ecnh c\u1ea7n combo \u1ed5n \u0111\u1ecbnh, d\u1ec5 d\u00f9ng<\/li>\n<li data-section-id=\"1imp13v\" data-start=\"2875\" data-end=\"2906\">Ch\u1ee7 nh\u00e0 l\u00e0m c\u0103n h\u1ed9 cho thu\u00ea<\/li>\n<li data-section-id=\"wx0l71\" data-start=\"2907\" data-end=\"2965\">Ng\u01b0\u1eddi mu\u1ed1n t\u1ed1i \u01b0u chi ph\u00ed nh\u01b0ng v\u1eabn \u0111\u1ea3m b\u1ea3o ch\u1ea5t l\u01b0\u1ee3ng<\/li>\n<li data-section-id=\"n5nbre\" data-start=\"2966\" data-end=\"3005\">C\u00f4ng tr\u00ecnh c\u1ea7n setup nhanh, \u0111\u1ed3ng b\u1ed9<\/li>\n<\/ul>\n<hr data-start=\"3007\" data-end=\"3010\" \/>\n<h2 data-section-id=\"11wiq9r\" data-start=\"3012\" data-end=\"3023\">K\u1ebft Lu\u1eadn<\/h2>\n<p data-start=\"3025\" data-end=\"3100\"><strong data-start=\"3025\" data-end=\"3038\">Luxury 17<\/strong> l\u00e0 l\u1ef1a ch\u1ecdn c\u00e2n b\u1eb1ng gi\u1eefa <strong data-start=\"3065\" data-end=\"3099\">gi\u00e1 \u2013 ch\u1ea5t l\u01b0\u1ee3ng \u2013 tr\u1ea3i nghi\u1ec7m<\/strong>.<\/p>\n<p data-start=\"3102\" data-end=\"3278\">V\u1edbi s\u1ef1 k\u1ebft h\u1ee3p t\u1eeb <strong data-start=\"3120\" data-end=\"3161\">Ehrlich \u2013 American Standard \u2013 Italisa<\/strong>, c\u00f9ng thi\u1ebft k\u1ebf \u0111\u1ed3ng b\u1ed9 v\u00e0 d\u1ec5 s\u1eed d\u1ee5ng, \u0111\u00e2y l\u00e0 combo ph\u00f9 h\u1ee3p cho nh\u1eefng ai mu\u1ed1n <strong data-start=\"3239\" data-end=\"3277\">l\u00e0m m\u1ed9t l\u1ea7n \u2013 d\u00f9ng \u1ed5n \u0111\u1ecbnh l\u00e2u d\u00e0i<\/strong>.<\/p>\n<p data-start=\"3280\" data-end=\"3335\">\ud83d\udc49 Li\u00ean h\u1ec7 ngay \u0111\u1ec3 \u0111\u01b0\u1ee3c t\u01b0 v\u1ea5n v\u00e0 nh\u1eadn \u01b0u \u0111\u00e3i t\u1ed1t nh\u1ea5t.<\/p>\n<h2 data-start=\"4812\" data-end=\"4864\">\ud83d\udcde Li\u00ean H\u1ec7 \u0110\u1eb7t Mua Combo Ehrlich Luxury 17 Ch\u00ednh H\u00e3ng<\/h2>\n<p data-start=\"4866\" data-end=\"4979\"><strong data-start=\"4866\" data-end=\"4917\">Ehrlich Vi\u1ec7t Nam \u2013 Thi\u1ebft B\u1ecb Nh\u00e0 B\u1ebfp &amp; Ph\u00f2ng T\u1eafm<\/strong><br data-start=\"4917\" data-end=\"4920\" \/>\ud83d\udccd\u00a0\u0110\u1ecba ch\u1ec9: S\u1ed1 6 Li\u1ec1n K\u1ec1 22, K\u0110T V\u0103n Kh\u00ea, H\u00e0 \u0110\u00f4ng, H\u00e0 N\u1ed9i<\/p>\n<p data-start=\"4981\" data-end=\"5105\">\ud83c\udf10\u00a0Website:\u00a0<a class=\"decorated-link\" href=\"https:\/\/ehrlichvietnam.vn\/\" target=\"_new\" rel=\"noopener\" data-start=\"4993\" data-end=\"5019\">https:\/\/ehrlichvietnam.vn\/<\/a><br data-start=\"5019\" data-end=\"5022\" \/>\ud83d\udcde\u00a0Hotline:\u00a0<strong data-start=\"5034\" data-end=\"5051\">0932 27 05 20<\/strong><br data-start=\"5051\" data-end=\"5054\" \/>\ud83d\udcac\u00a0Zalo OA:\u00a0<a class=\"decorated-link\" href=\"https:\/\/zalo.me\/s\/2888141157129558325\" target=\"_new\" rel=\"noopener\" data-start=\"5066\" data-end=\"5103\">https:\/\/zalo.me\/s\/2888141157129558325<\/a><\/p>\n<p data-start=\"5107\" data-end=\"5218\">\ud83c\udfa5\u00a0TikTok:\u00a0<a class=\"decorated-link\" href=\"https:\/\/www.tiktok.com\/@ehrlich.chia.s?_r=1\" target=\"_new\" rel=\"noopener\" data-start=\"5118\" data-end=\"5162\">https:\/\/www.tiktok.com\/@ehrlichthietbivesinh<\/a><br data-start=\"5162\" data-end=\"5165\" \/>\u25b6\ufe0f\u00a0YouTube:\u00a0<a class=\"decorated-link\" href=\"https:\/\/www.youtube.com\/@EhrlichVietNam\" target=\"_new\" rel=\"noopener\" data-start=\"5177\" data-end=\"5216\">https:\/\/www.youtube.com\/@EhrlichVietNam<\/a><\/p>\n<p data-start=\"5220\" data-end=\"5265\">\ud83d\ude9a\u00a0Giao h\u00e0ng to\u00e0n qu\u1ed1c \u2013 t\u01b0 v\u1ea5n nhanh ch\u00f3ng<\/p>\n<p data-start=\"5374\" data-end=\"5452\">\ud83d\udc49 Li\u00ean h\u1ec7 ngay \u0111\u1ec3 \u0111\u01b0\u1ee3c t\u01b0 v\u1ea5n v\u00e0 nh\u1eadn \u01b0u \u0111\u00e3i t\u1ed1t nh\u1ea5t cho c\u00f4ng tr\u00ecnh c\u1ee7a b\u1ea1n.<\/p>\n","protected":false},"excerpt":{"rendered":"<p data-start=\"106\" data-end=\"188\">\ud83c\udf1f <strong data-start=\"109\" data-end=\"186\">Combo thi\u1ebft b\u1ecb v\u1ec7 sinh Ehrlich \u2013 Ho\u00e0n thi\u1ec7n ph\u00f2ng t\u1eafm theo phong c\u00e1ch \u0110\u1ee9c<\/strong><\/p>\n<p data-start=\"190\" data-end=\"498\">Kh\u00f4ng gian ph\u00f2ng t\u1eafm kh\u00f4ng ch\u1ec9 l\u00e0 n\u01a1i sinh ho\u1ea1t h\u1eb1ng ng\u00e0y, m\u00e0 c\u00f2n l\u00e0 n\u01a1i t\u00e1i t\u1ea1o n\u0103ng l\u01b0\u1ee3ng, t\u1eadn h\u01b0\u1edfng s\u1ef1 th\u01b0 gi\u00e3n sau m\u1ed9t ng\u00e0y d\u00e0i. V\u1edbi tri\u1ebft l\u00fd <strong data-start=\"336\" data-end=\"369\">\u201ctinh t\u1ebf trong t\u1eebng chi ti\u1ebft\u201d<\/strong>, Ehrlich mang \u0111\u1ebfn combo thi\u1ebft b\u1ecb v\u1ec7 sinh \u0111\u1ed3ng b\u1ed9, gi\u00fap ph\u00f2ng t\u1eafm tr\u1edf th\u00e0nh <strong data-start=\"445\" data-end=\"495\">m\u1ed9t t\u1ed5ng th\u1ec3 sang tr\u1ecdng, hi\u1ec7n \u0111\u1ea1i v\u00e0 ti\u1ec7n nghi<\/strong>.<\/p>\n<p data-start=\"500\" data-end=\"778\">\u2728 M\u1ed7i s\u1ea3n ph\u1ea9m trong combo \u0111\u1ec1u \u0111\u01b0\u1ee3c ch\u1ebf t\u00e1c t\u1eeb ch\u1ea5t li\u1ec7u cao c\u1ea5p, \u00e1p d\u1ee5ng c\u00f4ng ngh\u1ec7 ch\u1ed1ng b\u00e1m b\u1ea9n, ch\u1ed1ng \u1ea9m m\u1ed1c v\u00e0 t\u1ed1i \u01b0u c\u00f4ng n\u0103ng s\u1eed d\u1ee5ng. Khi k\u1ebft h\u1ee3p tr\u1ecdn b\u1ed9, ch\u00fang t\u1ea1o n\u00ean s\u1ef1 h\u00e0i h\u00f2a tuy\u1ec7t \u0111\u1ed1i v\u1ec1 thi\u1ebft k\u1ebf, t\u1eeb ki\u1ec3u d\u00e1ng \u0111\u1ebfn m\u00e0u s\u1eafc \u2013 v\u1eeba th\u1ea9m m\u1ef9, v\u1eeba b\u1ec1n b\u1ec9 theo th\u1eddi gian.<\/p>\n<p data-start=\"780\" data-end=\"959\">\ud83d\udc8e L\u1ef1a ch\u1ecdn <strong data-start=\"792\" data-end=\"826\">combo thi\u1ebft b\u1ecb v\u1ec7 sinh Ehrlich<\/strong> ch\u00ednh l\u00e0 l\u1ef1a ch\u1ecdn s\u1ef1 <strong data-start=\"848\" data-end=\"870\">\u0111\u1eb3ng c\u1ea5p chu\u1ea9n \u0110\u1ee9c<\/strong>, mang \u0111\u1ebfn tr\u1ea3i nghi\u1ec7m tho\u1ea3i m\u00e1i, ti\u1ec7n l\u1ee3i v\u00e0 n\u00e2ng t\u1ea7m gi\u00e1 tr\u1ecb kh\u00f4ng gian s\u1ed1ng c\u1ee7a b\u1ea1n.<\/p>\n","protected":false},"featured_media":4513,"comment_status":"open","ping_status":"closed","template":"","meta":{"_acf_changed":false},"product_brand":[],"product_cat":[55,77,133],"product_tag":[],"class_list":{"0":"post-4512","1":"product","2":"type-product","3":"status-publish","4":"has-post-thumbnail","6":"product_cat-combo-phong-tam","7":"product_cat-combo","8":"product_cat-combo-luxury","10":"first","11":"instock","12":"sale","13":"shipping-taxable","14":"purchasable","15":"product-type-simple"},"acf":[],"_links":{"self":[{"href":"https:\/\/ehrlichvietnam.vn\/en\/wp-json\/wp\/v2\/product\/4512","targetHints":{"allow":["GET"]}}],"collection":[{"href":"https:\/\/ehrlichvietnam.vn\/en\/wp-json\/wp\/v2\/product"}],"about":[{"href":"https:\/\/ehrlichvietnam.vn\/en\/wp-json\/wp\/v2\/types\/product"}],"replies":[{"embeddable":true,"href":"https:\/\/ehrlichvietnam.vn\/en\/wp-json\/wp\/v2\/comments?post=4512"}],"wp:featuredmedia":[{"embeddable":true,"href":"https:\/\/ehrlichvietnam.vn\/en\/wp-json\/wp\/v2\/media\/4513"}],"wp:attachment":[{"href":"https:\/\/ehrlichvietnam.vn\/en\/wp-json\/wp\/v2\/media?parent=4512"}],"wp:term":[{"taxonomy":"product_brand","embeddable":true,"href":"https:\/\/ehrlichvietnam.vn\/en\/wp-json\/wp\/v2\/product_brand?post=4512"},{"taxonomy":"product_cat","embeddable":true,"href":"https:\/\/ehrlichvietnam.vn\/en\/wp-json\/wp\/v2\/product_cat?post=4512"},{"taxonomy":"product_tag","embeddable":true,"href":"https:\/\/ehrlichvietnam.vn\/en\/wp-json\/wp\/v2\/product_tag?post=4512"}],"curies":[{"name":"wp","href":"https:\/\/api.w.org\/{rel}","templated":true}]}}