{"id":4510,"date":"2026-04-01T08:53:02","date_gmt":"2026-04-01T08:53:02","guid":{"rendered":"https:\/\/ehrlichvietnam.vn\/?post_type=product&#038;p=4510"},"modified":"2026-04-01T09:20:15","modified_gmt":"2026-04-01T09:20:15","slug":"combo-luxury-16","status":"publish","type":"product","link":"https:\/\/ehrlichvietnam.vn\/combo-luxury-16\/","title":{"rendered":"Combo Luxury &#8211; 16"},"content":{"rendered":"<h1 data-section-id=\"tz2kx7\" data-start=\"162\" data-end=\"277\">Combo Thi\u1ebft B\u1ecb V\u1ec7 Sinh Luxury 16 \u2013 S\u1ef1 K\u1ebft H\u1ee3p Ehrlich x American Standard x Italisa, Chu\u1ea9n \u0110\u1eb9p \u2013 Chu\u1ea9n B\u1ec1n \u2013 Chu\u1ea9n Tr\u1ea3i Nghi\u1ec7m<\/h1>\n<p data-start=\"279\" data-end=\"433\">N\u1ebfu b\u1ea1n \u0111ang t\u00ecm m\u1ed9t combo ph7\u00f2ng t\u1eafm v\u1eeba \u0111\u1eb9p, v\u1eeba b\u1ec1n, l\u1ea1i mang l\u1ea1i tr\u1ea3i nghi\u1ec7m s\u1eed d\u1ee5ng \u201c\u0111\u00e3 tay\u201d m\u1ed7i ng\u00e0y th\u00ec <strong data-start=\"389\" data-end=\"402\">Luxury 14<\/strong> l\u00e0 l\u1ef1a ch\u1ecdn r\u1ea5t \u0111\u00e1ng c\u00e2n nh\u1eafc.<\/p>\n<p data-start=\"435\" data-end=\"592\">\u0110\u00e2y l\u00e0 b\u1ed9 thi\u1ebft b\u1ecb \u0111\u01b0\u1ee3c x\u00e2y d\u1ef1ng t\u1eeb s\u1ef1 k\u1ebft h\u1ee3p gi\u1eefa <strong data-start=\"487\" data-end=\"515\">Ehrlich \u2013 American Standard \u2013 Italisa<\/strong>, t\u1ea1o n\u00ean m\u1ed9t kh\u00f4ng gian ph\u00f2ng t\u1eafm <strong data-start=\"550\" data-end=\"591\">\u0111\u1ed3ng b\u1ed9, hi\u1ec7n \u0111\u1ea1i v\u00e0 t\u1ed1i \u01b0u c\u00f4ng n\u0103ng<\/strong>.<\/p>\n<p data-start=\"594\" data-end=\"772\">\u0110i\u1ec3m n\u1ed5i b\u1eadt c\u1ee7a combo l\u1ea7n n\u00e0y n\u1eb1m \u1edf <strong data-start=\"631\" data-end=\"679\">sen c\u00e2y ph\u00edm \u0111\u00e0n b\u1eb1ng \u0111\u1ed3ng m\u1ea1 chrome cao c\u1ea5p<\/strong> \u2013 v\u1eeba sang, v\u1eeba b\u1ec1n, v\u1eeba mang l\u1ea1i tr\u1ea3i nghi\u1ec7m s\u1eed d\u1ee5ng m\u01b0\u1ee3t m\u00e0 h\u01a1n h\u1eb3n c\u00e1c d\u00f2ng th\u00f4ng th\u01b0\u1eddng.<\/p>\n<hr data-start=\"774\" data-end=\"777\" \/>\n<h2 data-section-id=\"1mf3ebr\" data-start=\"779\" data-end=\"810\">T\u1ed5ng Quan V\u1ec1 Combo Luxury 16<\/h2>\n<p data-start=\"812\" data-end=\"844\">Luxury 16 h\u01b0\u1edbng t\u1edbi tr\u1ea3i nghi\u1ec7m:<\/p>\n<ul data-start=\"846\" data-end=\"964\">\n<li data-section-id=\"vugjjj\" data-start=\"846\" data-end=\"881\">S\u1eed d\u1ee5ng d\u1ec5 d\u00e0ng \u2013 thao t\u00e1c m\u01b0\u1ee3t<\/li>\n<li data-section-id=\"1t82102\" data-start=\"882\" data-end=\"922\">Thi\u1ebft k\u1ebf \u0111\u1ed3ng b\u1ed9 \u2013 nh\u00ecn l\u00e0 th\u1ea5y sang<\/li>\n<li data-section-id=\"16xi6lc\" data-start=\"923\" data-end=\"964\">\u0110\u1ed9 b\u1ec1n cao \u2013 d\u00f9ng l\u00e2u kh\u00f4ng xu\u1ed1ng c\u1ea5p<\/li>\n<\/ul>\n<p data-start=\"966\" data-end=\"1018\">Ph\u00f9 h\u1ee3p cho c\u1ea3 nh\u00e0 \u1edf, c\u0103n h\u1ed9 v\u00e0 c\u00f4ng tr\u00ecnh cho thu\u00ea.<\/p>\n<hr data-start=\"1020\" data-end=\"1023\" \/>\n<h2 data-section-id=\"1ibldte\" data-start=\"1025\" data-end=\"1061\">Combo Luxury 16 Bao G\u1ed3m Nh\u1eefng G\u00ec?<\/h2>\n<p data-start=\"1063\" data-end=\"1111\">B\u1ed9 s\u1ea3n ph\u1ea9m \u0111\u1ea7y \u0111\u1ee7 cho m\u1ed9t ph\u00f2ng t\u1eafm ho\u00e0n ch\u1ec9nh:<\/p>\n<ul data-start=\"1113\" data-end=\"1476\">\n<li data-section-id=\"up3lfq\" data-start=\"1113\" data-end=\"1165\"><strong data-start=\"1115\" data-end=\"1139\">B\u1ed3n c\u1ea7u cao c\u1ea5p American Standard<\/strong>\u00a0x\u1ea3 m\u1ea1nh, ti\u1ebft ki\u1ec7m n\u01b0\u1edbc<\/li>\n<li data-section-id=\"zejzhv\" data-start=\"1166\" data-end=\"1227\"><strong data-start=\"1168\" data-end=\"1197\">T\u1ee7 ch\u1eadu lavabo treo t\u01b0\u1eddng<\/strong> g\u1ecdn g\u00e0ng, t\u1ed1i \u01b0u kh\u00f4ng gian<\/li>\n<li data-section-id=\"d5kq7l\" data-start=\"1280\" data-end=\"1325\"><strong data-start=\"1282\" data-end=\"1306\">V\u00f2i lavabo n\u00f3ng l\u1ea1nh<\/strong> v\u1eadn h\u00e0nh \u1ed5n \u0111\u1ecbnh<\/li>\n<li data-section-id=\"1p5kpb1\" data-start=\"1326\" data-end=\"1375\">\u2b50 <strong data-start=\"1330\" data-end=\"1373\">Sen c\u00e2y ph\u00edm \u0111\u00e0n \u0111\u1ed3ng m\u1ea1 chrome cao c\u1ea5p<\/strong><\/li>\n<li data-section-id=\"472o65\" data-start=\"1376\" data-end=\"1408\"><strong data-start=\"1378\" data-end=\"1406\">B\u1ed9 x\u1ea3 + \u1ed1ng th\u1ea3i \u0111\u1ed3ng b\u1ed9<\/strong><\/li>\n<li data-section-id=\"fs9vcd\" data-start=\"1409\" data-end=\"1442\"><strong data-start=\"1411\" data-end=\"1440\">V\u00f2i x\u1ecbt v\u1ec7 sinh + d\u00e2y c\u1ea5p<\/strong><\/li>\n<li data-section-id=\"1ohm0sy\" data-start=\"1443\" data-end=\"1476\"><strong data-start=\"1445\" data-end=\"1474\">Ph\u1ee5 ki\u1ec7n ph\u00f2ng t\u1eafm \u0111\u1ea7y \u0111\u1ee7<\/strong><\/li>\n<\/ul>\n<p data-start=\"1478\" data-end=\"1522\">\ud83d\udc49 L\u1eafp \u0111\u1eb7t l\u00e0 d\u00f9ng ngay, kh\u00f4ng c\u1ea7n mua th\u00eam.<\/p>\n<hr data-start=\"1524\" data-end=\"1527\" \/>\n<h2 data-section-id=\"1hrhzb4\" data-start=\"1529\" data-end=\"1582\">\u0110i\u1ec3m Nh\u1ea5n: Sen C\u00e2y Ph\u00edm \u0110\u00e0n \u0110\u1ed3ng M\u1ea1 Chrome Cao C\u1ea5p<\/h2>\n<p data-start=\"1584\" data-end=\"1629\">\u0110\u00e2y l\u00e0 chi ti\u1ebft \u201c\u0103n ti\u1ec1n\u201d nh\u1ea5t c\u1ee7a Luxury<\/p>\n<h3 data-section-id=\"1auqpth\" data-start=\"1631\" data-end=\"1683\">1. Thi\u1ebft k\u1ebf ph\u00edm \u0111\u00e0n \u2013 thao t\u00e1c c\u1ef1c k\u1ef3 tr\u1ef1c quan<\/h3>\n<ul data-start=\"1685\" data-end=\"1784\">\n<li data-section-id=\"oxm9xl\" data-start=\"1685\" data-end=\"1722\">M\u1ed7i ch\u1ee9c n\u0103ng t\u01b0\u01a1ng \u1ee9ng 1 n\u00fat b\u1ea5m<\/li>\n<li data-section-id=\"1vkbkbb\" data-start=\"1723\" data-end=\"1752\">D\u1ec5 d\u00f9ng cho m\u1ecdi \u0111\u1ed1i t\u01b0\u1ee3ng<\/li>\n<li data-section-id=\"riwuyz\" data-start=\"1753\" data-end=\"1784\">Kh\u00f4ng c\u1ea7n xoay v\u1eb7n ph\u1ee9c t\u1ea1p<\/li>\n<\/ul>\n<p data-start=\"1786\" data-end=\"1847\">\ud83d\udc49 Ch\u1ec9 c\u1ea7n nh\u1ea5n l\u00e0 d\u00f9ng \u2013 r\u1ea5t ti\u1ec7n trong sinh ho\u1ea1t h\u1eb1ng ng\u00e0y.<\/p>\n<hr data-start=\"1849\" data-end=\"1852\" \/>\n<h3 data-section-id=\"1vmk20t\" data-start=\"1854\" data-end=\"1899\">2. Ch\u1ea5t li\u1ec7u \u0111\u1ed3ng m\u1ea1 chrome \u2013 b\u1ec1n v\u00e0 sang<\/h3>\n<ul data-start=\"1901\" data-end=\"2019\">\n<li data-section-id=\"1qa1pfj\" data-start=\"1901\" data-end=\"1945\">L\u00f5i \u0111\u1ed3ng ch\u1eafc ch\u1eafn, ch\u1ecbu \u00e1p l\u1ef1c n\u01b0\u1edbc t\u1ed1t<\/li>\n<li data-section-id=\"w0n2n9\" data-start=\"1946\" data-end=\"1986\">B\u1ec1 m\u1eb7t m\u1ea1 chrome s\u00e1ng b\u00f3ng, ch\u1ed1ng g\u1ec9<\/li>\n<li data-section-id=\"13uhz6m\" data-start=\"1987\" data-end=\"2019\">H\u1ea1n ch\u1ebf b\u00e1m b\u1ea9n, d\u1ec5 lau ch\u00f9i<\/li>\n<\/ul>\n<p data-start=\"2021\" data-end=\"2092\">Gi\u00fap s\u1ea3n ph\u1ea9m lu\u00f4n gi\u1eef \u0111\u01b0\u1ee3c v\u1ebb ngo\u00e0i nh\u01b0 m\u1edbi sau th\u1eddi gian d\u00e0i s\u1eed d\u1ee5ng.<\/p>\n<hr data-start=\"2094\" data-end=\"2097\" \/>\n<h3 data-section-id=\"1gupyt4\" data-start=\"2099\" data-end=\"2135\">3. Tr\u1ea3i nghi\u1ec7m t\u1eafm tho\u1ea3i m\u00e1i h\u01a1n<\/h3>\n<ul data-start=\"2137\" data-end=\"2236\">\n<li data-section-id=\"1x3po6r\" data-start=\"2137\" data-end=\"2161\">N\u01b0\u1edbc ra \u0111\u1ec1u, \u1ed5n \u0111\u1ecbnh<\/li>\n<li data-section-id=\"h8jf6b\" data-start=\"2162\" data-end=\"2200\">Chuy\u1ec3n ch\u1ebf \u0111\u1ed9 nhanh, kh\u00f4ng b\u1ecb gi\u1eadt<\/li>\n<li data-section-id=\"p122xj\" data-start=\"2201\" data-end=\"2236\">T\u0103ng c\u1ea3m gi\u00e1c \u201cx\u1ecbn\u201d khi s\u1eed d\u1ee5ng<\/li>\n<\/ul>\n<p data-start=\"2238\" data-end=\"2303\">\ud83d\udc49 \u0110\u00e2y l\u00e0 n\u00e2ng c\u1ea5p \u0111\u00e1ng gi\u00e1 so v\u1edbi c\u00e1c d\u00f2ng sen c\u00e2y th\u00f4ng th\u01b0\u1eddng.<\/p>\n<hr data-start=\"2305\" data-end=\"2308\" \/>\n<h2 data-section-id=\"16tc463\" data-start=\"2310\" data-end=\"2340\">\u01afu \u0110i\u1ec3m C\u1ee7a Combo Luxury 16<\/h2>\n<h3 data-section-id=\"11mnsah\" data-start=\"2342\" data-end=\"2390\">1. Collab th\u01b0\u01a1ng hi\u1ec7u \u2013 t\u1ed1i \u01b0u t\u1eebng chi ti\u1ebft<\/h3>\n<p data-start=\"2392\" data-end=\"2408\">S\u1ef1 k\u1ebft h\u1ee3p gi\u1eefa:<\/p>\n<ul data-start=\"2410\" data-end=\"2558\">\n<li data-section-id=\"1eem22w\" data-start=\"2410\" data-end=\"2455\"><strong data-start=\"2412\" data-end=\"2423\">Ehrlich<\/strong>: \u0111\u1ecbnh h\u01b0\u1edbng thi\u1ebft k\u1ebf t\u1ed5ng th\u1ec3<\/li>\n<li data-section-id=\"1o0lehb\" data-start=\"2456\" data-end=\"2506\"><strong>American Standard<\/strong>: th\u01b0\u01a1ng hi\u1ec7u n\u1ed5i ti\u1ebfng v\u1ec1 \u0111\u1ed9 b\u1ec1n<\/li>\n<li data-section-id=\"1iet71e\" data-start=\"2507\" data-end=\"2558\"><strong data-start=\"2509\" data-end=\"2520\">Italisa<\/strong>: ho\u00e0n thi\u1ec7n ph\u1ee5 ki\u1ec7n v\u00e0 tr\u1ea3i nghi\u1ec7m<\/li>\n<\/ul>\n<p data-start=\"2560\" data-end=\"2579\">Mang l\u1ea1i m\u1ed9t combo:<\/p>\n<ul data-start=\"2581\" data-end=\"2673\">\n<li data-section-id=\"8ko8pi\" data-start=\"2581\" data-end=\"2618\">\u0110\u1ed3ng b\u1ed9 t\u1eeb thi\u1ebft k\u1ebf \u0111\u1ebfn c\u00f4ng n\u0103ng<\/li>\n<li data-section-id=\"l2d5d\" data-start=\"2619\" data-end=\"2644\">B\u1ec1n b\u1ec9 theo th\u1eddi gian<\/li>\n<li data-section-id=\"65cua1\" data-start=\"2645\" data-end=\"2673\">D\u00f9ng \u1ed5n \u0111\u1ecbnh, \u00edt l\u1ed7i v\u1eb7t<\/li>\n<\/ul>\n<hr data-start=\"2675\" data-end=\"2678\" \/>\n<h3 data-section-id=\"13ih5ox\" data-start=\"2680\" data-end=\"2724\">2. \u0110\u1ed3ng b\u1ed9 tr\u1ecdn b\u1ed9 \u2013 ti\u1ebft ki\u1ec7m th\u1eddi gian<\/h3>\n<ul data-start=\"2726\" data-end=\"2812\">\n<li data-section-id=\"13je1ua\" data-start=\"2726\" data-end=\"2753\">Kh\u00f4ng c\u1ea7n ch\u1ecdn t\u1eebng m\u00f3n<\/li>\n<li data-section-id=\"1llcvrw\" data-start=\"2754\" data-end=\"2776\">Kh\u00f4ng lo l\u1ec7ch t\u00f4ng<\/li>\n<li data-section-id=\"chaaiy\" data-start=\"2777\" data-end=\"2812\">Kh\u00f4ng ph\u00e1t sinh chi ph\u00ed l\u1eb7t v\u1eb7t<\/li>\n<\/ul>\n<p data-start=\"2814\" data-end=\"2873\">\ud83d\udc49 Gi\u1ea3i ph\u00e1p ph\u00f9 h\u1ee3p cho ng\u01b0\u1eddi b\u1eadn r\u1ed9n ho\u1eb7c l\u00e0m c\u00f4ng tr\u00ecnh.<\/p>\n<hr data-start=\"2875\" data-end=\"2878\" \/>\n<h3 data-section-id=\"1dy1tyy\" data-start=\"2880\" data-end=\"2918\">3. Thi\u1ebft k\u1ebf hi\u1ec7n \u0111\u1ea1i \u2013 d\u1ec5 \u1ee9ng d\u1ee5ng<\/h3>\n<p data-start=\"2920\" data-end=\"2942\">Luxury 16 ph\u00f9 h\u1ee3p v\u1edbi:<\/p>\n<ul data-start=\"2944\" data-end=\"3005\">\n<li data-section-id=\"1i0uyib\" data-start=\"2944\" data-end=\"2963\">C\u0103n h\u1ed9 chung c\u01b0<\/li>\n<li data-section-id=\"116h8cn\" data-start=\"2964\" data-end=\"2975\">Nh\u00e0 ph\u1ed1<\/li>\n<li data-section-id=\"12wbf58\" data-start=\"2976\" data-end=\"3005\">Homestay, c\u0103n h\u1ed9 cho thu\u00ea<\/li>\n<\/ul>\n<p data-start=\"3007\" data-end=\"3064\">Mang l\u1ea1i c\u1ea3m gi\u00e1c <strong data-start=\"3025\" data-end=\"3063\">g\u1ecdn g\u00e0ng \u2013 s\u1ea1ch s\u1ebd \u2013 chuy\u00ean nghi\u1ec7p<\/strong>.<\/p>\n<hr data-start=\"3066\" data-end=\"3069\" \/>\n<h3 data-section-id=\"1n79og\" data-start=\"3071\" data-end=\"3114\">4. \u0110\u1ed9 b\u1ec1n cao \u2013 y\u00ean t\u00e2m s\u1eed d\u1ee5ng l\u00e2u d\u00e0i<\/h3>\n<ul data-start=\"3116\" data-end=\"3205\">\n<li data-section-id=\"1x4qwlm\" data-start=\"3116\" data-end=\"3136\">S\u1ee9 ch\u1ed1ng b\u00e1m b\u1ea9n<\/li>\n<li data-section-id=\"1dymnfv\" data-start=\"3137\" data-end=\"3163\">Kim lo\u1ea1i ch\u1ed1ng oxy h\u00f3a<\/li>\n<li data-section-id=\"yeo8a\" data-start=\"3164\" data-end=\"3205\">Ho\u1ea1t \u0111\u1ed9ng \u1ed5n \u0111\u1ecbnh trong m\u00f4i tr\u01b0\u1eddng \u1ea9m<\/li>\n<\/ul>\n<p data-start=\"3207\" data-end=\"3241\">Gi\u00fap gi\u1ea3m chi ph\u00ed b\u1ea3o tr\u00ec \u0111\u00e1ng k\u1ec3.<\/p>\n<hr data-start=\"3243\" data-end=\"3246\" \/>\n<h3 data-section-id=\"1kbyar6\" data-start=\"3248\" data-end=\"3280\">5. Gi\u00e1 t\u1ed1t h\u01a1n so v\u1edbi mua l\u1ebb<\/h3>\n<ul data-start=\"3282\" data-end=\"3358\">\n<li data-section-id=\"1ad6ap\" data-start=\"3282\" data-end=\"3309\">T\u1ed1i \u01b0u chi ph\u00ed t\u1ed5ng th\u1ec3<\/li>\n<li data-section-id=\"ky46ov\" data-start=\"3310\" data-end=\"3334\">Kh\u00f4ng thi\u1ebfu ph\u1ee5 ki\u1ec7n<\/li>\n<li data-section-id=\"tr1s1y\" data-start=\"3335\" data-end=\"3358\">Kh\u00f4ng ph\u1ea3i mua th\u00eam<\/li>\n<\/ul>\n<p data-start=\"3360\" data-end=\"3404\">\ud83d\udc49 M\u1ed9t l\u1ef1a ch\u1ecdn \u201c\u0111\u00e1ng ti\u1ec1n\u201d cho c\u1ea3 gia \u0111\u00ecnh.<\/p>\n<hr data-start=\"3406\" data-end=\"3409\" \/>\n<h2 data-section-id=\"1pb7ogs\" data-start=\"3411\" data-end=\"3433\">Gi\u00e1 Combo Luxury 16<\/h2>\n<ul data-start=\"3435\" data-end=\"3502\">\n<li data-section-id=\"1ntj2cw\" data-start=\"3435\" data-end=\"3468\"><strong data-start=\"3437\" data-end=\"3454\">Gi\u00e1 ni\u00eam y\u1ebft:<\/strong>\u00a039.186.000\u0111<\/li>\n<li data-section-id=\"1am1e2l\" data-start=\"3469\" data-end=\"3502\"><strong data-start=\"3471\" data-end=\"3486\">Gi\u00e1 \u01b0u \u0111\u00e3i:<\/strong> <strong>22.875.000\u0111<\/strong><\/li>\n<\/ul>\n<p data-start=\"3504\" data-end=\"3521\">Quy\u1ec1n l\u1ee3i \u0111i k\u00e8m:<\/p>\n<ul data-start=\"3523\" data-end=\"3644\">\n<li data-section-id=\"1w6hxfb\" data-start=\"3523\" data-end=\"3558\">\ud83d\ude9a Mi\u1ec5n ph\u00ed giao h\u00e0ng to\u00e0n qu\u1ed1c<\/li>\n<li data-section-id=\"1wta9z4\" data-start=\"3559\" data-end=\"3580\">\ud83d\udee0 B\u1ea3o h\u00e0nh 5 n\u0103m<\/li>\n<li data-section-id=\"vmots3\" data-start=\"3581\" data-end=\"3618\">\u2714\ufe0f H\u1ed7 tr\u1ee3 ki\u1ec3m tra tr\u01b0\u1edbc khi nh\u1eadn<\/li>\n<li data-section-id=\"cgo9ry\" data-start=\"3619\" data-end=\"3644\">\u2714\ufe0f Cam k\u1ebft ch\u00ednh h\u00e3ng<\/li>\n<\/ul>\n<hr data-start=\"3646\" data-end=\"3649\" \/>\n<h2 data-section-id=\"189u6om\" data-start=\"3651\" data-end=\"3679\">Luxury 16 Ph\u00f9 H\u1ee3p V\u1edbi Ai?<\/h2>\n<ul data-start=\"3681\" data-end=\"3867\">\n<li data-section-id=\"1p0kh25\" data-start=\"3681\" data-end=\"3723\">Ng\u01b0\u1eddi th\u00edch thi\u1ebft k\u1ebf hi\u1ec7n \u0111\u1ea1i, d\u1ec5 d\u00f9ng<\/li>\n<li data-section-id=\"ny2n8j\" data-start=\"3724\" data-end=\"3760\">Gia \u0111\u00ecnh c\u1ea7n combo b\u1ec1n \u2013 \u1ed5n \u0111\u1ecbnh<\/li>\n<li data-section-id=\"m83bfp\" data-start=\"3761\" data-end=\"3814\">Ch\u1ee7 nh\u00e0 cho thu\u00ea c\u1ea7n t\u1ed1i \u01b0u chi ph\u00ed nh\u01b0ng v\u1eabn \u0111\u1eb9p<\/li>\n<li data-section-id=\"1k0r3f0\" data-start=\"3815\" data-end=\"3867\">Ng\u01b0\u1eddi mu\u1ed1n n\u00e2ng c\u1ea5p tr\u1ea3i nghi\u1ec7m ph\u00f2ng t\u1eafm r\u00f5 r\u1ec7t<\/li>\n<\/ul>\n<hr data-start=\"3869\" data-end=\"3872\" \/>\n<h2 data-section-id=\"11wiq9r\" data-start=\"3874\" data-end=\"3885\">K\u1ebft Lu\u1eadn<\/h2>\n<p data-start=\"3887\" data-end=\"3971\"><strong data-start=\"3887\" data-end=\"3900\">Luxury 16<\/strong>\u00a0l\u00e0 l\u1ef1a ch\u1ecdn c\u00e2n b\u1eb1ng gi\u1eefa <strong data-start=\"3927\" data-end=\"3970\">thi\u1ebft k\u1ebf \u2013 \u0111\u1ed9 b\u1ec1n \u2013 tr\u1ea3i nghi\u1ec7m s\u1eed d\u1ee5ng<\/strong>.<\/p>\n<p data-start=\"3973\" data-end=\"4125\">\u0110\u1eb7c bi\u1ec7t v\u1edbi <strong data-start=\"3986\" data-end=\"4029\">sen c\u00e2y ph\u00edm \u0111\u00e0n \u0111\u1ed3ng m\u1ea1 chrome cao c\u1ea5p<\/strong>, combo n\u00e0y mang l\u1ea1i c\u1ea3m gi\u00e1c s\u1eed d\u1ee5ng ti\u1ec7n l\u1ee3i v\u00e0 cao c\u1ea5p h\u01a1n r\u00f5 r\u1ec7t so v\u1edbi c\u00e1c b\u1ed9 th\u00f4ng th\u01b0\u1eddng.<\/p>\n<p data-start=\"4127\" data-end=\"4222\">\ud83d\udc49 N\u1ebfu b\u1ea1n \u0111ang t\u00ecm m\u1ed9t combo <strong data-start=\"4157\" data-end=\"4186\">d\u1ec5 d\u00f9ng \u2013 b\u1ec1n \u2013 nh\u00ecn sang<\/strong>, \u0111\u00e2y l\u00e0 option r\u1ea5t \u0111\u00e1ng xu\u1ed1ng ti\u1ec1n.<\/p>\n<h2 data-start=\"4812\" data-end=\"4864\">\ud83d\udcde Li\u00ean H\u1ec7 \u0110\u1eb7t Mua Combo Ehrlich Luxury 16 Ch\u00ednh H\u00e3ng<\/h2>\n<p data-start=\"4866\" data-end=\"4979\"><strong data-start=\"4866\" data-end=\"4917\">Ehrlich Vi\u1ec7t Nam \u2013 Thi\u1ebft B\u1ecb Nh\u00e0 B\u1ebfp &amp; Ph\u00f2ng T\u1eafm<\/strong><br data-start=\"4917\" data-end=\"4920\" \/>\ud83d\udccd\u00a0\u0110\u1ecba ch\u1ec9: S\u1ed1 6 Li\u1ec1n K\u1ec1 22, K\u0110T V\u0103n Kh\u00ea, H\u00e0 \u0110\u00f4ng, H\u00e0 N\u1ed9i<\/p>\n<p data-start=\"4981\" data-end=\"5105\">\ud83c\udf10\u00a0Website:\u00a0<a class=\"decorated-link\" href=\"https:\/\/ehrlichvietnam.vn\/\" target=\"_new\" rel=\"noopener\" data-start=\"4993\" data-end=\"5019\">https:\/\/ehrlichvietnam.vn\/<\/a><br data-start=\"5019\" data-end=\"5022\" \/>\ud83d\udcde\u00a0Hotline:\u00a0<strong data-start=\"5034\" data-end=\"5051\">0932 27 05 20<\/strong><br data-start=\"5051\" data-end=\"5054\" \/>\ud83d\udcac\u00a0Zalo OA:\u00a0<a class=\"decorated-link\" href=\"https:\/\/zalo.me\/s\/2888141157129558325\" target=\"_new\" rel=\"noopener\" data-start=\"5066\" data-end=\"5103\">https:\/\/zalo.me\/s\/2888141157129558325<\/a><\/p>\n<p data-start=\"5107\" data-end=\"5218\">\ud83c\udfa5\u00a0TikTok:\u00a0<a class=\"decorated-link\" href=\"https:\/\/www.tiktok.com\/@ehrlich.chia.s?_r=1\" target=\"_new\" rel=\"noopener\" data-start=\"5118\" data-end=\"5162\">https:\/\/www.tiktok.com\/@ehrlichthietbivesinh<\/a><br data-start=\"5162\" data-end=\"5165\" \/>\u25b6\ufe0f\u00a0YouTube:\u00a0<a class=\"decorated-link\" href=\"https:\/\/www.youtube.com\/@EhrlichVietNam\" target=\"_new\" rel=\"noopener\" data-start=\"5177\" data-end=\"5216\">https:\/\/www.youtube.com\/@EhrlichVietNam<\/a><\/p>\n<p data-start=\"5220\" data-end=\"5265\">\ud83d\ude9a\u00a0Giao h\u00e0ng to\u00e0n qu\u1ed1c \u2013 t\u01b0 v\u1ea5n nhanh ch\u00f3ng<\/p>\n<p data-start=\"5374\" data-end=\"5452\">\ud83d\udc49 Li\u00ean h\u1ec7 ngay \u0111\u1ec3 \u0111\u01b0\u1ee3c t\u01b0 v\u1ea5n v\u00e0 nh\u1eadn \u01b0u \u0111\u00e3i t\u1ed1t nh\u1ea5t cho c\u00f4ng tr\u00ecnh c\u1ee7a b\u1ea1n.<\/p>\n","protected":false},"excerpt":{"rendered":"<p data-start=\"106\" data-end=\"188\">\ud83c\udf1f <strong data-start=\"109\" data-end=\"186\">Combo thi\u1ebft b\u1ecb v\u1ec7 sinh Ehrlich \u2013 Ho\u00e0n thi\u1ec7n ph\u00f2ng t\u1eafm theo phong c\u00e1ch \u0110\u1ee9c<\/strong><\/p>\n<p data-start=\"190\" data-end=\"498\">Kh\u00f4ng gian ph\u00f2ng t\u1eafm kh\u00f4ng ch\u1ec9 l\u00e0 n\u01a1i sinh ho\u1ea1t h\u1eb1ng ng\u00e0y, m\u00e0 c\u00f2n l\u00e0 n\u01a1i t\u00e1i t\u1ea1o n\u0103ng l\u01b0\u1ee3ng, t\u1eadn h\u01b0\u1edfng s\u1ef1 th\u01b0 gi\u00e3n sau m\u1ed9t ng\u00e0y d\u00e0i. V\u1edbi tri\u1ebft l\u00fd <strong data-start=\"336\" data-end=\"369\">\u201ctinh t\u1ebf trong t\u1eebng chi ti\u1ebft\u201d<\/strong>, Ehrlich mang \u0111\u1ebfn combo thi\u1ebft b\u1ecb v\u1ec7 sinh \u0111\u1ed3ng b\u1ed9, gi\u00fap ph\u00f2ng t\u1eafm tr\u1edf th\u00e0nh <strong data-start=\"445\" data-end=\"495\">m\u1ed9t t\u1ed5ng th\u1ec3 sang tr\u1ecdng, hi\u1ec7n \u0111\u1ea1i v\u00e0 ti\u1ec7n nghi<\/strong>.<\/p>\n<p data-start=\"500\" data-end=\"778\">\u2728 M\u1ed7i s\u1ea3n ph\u1ea9m trong combo \u0111\u1ec1u \u0111\u01b0\u1ee3c ch\u1ebf t\u00e1c t\u1eeb ch\u1ea5t li\u1ec7u cao c\u1ea5p, \u00e1p d\u1ee5ng c\u00f4ng ngh\u1ec7 ch\u1ed1ng b\u00e1m b\u1ea9n, ch\u1ed1ng \u1ea9m m\u1ed1c v\u00e0 t\u1ed1i \u01b0u c\u00f4ng n\u0103ng s\u1eed d\u1ee5ng. Khi k\u1ebft h\u1ee3p tr\u1ecdn b\u1ed9, ch\u00fang t\u1ea1o n\u00ean s\u1ef1 h\u00e0i h\u00f2a tuy\u1ec7t \u0111\u1ed1i v\u1ec1 thi\u1ebft k\u1ebf, t\u1eeb ki\u1ec3u d\u00e1ng \u0111\u1ebfn m\u00e0u s\u1eafc \u2013 v\u1eeba th\u1ea9m m\u1ef9, v\u1eeba b\u1ec1n b\u1ec9 theo th\u1eddi gian.<\/p>\n<p data-start=\"780\" data-end=\"959\">\ud83d\udc8e L\u1ef1a ch\u1ecdn <strong data-start=\"792\" data-end=\"826\">combo thi\u1ebft b\u1ecb v\u1ec7 sinh Ehrlich<\/strong> ch\u00ednh l\u00e0 l\u1ef1a ch\u1ecdn s\u1ef1 <strong data-start=\"848\" data-end=\"870\">\u0111\u1eb3ng c\u1ea5p chu\u1ea9n \u0110\u1ee9c<\/strong>, mang \u0111\u1ebfn tr\u1ea3i nghi\u1ec7m tho\u1ea3i m\u00e1i, ti\u1ec7n l\u1ee3i v\u00e0 n\u00e2ng t\u1ea7m gi\u00e1 tr\u1ecb kh\u00f4ng gian s\u1ed1ng c\u1ee7a b\u1ea1n.<\/p>\n","protected":false},"featured_media":4511,"comment_status":"open","ping_status":"closed","template":"","meta":{"_acf_changed":false},"product_brand":[],"product_cat":[55,77,133],"product_tag":[],"class_list":{"0":"post-4510","1":"product","2":"type-product","3":"status-publish","4":"has-post-thumbnail","6":"product_cat-combo-phong-tam","7":"product_cat-combo","8":"product_cat-combo-luxury","10":"first","11":"instock","12":"sale","13":"shipping-taxable","14":"purchasable","15":"product-type-simple"},"acf":[],"_links":{"self":[{"href":"https:\/\/ehrlichvietnam.vn\/en\/wp-json\/wp\/v2\/product\/4510","targetHints":{"allow":["GET"]}}],"collection":[{"href":"https:\/\/ehrlichvietnam.vn\/en\/wp-json\/wp\/v2\/product"}],"about":[{"href":"https:\/\/ehrlichvietnam.vn\/en\/wp-json\/wp\/v2\/types\/product"}],"replies":[{"embeddable":true,"href":"https:\/\/ehrlichvietnam.vn\/en\/wp-json\/wp\/v2\/comments?post=4510"}],"wp:featuredmedia":[{"embeddable":true,"href":"https:\/\/ehrlichvietnam.vn\/en\/wp-json\/wp\/v2\/media\/4511"}],"wp:attachment":[{"href":"https:\/\/ehrlichvietnam.vn\/en\/wp-json\/wp\/v2\/media?parent=4510"}],"wp:term":[{"taxonomy":"product_brand","embeddable":true,"href":"https:\/\/ehrlichvietnam.vn\/en\/wp-json\/wp\/v2\/product_brand?post=4510"},{"taxonomy":"product_cat","embeddable":true,"href":"https:\/\/ehrlichvietnam.vn\/en\/wp-json\/wp\/v2\/product_cat?post=4510"},{"taxonomy":"product_tag","embeddable":true,"href":"https:\/\/ehrlichvietnam.vn\/en\/wp-json\/wp\/v2\/product_tag?post=4510"}],"curies":[{"name":"wp","href":"https:\/\/api.w.org\/{rel}","templated":true}]}}