{"id":4503,"date":"2026-04-01T08:37:36","date_gmt":"2026-04-01T08:37:36","guid":{"rendered":"https:\/\/ehrlichvietnam.vn\/?post_type=product&#038;p=4503"},"modified":"2026-04-01T08:41:02","modified_gmt":"2026-04-01T08:41:02","slug":"combo-luxury-13","status":"publish","type":"product","link":"https:\/\/ehrlichvietnam.vn\/combo-luxury-13\/","title":{"rendered":"Combo Luxury &#8211; 13"},"content":{"rendered":"<h1 data-section-id=\"13m3zik\" data-start=\"152\" data-end=\"267\">Combo Thi\u1ebft B\u1ecb V\u1ec7 Sinh Luxury 13 \u2013 Collab Ehrlich x Inax x Italisa, N\u00e2ng T\u1ea7m Ph\u00f2ng T\u1eafm Chu\u1ea9n Cao C\u1ea5p<\/h1>\n<p data-start=\"269\" data-end=\"306\">Kh\u00f4ng ph\u1ea3i combo n\u00e0o c\u0169ng gi\u1ed1ng nhau.<\/p>\n<p data-start=\"308\" data-end=\"512\"><strong data-start=\"308\" data-end=\"321\">Luxury 13<\/strong>\u00a0l\u00e0 b\u1ed9 thi\u1ebft b\u1ecb v\u1ec7 sinh \u0111\u01b0\u1ee3c x\u00e2y d\u1ef1ng t\u1eeb s\u1ef1 k\u1ebft h\u1ee3p c\u1ee7a <strong data-start=\"377\" data-end=\"418\">Ehrlich \u2013 Inax \u2013 Italisa<\/strong>, mang \u0111\u1ebfn m\u1ed9t gi\u1ea3i ph\u00e1p ph\u00f2ng t\u1eafm <strong data-start=\"453\" data-end=\"511\">\u0111\u1ed3ng b\u1ed9, cao c\u1ea5p v\u00e0 t\u1ed1i \u01b0u tr\u1ea3i nghi\u1ec7m s\u1eed d\u1ee5ng th\u1ef1c t\u1ebf<\/strong>.<\/p>\n<p data-start=\"514\" data-end=\"703\">\u0110i\u1ec3m kh\u00e1c bi\u1ec7t l\u1edbn nh\u1ea5t c\u1ee7a b\u1ed9 n\u00e0y n\u1eb1m \u1edf <strong data-start=\"555\" data-end=\"589\">sen c\u00e2y t\u00edch h\u1ee3p kh\u00f3a nhi\u1ec7t \u0111\u1ed9<\/strong>, gi\u00fap ki\u1ec3m so\u00e1t nhi\u1ec7t \u1ed5n \u0111\u1ecbnh \u2013 an to\u00e0n \u2013 ti\u1ec7n l\u1ee3i, \u0111\u1eb7c bi\u1ec7t ph\u00f9 h\u1ee3p cho gia \u0111\u00ecnh c\u00f3 tr\u1ebb nh\u1ecf ho\u1eb7c ng\u01b0\u1eddi l\u1edbn tu\u1ed5i.<\/p>\n<p data-start=\"705\" data-end=\"815\">N\u1ebfu b\u1ea1n \u0111ang t\u00ecm m\u1ed9t combo kh\u00f4ng ch\u1ec9 \u0111\u1eb9p m\u00e0 c\u00f2n <strong data-start=\"753\" data-end=\"777\">\u201cd\u00f9ng s\u01b0\u1edbng\u201d l\u00e2u d\u00e0i<\/strong>, Luxury 13 l\u00e0 l\u1ef1a ch\u1ecdn \u0111\u00e1ng c\u00e2n nh\u1eafc.<\/p>\n<hr data-start=\"817\" data-end=\"820\" \/>\n<h2 data-section-id=\"1mf3ebm\" data-start=\"822\" data-end=\"853\">T\u1ed5ng Quan V\u1ec1 Combo Luxury 13<\/h2>\n<p data-start=\"855\" data-end=\"919\">Luxury 13 \u0111\u01b0\u1ee3c thi\u1ebft k\u1ebf theo phong c\u00e1ch hi\u1ec7n \u0111\u1ea1i, t\u1eadp trung v\u00e0o:<\/p>\n<ul data-start=\"921\" data-end=\"1019\">\n<li data-section-id=\"v6q7h1\" data-start=\"921\" data-end=\"952\">Tr\u1ea3i nghi\u1ec7m s\u1eed d\u1ee5ng th\u1ef1c t\u1ebf<\/li>\n<li data-section-id=\"16q6tfc\" data-start=\"953\" data-end=\"986\">T\u00ednh \u0111\u1ed3ng b\u1ed9 trong kh\u00f4ng gian<\/li>\n<li data-section-id=\"435ryh\" data-start=\"987\" data-end=\"1019\">\u0110\u1ed9 b\u1ec1n v\u00e0 s\u1ef1 \u1ed5n \u0111\u1ecbnh l\u00e2u d\u00e0i<\/li>\n<\/ul>\n<p data-start=\"1021\" data-end=\"1136\">Kh\u00f4ng ch\u1ec9 l\u00e0 m\u1ed9t b\u1ed9 thi\u1ebft b\u1ecb, \u0111\u00e2y l\u00e0 gi\u1ea3i ph\u00e1p gi\u00fap ph\u00f2ng t\u1eafm tr\u1edf n\u00ean <strong data-start=\"1091\" data-end=\"1135\">g\u1ecdn g\u00e0ng \u2013 ti\u1ec7n nghi \u2013 chuy\u00ean nghi\u1ec7p h\u01a1n<\/strong>.<\/p>\n<hr data-start=\"1138\" data-end=\"1141\" \/>\n<h2 data-section-id=\"1cg3lyv\" data-start=\"1143\" data-end=\"1179\">Combo Luxury 13 Bao G\u1ed3m Nh\u1eefng G\u00ec?<\/h2>\n<p data-start=\"1181\" data-end=\"1231\">B\u1ed9 s\u1ea3n ph\u1ea9m bao g\u1ed3m \u0111\u1ea7y \u0111\u1ee7 c\u00e1c thi\u1ebft b\u1ecb c\u1ea7n thi\u1ebft:<\/p>\n<ul data-start=\"1233\" data-end=\"1626\">\n<li data-section-id=\"2kpyz4\" data-start=\"1233\" data-end=\"1290\"><strong data-start=\"1235\" data-end=\"1264\">B\u1ed3n c\u1ea7u li\u1ec1n kh\u1ed1i cao c\u1ea5p<\/strong> d\u1ec5 v\u1ec7 sinh, v\u1eadn h\u00e0nh \u00eam<\/li>\n<li data-section-id=\"1hi3rf9\" data-start=\"1291\" data-end=\"1350\"><strong data-start=\"1293\" data-end=\"1322\">T\u1ee7 ch\u1eadu lavabo treo t\u01b0\u1eddng<\/strong> t\u1ed1i \u01b0u kh\u00f4ng gian l\u01b0u tr\u1eef<\/li>\n<li data-section-id=\"1jzxpvy\" data-start=\"1407\" data-end=\"1468\"><strong data-start=\"1409\" data-end=\"1433\">V\u00f2i lavabo n\u00f3ng l\u1ea1nh<\/strong> ho\u1ea1t \u0111\u1ed9ng m\u01b0\u1ee3t, h\u1ea1n ch\u1ebf b\u1eafn n\u01b0\u1edbc<\/li>\n<li data-section-id=\"nn7mcj\" data-start=\"1469\" data-end=\"1515\">\u2b50 <strong data-start=\"1473\" data-end=\"1513\">Sen c\u00e2y kh\u00f3a nhi\u1ec7t \u0111\u1ed9 (\u0111i\u1ec3m n\u1ed5i b\u1eadt)<\/strong><\/li>\n<li data-section-id=\"fs9vcd\" data-start=\"1556\" data-end=\"1589\"><strong data-start=\"1558\" data-end=\"1587\">V\u00f2i x\u1ecbt v\u1ec7 sinh + d\u00e2y c\u1ea5p<\/strong><\/li>\n<li data-section-id=\"tgmfyh\" data-start=\"1590\" data-end=\"1626\"><strong data-start=\"1592\" data-end=\"1624\">B\u1ed9 ph\u1ee5 ki\u1ec7n ph\u00f2ng t\u1eafm \u0111\u1ea7y \u0111\u1ee7<\/strong><\/li>\n<\/ul>\n<p data-start=\"1628\" data-end=\"1693\">T\u1ea5t c\u1ea3 \u0111\u01b0\u1ee3c thi\u1ebft k\u1ebf theo h\u01b0\u1edbng <strong data-start=\"1660\" data-end=\"1692\">\u0111\u1ed3ng b\u1ed9 \u2013 d\u1ec5 l\u1eafp \u2013 d\u00f9ng ngay<\/strong>.<\/p>\n<hr data-start=\"1695\" data-end=\"1698\" \/>\n<h2 data-section-id=\"15wt5jm\" data-start=\"1700\" data-end=\"1743\">\u0110i\u1ec3m N\u1ed5i B\u1eadt Nh\u1ea5t: Sen C\u00e2y Kh\u00f3a Nhi\u1ec7t \u0110\u1ed9<\/h2>\n<p data-start=\"1745\" data-end=\"1867\">Kh\u00e1c v\u1edbi sen t\u1eafm th\u00f4ng th\u01b0\u1eddng, Luxury 13 \u0111\u01b0\u1ee3c trang b\u1ecb <strong data-start=\"1800\" data-end=\"1834\">sen c\u00e2y t\u00edch h\u1ee3p kh\u00f3a nhi\u1ec7t \u0111\u1ed9<\/strong>, mang l\u1ea1i tr\u1ea3i nghi\u1ec7m v\u01b0\u1ee3t tr\u1ed9i:<\/p>\n<h3 data-section-id=\"16zvj3j\" data-start=\"1869\" data-end=\"1902\">1. Nhi\u1ec7t \u0111\u1ed9 n\u01b0\u1edbc lu\u00f4n \u1ed5n \u0111\u1ecbnh<\/h3>\n<ul data-start=\"1904\" data-end=\"2016\">\n<li data-section-id=\"1abwpvv\" data-start=\"1904\" data-end=\"1937\">Kh\u00f4ng b\u1ecb n\u00f3ng \u2013 l\u1ea1nh \u0111\u1ed9t ng\u1ed9t<\/li>\n<li data-section-id=\"1ckvt7m\" data-start=\"1938\" data-end=\"1971\">Kh\u00f4ng c\u1ea7n ch\u1ec9nh l\u1ea1i nhi\u1ec1u l\u1ea7n<\/li>\n<li data-section-id=\"10dc5eb\" data-start=\"1972\" data-end=\"2016\">T\u1eafm tho\u1ea3i m\u00e1i h\u01a1n, \u0111\u1eb7c bi\u1ec7t v\u00e0o m\u00f9a l\u1ea1nh<\/li>\n<\/ul>\n<hr data-start=\"2018\" data-end=\"2021\" \/>\n<h3 data-section-id=\"f543lg\" data-start=\"2023\" data-end=\"2061\">2. An to\u00e0n cho gia \u0111\u00ecnh c\u00f3 tr\u1ebb nh\u1ecf<\/h3>\n<ul data-start=\"2063\" data-end=\"2151\">\n<li data-section-id=\"q4vdq9\" data-start=\"2063\" data-end=\"2100\">H\u1ea1n ch\u1ebf nguy c\u01a1 b\u1ecfng do n\u01b0\u1edbc n\u00f3ng<\/li>\n<li data-section-id=\"1kcb2tq\" data-start=\"2101\" data-end=\"2151\">Gi\u1eef nhi\u1ec7t \u1ed5n \u0111\u1ecbnh trong su\u1ed1t qu\u00e1 tr\u00ecnh s\u1eed d\u1ee5ng<\/li>\n<\/ul>\n<p data-start=\"2153\" data-end=\"2231\">\u0110\u00e2y l\u00e0 \u0111i\u1ec3m c\u1ef1c k\u1ef3 quan tr\u1ecdng v\u1edbi c\u00e1c gia \u0111\u00ecnh c\u00f3 con nh\u1ecf ho\u1eb7c ng\u01b0\u1eddi l\u1edbn tu\u1ed5i.<\/p>\n<hr data-start=\"2233\" data-end=\"2236\" \/>\n<h3 data-section-id=\"1fu0s1o\" data-start=\"2238\" data-end=\"2272\">3. Tr\u1ea3i nghi\u1ec7m cao c\u1ea5p h\u01a1n h\u1eb3n<\/h3>\n<ul data-start=\"2274\" data-end=\"2384\">\n<li data-section-id=\"zahdj\" data-start=\"2274\" data-end=\"2310\">Ch\u1ec9 c\u1ea7n set 1 l\u1ea7n \u2192 d\u00f9ng \u1ed5n \u0111\u1ecbnh<\/li>\n<li data-section-id=\"r5lwh7\" data-start=\"2311\" data-end=\"2345\">Kh\u00f4ng m\u1ea5t th\u1eddi gian \u0111i\u1ec1u ch\u1ec9nh<\/li>\n<li data-section-id=\"1mpfrch\" data-start=\"2346\" data-end=\"2384\">T\u1eafm \u201cnh\u00e0n\u201d v\u00e0 d\u1ec5 ch\u1ecbu h\u01a1n m\u1ed7i ng\u00e0y<\/li>\n<\/ul>\n<p data-start=\"2386\" data-end=\"2476\">\ud83d\udc49 \u0110\u00e2y ch\u00ednh l\u00e0 chi ti\u1ebft khi\u1ebfn Luxury 13 kh\u00e1c bi\u1ec7t r\u00f5 r\u1ec7t so v\u1edbi c\u00e1c combo c\u00f9ng ph\u00e2n kh\u00fac.<\/p>\n<hr data-start=\"2478\" data-end=\"2481\" \/>\n<h2 data-section-id=\"16tc466\" data-start=\"2483\" data-end=\"2513\">\u01afu \u0110i\u1ec3m C\u1ee7a Combo Luxury 13<\/h2>\n<h3 data-section-id=\"wded62\" data-start=\"2515\" data-end=\"2565\">1. Collab 3 th\u01b0\u01a1ng hi\u1ec7u \u2013 ch\u1ea5t l\u01b0\u1ee3ng v\u01b0\u1ee3t tr\u1ed9i<\/h3>\n<p data-start=\"2567\" data-end=\"2595\">Luxury 13 l\u00e0 s\u1ef1 k\u1ebft h\u1ee3p c\u1ee7a:<\/p>\n<ul data-start=\"2597\" data-end=\"2753\">\n<li data-section-id=\"1cdwrkw\" data-start=\"2597\" data-end=\"2641\"><strong data-start=\"2599\" data-end=\"2610\">Ehrlich<\/strong>: \u0111\u1ecbnh h\u00ecnh thi\u1ebft k\u1ebf t\u1ed5ng th\u1ec3<\/li>\n<li data-section-id=\"1s9ud2l\" data-start=\"2642\" data-end=\"2696\"><strong>Inax<\/strong>: \u0111\u1ea3m b\u1ea3o \u0111\u1ed9 b\u1ec1n v\u00e0 c\u00f4ng ngh\u1ec7<\/li>\n<li data-section-id=\"12p6tn5\" data-start=\"2697\" data-end=\"2753\"><strong data-start=\"2699\" data-end=\"2710\">Italisa<\/strong>: ho\u00e0n thi\u1ec7n ph\u1ee5 ki\u1ec7n, t\u1ed1i \u01b0u tr\u1ea3i nghi\u1ec7m<\/li>\n<\/ul>\n<p data-start=\"2755\" data-end=\"2775\">S\u1ef1 k\u1ebft h\u1ee3p n\u00e0y gi\u00fap:<\/p>\n<ul data-start=\"2777\" data-end=\"2879\">\n<li data-section-id=\"1hixzhy\" data-start=\"2777\" data-end=\"2813\">M\u1ed7i s\u1ea3n ph\u1ea9m \u0111\u1ec1u \u201c\u0111\u00fang th\u1ebf m\u1ea1nh\u201d<\/li>\n<li data-section-id=\"wbthl2\" data-start=\"2814\" data-end=\"2845\">Tr\u1ea3i nghi\u1ec7m s\u1eed d\u1ee5ng t\u1ed1t h\u01a1n<\/li>\n<li data-section-id=\"1vbp4l5\" data-start=\"2846\" data-end=\"2879\">\u0110\u1ed9 b\u1ec1n cao h\u01a1n theo th\u1eddi gian<\/li>\n<\/ul>\n<hr data-start=\"2881\" data-end=\"2884\" \/>\n<h3 data-section-id=\"y1ebyb\" data-start=\"2886\" data-end=\"2932\">2. \u0110\u1ed3ng b\u1ed9 ho\u00e0n ch\u1ec9nh \u2013 kh\u00f4ng c\u1ea7n mua th\u00eam<\/h3>\n<p data-start=\"2934\" data-end=\"2968\">Combo \u0111\u00e3 bao g\u1ed3m to\u00e0n b\u1ed9 thi\u1ebft b\u1ecb:<\/p>\n<ul data-start=\"2970\" data-end=\"3038\">\n<li data-section-id=\"ky46ov\" data-start=\"2970\" data-end=\"2994\">Kh\u00f4ng thi\u1ebfu ph\u1ee5 ki\u1ec7n<\/li>\n<li data-section-id=\"1in7e5u\" data-start=\"2995\" data-end=\"3015\">Kh\u00f4ng c\u1ea7n mua l\u1ebb<\/li>\n<li data-section-id=\"1llcvrw\" data-start=\"3016\" data-end=\"3038\">Kh\u00f4ng lo l\u1ec7ch t\u00f4ng<\/li>\n<\/ul>\n<p data-start=\"3040\" data-end=\"3091\">Gi\u00fap b\u1ea1n ti\u1ebft ki\u1ec7m r\u1ea5t nhi\u1ec1u th\u1eddi gian v\u00e0 c\u00f4ng s\u1ee9c.<\/p>\n<hr data-start=\"3093\" data-end=\"3096\" \/>\n<h3 data-section-id=\"1ug7e99\" data-start=\"3098\" data-end=\"3149\">3. Thi\u1ebft k\u1ebf hi\u1ec7n \u0111\u1ea1i \u2013 ph\u00f9 h\u1ee3p nhi\u1ec1u kh\u00f4ng gian<\/h3>\n<p data-start=\"3151\" data-end=\"3173\">Luxury 13 ph\u00f9 h\u1ee3p v\u1edbi:<\/p>\n<ul data-start=\"3175\" data-end=\"3243\">\n<li data-section-id=\"1i0uyib\" data-start=\"3175\" data-end=\"3194\">C\u0103n h\u1ed9 chung c\u01b0<\/li>\n<li data-section-id=\"116h8cn\" data-start=\"3195\" data-end=\"3206\">Nh\u00e0 ph\u1ed1<\/li>\n<li data-section-id=\"zjxnx9\" data-start=\"3207\" data-end=\"3219\">Bi\u1ec7t th\u1ef1<\/li>\n<li data-section-id=\"1km50xt\" data-start=\"3220\" data-end=\"3243\">Homestay, kh\u00e1ch s\u1ea1n<\/li>\n<\/ul>\n<p data-start=\"3245\" data-end=\"3296\">Mang l\u1ea1i c\u1ea3m gi\u00e1c <strong data-start=\"3263\" data-end=\"3295\">g\u1ecdn \u2013 s\u1ea1ch \u2013 sang h\u01a1n r\u00f5 r\u1ec7t<\/strong>.<\/p>\n<hr data-start=\"3298\" data-end=\"3301\" \/>\n<h3 data-section-id=\"1jkvc6c\" data-start=\"3303\" data-end=\"3344\">4. Ch\u1ea5t li\u1ec7u b\u1ec1n b\u1ec9 \u2013 s\u1eed d\u1ee5ng l\u00e2u d\u00e0i<\/h3>\n<ul data-start=\"3346\" data-end=\"3441\">\n<li data-section-id=\"wilrkh\" data-start=\"3346\" data-end=\"3374\">S\u1ee9 cao c\u1ea5p ch\u1ed1ng b\u00e1m b\u1ea9n<\/li>\n<li data-section-id=\"1qx3525\" data-start=\"3375\" data-end=\"3399\">Kim lo\u1ea1i m\u1ea1 ch\u1ed1ng g\u1ec9<\/li>\n<li data-section-id=\"yeo8a\" data-start=\"3400\" data-end=\"3441\">Ho\u1ea1t \u0111\u1ed9ng \u1ed5n \u0111\u1ecbnh trong m\u00f4i tr\u01b0\u1eddng \u1ea9m<\/li>\n<\/ul>\n<p data-start=\"3443\" data-end=\"3482\">Gi\u00fap gi\u1ea3m chi ph\u00ed s\u1eeda ch\u1eefa v\u00e0 thay th\u1ebf.<\/p>\n<hr data-start=\"3484\" data-end=\"3487\" \/>\n<h3 data-section-id=\"1rzrkfp\" data-start=\"3489\" data-end=\"3524\">5. T\u1ed1i \u01b0u chi ph\u00ed so v\u1edbi mua l\u1ebb<\/h3>\n<ul data-start=\"3526\" data-end=\"3621\">\n<li data-section-id=\"4whnqa\" data-start=\"3526\" data-end=\"3560\">Gi\u00e1 combo t\u1ed1t h\u01a1n mua t\u1eebng m\u00f3n<\/li>\n<li data-section-id=\"d4w0a2\" data-start=\"3561\" data-end=\"3594\">Kh\u00f4ng ph\u00e1t sinh th\u00eam ph\u1ee5 ki\u1ec7n<\/li>\n<li data-section-id=\"1o9yw8g\" data-start=\"3595\" data-end=\"3621\">D\u1ec5 ki\u1ec3m so\u00e1t ng\u00e2n s\u00e1ch<\/li>\n<\/ul>\n<p data-start=\"3623\" data-end=\"3680\">\u0110\u00e2y l\u00e0 l\u1ef1a ch\u1ecdn th\u00f4ng minh cho c\u1ea3 gia \u0111\u00ecnh v\u00e0 c\u00f4ng tr\u00ecnh.<\/p>\n<hr data-start=\"3682\" data-end=\"3685\" \/>\n<h2 data-section-id=\"hld2v7\" data-start=\"3687\" data-end=\"3726\">Gi\u00e1 Combo Thi\u1ebft B\u1ecb V\u1ec7 Sinh Luxury 13<\/h2>\n<p data-start=\"3728\" data-end=\"3761\">Hi\u1ec7n t\u1ea1i, combo \u0111ang \u0111\u01b0\u1ee3c \u01b0u \u0111\u00e3i:<\/p>\n<ul data-start=\"3763\" data-end=\"3830\">\n<li data-section-id=\"bycn07\" data-start=\"3763\" data-end=\"3796\"><strong data-start=\"3765\" data-end=\"3782\">Gi\u00e1 ni\u00eam y\u1ebft:<\/strong> 31.496.000\u0111<\/li>\n<li data-section-id=\"1bs23g9\" data-start=\"3797\" data-end=\"3830\"><strong data-start=\"3799\" data-end=\"3814\">Gi\u00e1 \u01b0u \u0111\u00e3i:<\/strong>\u00a0<strong data-start=\"3815\" data-end=\"3830\">15.386.000\u0111<\/strong><\/li>\n<\/ul>\n<p data-start=\"3832\" data-end=\"3849\">Quy\u1ec1n l\u1ee3i \u0111i k\u00e8m:<\/p>\n<ul data-start=\"3851\" data-end=\"3989\">\n<li data-section-id=\"1w6hxfb\" data-start=\"3851\" data-end=\"3886\">\ud83d\ude9a Mi\u1ec5n ph\u00ed giao h\u00e0ng to\u00e0n qu\u1ed1c<\/li>\n<li data-section-id=\"lfgvwo\" data-start=\"3887\" data-end=\"3916\">\ud83d\udee0 B\u1ea3o h\u00e0nh l\u00ean \u0111\u1ebfn 5 n\u0103m<\/li>\n<li data-section-id=\"1gtc4gi\" data-start=\"3917\" data-end=\"3958\">\u2714\ufe0f Ki\u1ec3m tra h\u00e0ng tr\u01b0\u1edbc khi thanh to\u00e1n<\/li>\n<li data-section-id=\"mtn5re\" data-start=\"3959\" data-end=\"3989\">\u2714\ufe0f Cam k\u1ebft ch\u00ednh h\u00e3ng 100%<\/li>\n<\/ul>\n<hr data-start=\"3991\" data-end=\"3994\" \/>\n<h2 data-section-id=\"15lp0pf\" data-start=\"3996\" data-end=\"4024\">Luxury 13 Ph\u00f9 H\u1ee3p V\u1edbi Ai?<\/h2>\n<p data-start=\"4026\" data-end=\"4057\">Combo n\u00e0y \u0111\u1eb7c bi\u1ec7t ph\u00f9 h\u1ee3p v\u1edbi:<\/p>\n<ul data-start=\"4059\" data-end=\"4219\">\n<li data-section-id=\"1sm7999\" data-start=\"4059\" data-end=\"4105\">Gia \u0111\u00ecnh c\u00f3 tr\u1ebb nh\u1ecf (c\u1ea7n an to\u00e0n nhi\u1ec7t \u0111\u1ed9)<\/li>\n<li data-section-id=\"lcjnu1\" data-start=\"4106\" data-end=\"4145\">Ng\u01b0\u1eddi mu\u1ed1n n\u00e2ng c\u1ea5p tr\u1ea3i nghi\u1ec7m t\u1eafm<\/li>\n<li data-section-id=\"1tzcpk8\" data-start=\"4146\" data-end=\"4180\">Nh\u00e0 \u1edf cao c\u1ea5p, c\u0103n h\u1ed9 hi\u1ec7n \u0111\u1ea1i<\/li>\n<li data-section-id=\"1tfydzl\" data-start=\"4181\" data-end=\"4219\">Ng\u01b0\u1eddi \u01b0u ti\u00ean s\u1ef1 ti\u1ec7n nghi l\u00e2u d\u00e0i<\/li>\n<\/ul>\n<hr data-start=\"4221\" data-end=\"4224\" \/>\n<h2 data-section-id=\"omxxtu\" data-start=\"4226\" data-end=\"4259\">V\u00ec Sao N\u00ean Ch\u1ecdn Combo Ehrlich?<\/h2>\n<p data-start=\"4261\" data-end=\"4278\">Ehrlich mang \u0111\u1ebfn:<\/p>\n<ul data-start=\"4280\" data-end=\"4371\">\n<li data-section-id=\"51lem8\" data-start=\"4280\" data-end=\"4311\">Gi\u1ea3i ph\u00e1p ph\u00f2ng t\u1eafm \u0111\u1ed3ng b\u1ed9<\/li>\n<li data-section-id=\"1yc1kke\" data-start=\"4312\" data-end=\"4341\">S\u1ea3n ph\u1ea9m d\u1ec5 l\u1eafp \u2013 d\u1ec5 d\u00f9ng<\/li>\n<li data-section-id=\"17vhh29\" data-start=\"4342\" data-end=\"4371\">D\u1ecbch v\u1ee5 t\u01b0 v\u1ea5n chuy\u00ean s\u00e2u<\/li>\n<\/ul>\n<p data-start=\"4373\" data-end=\"4439\">Gi\u00fap b\u1ea1n <strong data-start=\"4382\" data-end=\"4438\">l\u00e0m m\u1ed9t l\u1ea7n \u2013 d\u00f9ng l\u00e2u d\u00e0i \u2013 kh\u00f4ng ph\u1ea3i n\u00e2ng c\u1ea5p l\u1ea1i<\/strong>.<\/p>\n<hr data-start=\"4441\" data-end=\"4444\" \/>\n<h2 data-section-id=\"11wiq9r\" data-start=\"4446\" data-end=\"4457\">K\u1ebft Lu\u1eadn<\/h2>\n<p data-start=\"4459\" data-end=\"4575\"><strong data-start=\"4459\" data-end=\"4495\">Combo thi\u1ebft b\u1ecb v\u1ec7 sinh Luxury 13<\/strong>\u00a0kh\u00f4ng ch\u1ec9 l\u00e0 m\u1ed9t b\u1ed9 s\u1ea3n ph\u1ea9m, m\u00e0 l\u00e0 gi\u1ea3i ph\u00e1p n\u00e2ng c\u1ea5p to\u00e0n di\u1ec7n cho ph\u00f2ng t\u1eafm.<\/p>\n<p data-start=\"4577\" data-end=\"4753\">\u0110\u1eb7c bi\u1ec7t, v\u1edbi s\u1ef1 k\u1ebft h\u1ee3p t\u1eeb <strong data-start=\"4605\" data-end=\"4646\">Ehrlich \u2013 Inax \u2013 Italisa<\/strong> c\u00f9ng <strong data-start=\"4652\" data-end=\"4677\">sen c\u00e2y kh\u00f3a nhi\u1ec7t \u0111\u1ed9<\/strong>, \u0111\u00e2y l\u00e0 l\u1ef1a ch\u1ecdn gi\u00fap b\u1ea1n y\u00ean t\u00e2m v\u1ec1 c\u1ea3 <strong data-start=\"4718\" data-end=\"4752\">an to\u00e0n \u2013 tr\u1ea3i nghi\u1ec7m \u2013 \u0111\u1ed9 b\u1ec1n<\/strong>.<\/p>\n<p data-start=\"4755\" data-end=\"4810\">\ud83d\udc49 Li\u00ean h\u1ec7 ngay \u0111\u1ec3 \u0111\u01b0\u1ee3c t\u01b0 v\u1ea5n v\u00e0 nh\u1eadn \u01b0u \u0111\u00e3i t\u1ed1t nh\u1ea5t.<\/p>\n<h2 data-start=\"4812\" data-end=\"4864\">\ud83d\udcde Li\u00ean H\u1ec7 \u0110\u1eb7t Mua Combo Ehrlich Luxury 13 Ch\u00ednh H\u00e3ng<\/h2>\n<p data-start=\"4866\" data-end=\"4979\"><strong data-start=\"4866\" data-end=\"4917\">Ehrlich Vi\u1ec7t Nam \u2013 Thi\u1ebft B\u1ecb Nh\u00e0 B\u1ebfp &amp; Ph\u00f2ng T\u1eafm<\/strong><br data-start=\"4917\" data-end=\"4920\" \/>\ud83d\udccd\u00a0\u0110\u1ecba ch\u1ec9: S\u1ed1 6 Li\u1ec1n K\u1ec1 22, K\u0110T V\u0103n Kh\u00ea, H\u00e0 \u0110\u00f4ng, H\u00e0 N\u1ed9i<\/p>\n<p data-start=\"4981\" data-end=\"5105\">\ud83c\udf10\u00a0Website:\u00a0<a class=\"decorated-link\" href=\"https:\/\/ehrlichvietnam.vn\/\" target=\"_new\" rel=\"noopener\" data-start=\"4993\" data-end=\"5019\">https:\/\/ehrlichvietnam.vn\/<\/a><br data-start=\"5019\" data-end=\"5022\" \/>\ud83d\udcde\u00a0Hotline:\u00a0<strong data-start=\"5034\" data-end=\"5051\">0932 27 05 20<\/strong><br data-start=\"5051\" data-end=\"5054\" \/>\ud83d\udcac\u00a0Zalo OA:\u00a0<a class=\"decorated-link\" href=\"https:\/\/zalo.me\/s\/2888141157129558325\" target=\"_new\" rel=\"noopener\" data-start=\"5066\" data-end=\"5103\">https:\/\/zalo.me\/s\/2888141157129558325<\/a><\/p>\n<p data-start=\"5107\" data-end=\"5218\">\ud83c\udfa5\u00a0TikTok:\u00a0<a class=\"decorated-link\" href=\"https:\/\/www.tiktok.com\/@ehrlich.chia.s?_r=1\" target=\"_new\" rel=\"noopener\" data-start=\"5118\" data-end=\"5162\">https:\/\/www.tiktok.com\/@ehrlichthietbivesinh<\/a><br data-start=\"5162\" data-end=\"5165\" \/>\u25b6\ufe0f\u00a0YouTube:\u00a0<a class=\"decorated-link\" href=\"https:\/\/www.youtube.com\/@EhrlichVietNam\" target=\"_new\" rel=\"noopener\" data-start=\"5177\" data-end=\"5216\">https:\/\/www.youtube.com\/@EhrlichVietNam<\/a><\/p>\n<p data-start=\"5220\" data-end=\"5265\">\ud83d\ude9a\u00a0Giao h\u00e0ng to\u00e0n qu\u1ed1c \u2013 t\u01b0 v\u1ea5n nhanh ch\u00f3ng<\/p>\n<p data-start=\"5374\" data-end=\"5452\">\ud83d\udc49 Li\u00ean h\u1ec7 ngay \u0111\u1ec3 \u0111\u01b0\u1ee3c t\u01b0 v\u1ea5n v\u00e0 nh\u1eadn \u01b0u \u0111\u00e3i t\u1ed1t nh\u1ea5t cho c\u00f4ng tr\u00ecnh c\u1ee7a b\u1ea1n.<\/p>\n","protected":false},"excerpt":{"rendered":"<p data-start=\"106\" data-end=\"188\">\ud83c\udf1f <strong data-start=\"109\" data-end=\"186\">Combo thi\u1ebft b\u1ecb v\u1ec7 sinh Ehrlich \u2013 Ho\u00e0n thi\u1ec7n ph\u00f2ng t\u1eafm theo phong c\u00e1ch \u0110\u1ee9c<\/strong><\/p>\n<p data-start=\"190\" data-end=\"498\">Kh\u00f4ng gian ph\u00f2ng t\u1eafm kh\u00f4ng ch\u1ec9 l\u00e0 n\u01a1i sinh ho\u1ea1t h\u1eb1ng ng\u00e0y, m\u00e0 c\u00f2n l\u00e0 n\u01a1i t\u00e1i t\u1ea1o n\u0103ng l\u01b0\u1ee3ng, t\u1eadn h\u01b0\u1edfng s\u1ef1 th\u01b0 gi\u00e3n sau m\u1ed9t ng\u00e0y d\u00e0i. V\u1edbi tri\u1ebft l\u00fd <strong data-start=\"336\" data-end=\"369\">\u201ctinh t\u1ebf trong t\u1eebng chi ti\u1ebft\u201d<\/strong>, Ehrlich mang \u0111\u1ebfn combo thi\u1ebft b\u1ecb v\u1ec7 sinh \u0111\u1ed3ng b\u1ed9, gi\u00fap ph\u00f2ng t\u1eafm tr\u1edf th\u00e0nh <strong data-start=\"445\" data-end=\"495\">m\u1ed9t t\u1ed5ng th\u1ec3 sang tr\u1ecdng, hi\u1ec7n \u0111\u1ea1i v\u00e0 ti\u1ec7n nghi<\/strong>.<\/p>\n<p data-start=\"500\" data-end=\"778\">\u2728 M\u1ed7i s\u1ea3n ph\u1ea9m trong combo \u0111\u1ec1u \u0111\u01b0\u1ee3c ch\u1ebf t\u00e1c t\u1eeb ch\u1ea5t li\u1ec7u cao c\u1ea5p, \u00e1p d\u1ee5ng c\u00f4ng ngh\u1ec7 ch\u1ed1ng b\u00e1m b\u1ea9n, ch\u1ed1ng \u1ea9m m\u1ed1c v\u00e0 t\u1ed1i \u01b0u c\u00f4ng n\u0103ng s\u1eed d\u1ee5ng. Khi k\u1ebft h\u1ee3p tr\u1ecdn b\u1ed9, ch\u00fang t\u1ea1o n\u00ean s\u1ef1 h\u00e0i h\u00f2a tuy\u1ec7t \u0111\u1ed1i v\u1ec1 thi\u1ebft k\u1ebf, t\u1eeb ki\u1ec3u d\u00e1ng \u0111\u1ebfn m\u00e0u s\u1eafc \u2013 v\u1eeba th\u1ea9m m\u1ef9, v\u1eeba b\u1ec1n b\u1ec9 theo th\u1eddi gian.<\/p>\n<p data-start=\"780\" data-end=\"959\">\ud83d\udc8e L\u1ef1a ch\u1ecdn <strong data-start=\"792\" data-end=\"826\">combo thi\u1ebft b\u1ecb v\u1ec7 sinh Ehrlich<\/strong> ch\u00ednh l\u00e0 l\u1ef1a ch\u1ecdn s\u1ef1 <strong data-start=\"848\" data-end=\"870\">\u0111\u1eb3ng c\u1ea5p chu\u1ea9n \u0110\u1ee9c<\/strong>, mang \u0111\u1ebfn tr\u1ea3i nghi\u1ec7m tho\u1ea3i m\u00e1i, ti\u1ec7n l\u1ee3i v\u00e0 n\u00e2ng t\u1ea7m gi\u00e1 tr\u1ecb kh\u00f4ng gian s\u1ed1ng c\u1ee7a b\u1ea1n.<\/p>\n","protected":false},"featured_media":4504,"comment_status":"open","ping_status":"closed","template":"","meta":{"_acf_changed":false},"product_brand":[],"product_cat":[55,77,133],"product_tag":[],"class_list":{"0":"post-4503","1":"product","2":"type-product","3":"status-publish","4":"has-post-thumbnail","6":"product_cat-combo-phong-tam","7":"product_cat-combo","8":"product_cat-combo-luxury","10":"first","11":"instock","12":"sale","13":"shipping-taxable","14":"purchasable","15":"product-type-simple"},"acf":[],"_links":{"self":[{"href":"https:\/\/ehrlichvietnam.vn\/en\/wp-json\/wp\/v2\/product\/4503","targetHints":{"allow":["GET"]}}],"collection":[{"href":"https:\/\/ehrlichvietnam.vn\/en\/wp-json\/wp\/v2\/product"}],"about":[{"href":"https:\/\/ehrlichvietnam.vn\/en\/wp-json\/wp\/v2\/types\/product"}],"replies":[{"embeddable":true,"href":"https:\/\/ehrlichvietnam.vn\/en\/wp-json\/wp\/v2\/comments?post=4503"}],"wp:featuredmedia":[{"embeddable":true,"href":"https:\/\/ehrlichvietnam.vn\/en\/wp-json\/wp\/v2\/media\/4504"}],"wp:attachment":[{"href":"https:\/\/ehrlichvietnam.vn\/en\/wp-json\/wp\/v2\/media?parent=4503"}],"wp:term":[{"taxonomy":"product_brand","embeddable":true,"href":"https:\/\/ehrlichvietnam.vn\/en\/wp-json\/wp\/v2\/product_brand?post=4503"},{"taxonomy":"product_cat","embeddable":true,"href":"https:\/\/ehrlichvietnam.vn\/en\/wp-json\/wp\/v2\/product_cat?post=4503"},{"taxonomy":"product_tag","embeddable":true,"href":"https:\/\/ehrlichvietnam.vn\/en\/wp-json\/wp\/v2\/product_tag?post=4503"}],"curies":[{"name":"wp","href":"https:\/\/api.w.org\/{rel}","templated":true}]}}