{"id":4494,"date":"2026-03-31T09:22:02","date_gmt":"2026-03-31T09:22:02","guid":{"rendered":"https:\/\/ehrlichvietnam.vn\/?post_type=product&#038;p=4494"},"modified":"2026-03-31T10:30:55","modified_gmt":"2026-03-31T10:30:55","slug":"combo-luxury-09","status":"publish","type":"product","link":"https:\/\/ehrlichvietnam.vn\/combo-luxury-09\/","title":{"rendered":"Combo Luxury &#8211; 09"},"content":{"rendered":"<h1 data-section-id=\"1zzulj\" data-start=\"168\" data-end=\"252\">Combo Thi\u1ebft B\u1ecb V\u1ec7 Sinh Luxury 9 \u2013 N\u00e2ng C\u1ea5p Tr\u1ea3i Nghi\u1ec7m Ph\u00f2ng T\u1eafm L\u00ean Chu\u1ea9n Cao C\u1ea5p<\/h1>\n<p data-start=\"254\" data-end=\"418\">N\u1ebfu b\u1ea1n kh\u00f4ng ch\u1ec9 c\u1ea7n m\u1ed9t ph\u00f2ng t\u1eafm \u201c\u0111\u1ee7 d\u00f9ng\u201d m\u00e0 mu\u1ed1n m\u1ed9t kh\u00f4ng gian <strong data-start=\"323\" data-end=\"367\">tho\u1ea3i m\u00e1i \u2013 hi\u1ec7n \u0111\u1ea1i \u2013 chu\u1ea9n tr\u1ea3i nghi\u1ec7m<\/strong>, th\u00ec vi\u1ec7c l\u1ef1a ch\u1ecdn thi\u1ebft b\u1ecb kh\u00f4ng th\u1ec3 l\u00e0m qua loa.<\/p>\n<p data-start=\"420\" data-end=\"587\"><strong data-start=\"420\" data-end=\"455\">Combo thi\u1ebft b\u1ecb v\u1ec7 sinh Luxury 9<\/strong> \u0111\u01b0\u1ee3c t\u1ea1o ra d\u00e0nh cho nh\u1eefng gia ch\u1ee7 mu\u1ed1n <strong data-start=\"496\" data-end=\"523\">\u0111\u1ea7u t\u01b0 \u0111\u00fang ngay t\u1eeb \u0111\u1ea7u<\/strong>: \u0111\u1ed3ng b\u1ed9, b\u1ec1n b\u1ec9 v\u00e0 mang l\u1ea1i c\u1ea3m gi\u00e1c s\u1eed d\u1ee5ng cao c\u1ea5p m\u1ed7i ng\u00e0y.<\/p>\n<p data-start=\"589\" data-end=\"711\">\u0110\u00e2y kh\u00f4ng \u0111\u01a1n thu\u1ea7n l\u00e0 m\u1ed9t b\u1ed9 thi\u1ebft b\u1ecb \u2013 m\u00e0 l\u00e0 gi\u1ea3i ph\u00e1p gi\u00fap b\u1ea1n <strong data-start=\"655\" data-end=\"710\">bi\u1ebfn ph\u00f2ng t\u1eafm th\u00e0nh kh\u00f4ng gian th\u01b0 gi\u00e3n \u0111\u00fang ngh\u0129a<\/strong>.<\/p>\n<hr data-start=\"713\" data-end=\"716\" \/>\n<h2 data-section-id=\"znu87j\" data-start=\"718\" data-end=\"770\">Luxury 9 \u2013 Khi Ph\u00f2ng T\u1eafm Kh\u00f4ng Ch\u1ec9 L\u00e0 N\u01a1i S\u1eed D\u1ee5ng<\/h2>\n<p data-start=\"772\" data-end=\"830\">Kh\u00e1c v\u1edbi c\u00e1c combo c\u01a1 b\u1ea3n, Luxury 9 h\u01b0\u1edbng t\u1edbi tr\u1ea3i nghi\u1ec7m:<\/p>\n<ul data-start=\"832\" data-end=\"963\">\n<li data-section-id=\"vbyhbp\" data-start=\"832\" data-end=\"865\">Thi\u1ebft k\u1ebf tinh t\u1ebf, s\u1eafc n\u00e9t h\u01a1n<\/li>\n<li data-section-id=\"1mvu3qd\" data-start=\"866\" data-end=\"918\">Trang b\u1ecb \u0111\u1ea7y \u0111\u1ee7, kh\u00f4ng thi\u1ebfu b\u1ea5t k\u1ef3 chi ti\u1ebft n\u00e0o<\/li>\n<li data-section-id=\"cofsxc\" data-start=\"919\" data-end=\"963\">T\u1ed1i \u01b0u c\u1ea3m gi\u00e1c s\u1eed d\u1ee5ng th\u1ef1c t\u1ebf m\u1ed7i ng\u00e0y<\/li>\n<\/ul>\n<p data-start=\"965\" data-end=\"1119\">T\u1eeb \u00e1nh s\u00e1ng g\u01b0\u01a1ng, d\u00f2ng n\u01b0\u1edbc sen t\u1eafm cho \u0111\u1ebfn \u0111\u1ed9 m\u01b0\u1ee3t c\u1ee7a v\u00f2i lavabo \u2013 t\u1ea5t c\u1ea3 \u0111\u1ec1u \u0111\u01b0\u1ee3c t\u00ednh to\u00e1n \u0111\u1ec3 mang l\u1ea1i <strong data-start=\"1073\" data-end=\"1118\">s\u1ef1 tho\u1ea3i m\u00e1i l\u00e2u d\u00e0i, kh\u00f4ng ph\u1ea3i d\u00f9ng t\u1ea1m<\/strong>.<\/p>\n<hr data-start=\"1121\" data-end=\"1124\" \/>\n<h2 data-section-id=\"tsjoby\" data-start=\"1126\" data-end=\"1161\">Combo Luxury 9 Bao G\u1ed3m Nh\u1eefng G\u00ec?<\/h2>\n<p data-start=\"1163\" data-end=\"1213\">Luxury 9 l\u00e0 b\u1ed9 thi\u1ebft b\u1ecb v\u1ec7 sinh tr\u1ecdn g\u00f3i, bao g\u1ed3m:<\/p>\n<ul data-start=\"1215\" data-end=\"1683\">\n<li data-section-id=\"1cebira\" data-start=\"1215\" data-end=\"1282\"><strong data-start=\"1217\" data-end=\"1236\">B\u1ed3n c\u1ea7u cao c\u1ea5p<\/strong> thi\u1ebft k\u1ebf li\u1ec1n kh\u1ed1i, d\u1ec5 v\u1ec7 sinh, v\u1eadn h\u00e0nh \u00eam<\/li>\n<li data-section-id=\"8kylz3\" data-start=\"1283\" data-end=\"1350\"><strong data-start=\"1285\" data-end=\"1314\">T\u1ee7 ch\u1eadu lavabo treo t\u01b0\u1eddng<\/strong> hi\u1ec7n \u0111\u1ea1i, t\u0103ng kh\u00f4ng gian l\u01b0u tr\u1eef<\/li>\n<li data-section-id=\"yfts7a\" data-start=\"1416\" data-end=\"1476\"><strong data-start=\"1418\" data-end=\"1442\">V\u00f2i lavabo n\u00f3ng l\u1ea1nh<\/strong> v\u1eadn h\u00e0nh m\u01b0\u1ee3t, h\u1ea1n ch\u1ebf b\u1eafn n\u01b0\u1edbc<\/li>\n<li data-section-id=\"12w6fmm\" data-start=\"1477\" data-end=\"1543\"><strong data-start=\"1479\" data-end=\"1507\">Sen c\u00e2y <\/strong>\u00a0cho tr\u1ea3i nghi\u1ec7m t\u1eafm tho\u1ea3i m\u00e1i h\u01a1n<\/li>\n<li data-section-id=\"114etpb\" data-start=\"1589\" data-end=\"1631\"><strong data-start=\"1591\" data-end=\"1620\">V\u00f2i x\u1ecbt v\u1ec7 sinh + d\u00e2y c\u1ea5p<\/strong> ti\u1ec7n l\u1ee3i<\/li>\n<li data-section-id=\"oj3386\" data-start=\"1632\" data-end=\"1683\"><strong data-start=\"1634\" data-end=\"1661\">Full ph\u1ee5 ki\u1ec7n ph\u00f2ng t\u1eafm<\/strong>: v\u1eaft kh\u0103n, k\u1ec7 ly\u2026<\/li>\n<\/ul>\n<p data-start=\"1685\" data-end=\"1748\">\u0110i\u1ec3m quan tr\u1ecdng l\u00e0: <strong data-start=\"1705\" data-end=\"1747\">m\u1ecdi th\u1ee9 \u0111\u00e3 \u0111\u1ea7y \u0111\u1ee7 \u2013 kh\u00f4ng c\u1ea7n mua th\u00eam<\/strong>.<\/p>\n<hr data-start=\"1750\" data-end=\"1753\" \/>\n<h2 data-section-id=\"unm61s\" data-start=\"1755\" data-end=\"1789\">\u01afu \u0110i\u1ec3m Khi Ch\u1ecdn Combo Luxury 9<\/h2>\n<h3 data-section-id=\"155lwz\" data-start=\"1791\" data-end=\"1829\">1. Tr\u1ea3i nghi\u1ec7m t\u1eafm \u201c\u0111\u00e3\u201d h\u01a1n r\u00f5 r\u1ec7t<\/h3>\n<p data-start=\"1831\" data-end=\"1874\">Luxury 9 \u0111\u01b0\u1ee3c n\u00e2ng c\u1ea5p m\u1ea1nh \u1edf ph\u1ea7n sen t\u1eafm:<\/p>\n<ul data-start=\"1876\" data-end=\"1985\">\n<li data-section-id=\"1ykrhcm\" data-start=\"1876\" data-end=\"1921\">B\u00e1t sen l\u1edbn \u2192 n\u01b0\u1edbc ph\u1ee7 \u0111\u1ec1u, t\u1eafm tho\u1ea3i m\u00e1i<\/li>\n<li data-section-id=\"1v3aqpy\" data-start=\"1922\" data-end=\"1945\">\u00c1p l\u1ef1c n\u01b0\u1edbc \u1ed5n \u0111\u1ecbnh<\/li>\n<li data-section-id=\"98rprc\" data-start=\"1946\" data-end=\"1985\">C\u1ea3m gi\u00e1c th\u01b0 gi\u00e3n gi\u1ed1ng spa t\u1ea1i nh\u00e0<\/li>\n<\/ul>\n<p data-start=\"1987\" data-end=\"2043\">\u0110\u00e2y l\u00e0 \u0111i\u1ec3m kh\u00e1c bi\u1ec7t r\u00f5 nh\u1ea5t so v\u1edbi c\u00e1c combo th\u1ea5p h\u01a1n.<\/p>\n<hr data-start=\"2045\" data-end=\"2048\" \/>\n<h3 data-section-id=\"eldwpd\" data-start=\"2050\" data-end=\"2093\">2. Thi\u1ebft k\u1ebf cao c\u1ea5p \u2013 nh\u00ecn l\u00e0 th\u1ea5y kh\u00e1c<\/h3>\n<p data-start=\"2095\" data-end=\"2143\">Kh\u00f4ng c\u1ea7n qu\u00e1 c\u1ea7u k\u1ef3, Luxury 9 v\u1eabn t\u1ea1o c\u1ea3m gi\u00e1c:<\/p>\n<ul data-start=\"2145\" data-end=\"2185\">\n<li data-section-id=\"y8o3o4\" data-start=\"2145\" data-end=\"2157\">Sang h\u01a1n<\/li>\n<li data-section-id=\"1tknwuj\" data-start=\"2158\" data-end=\"2169\">G\u1ecdn h\u01a1n<\/li>\n<li data-section-id=\"r6c7bg\" data-start=\"2170\" data-end=\"2185\">C\u00f3 \u201cgu\u201d h\u01a1n<\/li>\n<\/ul>\n<p data-start=\"2187\" data-end=\"2286\">T\u1ee7 g\u01b0\u01a1ng LED, t\u1ee7 ch\u1eadu \u0111\u1ebfn v\u00f2i n\u01b0\u1edbc \u0111\u1ec1u mang phong c\u00e1ch hi\u1ec7n \u0111\u1ea1i, ph\u00f9 h\u1ee3p v\u1edbi xu h\u01b0\u1edbng n\u1ed9i th\u1ea5t m\u1edbi.<\/p>\n<hr data-start=\"2288\" data-end=\"2291\" \/>\n<h3 data-section-id=\"67vml0\" data-start=\"2293\" data-end=\"2345\">3. \u0110\u1ed3ng b\u1ed9 ho\u00e0n ch\u1ec9nh \u2013 kh\u00f4ng ph\u1ea3i suy ngh\u0129 th\u00eam<\/h3>\n<p data-start=\"2347\" data-end=\"2380\">M\u1ed9t trong nh\u1eefng l\u1ee3i \u00edch l\u1edbn nh\u1ea5t:<\/p>\n<ul data-start=\"2382\" data-end=\"2457\">\n<li data-section-id=\"13je1ua\" data-start=\"2382\" data-end=\"2409\">Kh\u00f4ng c\u1ea7n ch\u1ecdn t\u1eebng m\u00f3n<\/li>\n<li data-section-id=\"1n2opf3\" data-start=\"2410\" data-end=\"2432\">Kh\u00f4ng s\u1ee3 l\u1ec7ch t\u00f4ng<\/li>\n<li data-section-id=\"ky46ov\" data-start=\"2433\" data-end=\"2457\">Kh\u00f4ng thi\u1ebfu ph\u1ee5 ki\u1ec7n<\/li>\n<\/ul>\n<p data-start=\"2459\" data-end=\"2513\">Ch\u1ec9 c\u1ea7n ch\u1ecdn 1 l\u1ea7n \u2192 <strong data-start=\"2480\" data-end=\"2512\">c\u00f3 ngay ph\u00f2ng t\u1eafm ho\u00e0n ch\u1ec9nh<\/strong>.<\/p>\n<hr data-start=\"2515\" data-end=\"2518\" \/>\n<h3 data-section-id=\"mhytvh\" data-start=\"2520\" data-end=\"2560\">4. \u0110\u1ed9 b\u1ec1n cao \u2013 d\u00f9ng l\u00e2u v\u1eabn \u1ed5n \u0111\u1ecbnh<\/h3>\n<p data-start=\"2562\" data-end=\"2599\">Luxury 9 s\u1eed d\u1ee5ng v\u1eadt li\u1ec7u ch\u1ea5t l\u01b0\u1ee3ng:<\/p>\n<ul data-start=\"2601\" data-end=\"2685\">\n<li data-section-id=\"1x4qwlm\" data-start=\"2601\" data-end=\"2621\">S\u1ee9 ch\u1ed1ng b\u00e1m b\u1ea9n<\/li>\n<li data-section-id=\"1rt4ggh\" data-start=\"2622\" data-end=\"2643\">Kim lo\u1ea1i ch\u1ed1ng g\u1ec9<\/li>\n<li data-section-id=\"yeo8a\" data-start=\"2644\" data-end=\"2685\">Ho\u1ea1t \u0111\u1ed9ng \u1ed5n \u0111\u1ecbnh trong m\u00f4i tr\u01b0\u1eddng \u1ea9m<\/li>\n<\/ul>\n<p data-start=\"2687\" data-end=\"2733\">Gi\u00fap gi\u1ea3m chi ph\u00ed s\u1eeda ch\u1eefa v\u00e0 thay th\u1ebf v\u1ec1 sau.<\/p>\n<hr data-start=\"2735\" data-end=\"2738\" \/>\n<h3 data-section-id=\"1w1qxof\" data-start=\"2740\" data-end=\"2779\">5. T\u1ed1i \u01b0u chi ph\u00ed khi so v\u1edbi mua l\u1ebb<\/h3>\n<p data-start=\"2781\" data-end=\"2821\">\u1ede ph\u00e2n kh\u00fac n\u00e0y, n\u1ebfu mua ri\u00eang t\u1eebng m\u00f3n:<\/p>\n<ul data-start=\"2823\" data-end=\"2907\">\n<li data-section-id=\"hh6wfe\" data-start=\"2823\" data-end=\"2853\">Chi ph\u00ed s\u1ebd cao h\u01a1n \u0111\u00e1ng k\u1ec3<\/li>\n<li data-section-id=\"1mpz1ym\" data-start=\"2854\" data-end=\"2879\">D\u1ec5 ph\u00e1t sinh ph\u1ee5 ki\u1ec7n<\/li>\n<li data-section-id=\"1ysciap\" data-start=\"2880\" data-end=\"2907\">Kh\u00f3 ki\u1ec3m so\u00e1t ng\u00e2n s\u00e1ch<\/li>\n<\/ul>\n<p data-start=\"2909\" data-end=\"2960\">Combo gi\u00fap b\u1ea1n <strong data-start=\"2924\" data-end=\"2959\">\u0111\u1ea7u t\u01b0 m\u1ed9t l\u1ea7n \u2013 t\u1ed1i \u01b0u to\u00e0n b\u1ed9<\/strong>.<\/p>\n<hr data-start=\"2962\" data-end=\"2965\" \/>\n<h2 data-section-id=\"mom81b\" data-start=\"2967\" data-end=\"3029\">\u0110i\u1ec3m \u0110\u00e1ng Gi\u00e1: Collab Ehrlich \u2013 American Standard \u2013 Italisa<\/h2>\n<p data-start=\"3031\" data-end=\"3124\">Luxury 9 kh\u00f4ng ph\u1ea3i combo \u201cm\u1ed9t h\u00e3ng l\u00e0m t\u1ea5t\u201d, m\u00e0 l\u00e0 s\u1ef1 k\u1ebft h\u1ee3p th\u00f4ng minh gi\u1eefa 3 th\u01b0\u01a1ng hi\u1ec7u:<\/p>\n<ul data-start=\"3126\" data-end=\"3337\">\n<li data-section-id=\"1wawa1b\" data-start=\"3126\" data-end=\"3197\"><strong data-start=\"3128\" data-end=\"3139\">Ehrlich<\/strong>: Thi\u1ebft k\u1ebf t\u1ed5ng th\u1ec3, \u0111\u1ecbnh h\u01b0\u1edbng phong c\u00e1ch Germany Style<\/li>\n<li data-section-id=\"13ulx5m\" data-start=\"3198\" data-end=\"3272\"><strong data-start=\"3200\" data-end=\"3221\">American Standard<\/strong>: \u0110\u1ea3m b\u1ea3o ch\u1ea5t l\u01b0\u1ee3ng c\u1ed1t l\u00f5i, \u0111\u1ed9 b\u1ec1n v\u00e0 c\u00f4ng ngh\u1ec7<\/li>\n<li data-section-id=\"4f2vk7\" data-start=\"3273\" data-end=\"3337\"><strong data-start=\"3275\" data-end=\"3286\">Italisa<\/strong>: Ho\u00e0n thi\u1ec7n ph\u1ee5 ki\u1ec7n, t\u1ed1i \u01b0u tr\u1ea3i nghi\u1ec7m s\u1eed d\u1ee5ng<\/li>\n<\/ul>\n<p data-start=\"3339\" data-end=\"3373\">\u0110i\u1ec1u n\u00e0y mang l\u1ea1i l\u1ee3i \u00edch r\u00f5 r\u00e0ng:<\/p>\n<ul data-start=\"3375\" data-end=\"3485\">\n<li data-section-id=\"1bp4mvm\" data-start=\"3375\" data-end=\"3425\">M\u1ed7i thi\u1ebft b\u1ecb \u0111\u1ec1u \u201c\u0111\u00fang th\u1ebf m\u1ea1nh\u201d c\u1ee7a t\u1eebng h\u00e3ng<\/li>\n<li data-section-id=\"871olx\" data-start=\"3426\" data-end=\"3457\">Tr\u1ea3i nghi\u1ec7m th\u1ef1c t\u1ebf t\u1ed1t h\u01a1n<\/li>\n<li data-section-id=\"14zq72p\" data-start=\"3458\" data-end=\"3485\">\u0110\u1ed9 b\u1ec1n t\u1ed5ng th\u1ec3 cao h\u01a1n<\/li>\n<\/ul>\n<p data-start=\"3487\" data-end=\"3562\">\ud83d\udc49 \u0110\u00e2y l\u00e0 l\u00fd do Luxury 9 n\u1eb1m \u1edf ph\u00e2n kh\u00fac <strong data-start=\"3528\" data-end=\"3561\">combo \u0111\u00e1ng ti\u1ec1n, kh\u00f4ng ch\u1ec9 r\u1ebb<\/strong>.<\/p>\n<hr data-start=\"3564\" data-end=\"3567\" \/>\n<h2 data-section-id=\"1t3u9iy\" data-start=\"3569\" data-end=\"3607\">Gi\u00e1 Combo Thi\u1ebft B\u1ecb V\u1ec7 Sinh Luxury 9<\/h2>\n<p data-start=\"3609\" data-end=\"3641\">Hi\u1ec7n t\u1ea1i, combo \u0111ang c\u00f3 m\u1ee9c gi\u00e1:<\/p>\n<ul data-start=\"3643\" data-end=\"3710\">\n<li data-section-id=\"xfios6\" data-start=\"3643\" data-end=\"3676\"><strong data-start=\"3645\" data-end=\"3662\">Gi\u00e1 ni\u00eam y\u1ebft:<\/strong> 32.786.000\u0111<\/li>\n<li data-section-id=\"1zitth\" data-start=\"3677\" data-end=\"3710\"><strong data-start=\"3679\" data-end=\"3694\">Gi\u00e1 \u01b0u \u0111\u00e3i:<\/strong> <strong data-start=\"3695\" data-end=\"3710\">17.881.000\u0111<\/strong><\/li>\n<\/ul>\n<p data-start=\"3712\" data-end=\"3729\">Quy\u1ec1n l\u1ee3i \u0111i k\u00e8m:<\/p>\n<ul data-start=\"3731\" data-end=\"3861\">\n<li data-section-id=\"1w6hxfb\" data-start=\"3731\" data-end=\"3766\">\ud83d\ude9a Mi\u1ec5n ph\u00ed giao h\u00e0ng to\u00e0n qu\u1ed1c<\/li>\n<li data-section-id=\"1wta9z4\" data-start=\"3767\" data-end=\"3788\">\ud83d\udee0 B\u1ea3o h\u00e0nh 5 n\u0103m<\/li>\n<li data-section-id=\"1gtc4gi\" data-start=\"3789\" data-end=\"3830\">\u2714\ufe0f Ki\u1ec3m tra h\u00e0ng tr\u01b0\u1edbc khi thanh to\u00e1n<\/li>\n<li data-section-id=\"mtn5re\" data-start=\"3831\" data-end=\"3861\">\u2714\ufe0f Cam k\u1ebft ch\u00ednh h\u00e3ng 100%<\/li>\n<\/ul>\n<hr data-start=\"3863\" data-end=\"3866\" \/>\n<h2 data-section-id=\"uei5xm\" data-start=\"3868\" data-end=\"3895\">Luxury 9 Ph\u00f9 H\u1ee3p V\u1edbi Ai?<\/h2>\n<p data-start=\"3897\" data-end=\"3919\">Combo n\u00e0y ph\u00f9 h\u1ee3p v\u1edbi:<\/p>\n<ul data-start=\"3921\" data-end=\"4069\">\n<li data-section-id=\"lqkgrt\" data-start=\"3921\" data-end=\"3969\">Gia ch\u1ee7 mu\u1ed1n l\u00e0m ph\u00f2ng t\u1eafm \u201cx\u1ecbn\u201d ngay t\u1eeb \u0111\u1ea7u<\/li>\n<li data-section-id=\"1lu8kv\" data-start=\"3970\" data-end=\"3997\">Nh\u00e0 ph\u1ed1, c\u0103n h\u1ed9 cao c\u1ea5p<\/li>\n<li data-section-id=\"16k9i7s\" data-start=\"3998\" data-end=\"4031\">Bi\u1ec7t th\u1ef1, homestay, kh\u00e1ch s\u1ea1n<\/li>\n<li data-section-id=\"nxoa8x\" data-start=\"4032\" data-end=\"4069\">Ng\u01b0\u1eddi \u01b0u ti\u00ean tr\u1ea3i nghi\u1ec7m s\u1eed d\u1ee5ng<\/li>\n<\/ul>\n<p data-start=\"4071\" data-end=\"4144\">N\u1ebfu b\u1ea1n kh\u00f4ng mu\u1ed1n ph\u1ea3i n\u00e2ng c\u1ea5p l\u1ea1i sau v\u00e0i n\u0103m, \u0111\u00e2y l\u00e0 l\u1ef1a ch\u1ecdn h\u1ee3p l\u00fd.<\/p>\n<hr data-start=\"4146\" data-end=\"4149\" \/>\n<h2 data-section-id=\"omxxtu\" data-start=\"4151\" data-end=\"4184\">V\u00ec Sao N\u00ean Ch\u1ecdn Combo Ehrlich?<\/h2>\n<p data-start=\"4186\" data-end=\"4238\">Ehrlich kh\u00f4ng ch\u1ec9 cung c\u1ea5p s\u1ea3n ph\u1ea9m m\u00e0 c\u00f2n mang \u0111\u1ebfn:<\/p>\n<ul data-start=\"4240\" data-end=\"4340\">\n<li data-section-id=\"51lem8\" data-start=\"4240\" data-end=\"4271\">Gi\u1ea3i ph\u00e1p ph\u00f2ng t\u1eafm \u0111\u1ed3ng b\u1ed9<\/li>\n<li data-section-id=\"1qyu5mo\" data-start=\"4272\" data-end=\"4303\">T\u01b0 v\u1ea5n theo nhu c\u1ea7u th\u1ef1c t\u1ebf<\/li>\n<li data-section-id=\"edk3ym\" data-start=\"4304\" data-end=\"4340\">S\u1ea3n ph\u1ea9m d\u1ec5 l\u1eafp \u0111\u1eb7t \u2013 d\u1ec5 s\u1eed d\u1ee5ng<\/li>\n<\/ul>\n<p data-start=\"4342\" data-end=\"4396\">Gi\u00fap b\u1ea1n <strong data-start=\"4351\" data-end=\"4395\">l\u00e0m \u0111\u00fang ngay t\u1eeb \u0111\u1ea7u, kh\u00f4ng ph\u1ea3i s\u1eeda l\u1ea1i<\/strong>.<\/p>\n<hr data-start=\"4398\" data-end=\"4401\" \/>\n<h2 data-section-id=\"11wiq9r\" data-start=\"4403\" data-end=\"4414\">K\u1ebft Lu\u1eadn<\/h2>\n<p data-start=\"4416\" data-end=\"4555\"><strong data-start=\"4416\" data-end=\"4451\">Combo thi\u1ebft b\u1ecb v\u1ec7 sinh Luxury 9<\/strong> l\u00e0 l\u1ef1a ch\u1ecdn d\u00e0nh cho nh\u1eefng ai mu\u1ed1n <strong data-start=\"4487\" data-end=\"4521\">\u0111\u1ea7u t\u01b0 v\u00e0o tr\u1ea3i nghi\u1ec7m l\u00e2u d\u00e0i<\/strong>, kh\u00f4ng ch\u1ec9 l\u00e0 gi\u1ea3i ph\u00e1p t\u1ea1m th\u1eddi.<\/p>\n<p data-start=\"4557\" data-end=\"4728\">V\u1edbi thi\u1ebft k\u1ebf cao c\u1ea5p, \u0111\u1ea7y \u0111\u1ee7 thi\u1ebft b\u1ecb v\u00e0 \u0111\u1eb7c bi\u1ec7t l\u00e0 s\u1ef1 k\u1ebft h\u1ee3p t\u1eeb <strong data-start=\"4624\" data-end=\"4665\">Ehrlich \u2013 American Standard \u2013 Italisa<\/strong>, \u0111\u00e2y l\u00e0 b\u1ed9 combo mang l\u1ea1i gi\u00e1 tr\u1ecb th\u1ef1c s\u1ef1 cho kh\u00f4ng gian s\u1ed1ng.<\/p>\n<p data-start=\"4730\" data-end=\"4794\">\ud83d\udc49 Li\u00ean h\u1ec7 ngay \u0111\u1ec3 \u0111\u01b0\u1ee3c t\u01b0 v\u1ea5n chi ti\u1ebft v\u00e0 nh\u1eadn \u01b0u \u0111\u00e3i t\u1ed1t nh\u1ea5t.<\/p>\n<h2 data-start=\"4812\" data-end=\"4864\">\ud83d\udcde Li\u00ean H\u1ec7 \u0110\u1eb7t Mua Combo Ehrlich Luxury 9 Ch\u00ednh H\u00e3ng<\/h2>\n<p data-start=\"4866\" data-end=\"4979\"><strong data-start=\"4866\" data-end=\"4917\">Ehrlich Vi\u1ec7t Nam \u2013 Thi\u1ebft B\u1ecb Nh\u00e0 B\u1ebfp &amp; Ph\u00f2ng T\u1eafm<\/strong><br data-start=\"4917\" data-end=\"4920\" \/>\ud83d\udccd\u00a0\u0110\u1ecba ch\u1ec9: S\u1ed1 6 Li\u1ec1n K\u1ec1 22, K\u0110T V\u0103n Kh\u00ea, H\u00e0 \u0110\u00f4ng, H\u00e0 N\u1ed9i<\/p>\n<p data-start=\"4981\" data-end=\"5105\">\ud83c\udf10\u00a0Website:\u00a0<a class=\"decorated-link\" href=\"https:\/\/ehrlichvietnam.vn\/\" target=\"_new\" rel=\"noopener\" data-start=\"4993\" data-end=\"5019\">https:\/\/ehrlichvietnam.vn\/<\/a><br data-start=\"5019\" data-end=\"5022\" \/>\ud83d\udcde\u00a0Hotline:\u00a0<strong data-start=\"5034\" data-end=\"5051\">0932 27 05 20<\/strong><br data-start=\"5051\" data-end=\"5054\" \/>\ud83d\udcac\u00a0Zalo OA:\u00a0<a class=\"decorated-link\" href=\"https:\/\/zalo.me\/s\/2888141157129558325\" target=\"_new\" rel=\"noopener\" data-start=\"5066\" data-end=\"5103\">https:\/\/zalo.me\/s\/2888141157129558325<\/a><\/p>\n<p data-start=\"5107\" data-end=\"5218\">\ud83c\udfa5\u00a0TikTok:\u00a0<a class=\"decorated-link\" href=\"https:\/\/www.tiktok.com\/@ehrlich.chia.s?_r=1\" target=\"_new\" rel=\"noopener\" data-start=\"5118\" data-end=\"5162\">https:\/\/www.tiktok.com\/@ehrlichthietbivesinh<\/a><br data-start=\"5162\" data-end=\"5165\" \/>\u25b6\ufe0f\u00a0YouTube:\u00a0<a class=\"decorated-link\" href=\"https:\/\/www.youtube.com\/@EhrlichVietNam\" target=\"_new\" rel=\"noopener\" data-start=\"5177\" data-end=\"5216\">https:\/\/www.youtube.com\/@EhrlichVietNam<\/a><\/p>\n<p data-start=\"5220\" data-end=\"5265\">\ud83d\ude9a\u00a0Giao h\u00e0ng to\u00e0n qu\u1ed1c \u2013 t\u01b0 v\u1ea5n nhanh ch\u00f3ng<\/p>\n<p data-start=\"5374\" data-end=\"5452\">\ud83d\udc49 Li\u00ean h\u1ec7 ngay \u0111\u1ec3 \u0111\u01b0\u1ee3c t\u01b0 v\u1ea5n v\u00e0 nh\u1eadn \u01b0u \u0111\u00e3i t\u1ed1t nh\u1ea5t cho c\u00f4ng tr\u00ecnh c\u1ee7a b\u1ea1n.<\/p>\n","protected":false},"excerpt":{"rendered":"<p data-start=\"106\" data-end=\"188\">\ud83c\udf1f <strong data-start=\"109\" data-end=\"186\">Combo thi\u1ebft b\u1ecb v\u1ec7 sinh Ehrlich \u2013 Ho\u00e0n thi\u1ec7n ph\u00f2ng t\u1eafm theo phong c\u00e1ch \u0110\u1ee9c<\/strong><\/p>\n<p data-start=\"190\" data-end=\"498\">Kh\u00f4ng gian ph\u00f2ng t\u1eafm kh\u00f4ng ch\u1ec9 l\u00e0 n\u01a1i sinh ho\u1ea1t h\u1eb1ng ng\u00e0y, m\u00e0 c\u00f2n l\u00e0 n\u01a1i t\u00e1i t\u1ea1o n\u0103ng l\u01b0\u1ee3ng, t\u1eadn h\u01b0\u1edfng s\u1ef1 th\u01b0 gi\u00e3n sau m\u1ed9t ng\u00e0y d\u00e0i. V\u1edbi tri\u1ebft l\u00fd <strong data-start=\"336\" data-end=\"369\">\u201ctinh t\u1ebf trong t\u1eebng chi ti\u1ebft\u201d<\/strong>, Ehrlich mang \u0111\u1ebfn combo thi\u1ebft b\u1ecb v\u1ec7 sinh \u0111\u1ed3ng b\u1ed9, gi\u00fap ph\u00f2ng t\u1eafm tr\u1edf th\u00e0nh <strong data-start=\"445\" data-end=\"495\">m\u1ed9t t\u1ed5ng th\u1ec3 sang tr\u1ecdng, hi\u1ec7n \u0111\u1ea1i v\u00e0 ti\u1ec7n nghi<\/strong>.<\/p>\n<p data-start=\"500\" data-end=\"778\">\u2728 M\u1ed7i s\u1ea3n ph\u1ea9m trong combo \u0111\u1ec1u \u0111\u01b0\u1ee3c ch\u1ebf t\u00e1c t\u1eeb ch\u1ea5t li\u1ec7u cao c\u1ea5p, \u00e1p d\u1ee5ng c\u00f4ng ngh\u1ec7 ch\u1ed1ng b\u00e1m b\u1ea9n, ch\u1ed1ng \u1ea9m m\u1ed1c v\u00e0 t\u1ed1i \u01b0u c\u00f4ng n\u0103ng s\u1eed d\u1ee5ng. Khi k\u1ebft h\u1ee3p tr\u1ecdn b\u1ed9, ch\u00fang t\u1ea1o n\u00ean s\u1ef1 h\u00e0i h\u00f2a tuy\u1ec7t \u0111\u1ed1i v\u1ec1 thi\u1ebft k\u1ebf, t\u1eeb ki\u1ec3u d\u00e1ng \u0111\u1ebfn m\u00e0u s\u1eafc \u2013 v\u1eeba th\u1ea9m m\u1ef9, v\u1eeba b\u1ec1n b\u1ec9 theo th\u1eddi gian.<\/p>\n<p data-start=\"780\" data-end=\"959\">\ud83d\udc8e L\u1ef1a ch\u1ecdn <strong data-start=\"792\" data-end=\"826\">combo thi\u1ebft b\u1ecb v\u1ec7 sinh Ehrlich<\/strong> ch\u00ednh l\u00e0 l\u1ef1a ch\u1ecdn s\u1ef1 <strong data-start=\"848\" data-end=\"870\">\u0111\u1eb3ng c\u1ea5p chu\u1ea9n \u0110\u1ee9c<\/strong>, mang \u0111\u1ebfn tr\u1ea3i nghi\u1ec7m tho\u1ea3i m\u00e1i, ti\u1ec7n l\u1ee3i v\u00e0 n\u00e2ng t\u1ea7m gi\u00e1 tr\u1ecb kh\u00f4ng gian s\u1ed1ng c\u1ee7a b\u1ea1n.<\/p>\n","protected":false},"featured_media":4495,"comment_status":"open","ping_status":"closed","template":"","meta":{"_acf_changed":false},"product_brand":[],"product_cat":[55,77,133],"product_tag":[],"class_list":{"0":"post-4494","1":"product","2":"type-product","3":"status-publish","4":"has-post-thumbnail","6":"product_cat-combo-phong-tam","7":"product_cat-combo","8":"product_cat-combo-luxury","10":"first","11":"instock","12":"sale","13":"shipping-taxable","14":"purchasable","15":"product-type-simple"},"acf":[],"_links":{"self":[{"href":"https:\/\/ehrlichvietnam.vn\/en\/wp-json\/wp\/v2\/product\/4494","targetHints":{"allow":["GET"]}}],"collection":[{"href":"https:\/\/ehrlichvietnam.vn\/en\/wp-json\/wp\/v2\/product"}],"about":[{"href":"https:\/\/ehrlichvietnam.vn\/en\/wp-json\/wp\/v2\/types\/product"}],"replies":[{"embeddable":true,"href":"https:\/\/ehrlichvietnam.vn\/en\/wp-json\/wp\/v2\/comments?post=4494"}],"wp:featuredmedia":[{"embeddable":true,"href":"https:\/\/ehrlichvietnam.vn\/en\/wp-json\/wp\/v2\/media\/4495"}],"wp:attachment":[{"href":"https:\/\/ehrlichvietnam.vn\/en\/wp-json\/wp\/v2\/media?parent=4494"}],"wp:term":[{"taxonomy":"product_brand","embeddable":true,"href":"https:\/\/ehrlichvietnam.vn\/en\/wp-json\/wp\/v2\/product_brand?post=4494"},{"taxonomy":"product_cat","embeddable":true,"href":"https:\/\/ehrlichvietnam.vn\/en\/wp-json\/wp\/v2\/product_cat?post=4494"},{"taxonomy":"product_tag","embeddable":true,"href":"https:\/\/ehrlichvietnam.vn\/en\/wp-json\/wp\/v2\/product_tag?post=4494"}],"curies":[{"name":"wp","href":"https:\/\/api.w.org\/{rel}","templated":true}]}}