{"id":4473,"date":"2026-03-31T04:32:49","date_gmt":"2026-03-31T04:32:49","guid":{"rendered":"https:\/\/ehrlichvietnam.vn\/?post_type=product&#038;p=4473"},"modified":"2026-03-31T04:32:49","modified_gmt":"2026-03-31T04:32:49","slug":"combo-luxury-01","status":"publish","type":"product","link":"https:\/\/ehrlichvietnam.vn\/combo-luxury-01\/","title":{"rendered":"Combo Luxury &#8211; 01"},"content":{"rendered":"<h1 data-section-id=\"1wx5z6p\" data-start=\"176\" data-end=\"268\">Combo Thi\u1ebft B\u1ecb V\u1ec7 Sinh Luxury 1 \u2013 B\u1ed9 Ph\u00f2ng T\u1eafm Cao C\u1ea5p \u0110\u1ed3ng B\u1ed9 T\u1eeb Nhi\u1ec1u Th\u01b0\u01a1ng Hi\u1ec7u Uy T\u00edn<\/h1>\n<p data-start=\"270\" data-end=\"551\">Trong qu\u00e1 tr\u00ecnh ho\u00e0n thi\u1ec7n ph\u00f2ng t\u1eafm, vi\u1ec7c l\u1ef1a ch\u1ecdn t\u1eebng thi\u1ebft b\u1ecb ri\u00eang l\u1ebb kh\u00f4ng ch\u1ec9 t\u1ed1n th\u1eddi gian m\u00e0 c\u00f2n d\u1ec5 d\u1eabn \u0111\u1ebfn t\u00ecnh tr\u1ea1ng l\u1ec7ch t\u00f4ng, thi\u1ebfu \u0111\u1ed3ng b\u1ed9. Ch\u00ednh v\u00ec v\u1eady, xu h\u01b0\u1edbng hi\u1ec7n nay l\u00e0 l\u1ef1a ch\u1ecdn <strong data-start=\"468\" data-end=\"502\">combo thi\u1ebft b\u1ecb v\u1ec7 sinh tr\u1ecdn b\u1ed9<\/strong>, gi\u00fap t\u1ed1i \u01b0u c\u1ea3 chi ph\u00ed l\u1eabn tr\u1ea3i nghi\u1ec7m s\u1eed d\u1ee5ng.<\/p>\n<p data-start=\"553\" data-end=\"866\"><strong data-start=\"553\" data-end=\"588\">Combo thi\u1ebft b\u1ecb v\u1ec7 sinh Luxury 1<\/strong> l\u00e0 gi\u1ea3i ph\u00e1p ho\u00e0n h\u1ea3o d\u00e0nh cho nh\u1eefng ai \u0111ang t\u00ecm ki\u1ebfm m\u1ed9t kh\u00f4ng gian ph\u00f2ng t\u1eafm <strong data-start=\"668\" data-end=\"713\">hi\u1ec7n \u0111\u1ea1i \u2013 ti\u1ec7n nghi \u2013 \u0111\u1ed3ng b\u1ed9 \u2013 \u0111\u1eb3ng c\u1ea5p<\/strong>. \u0110\u1eb7c bi\u1ec7t, \u0111\u00e2y l\u00e0 b\u1ed9 s\u1ea3n ph\u1ea9m \u0111\u01b0\u1ee3c <strong data-start=\"749\" data-end=\"788\">k\u1ebft h\u1ee3p t\u1eeb nhi\u1ec1u th\u01b0\u01a1ng hi\u1ec7u uy t\u00edn<\/strong>, mang l\u1ea1i ch\u1ea5t l\u01b0\u1ee3ng v\u01b0\u1ee3t tr\u1ed9i so v\u1edbi c\u00e1c combo th\u00f4ng th\u01b0\u1eddng tr\u00ean th\u1ecb tr\u01b0\u1eddng.<\/p>\n<hr data-start=\"868\" data-end=\"871\" \/>\n<h2 data-section-id=\"1kfw4p\" data-start=\"873\" data-end=\"920\">T\u1ed5ng Quan V\u1ec1 Combo Thi\u1ebft B\u1ecb V\u1ec7 Sinh Luxury 1<\/h2>\n<p data-start=\"922\" data-end=\"1066\">Luxury 1 l\u00e0 d\u00f2ng combo cao c\u1ea5p \u0111\u01b0\u1ee3c x\u00e2y d\u1ef1ng theo phong c\u00e1ch <strong data-start=\"983\" data-end=\"1000\">Germany Style<\/strong>, \u0111\u1ec1 cao s\u1ef1 t\u1ed1i gi\u1ea3n nh\u01b0ng v\u1eabn gi\u1eef \u0111\u01b0\u1ee3c n\u00e9t tinh t\u1ebf v\u00e0 sang tr\u1ecdng.<\/p>\n<p data-start=\"1068\" data-end=\"1263\">B\u1ed9 s\u1ea3n ph\u1ea9m kh\u00f4ng ch\u1ec9 \u0111\u00e1p \u1ee9ng \u0111\u1ea7y \u0111\u1ee7 nhu c\u1ea7u s\u1eed d\u1ee5ng m\u00e0 c\u00f2n gi\u00fap n\u00e2ng t\u1ea7m kh\u00f4ng gian ph\u00f2ng t\u1eafm, mang l\u1ea1i c\u1ea3m gi\u00e1c nh\u01b0 \u0111ang s\u1eed d\u1ee5ng d\u1ecbch v\u1ee5 t\u1ea1i kh\u00e1ch s\u1ea1n cao c\u1ea5p ngay trong ch\u00ednh ng\u00f4i nh\u00e0 c\u1ee7a b\u1ea1n.<\/p>\n<p data-start=\"1265\" data-end=\"1422\">\u0110i\u1ec3m n\u1ed5i b\u1eadt nh\u1ea5t c\u1ee7a combo n\u00e0y ch\u00ednh l\u00e0 <strong data-start=\"1306\" data-end=\"1356\">s\u1ef1 \u0111\u1ed3ng b\u1ed9 to\u00e0n di\u1ec7n t\u1eeb thi\u1ebft k\u1ebf \u0111\u1ebfn c\u00f4ng n\u0103ng<\/strong>, gi\u00fap gia ch\u1ee7 kh\u00f4ng c\u1ea7n m\u1ea5t c\u00f4ng l\u1ef1a ch\u1ecdn t\u1eebng thi\u1ebft b\u1ecb ri\u00eang l\u1ebb.<\/p>\n<hr data-start=\"1424\" data-end=\"1427\" \/>\n<h2 data-section-id=\"1oj1nty\" data-start=\"1429\" data-end=\"1464\">Combo Luxury 1 Bao G\u1ed3m Nh\u1eefng G\u00ec?<\/h2>\n<p data-start=\"1466\" data-end=\"1571\">Combo thi\u1ebft b\u1ecb v\u1ec7 sinh Luxury 1 \u0111\u01b0\u1ee3c trang b\u1ecb \u0111\u1ea7y \u0111\u1ee7 c\u00e1c thi\u1ebft b\u1ecb c\u1ea7n thi\u1ebft cho m\u1ed9t ph\u00f2ng t\u1eafm ho\u00e0n ch\u1ec9nh:<\/p>\n<ul data-start=\"1573\" data-end=\"2058\">\n<li data-section-id=\"42t6pj\" data-start=\"1573\" data-end=\"1636\"><strong data-start=\"1575\" data-end=\"1604\">B\u1ed3n c\u1ea7u li\u1ec1n kh\u1ed1i cao c\u1ea5p<\/strong> thi\u1ebft k\u1ebf hi\u1ec7n \u0111\u1ea1i, d\u1ec5 v\u1ec7 sinh<\/li>\n<li data-section-id=\"1ordyrn\" data-start=\"1637\" data-end=\"1711\"><strong data-start=\"1639\" data-end=\"1668\">T\u1ee7 ch\u1eadu lavabo treo t\u01b0\u1eddng<\/strong> t\u1ed1i \u01b0u kh\u00f4ng gian, t\u0103ng kh\u1ea3 n\u0103ng l\u01b0u tr\u1eef<\/li>\n<li data-section-id=\"18wq4xv\" data-start=\"1712\" data-end=\"1775\"><strong data-start=\"1714\" data-end=\"1750\">G\u01b0\u01a1ng ph\u00f2ng t\u1eafm t\u00edch h\u1ee3p \u0111\u00e8n LED<\/strong> h\u1ed7 tr\u1ee3 \u00e1nh s\u00e1ng r\u00f5 n\u00e9t<\/li>\n<li data-section-id=\"1r513ot\" data-start=\"1776\" data-end=\"1835\"><strong data-start=\"1778\" data-end=\"1802\">V\u00f2i lavabo n\u00f3ng l\u1ea1nh<\/strong> v\u1eadn h\u00e0nh \u00eam \u00e1i, ti\u1ebft ki\u1ec7m n\u01b0\u1edbc<\/li>\n<li data-section-id=\"y9sb6u\" data-start=\"1836\" data-end=\"1901\"><strong data-start=\"1838\" data-end=\"1869\">Sen c\u1ee7 k\u00e8m c\u1ea7n<\/strong>\u00a0mang l\u1ea1i tr\u1ea3i nghi\u1ec7m th\u01b0 gi\u00e3n<\/li>\n<li data-section-id=\"u4aqll\" data-start=\"1952\" data-end=\"2008\"><strong data-start=\"1954\" data-end=\"1983\">V\u00f2i x\u1ecbt v\u1ec7 sinh + d\u00e2y c\u1ea5p<\/strong> ti\u1ec7n l\u1ee3i trong s\u1eed d\u1ee5ng<\/li>\n<li data-section-id=\"1c8akce\" data-start=\"2009\" data-end=\"2058\"><strong data-start=\"2011\" data-end=\"2036\">B\u1ed9 ph\u1ee5 ki\u1ec7n ph\u00f2ng t\u1eafm<\/strong>: V\u1eaft kh\u0103n, k\u1ec7 ly, van kh\u00f3a\u2026<\/li>\n<\/ul>\n<p data-start=\"2060\" data-end=\"2147\">T\u1ea5t c\u1ea3 \u0111\u1ec1u \u0111\u01b0\u1ee3c l\u1ef1a ch\u1ecdn k\u1ef9 l\u01b0\u1ee1ng \u0111\u1ec3 \u0111\u1ea3m b\u1ea3o <strong data-start=\"2105\" data-end=\"2146\">t\u00ednh \u0111\u1ed3ng b\u1ed9 \u2013 ti\u1ec7n nghi \u2013 d\u1ec5 s\u1eed d\u1ee5ng<\/strong>.<\/p>\n<hr data-start=\"2149\" data-end=\"2152\" \/>\n<h2 data-section-id=\"ozg0po\" data-start=\"2154\" data-end=\"2208\">\u01afu \u0110i\u1ec3m N\u1ed5i B\u1eadt C\u1ee7a Combo Thi\u1ebft B\u1ecb V\u1ec7 Sinh Luxury 1<\/h2>\n<h3 data-section-id=\"tga1j2\" data-start=\"2210\" data-end=\"2261\">1. Thi\u1ebft k\u1ebf hi\u1ec7n \u0111\u1ea1i \u2013 n\u00e2ng t\u1ea7m kh\u00f4ng gian s\u1ed1ng<\/h3>\n<p data-start=\"2263\" data-end=\"2346\">Luxury 1 s\u1edf h\u1eefu thi\u1ebft k\u1ebf tinh g\u1ecdn, hi\u1ec7n \u0111\u1ea1i, ph\u00f9 h\u1ee3p v\u1edbi nhi\u1ec1u phong c\u00e1ch n\u1ed9i th\u1ea5t:<\/p>\n<ul data-start=\"2348\" data-end=\"2462\">\n<li data-section-id=\"1jll6n1\" data-start=\"2348\" data-end=\"2384\">T\u1ea1o c\u1ea3m gi\u00e1c sang tr\u1ecdng, cao c\u1ea5p<\/li>\n<li data-section-id=\"npjnc7\" data-start=\"2385\" data-end=\"2419\">Ph\u00f9 h\u1ee3p t\u1eeb c\u0103n h\u1ed9 \u0111\u1ebfn bi\u1ec7t th\u1ef1<\/li>\n<li data-section-id=\"87w4tl\" data-start=\"2420\" data-end=\"2462\">D\u1ec5 ph\u1ed1i v\u1edbi c\u00e1c thi\u1ebft b\u1ecb n\u1ed9i th\u1ea5t kh\u00e1c<\/li>\n<\/ul>\n<p data-start=\"2464\" data-end=\"2559\">\u0110\u00e2y l\u00e0 l\u1ef1a ch\u1ecdn l\u00fd t\u01b0\u1edfng cho nh\u1eefng ai mu\u1ed1n s\u1edf h\u1eefu <strong data-start=\"2514\" data-end=\"2558\">ph\u00f2ng t\u1eafm \u0111\u1eb9p, g\u1ecdn g\u00e0ng v\u00e0 chuy\u00ean nghi\u1ec7p<\/strong>.<\/p>\n<hr data-start=\"2561\" data-end=\"2564\" \/>\n<h3 data-section-id=\"uoy7p9\" data-start=\"2566\" data-end=\"2611\">2. \u0110\u1ed3ng b\u1ed9 to\u00e0n di\u1ec7n \u2013 kh\u00f4ng lo l\u1ec7ch t\u00f4ng<\/h3>\n<p data-start=\"2613\" data-end=\"2696\">M\u1ed9t trong nh\u1eefng v\u1ea5n \u0111\u1ec1 l\u1edbn khi mua l\u1ebb thi\u1ebft b\u1ecb l\u00e0 s\u1ef1 kh\u00f4ng \u0111\u1ed3ng nh\u1ea5t. V\u1edbi Luxury 1:<\/p>\n<ul data-start=\"2698\" data-end=\"2821\">\n<li data-section-id=\"ydib43\" data-start=\"2698\" data-end=\"2756\">T\u1ea5t c\u1ea3 thi\u1ebft b\u1ecb \u0111\u01b0\u1ee3c thi\u1ebft k\u1ebf theo c\u00f9ng m\u1ed9t phong c\u00e1ch<\/li>\n<li data-section-id=\"1iqhmcc\" data-start=\"2757\" data-end=\"2790\">\u0110\u1ea3m b\u1ea3o t\u00ednh th\u1ea9m m\u1ef9 t\u1ed5ng th\u1ec3<\/li>\n<li data-section-id=\"1jfv389\" data-start=\"2791\" data-end=\"2821\">T\u1ed1i \u01b0u tr\u1ea3i nghi\u1ec7m s\u1eed d\u1ee5ng<\/li>\n<\/ul>\n<p data-start=\"2823\" data-end=\"2927\">B\u1ea1n kh\u00f4ng c\u1ea7n m\u1ea5t th\u1eddi gian ch\u1ecdn t\u1eebng m\u00f3n, m\u1ecdi th\u1ee9 \u0111\u00e3 \u0111\u01b0\u1ee3c <strong data-start=\"2882\" data-end=\"2926\">t\u1ed1i \u01b0u s\u1eb5n trong m\u1ed9t b\u1ed9 combo ho\u00e0n ch\u1ec9nh<\/strong>.<\/p>\n<hr data-start=\"2929\" data-end=\"2932\" \/>\n<h3 data-section-id=\"act62v\" data-start=\"2934\" data-end=\"2982\">3. Ch\u1ea5t li\u1ec7u cao c\u1ea5p \u2013 b\u1ec1n b\u1ec9 theo th\u1eddi gian<\/h3>\n<p data-start=\"2984\" data-end=\"3050\">C\u00e1c thi\u1ebft b\u1ecb trong combo \u0111\u01b0\u1ee3c s\u1ea3n xu\u1ea5t t\u1eeb v\u1eadt li\u1ec7u ch\u1ea5t l\u01b0\u1ee3ng cao:<\/p>\n<ul data-start=\"3052\" data-end=\"3184\">\n<li data-section-id=\"1vfqyvl\" data-start=\"3052\" data-end=\"3092\">S\u1ee9 cao c\u1ea5p ch\u1ed1ng b\u00e1m b\u1ea9n, d\u1ec5 v\u1ec7 sinh<\/li>\n<li data-section-id=\"ckxg6t\" data-start=\"3093\" data-end=\"3138\">Kim lo\u1ea1i m\u1ea1 ch\u1ed1ng g\u1ec9, gi\u1eef \u0111\u1ed9 s\u00e1ng l\u00e2u d\u00e0i<\/li>\n<li data-section-id=\"vpq75h\" data-start=\"3139\" data-end=\"3184\">Ho\u1ea1t \u0111\u1ed9ng \u1ed5n \u0111\u1ecbnh trong m\u00f4i tr\u01b0\u1eddng \u1ea9m \u01b0\u1edbt<\/li>\n<\/ul>\n<p data-start=\"3186\" data-end=\"3274\">Nh\u1edd \u0111\u00f3, s\u1ea3n ph\u1ea9m \u0111\u1ea3m b\u1ea3o <strong data-start=\"3211\" data-end=\"3273\">\u0111\u1ed9 b\u1ec1n cao v\u00e0 s\u1eed d\u1ee5ng l\u00e2u d\u00e0i m\u00e0 v\u1eabn gi\u1eef \u0111\u01b0\u1ee3c t\u00ednh th\u1ea9m m\u1ef9<\/strong>.<\/p>\n<hr data-start=\"3276\" data-end=\"3279\" \/>\n<h3 data-section-id=\"d7ph77\" data-start=\"3281\" data-end=\"3324\">4. Ti\u1ebft ki\u1ec7m chi ph\u00ed \u2013 t\u1ed1i \u01b0u ng\u00e2n s\u00e1ch<\/h3>\n<p data-start=\"3326\" data-end=\"3375\">So v\u1edbi vi\u1ec7c mua l\u1ebb t\u1eebng thi\u1ebft b\u1ecb, combo gi\u00fap b\u1ea1n:<\/p>\n<ul data-start=\"3377\" data-end=\"3468\">\n<li data-section-id=\"852s2u\" data-start=\"3377\" data-end=\"3406\">Gi\u1ea3m \u0111\u00e1ng k\u1ec3 chi ph\u00ed t\u1ed5ng<\/li>\n<li data-section-id=\"1wl5rsu\" data-start=\"3407\" data-end=\"3441\">Kh\u00f4ng ph\u00e1t sinh ph\u1ee5 ki\u1ec7n ngo\u00e0i<\/li>\n<li data-section-id=\"1o9yw8g\" data-start=\"3442\" data-end=\"3468\">D\u1ec5 ki\u1ec3m so\u00e1t ng\u00e2n s\u00e1ch<\/li>\n<\/ul>\n<p data-start=\"3470\" data-end=\"3568\">\u0110\u00e2y l\u00e0 gi\u1ea3i ph\u00e1p \u0111\u1eb7c bi\u1ec7t ph\u00f9 h\u1ee3p v\u1edbi c\u00e1c c\u00f4ng tr\u00ecnh c\u1ea7n t\u1ed1i \u01b0u chi ph\u00ed m\u00e0 v\u1eabn \u0111\u1ea3m b\u1ea3o ch\u1ea5t l\u01b0\u1ee3ng.<\/p>\n<hr data-start=\"3570\" data-end=\"3573\" \/>\n<h3 data-section-id=\"15xk15h\" data-start=\"3575\" data-end=\"3615\">5. D\u1ec5 l\u1eafp \u0111\u1eb7t \u2013 thi c\u00f4ng nhanh ch\u00f3ng<\/h3>\n<p data-start=\"3617\" data-end=\"3657\">C\u00e1c thi\u1ebft b\u1ecb \u0111\u01b0\u1ee3c thi\u1ebft k\u1ebf \u0111\u1ed3ng b\u1ed9 gi\u00fap:<\/p>\n<ul data-start=\"3659\" data-end=\"3764\">\n<li data-section-id=\"1psnj88\" data-start=\"3659\" data-end=\"3693\">L\u1eafp \u0111\u1eb7t nhanh, h\u1ea1n ch\u1ebf sai s\u00f3t<\/li>\n<li data-section-id=\"c904ac\" data-start=\"3694\" data-end=\"3726\">Ti\u1ebft ki\u1ec7m th\u1eddi gian thi c\u00f4ng<\/li>\n<li data-section-id=\"j7wv1w\" data-start=\"3727\" data-end=\"3764\">Ph\u00f9 h\u1ee3p v\u1edbi nhi\u1ec1u lo\u1ea1i c\u00f4ng tr\u00ecnh<\/li>\n<\/ul>\n<p data-start=\"3766\" data-end=\"3831\">\u0110\u1eb7c bi\u1ec7t ph\u00f9 h\u1ee3p v\u1edbi nh\u00e0 th\u1ea7u ho\u1eb7c gia ch\u1ee7 mu\u1ed1n ho\u00e0n thi\u1ec7n nhanh.<\/p>\n<hr data-start=\"3833\" data-end=\"3836\" \/>\n<h2 data-section-id=\"nhx1p8\" data-start=\"3838\" data-end=\"3890\">\u0110i\u1ec3m Kh\u00e1c Bi\u1ec7t: S\u1ef1 Collab T\u1eeb 3 Th\u01b0\u01a1ng Hi\u1ec7u Uy T\u00edn<\/h2>\n<p data-start=\"3892\" data-end=\"4013\">\u0110i\u1ec3m t\u1ea1o n\u00ean gi\u00e1 tr\u1ecb v\u01b0\u1ee3t tr\u1ed9i c\u1ee7a <strong data-start=\"3927\" data-end=\"3945\">combo Luxury 1<\/strong> ch\u00ednh l\u00e0 s\u1ef1 k\u1ebft h\u1ee3p gi\u1eefa <strong data-start=\"3971\" data-end=\"4012\">Ehrlich \u2013 American Standard \u2013 Italisa<\/strong>.<\/p>\n<p data-start=\"4015\" data-end=\"4115\">\u0110\u00e2y kh\u00f4ng ph\u1ea3i l\u00e0 m\u1ed9t b\u1ed9 s\u1ea3n ph\u1ea9m th\u00f4ng th\u01b0\u1eddng, m\u00e0 l\u00e0 <strong data-start=\"4069\" data-end=\"4114\">s\u1ef1 ch\u1ecdn l\u1ecdc tinh hoa t\u1eeb nhi\u1ec1u th\u01b0\u01a1ng hi\u1ec7u<\/strong>:<\/p>\n<ul data-start=\"4117\" data-end=\"4378\">\n<li data-section-id=\"i0ksql\" data-start=\"4117\" data-end=\"4212\"><strong data-start=\"4119\" data-end=\"4130\">Ehrlich<\/strong>: \u0110\u1ecbnh h\u00ecnh thi\u1ebft k\u1ebf t\u1ed5ng th\u1ec3 theo phong c\u00e1ch Germany Style \u2013 hi\u1ec7n \u0111\u1ea1i, t\u1ed1i gi\u1ea3n<\/li>\n<li data-section-id=\"1yy920o\" data-start=\"4213\" data-end=\"4304\"><strong data-start=\"4215\" data-end=\"4236\">American Standard<\/strong>: Th\u01b0\u01a1ng hi\u1ec7u qu\u1ed1c t\u1ebf n\u1ed5i ti\u1ebfng v\u1edbi ch\u1ea5t l\u01b0\u1ee3ng v\u00e0 \u0111\u1ed9 b\u1ec1n v\u01b0\u1ee3t tr\u1ed9i<\/li>\n<li data-section-id=\"191vsyf\" data-start=\"4305\" data-end=\"4378\"><strong data-start=\"4307\" data-end=\"4318\">Italisa<\/strong>: Chuy\u00ean v\u1ec1 ph\u1ee5 ki\u1ec7n, t\u1ed1i \u01b0u tr\u1ea3i nghi\u1ec7m s\u1eed d\u1ee5ng h\u00e0ng ng\u00e0y<\/li>\n<\/ul>\n<p data-start=\"4380\" data-end=\"4404\">S\u1ef1 k\u1ebft h\u1ee3p n\u00e0y mang l\u1ea1i:<\/p>\n<ul data-start=\"4406\" data-end=\"4560\">\n<li data-section-id=\"307fel\" data-start=\"4406\" data-end=\"4446\">Ch\u1ea5t l\u01b0\u1ee3ng v\u01b0\u1ee3t tr\u1ed9i \u1edf t\u1eebng thi\u1ebft b\u1ecb<\/li>\n<li data-section-id=\"ws4wh3\" data-start=\"4447\" data-end=\"4502\">Tr\u1ea3i nghi\u1ec7m s\u1eed d\u1ee5ng \u0111\u1ed3ng b\u1ed9 nh\u01b0ng kh\u00f4ng \u201c\u0111\u1ed3ng d\u1ea1ng\u201d<\/li>\n<li data-section-id=\"svqtj0\" data-start=\"4503\" data-end=\"4560\">\u0110\u1ed9 b\u1ec1n v\u00e0 t\u00ednh \u1ed5n \u0111\u1ecbnh cao h\u01a1n c\u00e1c combo th\u00f4ng th\u01b0\u1eddng<\/li>\n<\/ul>\n<p data-start=\"4562\" data-end=\"4666\">\ud83d\udc49 \u0110\u00e2y ch\u00ednh l\u00e0 l\u00fd do Luxury 1 \u0111\u01b0\u1ee3c \u0111\u00e1nh gi\u00e1 l\u00e0 <strong data-start=\"4610\" data-end=\"4665\">combo ph\u00f2ng t\u1eafm \u0111\u00e1ng \u0111\u1ea7u t\u01b0 trong ph\u00e2n kh\u00fac cao c\u1ea5p<\/strong>.<\/p>\n<hr data-start=\"4668\" data-end=\"4671\" \/>\n<h2 data-section-id=\"1t3u9iq\" data-start=\"4673\" data-end=\"4711\">Gi\u00e1 Combo Thi\u1ebft B\u1ecb V\u1ec7 Sinh Luxury 1<\/h2>\n<p data-start=\"4713\" data-end=\"4762\">Hi\u1ec7n t\u1ea1i, combo \u0111ang \u0111\u01b0\u1ee3c \u00e1p d\u1ee5ng m\u1ee9c gi\u00e1 \u01b0u \u0111\u00e3i:<\/p>\n<ul data-start=\"4764\" data-end=\"4831\">\n<li data-section-id=\"1ah5vlj\" data-start=\"4764\" data-end=\"4797\"><strong data-start=\"4766\" data-end=\"4783\">Gi\u00e1 ni\u00eam y\u1ebft:<\/strong> 24.186.000\u0111<\/li>\n<li data-section-id=\"1snbldl\" data-start=\"4798\" data-end=\"4831\"><strong data-start=\"4800\" data-end=\"4815\">Gi\u00e1 \u01b0u \u0111\u00e3i:<\/strong> <strong data-start=\"4816\" data-end=\"4831\">13.786.000\u0111<\/strong><\/li>\n<\/ul>\n<p data-start=\"4833\" data-end=\"4866\">K\u00e8m theo nhi\u1ec1u quy\u1ec1n l\u1ee3i h\u1ea5p d\u1eabn:<\/p>\n<ul data-start=\"4868\" data-end=\"5006\">\n<li data-section-id=\"1w6hxfb\" data-start=\"4868\" data-end=\"4903\">\ud83d\ude9a Mi\u1ec5n ph\u00ed giao h\u00e0ng to\u00e0n qu\u1ed1c<\/li>\n<li data-section-id=\"lfgvwo\" data-start=\"4904\" data-end=\"4933\">\ud83d\udee0 B\u1ea3o h\u00e0nh l\u00ean \u0111\u1ebfn 5 n\u0103m<\/li>\n<li data-section-id=\"1gtc4gi\" data-start=\"4934\" data-end=\"4975\">\u2714\ufe0f Ki\u1ec3m tra h\u00e0ng tr\u01b0\u1edbc khi thanh to\u00e1n<\/li>\n<li data-section-id=\"mtn5re\" data-start=\"4976\" data-end=\"5006\">\u2714\ufe0f Cam k\u1ebft ch\u00ednh h\u00e3ng 100%<\/li>\n<\/ul>\n<hr data-start=\"5008\" data-end=\"5011\" \/>\n<h2 data-section-id=\"uwwrda\" data-start=\"5013\" data-end=\"5046\">Combo Luxury 1 Ph\u00f9 H\u1ee3p V\u1edbi Ai?<\/h2>\n<p data-start=\"5048\" data-end=\"5069\">S\u1ea3n ph\u1ea9m ph\u00f9 h\u1ee3p v\u1edbi:<\/p>\n<ul data-start=\"5071\" data-end=\"5202\">\n<li data-section-id=\"s0yaj4\" data-start=\"5071\" data-end=\"5099\">Nh\u00e0 ph\u1ed1, c\u0103n h\u1ed9 chung c\u01b0<\/li>\n<li data-section-id=\"15sjkxf\" data-start=\"5100\" data-end=\"5127\">Bi\u1ec7t th\u1ef1, nh\u00e0 \u1edf cao c\u1ea5p<\/li>\n<li data-section-id=\"o6dw82\" data-start=\"5128\" data-end=\"5156\">Homestay, kh\u00e1ch s\u1ea1n mini<\/li>\n<li data-section-id=\"1hwfke7\" data-start=\"5157\" data-end=\"5202\">C\u00f4ng tr\u00ecnh c\u1ea7n thi\u1ebft k\u1ebf ph\u00f2ng t\u1eafm \u0111\u1ed3ng b\u1ed9<\/li>\n<\/ul>\n<p data-start=\"5204\" data-end=\"5331\">N\u1ebfu b\u1ea1n \u0111ang t\u00ecm ki\u1ebfm m\u1ed9t <strong data-start=\"5230\" data-end=\"5295\">combo thi\u1ebft b\u1ecb v\u1ec7 sinh cao c\u1ea5p, \u0111\u1ed3ng b\u1ed9, d\u1ec5 l\u1eafp \u0111\u1eb7t v\u00e0 b\u1ec1n b\u1ec9<\/strong>, \u0111\u00e2y l\u00e0 l\u1ef1a ch\u1ecdn r\u1ea5t \u0111\u00e1ng c\u00e2n nh\u1eafc.<\/p>\n<hr data-start=\"5333\" data-end=\"5336\" \/>\n<h2 data-section-id=\"121nvrs\" data-start=\"5338\" data-end=\"5388\">V\u00ec Sao N\u00ean Ch\u1ecdn Combo Thi\u1ebft B\u1ecb V\u1ec7 Sinh Ehrlich?<\/h2>\n<p data-start=\"5390\" data-end=\"5434\">V\u1edbi h\u01a1n 12 n\u0103m ph\u00e1t tri\u1ec3n, Ehrlich mang \u0111\u1ebfn:<\/p>\n<ul data-start=\"5436\" data-end=\"5557\">\n<li data-section-id=\"51lem8\" data-start=\"5436\" data-end=\"5467\">Gi\u1ea3i ph\u00e1p ph\u00f2ng t\u1eafm \u0111\u1ed3ng b\u1ed9<\/li>\n<li data-section-id=\"1as3dor\" data-start=\"5468\" data-end=\"5495\">S\u1ea3n ph\u1ea9m ch\u1ea5t l\u01b0\u1ee3ng cao<\/li>\n<li data-section-id=\"14pok5p\" data-start=\"5496\" data-end=\"5527\">Ch\u00ednh s\u00e1ch b\u1ea3o h\u00e0nh r\u00f5 r\u00e0ng<\/li>\n<li data-section-id=\"17vhh29\" data-start=\"5528\" data-end=\"5557\">D\u1ecbch v\u1ee5 t\u01b0 v\u1ea5n chuy\u00ean s\u00e2u<\/li>\n<\/ul>\n<p data-start=\"5559\" data-end=\"5656\">Ehrlich kh\u00f4ng ch\u1ec9 b\u00e1n s\u1ea3n ph\u1ea9m m\u00e0 c\u00f2n gi\u00fap kh\u00e1ch h\u00e0ng <strong data-start=\"5613\" data-end=\"5655\">ch\u1ecdn \u0111\u00fang \u2013 l\u1eafp \u0111\u00fang \u2013 s\u1eed d\u1ee5ng l\u00e2u d\u00e0i<\/strong>.<\/p>\n<hr data-start=\"5658\" data-end=\"5661\" \/>\n<h2 data-section-id=\"11wiq9r\" data-start=\"5663\" data-end=\"5674\">K\u1ebft Lu\u1eadn<\/h2>\n<p data-start=\"5676\" data-end=\"5819\"><strong data-start=\"5676\" data-end=\"5711\">Combo thi\u1ebft b\u1ecb v\u1ec7 sinh Luxury 1<\/strong> kh\u00f4ng \u0111\u01a1n thu\u1ea7n l\u00e0 m\u1ed9t b\u1ed9 s\u1ea3n ph\u1ea9m, m\u00e0 l\u00e0 gi\u1ea3i ph\u00e1p ho\u00e0n thi\u1ec7n ph\u00f2ng t\u1eafm <strong data-start=\"5785\" data-end=\"5818\">cao c\u1ea5p \u2013 ti\u1ec7n nghi \u2013 \u0111\u1ed3ng b\u1ed9<\/strong>.<\/p>\n<p data-start=\"5821\" data-end=\"5973\">\u0110\u1eb7c bi\u1ec7t, v\u1edbi s\u1ef1 k\u1ebft h\u1ee3p t\u1eeb <strong data-start=\"5849\" data-end=\"5890\">Ehrlich \u2013 American Standard \u2013 Italisa<\/strong>, \u0111\u00e2y l\u00e0 l\u1ef1a ch\u1ecdn gi\u00fap b\u1ea1n y\u00ean t\u00e2m c\u1ea3 v\u1ec1 <strong data-start=\"5931\" data-end=\"5972\">ch\u1ea5t l\u01b0\u1ee3ng, th\u1ea9m m\u1ef9 v\u00e0 \u0111\u1ed9 b\u1ec1n l\u00e2u d\u00e0i<\/strong>.<\/p>\n<h2 data-start=\"4812\" data-end=\"4864\">\ud83d\udcde Li\u00ean H\u1ec7 \u0110\u1eb7t Mua Combo Ehrlich Luxury 1 Ch\u00ednh H\u00e3ng<\/h2>\n<p data-start=\"4866\" data-end=\"4979\"><strong data-start=\"4866\" data-end=\"4917\">Ehrlich Vi\u1ec7t Nam \u2013 Thi\u1ebft B\u1ecb Nh\u00e0 B\u1ebfp &amp; Ph\u00f2ng T\u1eafm<\/strong><br data-start=\"4917\" data-end=\"4920\" \/>\ud83d\udccd\u00a0\u0110\u1ecba ch\u1ec9: S\u1ed1 6 Li\u1ec1n K\u1ec1 22, K\u0110T V\u0103n Kh\u00ea, H\u00e0 \u0110\u00f4ng, H\u00e0 N\u1ed9i<\/p>\n<p data-start=\"4981\" data-end=\"5105\">\ud83c\udf10\u00a0Website:\u00a0<a class=\"decorated-link\" href=\"https:\/\/ehrlichvietnam.vn\/\" target=\"_new\" rel=\"noopener\" data-start=\"4993\" data-end=\"5019\">https:\/\/ehrlichvietnam.vn\/<\/a><br data-start=\"5019\" data-end=\"5022\" \/>\ud83d\udcde\u00a0Hotline:\u00a0<strong data-start=\"5034\" data-end=\"5051\">0932 27 05 20<\/strong><br data-start=\"5051\" data-end=\"5054\" \/>\ud83d\udcac\u00a0Zalo OA:\u00a0<a class=\"decorated-link\" href=\"https:\/\/zalo.me\/s\/2888141157129558325\" target=\"_new\" rel=\"noopener\" data-start=\"5066\" data-end=\"5103\">https:\/\/zalo.me\/s\/2888141157129558325<\/a><\/p>\n<p data-start=\"5107\" data-end=\"5218\">\ud83c\udfa5\u00a0TikTok:\u00a0<a class=\"decorated-link\" href=\"https:\/\/www.tiktok.com\/@ehrlich.chia.s?_r=1\" target=\"_new\" rel=\"noopener\" data-start=\"5118\" data-end=\"5162\">https:\/\/www.tiktok.com\/@ehrlichthietbivesinh<\/a><br data-start=\"5162\" data-end=\"5165\" \/>\u25b6\ufe0f\u00a0YouTube:\u00a0<a class=\"decorated-link\" href=\"https:\/\/www.youtube.com\/@EhrlichVietNam\" target=\"_new\" rel=\"noopener\" data-start=\"5177\" data-end=\"5216\">https:\/\/www.youtube.com\/@EhrlichVietNam<\/a><\/p>\n<p data-start=\"5220\" data-end=\"5265\">\ud83d\ude9a\u00a0Giao h\u00e0ng to\u00e0n qu\u1ed1c \u2013 t\u01b0 v\u1ea5n nhanh ch\u00f3ng<\/p>\n<p data-start=\"5267\" data-end=\"5313\">\ud83d\udc49\u00a0<strong data-start=\"5270\" data-end=\"5313\">Inbox ngay \u0111\u1ec3 nh\u1eadn \u01b0u \u0111\u00e3i th\u00eam h\u00f4m nay!<\/strong><\/p>\n<p data-start=\"5975\" data-end=\"6062\">\ud83d\udc49 Li\u00ean h\u1ec7 ngay \u0111\u1ec3 \u0111\u01b0\u1ee3c t\u01b0 v\u1ea5n chi ti\u1ebft v\u00e0 nh\u1eadn \u01b0u \u0111\u00e3i t\u1ed1t nh\u1ea5t cho c\u00f4ng tr\u00ecnh c\u1ee7a b\u1ea1n.<\/p>\n","protected":false},"excerpt":{"rendered":"<p data-start=\"106\" data-end=\"188\">\ud83c\udf1f <strong data-start=\"109\" data-end=\"186\">Combo thi\u1ebft b\u1ecb v\u1ec7 sinh Ehrlich \u2013 Ho\u00e0n thi\u1ec7n ph\u00f2ng t\u1eafm theo phong c\u00e1ch \u0110\u1ee9c<\/strong><\/p>\n<p data-start=\"190\" data-end=\"498\">Kh\u00f4ng gian ph\u00f2ng t\u1eafm kh\u00f4ng ch\u1ec9 l\u00e0 n\u01a1i sinh ho\u1ea1t h\u1eb1ng ng\u00e0y, m\u00e0 c\u00f2n l\u00e0 n\u01a1i t\u00e1i t\u1ea1o n\u0103ng l\u01b0\u1ee3ng, t\u1eadn h\u01b0\u1edfng s\u1ef1 th\u01b0 gi\u00e3n sau m\u1ed9t ng\u00e0y d\u00e0i. V\u1edbi tri\u1ebft l\u00fd <strong data-start=\"336\" data-end=\"369\">\u201ctinh t\u1ebf trong t\u1eebng chi ti\u1ebft\u201d<\/strong>, Ehrlich mang \u0111\u1ebfn combo thi\u1ebft b\u1ecb v\u1ec7 sinh \u0111\u1ed3ng b\u1ed9, gi\u00fap ph\u00f2ng t\u1eafm tr\u1edf th\u00e0nh <strong data-start=\"445\" data-end=\"495\">m\u1ed9t t\u1ed5ng th\u1ec3 sang tr\u1ecdng, hi\u1ec7n \u0111\u1ea1i v\u00e0 ti\u1ec7n nghi<\/strong>.<\/p>\n<p data-start=\"500\" data-end=\"778\">\u2728 M\u1ed7i s\u1ea3n ph\u1ea9m trong combo \u0111\u1ec1u \u0111\u01b0\u1ee3c ch\u1ebf t\u00e1c t\u1eeb ch\u1ea5t li\u1ec7u cao c\u1ea5p, \u00e1p d\u1ee5ng c\u00f4ng ngh\u1ec7 ch\u1ed1ng b\u00e1m b\u1ea9n, ch\u1ed1ng \u1ea9m m\u1ed1c v\u00e0 t\u1ed1i \u01b0u c\u00f4ng n\u0103ng s\u1eed d\u1ee5ng. Khi k\u1ebft h\u1ee3p tr\u1ecdn b\u1ed9, ch\u00fang t\u1ea1o n\u00ean s\u1ef1 h\u00e0i h\u00f2a tuy\u1ec7t \u0111\u1ed1i v\u1ec1 thi\u1ebft k\u1ebf, t\u1eeb ki\u1ec3u d\u00e1ng \u0111\u1ebfn m\u00e0u s\u1eafc \u2013 v\u1eeba th\u1ea9m m\u1ef9, v\u1eeba b\u1ec1n b\u1ec9 theo th\u1eddi gian.<\/p>\n<p data-start=\"780\" data-end=\"959\">\ud83d\udc8e L\u1ef1a ch\u1ecdn <strong data-start=\"792\" data-end=\"826\">combo thi\u1ebft b\u1ecb v\u1ec7 sinh Ehrlich<\/strong> ch\u00ednh l\u00e0 l\u1ef1a ch\u1ecdn s\u1ef1 <strong data-start=\"848\" data-end=\"870\">\u0111\u1eb3ng c\u1ea5p chu\u1ea9n \u0110\u1ee9c<\/strong>, mang \u0111\u1ebfn tr\u1ea3i nghi\u1ec7m tho\u1ea3i m\u00e1i, ti\u1ec7n l\u1ee3i v\u00e0 n\u00e2ng t\u1ea7m gi\u00e1 tr\u1ecb kh\u00f4ng gian s\u1ed1ng c\u1ee7a b\u1ea1n.<\/p>\n","protected":false},"featured_media":4474,"comment_status":"open","ping_status":"closed","template":"","meta":{"_acf_changed":false},"product_brand":[],"product_cat":[55,77,133],"product_tag":[],"class_list":{"0":"post-4473","1":"product","2":"type-product","3":"status-publish","4":"has-post-thumbnail","6":"product_cat-combo-phong-tam","7":"product_cat-combo","8":"product_cat-combo-luxury","10":"first","11":"instock","12":"sale","13":"shipping-taxable","14":"purchasable","15":"product-type-simple"},"acf":[],"_links":{"self":[{"href":"https:\/\/ehrlichvietnam.vn\/en\/wp-json\/wp\/v2\/product\/4473","targetHints":{"allow":["GET"]}}],"collection":[{"href":"https:\/\/ehrlichvietnam.vn\/en\/wp-json\/wp\/v2\/product"}],"about":[{"href":"https:\/\/ehrlichvietnam.vn\/en\/wp-json\/wp\/v2\/types\/product"}],"replies":[{"embeddable":true,"href":"https:\/\/ehrlichvietnam.vn\/en\/wp-json\/wp\/v2\/comments?post=4473"}],"wp:featuredmedia":[{"embeddable":true,"href":"https:\/\/ehrlichvietnam.vn\/en\/wp-json\/wp\/v2\/media\/4474"}],"wp:attachment":[{"href":"https:\/\/ehrlichvietnam.vn\/en\/wp-json\/wp\/v2\/media?parent=4473"}],"wp:term":[{"taxonomy":"product_brand","embeddable":true,"href":"https:\/\/ehrlichvietnam.vn\/en\/wp-json\/wp\/v2\/product_brand?post=4473"},{"taxonomy":"product_cat","embeddable":true,"href":"https:\/\/ehrlichvietnam.vn\/en\/wp-json\/wp\/v2\/product_cat?post=4473"},{"taxonomy":"product_tag","embeddable":true,"href":"https:\/\/ehrlichvietnam.vn\/en\/wp-json\/wp\/v2\/product_tag?post=4473"}],"curies":[{"name":"wp","href":"https:\/\/api.w.org\/{rel}","templated":true}]}}