{"id":4463,"date":"2026-03-31T02:17:17","date_gmt":"2026-03-31T02:17:17","guid":{"rendered":"https:\/\/ehrlichvietnam.vn\/?post_type=product&#038;p=4463"},"modified":"2026-03-31T02:20:53","modified_gmt":"2026-03-31T02:20:53","slug":"combo-dong-bo-11","status":"publish","type":"product","link":"https:\/\/ehrlichvietnam.vn\/combo-dong-bo-11\/","title":{"rendered":"Combo \u0110\u1ed3ng B\u1ed9 &#8211; 11"},"content":{"rendered":"<h1 data-start=\"246\" data-end=\"337\">Combo Thi\u1ebft B\u1ecb V\u1ec7 Sinh Ehrlich \u0110\u1ed3ng B\u1ed9 &#8211; 11 \u2013 Tr\u1ecdn B\u1ed9 Cao C\u1ea5p Chu\u1ea9n \u0110\u1ee9c Gi\u00e1 \u01afu \u0110\u00e3i 12.681.000\u0111<\/h1>\n<p data-start=\"339\" data-end=\"623\">Trong thi\u1ebft k\u1ebf nh\u00e0 \u1edf hi\u1ec7n \u0111\u1ea1i, ph\u00f2ng t\u1eafm ng\u00e0y c\u00e0ng \u0111\u01b0\u1ee3c ch\u00fa tr\u1ecdng nh\u01b0 m\u1ed9t kh\u00f4ng gian th\u01b0 gi\u00e3n, t\u1eadn h\u01b0\u1edfng s\u1ef1 ti\u1ec7n nghi v\u00e0 th\u1ec3 hi\u1ec7n phong c\u00e1ch s\u1ed1ng c\u1ee7a gia ch\u1ee7. Ch\u00ednh v\u00ec v\u1eady, l\u1ef1a ch\u1ecdn thi\u1ebft b\u1ecb v\u1ec7 sinh \u0111\u1ed3ng b\u1ed9, sang tr\u1ecdng v\u00e0 ch\u1ea5t l\u01b0\u1ee3ng cao l\u00e0 y\u1ebfu t\u1ed1 quan tr\u1ecdng khi ho\u00e0n thi\u1ec7n c\u00f4ng tr\u00ecnh.<\/p>\n<p data-start=\"625\" data-end=\"960\">N\u1ebfu b\u1ea1n \u0111ang t\u00ecm ki\u1ebfm m\u1ed9t combo thi\u1ebft b\u1ecb v\u1ec7 sinh cao c\u1ea5p \u0111\u1ea7y \u0111\u1ee7 ti\u1ec7n nghi v\u1edbi t\u1ee7 lavabo sang tr\u1ecdng, hi\u1ec7n \u0111\u1ea1i v\u00e0 sen c\u00e2y ph\u00edm \u0111\u00e0n \u0111\u1eb3ng c\u1ea5p, th\u00ec <strong data-start=\"782\" data-end=\"824\">Combo thi\u1ebft b\u1ecb v\u1ec7 sinh Ehrlich \u0110\u1ed3ng B\u1ed9 &#8211; 11<\/strong>\u00a0ch\u00ednh l\u00e0 l\u1ef1a ch\u1ecdn ho\u00e0n h\u1ea3o. Hi\u1ec7n combo \u0111ang \u0111\u01b0\u1ee3c \u01b0u \u0111\u00e3i ch\u1ec9 c\u00f2n <strong>12.681.000\u0111<\/strong> (gi\u00e1 g\u1ed1c 23.175.000\u0111), gi\u00fap ti\u1ebft ki\u1ec7m h\u01a1n 10 tri\u1ec7u \u0111\u1ed3ng.<\/p>\n<hr data-start=\"962\" data-end=\"965\" \/>\n<h2 data-start=\"967\" data-end=\"1018\">T\u1ed5ng Quan Combo Thi\u1ebft B\u1ecb V\u1ec7 Sinh Ehrlich \u0110\u1ed3ng B\u1ed9 &#8211; 11<\/h2>\n<p data-start=\"1020\" data-end=\"1287\"><strong data-start=\"1020\" data-end=\"1045\">Combo Ehrlich \u0110\u1ed3ng B\u1ed9 &#8211; 11 <\/strong>\u00a0l\u00e0 b\u1ed9 thi\u1ebft b\u1ecb v\u1ec7 sinh cao c\u1ea5p chu\u1ea9n \u0110\u1ee9c, \u0111\u01b0\u1ee3c ph\u1ed1i s\u1eb5n \u0111\u1ea7y \u0111\u1ee7 cho ph\u00f2ng t\u1eafm hi\u1ec7n \u0111\u1ea1i. Combo mang phong c\u00e1ch <strong data-start=\"1155\" data-end=\"1172\">Germany Style<\/strong> t\u1ed1i gi\u1ea3n nh\u01b0ng tinh t\u1ebf, ph\u00f9 h\u1ee3p v\u1edbi c\u00e1c c\u00f4ng tr\u00ecnh cao c\u1ea5p nh\u01b0 chung c\u01b0 sang tr\u1ecdng, nh\u00e0 ph\u1ed1 hi\u1ec7n \u0111\u1ea1i hay bi\u1ec7t th\u1ef1.<\/p>\n<p data-start=\"1289\" data-end=\"1303\">Combo bao g\u1ed3m:<\/p>\n<ul data-start=\"1305\" data-end=\"1853\">\n<li data-start=\"1305\" data-end=\"1374\">\n<p data-start=\"1307\" data-end=\"1374\"><strong data-start=\"1307\" data-end=\"1341\">B\u1ed3n c\u1ea7u 1 kh\u1ed1i Ehrlich cao c\u1ea5p<\/strong> thi\u1ebft k\u1ebf li\u1ec1n m\u1ea1ch, d\u1ec5 v\u1ec7 sinh<\/p>\n<\/li>\n<li data-start=\"1375\" data-end=\"1445\">\n<p data-start=\"1377\" data-end=\"1445\"><strong data-start=\"1377\" data-end=\"1404\">Lavabo t\u1ee7 ch\u1eadu hi\u1ec7n \u0111\u1ea1i<\/strong> t\u1ed1i \u01b0u kh\u00f4ng gian v\u00e0 t\u0103ng t\u00ednh th\u1ea9m m\u1ef9<\/p>\n<\/li>\n<li data-start=\"1507\" data-end=\"1573\">\n<p data-start=\"1509\" data-end=\"1573\"><strong data-start=\"1509\" data-end=\"1543\">Sen c\u00e2y ph\u00edm \u0111\u00e0n<\/strong>\u00a0tr\u1ea3i nghi\u1ec7m nh\u01b0 spa t\u1ea1i nh\u00e0<\/p>\n<\/li>\n<li data-start=\"1574\" data-end=\"1645\">\n<p data-start=\"1576\" data-end=\"1645\"><strong data-start=\"1576\" data-end=\"1606\">V\u00f2i lavabo cao c\u1ea5p<\/strong> thi\u1ebft k\u1ebf tinh t\u1ebf, \u0111\u1ed3ng b\u1ed9 sang tr\u1ecdng<\/p>\n<\/li>\n<li data-start=\"1646\" data-end=\"1760\">\n<p data-start=\"1648\" data-end=\"1693\"><strong data-start=\"1648\" data-end=\"1686\">B\u1ed9 ph\u1ee5 ki\u1ec7n ph\u00f2ng t\u1eafm inox \u0111\u1ed3ng b\u1ed9<\/strong> g\u1ed3m:<\/p>\n<ul data-start=\"1696\" data-end=\"1760\">\n<li data-start=\"1696\" data-end=\"1721\">\n<p data-start=\"1698\" data-end=\"1721\">Gi\u00e1 treo kh\u0103n, k\u1ec7 g\u00f3c, l\u00f4 gi\u1ea5y, c\u1ecd wc cao c\u1ea5p<\/p>\n<\/li>\n<li data-start=\"1724\" data-end=\"1760\"><strong data-start=\"1763\" data-end=\"1792\">V\u00f2i x\u1ecbt v\u1ec7 sinh + van kh\u00f3a<\/strong> ti\u1ec7n l\u1ee3i<\/li>\n<\/ul>\n<\/li>\n<\/ul>\n<p data-start=\"1855\" data-end=\"1961\">Ch\u1ec9 c\u1ea7n mua m\u1ed9t combo duy nh\u1ea5t, b\u1ea1n \u0111\u00e3 c\u00f3 th\u1ec3 ho\u00e0n thi\u1ec7n ph\u00f2ng t\u1eafm tr\u1ecdn g\u00f3i, \u0111\u1ed3ng b\u1ed9 v\u00e0 c\u1ef1c k\u1ef3 sang tr\u1ecdng.<\/p>\n<hr data-start=\"1963\" data-end=\"1966\" \/>\n<h2 data-start=\"1968\" data-end=\"2026\">V\u00ec Sao Combo Ehrlich \u0110\u1ed3ng B\u1ed9 &#8211; 11 \u0110\u01b0\u1ee3c Kh\u00e1ch H\u00e0ng \u01afa Chu\u1ed9ng?<\/h2>\n<h3 data-start=\"2028\" data-end=\"2069\">1. Ti\u1ebft Ki\u1ec7m Chi Ph\u00ed h\u01a1n 10 Tri\u1ec7u \u0110\u1ed3ng<\/h3>\n<p data-start=\"2071\" data-end=\"2155\">Mua thi\u1ebft b\u1ecb v\u1ec7 sinh theo combo lu\u00f4n gi\u00fap ti\u1ebft ki\u1ec7m h\u01a1n so v\u1edbi mua l\u1ebb t\u1eebng s\u1ea3n ph\u1ea9m.<\/p>\n<p data-start=\"2157\" data-end=\"2175\">V\u1edbi Combo \u0110\u1ed3ng B\u1ed9 &#8211; 11:<\/p>\n<ul data-start=\"2177\" data-end=\"2235\">\n<li data-start=\"2177\" data-end=\"2205\">\n<p data-start=\"2179\" data-end=\"2205\">Gi\u00e1 g\u1ed1c: <strong data-start=\"2188\" data-end=\"2203\">23.175.000\u0111<\/strong><\/p>\n<\/li>\n<li data-start=\"2206\" data-end=\"2235\">\n<p data-start=\"2208\" data-end=\"2235\">Gi\u00e1 \u01b0u \u0111\u00e3i: <strong data-start=\"2220\" data-end=\"2235\">12.681.000\u0111<\/strong><\/p>\n<\/li>\n<\/ul>\n<p data-start=\"2237\" data-end=\"2331\">\ud83d\udc49 Ti\u1ebft ki\u1ec7m h\u01a1n <strong>10\u00a0tri\u1ec7u \u0111\u1ed3ng<\/strong> nh\u01b0ng v\u1eabn s\u1edf h\u1eefu tr\u1ecdn b\u1ed9 thi\u1ebft b\u1ecb v\u1ec7 sinh cao c\u1ea5p \u0111\u1ed3ng b\u1ed9.<\/p>\n<p data-start=\"2333\" data-end=\"2351\">Combo ph\u00f9 h\u1ee3p cho:<\/p>\n<ul data-start=\"2353\" data-end=\"2448\">\n<li data-start=\"2353\" data-end=\"2377\">\n<p data-start=\"2355\" data-end=\"2377\">Gia \u0111\u00ecnh x\u00e2y nh\u00e0 m\u1edbi<\/p>\n<\/li>\n<li data-start=\"2378\" data-end=\"2398\">\n<p data-start=\"2380\" data-end=\"2398\">Chung c\u01b0 cao c\u1ea5p<\/p>\n<\/li>\n<li data-start=\"2399\" data-end=\"2419\">\n<p data-start=\"2401\" data-end=\"2419\">Nh\u00e0 ph\u1ed1 hi\u1ec7n \u0111\u1ea1i<\/p>\n<\/li>\n<li data-start=\"2420\" data-end=\"2448\">\n<p data-start=\"2422\" data-end=\"2448\">Homestay, kh\u00e1ch s\u1ea1n mini<\/p>\n<\/li>\n<\/ul>\n<hr data-start=\"2450\" data-end=\"2453\" \/>\n<h3 data-start=\"2455\" data-end=\"2517\">2. Lavabo T\u1ee7 Ch\u1eadu Sang Tr\u1ecdng \u2013 Gi\u1ea3i Ph\u00e1p T\u1ed1i \u01afu Kh\u00f4ng Gian<\/h3>\n<p data-start=\"2519\" data-end=\"2578\">Combo \u0110\u1ed3ng B\u1ed9 &#8211; 11 n\u1ed5i b\u1eadt v\u1edbi t\u1ee7 ch\u1eadu hi\u1ec7n \u0111\u1ea1i.<\/p>\n<p data-start=\"2580\" data-end=\"2588\">\u01afu \u0111i\u1ec3m:<\/p>\n<ul data-start=\"2590\" data-end=\"2764\">\n<li data-start=\"2590\" data-end=\"2626\">\n<p data-start=\"2592\" data-end=\"2626\">Gi\u00fap ph\u00f2ng t\u1eafm g\u1ecdn g\u00e0ng, s\u1ea1ch s\u1ebd<\/p>\n<\/li>\n<li data-start=\"2627\" data-end=\"2670\">\n<p data-start=\"2629\" data-end=\"2670\">T\u0103ng kh\u00f4ng gian l\u01b0u tr\u1eef \u0111\u1ed3 d\u00f9ng c\u00e1 nh\u00e2n<\/p>\n<\/li>\n<li data-start=\"2671\" data-end=\"2719\">\n<p data-start=\"2673\" data-end=\"2719\">Thi\u1ebft k\u1ebf treo t\u01b0\u1eddng t\u1ea1o c\u1ea3m gi\u00e1c tho\u00e1ng r\u1ed9ng<\/p>\n<\/li>\n<li data-start=\"2720\" data-end=\"2764\">\n<p data-start=\"2722\" data-end=\"2764\">Sang tr\u1ecdng nh\u01b0 ph\u00f2ng t\u1eafm kh\u00e1ch s\u1ea1n 5 sao<\/p>\n<\/li>\n<\/ul>\n<p data-start=\"2766\" data-end=\"2851\">T\u1ee7 ch\u1eadu \u0111ang l\u00e0 xu h\u01b0\u1edbng r\u1ea5t \u0111\u01b0\u1ee3c \u01b0a chu\u1ed9ng trong c\u00e1c c\u0103n h\u1ed9 cao c\u1ea5p hi\u1ec7n nay.<\/p>\n<hr data-start=\"2853\" data-end=\"2856\" \/>\n<h3 data-start=\"2858\" data-end=\"2905\">3. G\u01b0\u01a1ng T\u1ee7 L\u01b0u Tr\u1eef \u2013 Ti\u1ec7n Nghi V\u00e0 \u0110\u1eb3ng C\u1ea5p<\/h3>\n<p data-start=\"2907\" data-end=\"2986\">M\u1ed9t \u0111i\u1ec3m kh\u00e1c bi\u1ec7t l\u1edbn c\u1ee7a Combo Ehrlich \u0110\u1ed3ng B\u1ed9 &#8211; 11 ch\u00ednh l\u00e0 <strong data-start=\"2965\" data-end=\"2985\">t\u1ee7 g\u01b0\u01a1ng \u0111a n\u0103ng<\/strong>.<\/p>\n<ul data-start=\"2988\" data-end=\"3119\">\n<li data-start=\"2988\" data-end=\"3017\">\n<p data-start=\"2990\" data-end=\"3017\">V\u1eeba l\u00e0 g\u01b0\u01a1ng soi hi\u1ec7n \u0111\u1ea1i<\/p>\n<\/li>\n<li data-start=\"3018\" data-end=\"3050\">\n<p data-start=\"3020\" data-end=\"3050\">V\u1eeba c\u00f3 ng\u0103n ch\u1ee9a \u0111\u1ed3 ti\u1ec7n l\u1ee3i<\/p>\n<\/li>\n<li data-start=\"3051\" data-end=\"3083\">\n<p data-start=\"3053\" data-end=\"3083\">Gi\u00fap ph\u00f2ng t\u1eafm lu\u00f4n g\u1ecdn g\u00e0ng<\/p>\n<\/li>\n<li data-start=\"3084\" data-end=\"3119\">\n<p data-start=\"3086\" data-end=\"3119\">T\u0103ng t\u00ednh th\u1ea9m m\u1ef9 v\u00e0 sang tr\u1ecdng<\/p>\n<\/li>\n<\/ul>\n<p data-start=\"3121\" data-end=\"3210\">\u0110\u00e2y l\u00e0 l\u1ef1a ch\u1ecdn l\u00fd t\u01b0\u1edfng cho nh\u1eefng ai mu\u1ed1n ph\u00f2ng t\u1eafm t\u1ed1i gi\u1ea3n nh\u01b0ng v\u1eabn \u0111\u1ea7y \u0111\u1ee7 ti\u1ec7n nghi.<\/p>\n<hr data-start=\"3212\" data-end=\"3215\" \/>\n<h3 data-start=\"3217\" data-end=\"3272\">4. Sen C\u00e2y Ph\u00edm \u0110\u00e0n \u2013 Tr\u1ea3i Nghi\u1ec7m Spa Ngay T\u1ea1i Nh\u00e0<\/h3>\n<p data-start=\"3274\" data-end=\"3357\">Combo trang b\u1ecb sen c\u00e2y b\u00e1t l\u1edbn, mang l\u1ea1i tr\u1ea3i nghi\u1ec7m th\u01b0 gi\u00e3n tuy\u1ec7t v\u1eddi:<\/p>\n<ul data-start=\"3359\" data-end=\"3493\">\n<li data-start=\"3359\" data-end=\"3398\">\n<p data-start=\"3361\" data-end=\"3398\">Thi\u1ebft k\u1ebf hi\u1ec7n \u0111\u1ea1i, sang tr\u1ecdng<\/p>\n<\/li>\n<li data-start=\"3399\" data-end=\"3433\">\n<p data-start=\"3401\" data-end=\"3433\">D\u00f2ng n\u01b0\u1edbc m\u1ea1nh, \u0111\u1ec1u v\u00e0 d\u1ec5 ch\u1ecbu<\/p>\n<\/li>\n<li data-start=\"3434\" data-end=\"3458\">\n<p data-start=\"3436\" data-end=\"3458\">Tay sen c\u1ea7m ti\u1ec7n l\u1ee3i<\/p>\n<\/li>\n<li data-start=\"3459\" data-end=\"3493\">\n<p data-start=\"3461\" data-end=\"3493\">Ch\u1ea5t li\u1ec7u ch\u1ed1ng g\u1ec9 b\u1ec1n b\u1ec9<\/p>\n<\/li>\n<\/ul>\n<p data-start=\"3495\" data-end=\"3584\">T\u1eafm m\u1ed7i ng\u00e0y s\u1ebd tr\u1edf th\u00e0nh tr\u1ea3i nghi\u1ec7m th\u01b0 gi\u00e3n nh\u01b0 spa ngay trong ch\u00ednh ng\u00f4i nh\u00e0 c\u1ee7a b\u1ea1n.<\/p>\n<hr data-start=\"3586\" data-end=\"3589\" \/>\n<h3 data-start=\"3591\" data-end=\"3642\">5. B\u1ed3n C\u1ea7u 1 Kh\u1ed1i Cao C\u1ea5p \u2013 D\u1ec5 V\u1ec7 Sinh, B\u1ec1n \u0110\u1eb9p<\/h3>\n<p data-start=\"3644\" data-end=\"3707\">B\u1ed3n c\u1ea7u trong combo\u0110\u1ed3ng B\u1ed9 &#8211; 11 l\u00e0 m\u1eabu <strong data-start=\"3679\" data-end=\"3706\">b\u1ed3n c\u1ea7u 1 kh\u1ed1i hi\u1ec7n \u0111\u1ea1i<\/strong>:<\/p>\n<ul data-start=\"3709\" data-end=\"3841\">\n<li data-start=\"3709\" data-end=\"3742\">\n<p data-start=\"3711\" data-end=\"3742\">Thi\u1ebft k\u1ebf li\u1ec1n m\u1ea1ch sang tr\u1ecdng<\/p>\n<\/li>\n<li data-start=\"3743\" data-end=\"3775\">\n<p data-start=\"3745\" data-end=\"3775\">D\u1ec5 lau ch\u00f9i, h\u1ea1n ch\u1ebf b\u00e1m b\u1ea9n<\/p>\n<\/li>\n<li data-start=\"3776\" data-end=\"3814\">\n<p data-start=\"3778\" data-end=\"3814\">Ph\u00f9 h\u1ee3p nhi\u1ec1u phong c\u00e1ch ph\u00f2ng t\u1eafm<\/p>\n<\/li>\n<li data-start=\"3815\" data-end=\"3841\">\n<p data-start=\"3817\" data-end=\"3841\">B\u1ec1n \u0111\u1eb9p theo th\u1eddi gian<\/p>\n<\/li>\n<\/ul>\n<p data-start=\"3843\" data-end=\"3895\">\u0110\u00e2y l\u00e0 l\u1ef1a ch\u1ecdn h\u00e0ng \u0111\u1ea7u cho c\u00e1c c\u00f4ng tr\u00ecnh cao c\u1ea5p.<\/p>\n<hr data-start=\"3897\" data-end=\"3900\" \/>\n<h3 data-start=\"3902\" data-end=\"3948\">6. V\u00f2i Lavabo \u2013 \u0110\u1ed3ng B\u1ed9 Sang Tr\u1ecdng<\/h3>\n<p data-start=\"3950\" data-end=\"4022\">Combo \u0110\u1ed3ng B\u1ed9 &#8211; 11 s\u1eed d\u1ee5ng v\u00f2i lavabo m\u1ea1 titan cao c\u1ea5p, t\u1ea1o \u0111i\u1ec3m nh\u1ea5n tinh t\u1ebf:<\/p>\n<ul data-start=\"4024\" data-end=\"4154\">\n<li data-start=\"4024\" data-end=\"4047\">\n<p data-start=\"4026\" data-end=\"4047\">Thi\u1ebft k\u1ebf thanh l\u1ecbch<\/p>\n<\/li>\n<li data-start=\"4048\" data-end=\"4083\">\n<p data-start=\"4050\" data-end=\"4083\">\u0110\u1ed3ng b\u1ed9 v\u1edbi phong c\u00e1ch hi\u1ec7n \u0111\u1ea1i<\/p>\n<\/li>\n<li data-start=\"4084\" data-end=\"4117\">\n<p data-start=\"4086\" data-end=\"4117\">Ch\u1ea5t li\u1ec7u b\u1ec1n b\u1ec9 ch\u1ed1ng g\u1ec9 s\u00e9t<\/p>\n<\/li>\n<li data-start=\"4118\" data-end=\"4154\">\n<p data-start=\"4120\" data-end=\"4154\">Ph\u00f9 h\u1ee3p xu h\u01b0\u1edbng n\u1ed9i th\u1ea5t luxury<\/p>\n<\/li>\n<\/ul>\n<hr data-start=\"4156\" data-end=\"4159\" \/>\n<h3 data-start=\"4161\" data-end=\"4219\">7. Ch\u1ea5t Li\u1ec7u Cao C\u1ea5p \u2013 B\u1ec1n \u0110\u1eb9p Trong M\u00f4i Tr\u01b0\u1eddng \u1ea8m \u01af\u1edbt<\/h3>\n<p data-start=\"4221\" data-end=\"4275\">Ehrlich cam k\u1ebft s\u1ea3n ph\u1ea9m cao c\u1ea5p v\u1edbi \u0111\u1ed9 b\u1ec1n v\u01b0\u1ee3t tr\u1ed9i:<\/p>\n<ul data-start=\"4277\" data-end=\"4459\">\n<li data-start=\"4277\" data-end=\"4318\">\n<p data-start=\"4279\" data-end=\"4318\">S\u1ee9 tr\u00e1ng men ch\u1ed1ng b\u00e1m b\u1ea9n, s\u00e1ng b\u00f3ng<\/p>\n<\/li>\n<li data-start=\"4319\" data-end=\"4357\">\n<p data-start=\"4321\" data-end=\"4357\">Inox ch\u1ed1ng g\u1ec9 s\u00e9t, kh\u00f4ng bong tr\u00f3c<\/p>\n<\/li>\n<li data-start=\"4358\" data-end=\"4392\">\n<p data-start=\"4360\" data-end=\"4392\">Ph\u1ee5 ki\u1ec7n ch\u1eafc ch\u1eafn, sang tr\u1ecdng<\/p>\n<\/li>\n<li data-start=\"4393\" data-end=\"4425\">\n<p data-start=\"4395\" data-end=\"4425\">Sen c\u00e2y ch\u1ecbu \u00e1p l\u1ef1c n\u01b0\u1edbc t\u1ed1t<\/p>\n<\/li>\n<li data-start=\"4426\" data-end=\"4459\">\n<p data-start=\"4428\" data-end=\"4459\">G\u01b0\u01a1ng t\u1ee7 ch\u1ed1ng \u1ed1 m\u1ed1c, b\u1ec1n l\u00e2u<\/p>\n<\/li>\n<\/ul>\n<p data-start=\"4461\" data-end=\"4527\">Nh\u1edd \u0111\u00f3 combo lu\u00f4n gi\u1eef \u0111\u01b0\u1ee3c v\u1ebb \u0111\u1eb9p nh\u01b0 m\u1edbi trong nhi\u1ec1u n\u0103m s\u1eed d\u1ee5ng.<\/p>\n<hr data-start=\"4529\" data-end=\"4532\" \/>\n<h2 data-start=\"4534\" data-end=\"4565\">Mi\u1ec5n Ph\u00ed Giao H\u00e0ng To\u00e0n Qu\u1ed1c<\/h2>\n<p data-start=\"4567\" data-end=\"4624\">Khi mua Combo Ehrlich \u0110\u1ed3ng B\u1ed9 &#8211; 11, kh\u00e1ch h\u00e0ng s\u1ebd \u0111\u01b0\u1ee3c h\u1ed7 tr\u1ee3:<\/p>\n<p data-start=\"4626\" data-end=\"4718\">\ud83d\ude9a <strong data-start=\"4629\" data-end=\"4661\">Mi\u1ec5n ph\u00ed giao h\u00e0ng to\u00e0n qu\u1ed1c<\/strong><br data-start=\"4661\" data-end=\"4664\" \/>\u0110\u00f3ng g\u00f3i c\u1ea9n th\u1eadn, v\u1eadn chuy\u1ec3n nhanh ch\u00f3ng \u0111\u1ebfn t\u1eadn n\u01a1i.<\/p>\n<hr data-start=\"4720\" data-end=\"4723\" \/>\n<h2 data-start=\"4725\" data-end=\"4753\">B\u1ea3o H\u00e0nh Ch\u00ednh H\u00e3ng 3 N\u0103m<\/h2>\n<p data-start=\"4755\" data-end=\"4771\">Ehrlich cam k\u1ebft:<\/p>\n<p data-start=\"4773\" data-end=\"4880\">\ud83d\udee1\ufe0f <strong data-start=\"4777\" data-end=\"4814\">B\u1ea3o h\u00e0nh ch\u00ednh h\u00e3ng l\u00ean \u0111\u1ebfn 3 n\u0103m<\/strong><br data-start=\"4814\" data-end=\"4817\" \/>H\u1ed7 tr\u1ee3 k\u1ef9 thu\u1eadt nhanh ch\u00f3ng, gi\u00fap kh\u00e1ch h\u00e0ng y\u00ean t\u00e2m tuy\u1ec7t \u0111\u1ed1i.<\/p>\n<hr data-start=\"4882\" data-end=\"4885\" \/>\n<h2 data-start=\"4887\" data-end=\"4930\">Gi\u00e1 \u01afu \u0110\u00e3i Combo Ehrlich \u0110\u1ed3ng B\u1ed9 &#8211; 11 H\u00f4m Nay<\/h2>\n<p data-start=\"4932\" data-end=\"4991\">\ud83d\udd25 Gi\u00e1 g\u1ed1c: <strong data-start=\"4944\" data-end=\"4959\">23.175.000\u0111<\/strong><br data-start=\"4959\" data-end=\"4962\" \/>\u2705 Gi\u00e1 \u01b0u \u0111\u00e3i: <strong data-start=\"4976\" data-end=\"4991\">12.681.000\u0111<\/strong><\/p>\n<p data-start=\"4993\" data-end=\"5074\">S\u1ed1 l\u01b0\u1ee3ng combo \u01b0u \u0111\u00e3i c\u00f3 h\u1ea1n, kh\u00e1ch h\u00e0ng n\u00ean \u0111\u1eb7t mua s\u1edbm \u0111\u1ec3 gi\u1eef m\u1ee9c gi\u00e1 t\u1ed1t nh\u1ea5t.<\/p>\n<hr data-start=\"5076\" data-end=\"5079\" \/>\n<h2 data-start=\"5081\" data-end=\"5127\">\ud83d\udcde Li\u00ean H\u1ec7 \u0110\u1eb7t Mua Combo Ehrlich Ch\u00ednh H\u00e3ng<\/h2>\n<p data-start=\"5129\" data-end=\"5295\">N\u1ebfu b\u1ea1n \u0111ang t\u00ecm ki\u1ebfm combo thi\u1ebft b\u1ecb v\u1ec7 sinh cao c\u1ea5p, sang tr\u1ecdng v\u00e0 \u0111\u1ea7y \u0111\u1ee7 ti\u1ec7n nghi th\u00ec\u00a0 <strong>Combo \u0110\u1ed3ng B\u1ed9 &#8211; 11<\/strong>\u00a0ch\u00ednh l\u00e0 l\u1ef1a ch\u1ecdn ho\u00e0n h\u1ea3o.<\/p>\n<p data-start=\"5297\" data-end=\"5412\"><strong data-start=\"5297\" data-end=\"5348\">Ehrlich Vi\u1ec7t Nam \u2013 Thi\u1ebft B\u1ecb Nh\u00e0 B\u1ebfp &amp; Ph\u00f2ng T\u1eafm<\/strong><br data-start=\"5348\" data-end=\"5351\" \/>\ud83d\udccd \u0110\u1ecba ch\u1ec9: <strong data-start=\"5363\" data-end=\"5412\">S\u1ed1 6 Li\u1ec1n K\u1ec1 22, K\u0110T V\u0103n Kh\u00ea, H\u00e0 \u0110\u00f4ng, H\u00e0 N\u1ed9i<\/strong><\/p>\n<p data-start=\"5414\" data-end=\"5538\">\ud83c\udf10 Website: <a class=\"decorated-link\" href=\"https:\/\/ehrlichvietnam.vn\/\" target=\"_new\" rel=\"noopener\" data-start=\"5426\" data-end=\"5452\">https:\/\/ehrlichvietnam.vn\/<\/a><br data-start=\"5452\" data-end=\"5455\" \/>\ud83d\udcde Hotline: <strong data-start=\"5467\" data-end=\"5484\">0932 27 05 20<\/strong><br data-start=\"5484\" data-end=\"5487\" \/>\ud83d\udcac Zalo OA: <a class=\"decorated-link\" href=\"https:\/\/zalo.me\/s\/2888141157129558325\" target=\"_new\" rel=\"noopener\" data-start=\"5499\" data-end=\"5536\">https:\/\/zalo.me\/s\/2888141157129558325<\/a><\/p>\n<p data-start=\"5540\" data-end=\"5651\">\ud83c\udfa5 TikTok: <a class=\"decorated-link\" href=\"https:\/\/www.tiktok.com\/@ehrlichthietbivesinh\" target=\"_new\" rel=\"noopener\" data-start=\"5551\" data-end=\"5595\">https:\/\/www.tiktok.com\/@ehrlich.chia.s?_r=1<\/a><br data-start=\"5595\" data-end=\"5598\" \/>\u25b6\ufe0f YouTube: <a class=\"decorated-link\" href=\"https:\/\/www.youtube.com\/@EhrlichVietNam\" target=\"_new\" rel=\"noopener\" data-start=\"5610\" data-end=\"5649\">https:\/\/www.youtube.com\/@EhrlichVietNam<\/a><\/p>\n<p data-start=\"5653\" data-end=\"5698\">\ud83d\ude9a Giao h\u00e0ng to\u00e0n qu\u1ed1c \u2013 t\u01b0 v\u1ea5n nhanh ch\u00f3ng<\/p>\n<p data-start=\"5700\" data-end=\"5746\">\ud83d\udc49 <strong data-start=\"5703\" data-end=\"5746\">Inbox ngay \u0111\u1ec3 nh\u1eadn \u01b0u \u0111\u00e3i th\u00eam h\u00f4m nay!<\/strong><\/p>\n","protected":false},"excerpt":{"rendered":"<p data-start=\"106\" data-end=\"188\">\ud83c\udf1f <strong data-start=\"109\" data-end=\"186\">Combo thi\u1ebft b\u1ecb v\u1ec7 sinh Ehrlich \u2013 Ho\u00e0n thi\u1ec7n ph\u00f2ng t\u1eafm theo phong c\u00e1ch \u0110\u1ee9c<\/strong><\/p>\n<p data-start=\"190\" data-end=\"498\">Kh\u00f4ng gian ph\u00f2ng t\u1eafm kh\u00f4ng ch\u1ec9 l\u00e0 n\u01a1i sinh ho\u1ea1t h\u1eb1ng ng\u00e0y, m\u00e0 c\u00f2n l\u00e0 n\u01a1i t\u00e1i t\u1ea1o n\u0103ng l\u01b0\u1ee3ng, t\u1eadn h\u01b0\u1edfng s\u1ef1 th\u01b0 gi\u00e3n sau m\u1ed9t ng\u00e0y d\u00e0i. V\u1edbi tri\u1ebft l\u00fd <strong data-start=\"336\" data-end=\"369\">\u201ctinh t\u1ebf trong t\u1eebng chi ti\u1ebft\u201d<\/strong>, Ehrlich mang \u0111\u1ebfn combo thi\u1ebft b\u1ecb v\u1ec7 sinh \u0111\u1ed3ng b\u1ed9, gi\u00fap ph\u00f2ng t\u1eafm tr\u1edf th\u00e0nh <strong data-start=\"445\" data-end=\"495\">m\u1ed9t t\u1ed5ng th\u1ec3 sang tr\u1ecdng, hi\u1ec7n \u0111\u1ea1i v\u00e0 ti\u1ec7n nghi<\/strong>.<\/p>\n<p data-start=\"500\" data-end=\"778\">\u2728 M\u1ed7i s\u1ea3n ph\u1ea9m trong combo \u0111\u1ec1u \u0111\u01b0\u1ee3c ch\u1ebf t\u00e1c t\u1eeb ch\u1ea5t li\u1ec7u cao c\u1ea5p, \u00e1p d\u1ee5ng c\u00f4ng ngh\u1ec7 ch\u1ed1ng b\u00e1m b\u1ea9n, ch\u1ed1ng \u1ea9m m\u1ed1c v\u00e0 t\u1ed1i \u01b0u c\u00f4ng n\u0103ng s\u1eed d\u1ee5ng. Khi k\u1ebft h\u1ee3p tr\u1ecdn b\u1ed9, ch\u00fang t\u1ea1o n\u00ean s\u1ef1 h\u00e0i h\u00f2a tuy\u1ec7t \u0111\u1ed1i v\u1ec1 thi\u1ebft k\u1ebf, t\u1eeb ki\u1ec3u d\u00e1ng \u0111\u1ebfn m\u00e0u s\u1eafc \u2013 v\u1eeba th\u1ea9m m\u1ef9, v\u1eeba b\u1ec1n b\u1ec9 theo th\u1eddi gian.<\/p>\n<p data-start=\"780\" data-end=\"959\">\ud83d\udc8e L\u1ef1a ch\u1ecdn <strong data-start=\"792\" data-end=\"826\">combo thi\u1ebft b\u1ecb v\u1ec7 sinh Ehrlich<\/strong> ch\u00ednh l\u00e0 l\u1ef1a ch\u1ecdn s\u1ef1 <strong data-start=\"848\" data-end=\"870\">\u0111\u1eb3ng c\u1ea5p chu\u1ea9n \u0110\u1ee9c<\/strong>, mang \u0111\u1ebfn tr\u1ea3i nghi\u1ec7m tho\u1ea3i m\u00e1i, ti\u1ec7n l\u1ee3i v\u00e0 n\u00e2ng t\u1ea7m gi\u00e1 tr\u1ecb kh\u00f4ng gian s\u1ed1ng c\u1ee7a b\u1ea1n.<\/p>\n","protected":false},"featured_media":4464,"comment_status":"open","ping_status":"closed","template":"","meta":{"_acf_changed":false},"product_brand":[],"product_cat":[55,77,132],"product_tag":[],"class_list":{"0":"post-4463","1":"product","2":"type-product","3":"status-publish","4":"has-post-thumbnail","6":"product_cat-combo-phong-tam","7":"product_cat-combo","8":"product_cat-combo-dong-bo","10":"first","11":"instock","12":"sale","13":"shipping-taxable","14":"purchasable","15":"product-type-simple"},"acf":[],"_links":{"self":[{"href":"https:\/\/ehrlichvietnam.vn\/en\/wp-json\/wp\/v2\/product\/4463","targetHints":{"allow":["GET"]}}],"collection":[{"href":"https:\/\/ehrlichvietnam.vn\/en\/wp-json\/wp\/v2\/product"}],"about":[{"href":"https:\/\/ehrlichvietnam.vn\/en\/wp-json\/wp\/v2\/types\/product"}],"replies":[{"embeddable":true,"href":"https:\/\/ehrlichvietnam.vn\/en\/wp-json\/wp\/v2\/comments?post=4463"}],"wp:featuredmedia":[{"embeddable":true,"href":"https:\/\/ehrlichvietnam.vn\/en\/wp-json\/wp\/v2\/media\/4464"}],"wp:attachment":[{"href":"https:\/\/ehrlichvietnam.vn\/en\/wp-json\/wp\/v2\/media?parent=4463"}],"wp:term":[{"taxonomy":"product_brand","embeddable":true,"href":"https:\/\/ehrlichvietnam.vn\/en\/wp-json\/wp\/v2\/product_brand?post=4463"},{"taxonomy":"product_cat","embeddable":true,"href":"https:\/\/ehrlichvietnam.vn\/en\/wp-json\/wp\/v2\/product_cat?post=4463"},{"taxonomy":"product_tag","embeddable":true,"href":"https:\/\/ehrlichvietnam.vn\/en\/wp-json\/wp\/v2\/product_tag?post=4463"}],"curies":[{"name":"wp","href":"https:\/\/api.w.org\/{rel}","templated":true}]}}