{"id":4457,"date":"2026-03-30T10:03:20","date_gmt":"2026-03-30T10:03:20","guid":{"rendered":"https:\/\/ehrlichvietnam.vn\/?post_type=product&#038;p=4457"},"modified":"2026-03-30T10:06:54","modified_gmt":"2026-03-30T10:06:54","slug":"combo-dong-bo-09","status":"publish","type":"product","link":"https:\/\/ehrlichvietnam.vn\/combo-dong-bo-09\/","title":{"rendered":"Combo \u0110\u1ed3ng B\u1ed9 &#8211; 09"},"content":{"rendered":"<h1 data-start=\"258\" data-end=\"349\">Combo Thi\u1ebft B\u1ecb V\u1ec7 Sinh Ehrlich \u0110\u1ed3ng B\u1ed9 &#8211; 09 \u2013 Tr\u1ecdn B\u1ed9 Cao C\u1ea5p Chu\u1ea9n \u0110\u1ee9c Gi\u00e1 \u01afu \u0110\u00e3i 12.786.000\u0111<\/h1>\n<p data-start=\"351\" data-end=\"644\">Trong xu h\u01b0\u1edbng thi\u1ebft k\u1ebf n\u1ed9i th\u1ea5t hi\u1ec7n \u0111\u1ea1i, ph\u00f2ng t\u1eafm kh\u00f4ng ch\u1ec9 l\u00e0 n\u01a1i sinh ho\u1ea1t h\u1eb1ng ng\u00e0y m\u00e0 c\u00f2n tr\u1edf th\u00e0nh kh\u00f4ng gian th\u01b0 gi\u00e3n v\u00e0 th\u1ec3 hi\u1ec7n phong c\u00e1ch s\u1ed1ng c\u1ee7a gia ch\u1ee7. M\u1ed9t ph\u00f2ng t\u1eafm \u0111\u1eb9p, \u0111\u1ed3ng b\u1ed9 thi\u1ebft b\u1ecb, ti\u1ec7n nghi v\u00e0 sang tr\u1ecdng s\u1ebd gi\u00fap n\u00e2ng t\u1ea7m ch\u1ea5t l\u01b0\u1ee3ng cu\u1ed9c s\u1ed1ng c\u0169ng nh\u01b0 gi\u00e1 tr\u1ecb ng\u00f4i nh\u00e0.<\/p>\n<p data-start=\"646\" data-end=\"973\">N\u1ebfu b\u1ea1n \u0111ang t\u00ecm ki\u1ebfm m\u1ed9t combo thi\u1ebft b\u1ecb v\u1ec7 sinh cao c\u1ea5p \u0111\u1ea7y \u0111\u1ee7 t\u1eeb b\u1ed3n c\u1ea7u, t\u1ee7 ch\u1eadu l\u01b0u tr\u1eef cho \u0111\u1ebfn sen c\u00e2y hi\u1ec7n \u0111\u1ea1i v\u00e0 ph\u1ee5 ki\u1ec7n \u0111\u1ed3ng b\u1ed9, th\u00ec <strong data-start=\"800\" data-end=\"842\">Combo thi\u1ebft b\u1ecb v\u1ec7 sinh Ehrlich \u0110\u1ed3ng B\u1ed9 &#8211; 09 <\/strong>ch\u00ednh l\u00e0 l\u1ef1a ch\u1ecdn ho\u00e0n h\u1ea3o. Hi\u1ec7n combo \u0111ang \u01b0u \u0111\u00e3i ch\u1ec9 c\u00f2n <strong data-start=\"902\" data-end=\"917\">10.786.000\u0111<\/strong> (gi\u00e1 g\u1ed1c 22.681.000\u0111), gi\u00fap ti\u1ebft ki\u1ec7m g\u1ea7n 8 tri\u1ec7u \u0111\u1ed3ng.<\/p>\n<hr data-start=\"975\" data-end=\"978\" \/>\n<h2 data-start=\"980\" data-end=\"1031\">T\u1ed5ng Quan Combo Thi\u1ebft B\u1ecb V\u1ec7 Sinh Ehrlich \u0110\u1ed3ng B\u1ed9 &#8211; 09<\/h2>\n<p data-start=\"1033\" data-end=\"1285\"><strong data-start=\"1033\" data-end=\"1058\">Combo Ehrlich \u0110\u1ed3ng B\u1ed9 &#8211; 09 <\/strong>l\u00e0 b\u1ed9 thi\u1ebft b\u1ecb v\u1ec7 sinh cao c\u1ea5p chu\u1ea9n \u0110\u1ee9c, \u0111\u01b0\u1ee3c ph\u1ed1i s\u1eb5n tr\u1ecdn b\u1ed9 cho ph\u00f2ng t\u1eafm hi\u1ec7n \u0111\u1ea1i. Combo mang phong c\u00e1ch <strong data-start=\"1169\" data-end=\"1186\">Germany Style<\/strong> t\u1ed1i gi\u1ea3n nh\u01b0ng sang tr\u1ecdng, ph\u00f9 h\u1ee3p cho nhi\u1ec1u c\u00f4ng tr\u00ecnh t\u1eeb chung c\u01b0 cao c\u1ea5p, nh\u00e0 ph\u1ed1 \u0111\u1ebfn bi\u1ec7t th\u1ef1.<\/p>\n<p data-start=\"1287\" data-end=\"1301\">Combo bao g\u1ed3m:<\/p>\n<ul data-start=\"1303\" data-end=\"1889\">\n<li data-start=\"1303\" data-end=\"1372\">\n<p data-start=\"1305\" data-end=\"1372\"><strong data-start=\"1305\" data-end=\"1339\">B\u1ed3n c\u1ea7u 1 kh\u1ed1i Ehrlich cao c\u1ea5p<\/strong> thi\u1ebft k\u1ebf li\u1ec1n m\u1ea1ch, d\u1ec5 v\u1ec7 sinh<\/p>\n<\/li>\n<li data-start=\"1373\" data-end=\"1441\">\n<p data-start=\"1375\" data-end=\"1441\"><strong data-start=\"1375\" data-end=\"1402\">Lavabo t\u1ee7 ch\u1eadu hi\u1ec7n \u0111\u1ea1i<\/strong> t\u1ed1i \u01b0u kh\u00f4ng gian, t\u0103ng t\u00ednh th\u1ea9m m\u1ef9<\/p>\n<\/li>\n<li data-start=\"1503\" data-end=\"1573\">\n<p data-start=\"1505\" data-end=\"1573\"><strong data-start=\"1505\" data-end=\"1538\">Sen c\u00e2y hi\u1ec7n \u0111\u1ea1i <\/strong>\u00a0mang l\u1ea1i tr\u1ea3i nghi\u1ec7m spa t\u1ea1i nh\u00e0<\/p>\n<\/li>\n<li data-start=\"1574\" data-end=\"1624\">\n<p data-start=\"1576\" data-end=\"1624\"><strong data-start=\"1576\" data-end=\"1605\">V\u00f2i lavabo inox s\u00e1ng b\u00f3ng<\/strong> thi\u1ebft k\u1ebf tinh t\u1ebf<\/p>\n<\/li>\n<li data-start=\"1625\" data-end=\"1796\">\n<p data-start=\"1627\" data-end=\"1679\"><strong data-start=\"1627\" data-end=\"1672\">B\u1ed9 ph\u1ee5 ki\u1ec7n ph\u00f2ng t\u1eafm inox \u0111\u1ed3ng b\u1ed9 \u0111\u1ea7y \u0111\u1ee7<\/strong> g\u1ed3m:<\/p>\n<ul data-start=\"1682\" data-end=\"1796\">\n<li data-start=\"1682\" data-end=\"1707\">\n<p data-start=\"1684\" data-end=\"1707\">V\u1eaft kh\u0103n cao c\u1ea5p<\/p>\n<\/li>\n<li data-start=\"1710\" data-end=\"1728\">\n<p data-start=\"1712\" data-end=\"1728\">M\u00f3c qu\u1ea7n \u00e1o ti\u1ec7n l\u1ee3i<\/p>\n<\/li>\n<li data-start=\"1731\" data-end=\"1767\">\n<p data-start=\"1733\" data-end=\"1767\">K\u1ec7 ly<\/p>\n<\/li>\n<\/ul>\n<\/li>\n<li data-start=\"1797\" data-end=\"1839\">\n<p data-start=\"1799\" data-end=\"1839\"><strong data-start=\"1799\" data-end=\"1828\">V\u00f2i x\u1ecbt v\u1ec7 sinh + van kh\u00f3a<\/strong>\u00a0ti\u1ec7n l\u1ee3i<\/p>\n<\/li>\n<\/ul>\n<p data-start=\"1891\" data-end=\"2022\">Ch\u1ec9 v\u1edbi m\u1ed9t combo duy nh\u1ea5t, b\u1ea1n \u0111\u00e3 ho\u00e0n thi\u1ec7n ph\u00f2ng t\u1eafm tr\u1ecdn g\u00f3i, \u0111\u1ed3ng b\u1ed9 v\u00e0 c\u1ef1c k\u1ef3 sang tr\u1ecdng m\u00e0 kh\u00f4ng c\u1ea7n mua th\u00eam s\u1ea3n ph\u1ea9m kh\u00e1c.<\/p>\n<hr data-start=\"2024\" data-end=\"2027\" \/>\n<h2 data-start=\"2029\" data-end=\"2087\">V\u00ec Sao Combo Ehrlich \u0110\u1ed3ng B\u1ed9 &#8211; 09 \u0110\u01b0\u1ee3c Kh\u00e1ch H\u00e0ng \u01afa Chu\u1ed9ng?<\/h2>\n<h3 data-start=\"2089\" data-end=\"2130\">1. Ti\u1ebft Ki\u1ec7m Chi Ph\u00ed G\u1ea7n 9 Tri\u1ec7u \u0110\u1ed3ng<\/h3>\n<p data-start=\"2132\" data-end=\"2231\">Mua thi\u1ebft b\u1ecb v\u1ec7 sinh theo combo lu\u00f4n gi\u00fap kh\u00e1ch h\u00e0ng ti\u1ebft ki\u1ec7m \u0111\u00e1ng k\u1ec3 so v\u1edbi mua l\u1ebb t\u1eebng s\u1ea3n ph\u1ea9m.<\/p>\n<p data-start=\"2233\" data-end=\"2251\">V\u1edbi Combo \u0110\u1ed3ng B\u1ed9 &#8211; 09:<\/p>\n<ul data-start=\"2253\" data-end=\"2311\">\n<li data-start=\"2253\" data-end=\"2281\">\n<p data-start=\"2255\" data-end=\"2281\">Gi\u00e1 g\u1ed1c: <strong data-start=\"2264\" data-end=\"2279\">22.681.000\u0111<\/strong><\/p>\n<\/li>\n<li data-start=\"2282\" data-end=\"2311\">\n<p data-start=\"2284\" data-end=\"2311\">Gi\u00e1 \u01b0u \u0111\u00e3i: <strong>12.786.000\u0111<\/strong><\/p>\n<\/li>\n<\/ul>\n<p data-start=\"2313\" data-end=\"2407\">\ud83d\udc49 Ti\u1ebft ki\u1ec7m g\u1ea7n <strong data-start=\"2330\" data-end=\"2348\">9 tri\u1ec7u \u0111\u1ed3ng<\/strong> nh\u01b0ng v\u1eabn s\u1edf h\u1eefu tr\u1ecdn b\u1ed9 thi\u1ebft b\u1ecb v\u1ec7 sinh cao c\u1ea5p \u0111\u1ed3ng b\u1ed9.<\/p>\n<p data-start=\"2409\" data-end=\"2427\">Combo ph\u00f9 h\u1ee3p cho:<\/p>\n<ul data-start=\"2429\" data-end=\"2524\">\n<li data-start=\"2429\" data-end=\"2453\">\n<p data-start=\"2431\" data-end=\"2453\">Gia \u0111\u00ecnh x\u00e2y nh\u00e0 m\u1edbi<\/p>\n<\/li>\n<li data-start=\"2454\" data-end=\"2474\">\n<p data-start=\"2456\" data-end=\"2474\">Chung c\u01b0 cao c\u1ea5p<\/p>\n<\/li>\n<li data-start=\"2475\" data-end=\"2495\">\n<p data-start=\"2477\" data-end=\"2495\">Nh\u00e0 ph\u1ed1 hi\u1ec7n \u0111\u1ea1i<\/p>\n<\/li>\n<li data-start=\"2496\" data-end=\"2524\">\n<p data-start=\"2498\" data-end=\"2524\">Homestay, kh\u00e1ch s\u1ea1n mini<\/p>\n<\/li>\n<\/ul>\n<hr data-start=\"2526\" data-end=\"2529\" \/>\n<h3 data-start=\"2531\" data-end=\"2593\">2. Lavabo T\u1ee7 Ch\u1eadu \u2013 Gi\u1ea3i Ph\u00e1p T\u1ed1i \u01afu Kh\u00f4ng Gian Sang Tr\u1ecdng<\/h3>\n<p data-start=\"2595\" data-end=\"2656\">Combo \u0110\u1ed3ng B\u1ed9 &#8211; 09 \u0111\u01b0\u1ee3c trang b\u1ecb lavabo t\u00edch h\u1ee3p t\u1ee7 ch\u1eadu hi\u1ec7n \u0111\u1ea1i.<\/p>\n<p data-start=\"2658\" data-end=\"2674\">\u01afu \u0111i\u1ec3m n\u1ed5i b\u1eadt:<\/p>\n<ul data-start=\"2676\" data-end=\"2856\">\n<li data-start=\"2676\" data-end=\"2712\">\n<p data-start=\"2678\" data-end=\"2712\">Gi\u00fap ph\u00f2ng t\u1eafm g\u1ecdn g\u00e0ng, s\u1ea1ch s\u1ebd<\/p>\n<\/li>\n<li data-start=\"2713\" data-end=\"2756\">\n<p data-start=\"2715\" data-end=\"2756\">T\u0103ng kh\u00f4ng gian l\u01b0u tr\u1eef \u0111\u1ed3 d\u00f9ng c\u00e1 nh\u00e2n<\/p>\n<\/li>\n<li data-start=\"2757\" data-end=\"2805\">\n<p data-start=\"2759\" data-end=\"2805\">Thi\u1ebft k\u1ebf treo t\u01b0\u1eddng t\u1ea1o c\u1ea3m gi\u00e1c tho\u00e1ng r\u1ed9ng<\/p>\n<\/li>\n<li data-start=\"2806\" data-end=\"2856\">\n<p data-start=\"2808\" data-end=\"2856\">Mang phong c\u00e1ch sang tr\u1ecdng nh\u01b0 kh\u00e1ch s\u1ea1n 5 sao<\/p>\n<\/li>\n<\/ul>\n<p data-start=\"2858\" data-end=\"2950\">T\u1ee7 ch\u1eadu \u0111ang l\u00e0 xu h\u01b0\u1edbng n\u1ed9i th\u1ea5t ph\u00f2ng t\u1eafm \u0111\u01b0\u1ee3c r\u1ea5t nhi\u1ec1u gia \u0111\u00ecnh tr\u1ebb l\u1ef1a ch\u1ecdn hi\u1ec7n nay.<\/p>\n<hr data-start=\"2952\" data-end=\"2955\" \/>\n<h3 data-start=\"2957\" data-end=\"3002\">3. G\u01b0\u01a1ng T\u1ee7 L\u01b0u Tr\u1eef \u2013 \u0110a N\u0103ng V\u00e0 \u0110\u1eb3ng C\u1ea5p<\/h3>\n<p data-start=\"3004\" data-end=\"3078\">M\u1ed9t \u0111i\u1ec3m c\u1ed9ng l\u1edbn c\u1ee7a Combo Ehrlich \u0110\u1ed3ng B\u1ed9 &#8211; 09 ch\u00ednh l\u00e0 <strong data-start=\"3057\" data-end=\"3077\">t\u1ee7 ch\u1eadu \u0111a n\u0103ng<\/strong>.<\/p>\n<ul data-start=\"3080\" data-end=\"3211\">\n<li data-start=\"3080\" data-end=\"3109\">\n<p data-start=\"3082\" data-end=\"3109\">V\u1eeba l\u00e0 g\u01b0\u01a1ng soi hi\u1ec7n \u0111\u1ea1i<\/p>\n<\/li>\n<li data-start=\"3110\" data-end=\"3142\">\n<p data-start=\"3112\" data-end=\"3142\">V\u1eeba c\u00f3 ng\u0103n ch\u1ee9a \u0111\u1ed3 ti\u1ec7n l\u1ee3i<\/p>\n<\/li>\n<li data-start=\"3143\" data-end=\"3175\">\n<p data-start=\"3145\" data-end=\"3175\">Gi\u00fap ph\u00f2ng t\u1eafm lu\u00f4n g\u1ecdn g\u00e0ng<\/p>\n<\/li>\n<li data-start=\"3176\" data-end=\"3211\">\n<p data-start=\"3178\" data-end=\"3211\">T\u0103ng t\u00ednh th\u1ea9m m\u1ef9 v\u00e0 sang tr\u1ecdng<\/p>\n<\/li>\n<\/ul>\n<p data-start=\"3213\" data-end=\"3302\">\u0110\u00e2y l\u00e0 l\u1ef1a ch\u1ecdn ho\u00e0n h\u1ea3o cho nh\u1eefng ai mu\u1ed1n ph\u00f2ng t\u1eafm t\u1ed1i gi\u1ea3n nh\u01b0ng v\u1eabn \u0111\u1ea7y \u0111\u1ee7 ti\u1ec7n nghi.<\/p>\n<hr data-start=\"3304\" data-end=\"3307\" \/>\n<h3 data-start=\"3309\" data-end=\"3362\">4. Sen C\u00e2y Cao C\u1ea5p \u2013 Tr\u1ea3i Nghi\u1ec7m Spa Ngay T\u1ea1i Nh\u00e0<\/h3>\n<p data-start=\"3364\" data-end=\"3454\">Combo \u0110\u1ed3ng B\u1ed9 &#8211; 09 trang b\u1ecb sen c\u00e2y hi\u1ec7n \u0111\u1ea1i, mang l\u1ea1i tr\u1ea3i nghi\u1ec7m th\u01b0 gi\u00e3n tuy\u1ec7t v\u1eddi:<\/p>\n<ul data-start=\"3456\" data-end=\"3584\">\n<li data-start=\"3456\" data-end=\"3489\">\n<p data-start=\"3458\" data-end=\"3489\">Thi\u1ebft k\u1ebf sang tr\u1ecdng, hi\u1ec7n \u0111\u1ea1i<\/p>\n<\/li>\n<li data-start=\"3490\" data-end=\"3524\">\n<p data-start=\"3492\" data-end=\"3524\">D\u00f2ng n\u01b0\u1edbc m\u1ea1nh, \u0111\u1ec1u v\u00e0 d\u1ec5 ch\u1ecbu<\/p>\n<\/li>\n<li data-start=\"3525\" data-end=\"3549\">\n<p data-start=\"3527\" data-end=\"3549\">B\u00e1t sen c\u1ea7m tay ti\u1ec7n l\u1ee3i<\/p>\n<\/li>\n<li data-start=\"3550\" data-end=\"3584\">\n<p data-start=\"3552\" data-end=\"3584\">Ch\u1ea5t li\u1ec7u \u0111\u1ed3ng m\u1ea1\u00a0 b\u1ec1n b\u1ec9<\/p>\n<\/li>\n<\/ul>\n<p data-start=\"3586\" data-end=\"3654\">T\u1eafm m\u1ed7i ng\u00e0y s\u1ebd tr\u1edf th\u00e0nh tr\u1ea3i nghi\u1ec7m th\u01b0 gi\u00e3n nh\u01b0 spa ngay t\u1ea1i nh\u00e0.<\/p>\n<hr data-start=\"3656\" data-end=\"3659\" \/>\n<h3 data-start=\"3661\" data-end=\"3712\">5. B\u1ed3n C\u1ea7u 1 Kh\u1ed1i Cao C\u1ea5p \u2013 D\u1ec5 V\u1ec7 Sinh, B\u1ec1n \u0110\u1eb9p<\/h3>\n<p data-start=\"3714\" data-end=\"3777\">B\u1ed3n c\u1ea7u trong combo \u0110\u1ed3ng B\u1ed9 &#8211; 09 l\u00e0 m\u1eabu <strong data-start=\"3749\" data-end=\"3776\">b\u1ed3n c\u1ea7u 1 kh\u1ed1i hi\u1ec7n \u0111\u1ea1i<\/strong>:<\/p>\n<ul data-start=\"3779\" data-end=\"3911\">\n<li data-start=\"3779\" data-end=\"3812\">\n<p data-start=\"3781\" data-end=\"3812\">Thi\u1ebft k\u1ebf li\u1ec1n m\u1ea1ch sang tr\u1ecdng<\/p>\n<\/li>\n<li data-start=\"3813\" data-end=\"3845\">\n<p data-start=\"3815\" data-end=\"3845\">D\u1ec5 lau ch\u00f9i, h\u1ea1n ch\u1ebf b\u00e1m b\u1ea9n<\/p>\n<\/li>\n<li data-start=\"3846\" data-end=\"3884\">\n<p data-start=\"3848\" data-end=\"3884\">Ph\u00f9 h\u1ee3p nhi\u1ec1u phong c\u00e1ch ph\u00f2ng t\u1eafm<\/p>\n<\/li>\n<li data-start=\"3885\" data-end=\"3911\">\n<p data-start=\"3887\" data-end=\"3911\">B\u1ec1n \u0111\u1eb9p theo th\u1eddi gian<\/p>\n<\/li>\n<\/ul>\n<p data-start=\"3913\" data-end=\"3965\">\u0110\u00e2y l\u00e0 l\u1ef1a ch\u1ecdn h\u00e0ng \u0111\u1ea7u cho c\u00e1c c\u00f4ng tr\u00ecnh cao c\u1ea5p.<\/p>\n<hr data-start=\"3967\" data-end=\"3970\" \/>\n<h3 data-start=\"3972\" data-end=\"4015\">6. B\u1ed9 Ph\u1ee5 Ki\u1ec7n Ph\u00f2ng T\u1eafm \u0110\u1ed3ng B\u1ed9 \u0110\u1ea7y \u0110\u1ee7<\/h3>\n<p data-start=\"4017\" data-end=\"4120\">Combo \u0110\u1ed3ng B\u1ed9 &#8211; 09 \u0111\u01b0\u1ee3c \u0111\u00e1nh gi\u00e1 cao v\u00ec \u0111i k\u00e8m b\u1ed9 ph\u1ee5 ki\u1ec7n inox \u0111\u1ea7y \u0111\u1ee7, gi\u00fap ho\u00e0n thi\u1ec7n ph\u00f2ng t\u1eafm ti\u1ec7n nghi:<\/p>\n<ul data-start=\"4122\" data-end=\"4216\">\n<li data-start=\"4122\" data-end=\"4139\">\n<p data-start=\"4124\" data-end=\"4139\">V\u1eaft kh\u0103n<\/p>\n<\/li>\n<li data-start=\"4140\" data-end=\"4156\">\n<p data-start=\"4142\" data-end=\"4156\">M\u00f3c qu\u1ea7n \u00e1o<\/p>\n<\/li>\n<li data-start=\"4157\" data-end=\"4177\">\n<p data-start=\"4159\" data-end=\"4177\">K\u1ec7 ly<\/p>\n<\/li>\n<\/ul>\n<p data-start=\"4218\" data-end=\"4268\">T\u1ea5t c\u1ea3 \u0111\u1ec1u \u0111\u1ed3ng b\u1ed9, sang tr\u1ecdng v\u00e0 c\u1ef1c k\u1ef3 ti\u1ec7n l\u1ee3i.<\/p>\n<hr data-start=\"4270\" data-end=\"4273\" \/>\n<h3 data-start=\"4275\" data-end=\"4332\">7. Ch\u1ea5t Li\u1ec7u Cao C\u1ea5p \u2013 B\u1ec1n B\u1ec9 Trong M\u00f4i Tr\u01b0\u1eddng \u1ea8m \u01af\u1edbt<\/h3>\n<p data-start=\"4334\" data-end=\"4388\">Ehrlich cam k\u1ebft s\u1ea3n ph\u1ea9m cao c\u1ea5p v\u1edbi \u0111\u1ed9 b\u1ec1n v\u01b0\u1ee3t tr\u1ed9i:<\/p>\n<ul data-start=\"4390\" data-end=\"4572\">\n<li data-start=\"4390\" data-end=\"4431\">\n<p data-start=\"4392\" data-end=\"4431\">S\u1ee9 tr\u00e1ng men ch\u1ed1ng b\u00e1m b\u1ea9n, s\u00e1ng b\u00f3ng<\/p>\n<\/li>\n<li data-start=\"4432\" data-end=\"4470\">\n<p data-start=\"4434\" data-end=\"4470\">Inox ch\u1ed1ng g\u1ec9 s\u00e9t, kh\u00f4ng bong tr\u00f3c<\/p>\n<\/li>\n<li data-start=\"4471\" data-end=\"4505\">\n<p data-start=\"4473\" data-end=\"4505\">Ph\u1ee5 ki\u1ec7n ch\u1eafc ch\u1eafn, sang tr\u1ecdng<\/p>\n<\/li>\n<li data-start=\"4506\" data-end=\"4538\">\n<p data-start=\"4508\" data-end=\"4538\">Sen c\u00e2y ch\u1ecbu \u00e1p l\u1ef1c n\u01b0\u1edbc t\u1ed1t<\/p>\n<\/li>\n<li data-start=\"4539\" data-end=\"4572\">\n<p data-start=\"4541\" data-end=\"4572\">G\u01b0\u01a1ng t\u1ee7 ch\u1ed1ng \u1ed1 m\u1ed1c, b\u1ec1n l\u00e2u<\/p>\n<\/li>\n<\/ul>\n<p data-start=\"4574\" data-end=\"4640\">Nh\u1edd \u0111\u00f3 combo lu\u00f4n gi\u1eef \u0111\u01b0\u1ee3c v\u1ebb \u0111\u1eb9p nh\u01b0 m\u1edbi trong nhi\u1ec1u n\u0103m s\u1eed d\u1ee5ng.<\/p>\n<hr data-start=\"4642\" data-end=\"4645\" \/>\n<h2 data-start=\"4647\" data-end=\"4678\">Mi\u1ec5n Ph\u00ed Giao H\u00e0ng To\u00e0n Qu\u1ed1c<\/h2>\n<p data-start=\"4680\" data-end=\"4737\">Khi mua Combo Ehrlich \u0110\u1ed3ng B\u1ed9 &#8211; 09, kh\u00e1ch h\u00e0ng s\u1ebd \u0111\u01b0\u1ee3c h\u1ed7 tr\u1ee3:<\/p>\n<p data-start=\"4739\" data-end=\"4831\">\ud83d\ude9a <strong data-start=\"4742\" data-end=\"4774\">Mi\u1ec5n ph\u00ed giao h\u00e0ng to\u00e0n qu\u1ed1c<\/strong><br data-start=\"4774\" data-end=\"4777\" \/>\u0110\u00f3ng g\u00f3i c\u1ea9n th\u1eadn, v\u1eadn chuy\u1ec3n nhanh ch\u00f3ng \u0111\u1ebfn t\u1eadn n\u01a1i.<\/p>\n<hr data-start=\"4833\" data-end=\"4836\" \/>\n<h2 data-start=\"4838\" data-end=\"4866\">B\u1ea3o H\u00e0nh Ch\u00ednh H\u00e3ng 3 N\u0103m<\/h2>\n<p data-start=\"4868\" data-end=\"4884\">Ehrlich cam k\u1ebft:<\/p>\n<p data-start=\"4886\" data-end=\"4993\">\ud83d\udee1\ufe0f <strong data-start=\"4890\" data-end=\"4927\">B\u1ea3o h\u00e0nh ch\u00ednh h\u00e3ng l\u00ean \u0111\u1ebfn 3 n\u0103m<\/strong><br data-start=\"4927\" data-end=\"4930\" \/>H\u1ed7 tr\u1ee3 k\u1ef9 thu\u1eadt nhanh ch\u00f3ng, gi\u00fap kh\u00e1ch h\u00e0ng y\u00ean t\u00e2m tuy\u1ec7t \u0111\u1ed1i.<\/p>\n<hr data-start=\"4995\" data-end=\"4998\" \/>\n<h2 data-start=\"5000\" data-end=\"5043\">Gi\u00e1 \u01afu \u0110\u00e3i Combo \u0110\u1ed3ng B\u1ed9 &#8211; 09 H\u00f4m Nay<\/h2>\n<p data-start=\"5045\" data-end=\"5104\">\ud83d\udd25 Gi\u00e1 g\u1ed1c: <strong>22.681.000\u0111<\/strong><br data-start=\"5072\" data-end=\"5075\" \/>\u2705 Gi\u00e1 \u01b0u \u0111\u00e3i: <strong>12.786.000\u0111<\/strong><\/p>\n<p data-start=\"5106\" data-end=\"5187\">S\u1ed1 l\u01b0\u1ee3ng combo \u01b0u \u0111\u00e3i c\u00f3 h\u1ea1n, kh\u00e1ch h\u00e0ng n\u00ean \u0111\u1eb7t mua s\u1edbm \u0111\u1ec3 gi\u1eef m\u1ee9c gi\u00e1 t\u1ed1t nh\u1ea5t.<\/p>\n<hr data-start=\"5189\" data-end=\"5192\" \/>\n<h2 data-start=\"5194\" data-end=\"5240\">\ud83d\udcde Li\u00ean H\u1ec7 \u0110\u1eb7t Mua Combo Ehrlich Ch\u00ednh H\u00e3ng<\/h2>\n<p data-start=\"5242\" data-end=\"5408\">N\u1ebfu b\u1ea1n \u0111ang t\u00ecm ki\u1ebfm combo thi\u1ebft b\u1ecb v\u1ec7 sinh cao c\u1ea5p, sang tr\u1ecdng v\u00e0 \u0111\u1ea7y \u0111\u1ee7 ti\u1ec7n nghi v\u1edbi lavabo t\u1ee7 treo + g\u01b0\u01a1ng t\u1ee7 \u0111a n\u0103ng th\u00ec <strong>Combo \u0110\u1ed3ng B\u1ed9 &#8211; 09 <\/strong>ch\u00ednh l\u00e0 l\u1ef1a ch\u1ecdn ho\u00e0n h\u1ea3o.<\/p>\n<p data-start=\"5410\" data-end=\"5525\"><strong data-start=\"5410\" data-end=\"5461\">Ehrlich Vi\u1ec7t Nam \u2013 Thi\u1ebft B\u1ecb Nh\u00e0 B\u1ebfp &amp; Ph\u00f2ng T\u1eafm<\/strong><br data-start=\"5461\" data-end=\"5464\" \/>\ud83d\udccd \u0110\u1ecba ch\u1ec9: <strong data-start=\"5476\" data-end=\"5525\">S\u1ed1 6 Li\u1ec1n K\u1ec1 22, K\u0110T V\u0103n Kh\u00ea, H\u00e0 \u0110\u00f4ng, H\u00e0 N\u1ed9i<\/strong><\/p>\n<p data-start=\"5527\" data-end=\"5651\">\ud83c\udf10 Website: <a class=\"decorated-link\" href=\"https:\/\/ehrlichvietnam.vn\/\" target=\"_new\" rel=\"noopener\" data-start=\"5539\" data-end=\"5565\">https:\/\/ehrlichvietnam.vn\/<\/a><br data-start=\"5565\" data-end=\"5568\" \/>\ud83d\udcde Hotline: <strong data-start=\"5580\" data-end=\"5597\">0932 27 05 20<\/strong><br data-start=\"5597\" data-end=\"5600\" \/>\ud83d\udcac Zalo OA: <a class=\"decorated-link\" href=\"https:\/\/zalo.me\/s\/2888141157129558325\" target=\"_new\" rel=\"noopener\" data-start=\"5612\" data-end=\"5649\">https:\/\/zalo.me\/s\/2888141157129558325<\/a><\/p>\n<p data-start=\"5653\" data-end=\"5764\">\ud83c\udfa5 TikTok: <a class=\"decorated-link\" href=\"https:\/\/www.tiktok.com\/@ehrlich.chia.s?_r=1\" target=\"_new\" rel=\"noopener\" data-start=\"5664\" data-end=\"5708\">https:\/\/www.tiktok.com\/@ehrlichthietbivesinh<\/a><br data-start=\"5708\" data-end=\"5711\" \/>\u25b6\ufe0f YouTube: <a class=\"decorated-link\" href=\"https:\/\/www.youtube.com\/@EhrlichVietNam\" target=\"_new\" rel=\"noopener\" data-start=\"5723\" data-end=\"5762\">https:\/\/www.youtube.com\/@EhrlichVietNam<\/a><\/p>\n<p data-start=\"5766\" data-end=\"5811\">\ud83d\ude9a Giao h\u00e0ng to\u00e0n qu\u1ed1c \u2013 t\u01b0 v\u1ea5n nhanh ch\u00f3ng<\/p>\n<p data-start=\"5813\" data-end=\"5859\">\ud83d\udc49 <strong data-start=\"5816\" data-end=\"5859\">Inbox ngay \u0111\u1ec3 nh\u1eadn \u01b0u \u0111\u00e3i th\u00eam h\u00f4m nay!<\/strong><\/p>\n","protected":false},"excerpt":{"rendered":"<p data-start=\"106\" data-end=\"188\">\ud83c\udf1f <strong data-start=\"109\" data-end=\"186\">Combo thi\u1ebft b\u1ecb v\u1ec7 sinh Ehrlich \u2013 Ho\u00e0n thi\u1ec7n ph\u00f2ng t\u1eafm theo phong c\u00e1ch \u0110\u1ee9c<\/strong><\/p>\n<p data-start=\"190\" data-end=\"498\">Kh\u00f4ng gian ph\u00f2ng t\u1eafm kh\u00f4ng ch\u1ec9 l\u00e0 n\u01a1i sinh ho\u1ea1t h\u1eb1ng ng\u00e0y, m\u00e0 c\u00f2n l\u00e0 n\u01a1i t\u00e1i t\u1ea1o n\u0103ng l\u01b0\u1ee3ng, t\u1eadn h\u01b0\u1edfng s\u1ef1 th\u01b0 gi\u00e3n sau m\u1ed9t ng\u00e0y d\u00e0i. V\u1edbi tri\u1ebft l\u00fd <strong data-start=\"336\" data-end=\"369\">\u201ctinh t\u1ebf trong t\u1eebng chi ti\u1ebft\u201d<\/strong>, Ehrlich mang \u0111\u1ebfn combo thi\u1ebft b\u1ecb v\u1ec7 sinh \u0111\u1ed3ng b\u1ed9, gi\u00fap ph\u00f2ng t\u1eafm tr\u1edf th\u00e0nh <strong data-start=\"445\" data-end=\"495\">m\u1ed9t t\u1ed5ng th\u1ec3 sang tr\u1ecdng, hi\u1ec7n \u0111\u1ea1i v\u00e0 ti\u1ec7n nghi<\/strong>.<\/p>\n<p data-start=\"500\" data-end=\"778\">\u2728 M\u1ed7i s\u1ea3n ph\u1ea9m trong combo \u0111\u1ec1u \u0111\u01b0\u1ee3c ch\u1ebf t\u00e1c t\u1eeb ch\u1ea5t li\u1ec7u cao c\u1ea5p, \u00e1p d\u1ee5ng c\u00f4ng ngh\u1ec7 ch\u1ed1ng b\u00e1m b\u1ea9n, ch\u1ed1ng \u1ea9m m\u1ed1c v\u00e0 t\u1ed1i \u01b0u c\u00f4ng n\u0103ng s\u1eed d\u1ee5ng. Khi k\u1ebft h\u1ee3p tr\u1ecdn b\u1ed9, ch\u00fang t\u1ea1o n\u00ean s\u1ef1 h\u00e0i h\u00f2a tuy\u1ec7t \u0111\u1ed1i v\u1ec1 thi\u1ebft k\u1ebf, t\u1eeb ki\u1ec3u d\u00e1ng \u0111\u1ebfn m\u00e0u s\u1eafc \u2013 v\u1eeba th\u1ea9m m\u1ef9, v\u1eeba b\u1ec1n b\u1ec9 theo th\u1eddi gian.<\/p>\n<p data-start=\"780\" data-end=\"959\">\ud83d\udc8e L\u1ef1a ch\u1ecdn <strong data-start=\"792\" data-end=\"826\">combo thi\u1ebft b\u1ecb v\u1ec7 sinh Ehrlich<\/strong> ch\u00ednh l\u00e0 l\u1ef1a ch\u1ecdn s\u1ef1 <strong data-start=\"848\" data-end=\"870\">\u0111\u1eb3ng c\u1ea5p chu\u1ea9n \u0110\u1ee9c<\/strong>, mang \u0111\u1ebfn tr\u1ea3i nghi\u1ec7m tho\u1ea3i m\u00e1i, ti\u1ec7n l\u1ee3i v\u00e0 n\u00e2ng t\u1ea7m gi\u00e1 tr\u1ecb kh\u00f4ng gian s\u1ed1ng c\u1ee7a b\u1ea1n.<\/p>\n","protected":false},"featured_media":4458,"comment_status":"open","ping_status":"closed","template":"","meta":{"_acf_changed":false},"product_brand":[],"product_cat":[55,77,132],"product_tag":[],"class_list":{"0":"post-4457","1":"product","2":"type-product","3":"status-publish","4":"has-post-thumbnail","6":"product_cat-combo-phong-tam","7":"product_cat-combo","8":"product_cat-combo-dong-bo","10":"first","11":"instock","12":"sale","13":"shipping-taxable","14":"purchasable","15":"product-type-simple"},"acf":[],"_links":{"self":[{"href":"https:\/\/ehrlichvietnam.vn\/en\/wp-json\/wp\/v2\/product\/4457","targetHints":{"allow":["GET"]}}],"collection":[{"href":"https:\/\/ehrlichvietnam.vn\/en\/wp-json\/wp\/v2\/product"}],"about":[{"href":"https:\/\/ehrlichvietnam.vn\/en\/wp-json\/wp\/v2\/types\/product"}],"replies":[{"embeddable":true,"href":"https:\/\/ehrlichvietnam.vn\/en\/wp-json\/wp\/v2\/comments?post=4457"}],"wp:featuredmedia":[{"embeddable":true,"href":"https:\/\/ehrlichvietnam.vn\/en\/wp-json\/wp\/v2\/media\/4458"}],"wp:attachment":[{"href":"https:\/\/ehrlichvietnam.vn\/en\/wp-json\/wp\/v2\/media?parent=4457"}],"wp:term":[{"taxonomy":"product_brand","embeddable":true,"href":"https:\/\/ehrlichvietnam.vn\/en\/wp-json\/wp\/v2\/product_brand?post=4457"},{"taxonomy":"product_cat","embeddable":true,"href":"https:\/\/ehrlichvietnam.vn\/en\/wp-json\/wp\/v2\/product_cat?post=4457"},{"taxonomy":"product_tag","embeddable":true,"href":"https:\/\/ehrlichvietnam.vn\/en\/wp-json\/wp\/v2\/product_tag?post=4457"}],"curies":[{"name":"wp","href":"https:\/\/api.w.org\/{rel}","templated":true}]}}