{"id":4445,"date":"2026-03-30T04:56:23","date_gmt":"2026-03-30T04:56:23","guid":{"rendered":"https:\/\/ehrlichvietnam.vn\/?post_type=product&#038;p=4445"},"modified":"2026-03-30T04:58:41","modified_gmt":"2026-03-30T04:58:41","slug":"combo-dong-bo-03","status":"publish","type":"product","link":"https:\/\/ehrlichvietnam.vn\/combo-dong-bo-03\/","title":{"rendered":"Combo \u0110\u1ed3ng B\u1ed9 &#8211; 03"},"content":{"rendered":"<h1 data-start=\"218\" data-end=\"304\">Combo Thi\u1ebft B\u1ecb V\u1ec7 Sinh Ehrlich \u0110\u1ed3ng B\u1ed9 &#8211; 03 \u2013 Tr\u1ecdn B\u1ed9 Cao C\u1ea5p Chu\u1ea9n \u0110\u1ee9c Gi\u00e1 Ch\u1ec9 10.368.000\u0111<\/h1>\n<p data-start=\"306\" data-end=\"626\">Trong xu h\u01b0\u1edbng thi\u1ebft k\u1ebf nh\u00e0 \u1edf hi\u1ec7n \u0111\u1ea1i, ph\u00f2ng t\u1eafm kh\u00f4ng ch\u1ec9 l\u00e0 khu v\u1ef1c sinh ho\u1ea1t \u0111\u01a1n thu\u1ea7n m\u00e0 c\u00f2n l\u00e0 kh\u00f4ng gian th\u1ec3 hi\u1ec7n phong c\u00e1ch s\u1ed1ng ti\u1ec7n nghi v\u00e0 \u0111\u1eb3ng c\u1ea5p c\u1ee7a gia ch\u1ee7. Ch\u00ednh v\u00ec v\u1eady, vi\u1ec7c l\u1ef1a ch\u1ecdn thi\u1ebft b\u1ecb v\u1ec7 sinh \u0111\u1ed3ng b\u1ed9, ch\u1ea5t l\u01b0\u1ee3ng cao v\u00e0 thi\u1ebft k\u1ebf sang tr\u1ecdng lu\u00f4n l\u00e0 \u01b0u ti\u00ean h\u00e0ng \u0111\u1ea7u khi x\u00e2y m\u1edbi ho\u1eb7c c\u1ea3i t\u1ea1o nh\u00e0 \u1edf.<\/p>\n<p data-start=\"628\" data-end=\"1007\">N\u1ebfu b\u1ea1n \u0111ang t\u00ecm ki\u1ebfm m\u1ed9t combo thi\u1ebft b\u1ecb v\u1ec7 sinh cao c\u1ea5p, \u0111\u1ea7y \u0111\u1ee7 ti\u1ec7n nghi v\u1edbi sen c\u00e2y hi\u1ec7n \u0111\u1ea1i, b\u1ed3n c\u1ea7u sang tr\u1ecdng v\u00e0 \u0111\u1eb7c bi\u1ec7t c\u00f3 th\u00eam <strong data-start=\"764\" data-end=\"797\">t\u1ee7 lavabo \u2013 g\u01b0\u01a1ng t\u1ee7 ti\u1ec7n \u00edch<\/strong>, th\u00ec <strong data-start=\"803\" data-end=\"844\">Combo thi\u1ebft b\u1ecb v\u1ec7 sinh Ehrlich \u0110\u1ed3ng B\u1ed9 &#8211; 03 <\/strong>ch\u00ednh l\u00e0 l\u1ef1a ch\u1ecdn ho\u00e0n h\u1ea3o. Hi\u1ec7n combo \u0111ang \u0111\u01b0\u1ee3c \u01b0u \u0111\u00e3i c\u1ef1c s\u1ed1c ch\u1ec9 c\u00f2n <strong>10.368.000\u0111<\/strong> (gi\u00e1 g\u1ed1c 17.800.000\u0111), gi\u00fap b\u1ea1n ti\u1ebft ki\u1ec7m h\u01a1n 7 tri\u1ec7u \u0111\u1ed3ng khi mua tr\u1ecdn b\u1ed9.<\/p>\n<hr data-start=\"1009\" data-end=\"1012\" \/>\n<h2 data-start=\"1014\" data-end=\"1064\">T\u1ed5ng Quan Combo Thi\u1ebft B\u1ecb V\u1ec7 Sinh Ehrlich \u0110\u1ed3ng B\u1ed9 &#8211; 03<\/h2>\n<p data-start=\"1066\" data-end=\"1239\"><strong data-start=\"1066\" data-end=\"1090\">Combo Ehrlich \u0110\u1ed3ng B\u1ed9 &#8211; 03 <\/strong>l\u00e0 b\u1ed9 thi\u1ebft b\u1ecb v\u1ec7 sinh cao c\u1ea5p theo phong c\u00e1ch <strong data-start=\"1138\" data-end=\"1155\">Germany Style<\/strong>, \u0111\u01b0\u1ee3c ph\u1ed1i s\u1eb5n \u0111\u1ea7y \u0111\u1ee7 c\u00e1c h\u1ea1ng m\u1ee5c quan tr\u1ecdng cho ph\u00f2ng t\u1eafm hi\u1ec7n \u0111\u1ea1i v\u00e0 sang tr\u1ecdng.<\/p>\n<p data-start=\"1241\" data-end=\"1255\">Combo bao g\u1ed3m:<\/p>\n<ul data-start=\"1257\" data-end=\"1731\">\n<li data-start=\"1257\" data-end=\"1324\">\n<p data-start=\"1259\" data-end=\"1324\"><strong data-start=\"1259\" data-end=\"1293\">B\u1ed3n c\u1ea7u 1 kh\u1ed1i Ehrlich cao c\u1ea5p<\/strong> thi\u1ebft k\u1ebf tinh t\u1ebf, d\u1ec5 v\u1ec7 sinh<\/p>\n<\/li>\n<li data-start=\"1325\" data-end=\"1384\">\n<p data-start=\"1327\" data-end=\"1384\"><strong data-start=\"1327\" data-end=\"1351\">T\u1ee7 lavabo sang tr\u1ecdng<\/strong> gi\u00fap t\u1ed1i \u01b0u kh\u00f4ng gian l\u01b0u tr\u1eef<\/p>\n<\/li>\n<li data-start=\"1385\" data-end=\"1440\">\n<p data-start=\"1387\" data-end=\"1440\"><strong data-start=\"1387\" data-end=\"1418\">G\u01b0\u01a1ng t\u1ee7 ph\u00f2ng t\u1eafm hi\u1ec7n \u0111\u1ea1i<\/strong> ti\u1ec7n \u00edch v\u00e0 th\u1ea9m m\u1ef9<\/p>\n<\/li>\n<li data-start=\"1441\" data-end=\"1492\">\n<p data-start=\"1443\" data-end=\"1492\"><strong data-start=\"1443\" data-end=\"1470\">V\u00f2i lavabo inox 304 cao c\u1ea5p<\/strong>, ch\u1ed1ng g\u1ec9<\/p>\n<\/li>\n<li data-start=\"1493\" data-end=\"1568\">\n<p data-start=\"1495\" data-end=\"1568\"><strong data-start=\"1495\" data-end=\"1528\">Sen c\u00e2y cao c\u1ea5p<\/strong>\u00a0mang l\u1ea1i tr\u1ea3i nghi\u1ec7m th\u01b0 gi\u00e3n nh\u01b0 spa<\/p>\n<\/li>\n<li data-start=\"1569\" data-end=\"1683\">\n<p data-start=\"1571\" data-end=\"1616\"><strong data-start=\"1571\" data-end=\"1609\">B\u1ed9 ph\u1ee5 ki\u1ec7n ph\u00f2ng t\u1eafm inox \u0111\u1ed3ng b\u1ed9<\/strong> g\u1ed3m:<\/p>\n<ul data-start=\"1619\" data-end=\"1683\">\n<li data-start=\"1619\" data-end=\"1644\">\n<p data-start=\"1621\" data-end=\"1644\">Gi\u00e1 treo kh\u0103n \u0111a n\u0103ng<\/p>\n<\/li>\n<li data-start=\"1619\" data-end=\"1644\">M\u00f3c \u00e1o<\/li>\n<li data-start=\"1647\" data-end=\"1683\">\n<p data-start=\"1649\" data-end=\"1683\">K\u1ec7 ly inox sang tr\u1ecdng<\/p>\n<\/li>\n<\/ul>\n<\/li>\n<li data-start=\"1684\" data-end=\"1731\">\n<p data-start=\"1686\" data-end=\"1731\"><strong data-start=\"1686\" data-end=\"1720\">V\u00f2i x\u1ecbt v\u1ec7 sinh + d\u00e2y c\u1ea5p n\u01b0\u1edbc<\/strong> ti\u1ec7n l\u1ee3i<\/p>\n<\/li>\n<\/ul>\n<p data-start=\"1733\" data-end=\"1870\">Ch\u1ec9 v\u1edbi m\u1ed9t combo duy nh\u1ea5t, b\u1ea1n \u0111\u00e3 c\u00f3 th\u1ec3 ho\u00e0n thi\u1ec7n ph\u00f2ng t\u1eafm \u0111\u1ea7y \u0111\u1ee7 ti\u1ec7n nghi, \u0111\u1ed3ng b\u1ed9 v\u00e0 \u0111\u1eb3ng c\u1ea5p m\u00e0 kh\u00f4ng c\u1ea7n mua th\u00eam s\u1ea3n ph\u1ea9m kh\u00e1c.<\/p>\n<hr data-start=\"1872\" data-end=\"1875\" \/>\n<h2 data-start=\"1877\" data-end=\"1934\">V\u00ec Sao Combo Ehrlich \u0110\u1ed3ng B\u1ed9 &#8211; 03\u00a0 \u0110\u01b0\u1ee3c Kh\u00e1ch H\u00e0ng \u01afa Chu\u1ed9ng?<\/h2>\n<h3 data-start=\"1936\" data-end=\"1985\">1. Ti\u1ebft Ki\u1ec7m Chi Ph\u00ed L\u00ean \u0110\u1ebfn H\u01a1n 7 Tri\u1ec7u \u0110\u1ed3ng<\/h3>\n<p data-start=\"1987\" data-end=\"2144\">Mua thi\u1ebft b\u1ecb v\u1ec7 sinh theo combo lu\u00f4n gi\u00fap ti\u1ebft ki\u1ec7m h\u01a1n so v\u1edbi mua l\u1ebb t\u1eebng s\u1ea3n ph\u1ea9m. V\u1edbi Combo Ehrlich \u0110\u1ed3ng B\u1ed9 &#8211; 03, kh\u00e1ch h\u00e0ng \u0111\u01b0\u1ee3c h\u01b0\u1edfng m\u1ee9c gi\u00e1 \u01b0u \u0111\u00e3i c\u1ef1c k\u1ef3 h\u1ea5p d\u1eabn:<\/p>\n<ul data-start=\"2146\" data-end=\"2207\">\n<li data-start=\"2146\" data-end=\"2174\">\n<p data-start=\"2148\" data-end=\"2174\">Gi\u00e1 g\u1ed1c: <strong>17.800.000\u0111<\/strong><\/p>\n<\/li>\n<li data-start=\"2175\" data-end=\"2207\">\n<p data-start=\"2177\" data-end=\"2207\">Gi\u00e1 khuy\u1ebfn m\u00e3i: <strong>10.368.000\u0111<\/strong><\/p>\n<\/li>\n<\/ul>\n<p data-start=\"2209\" data-end=\"2308\">Nh\u01b0 v\u1eady, b\u1ea1n ti\u1ebft ki\u1ec7m h\u01a1n <strong>7\u00a0tri\u1ec7u \u0111\u1ed3ng<\/strong>, m\u1ed9t con s\u1ed1 r\u1ea5t l\u1edbn khi ho\u00e0n thi\u1ec7n ph\u00f2ng t\u1eafm cao c\u1ea5p.<\/p>\n<p data-start=\"2310\" data-end=\"2341\">Combo n\u00e0y \u0111\u1eb7c bi\u1ec7t ph\u00f9 h\u1ee3p cho:<\/p>\n<ul data-start=\"2343\" data-end=\"2485\">\n<li data-start=\"2343\" data-end=\"2367\">\n<p data-start=\"2345\" data-end=\"2367\">Gia \u0111\u00ecnh x\u00e2y nh\u00e0 m\u1edbi<\/p>\n<\/li>\n<li data-start=\"2368\" data-end=\"2400\">\n<p data-start=\"2370\" data-end=\"2400\">Chung c\u01b0 b\u00e0n giao ho\u00e0n thi\u1ec7n<\/p>\n<\/li>\n<li data-start=\"2401\" data-end=\"2448\">\n<p data-start=\"2403\" data-end=\"2448\">Ch\u1ee7 \u0111\u1ea7u t\u01b0 c\u00f4ng tr\u00ecnh mu\u1ed1n t\u1ed1i \u01b0u ng\u00e2n s\u00e1ch<\/p>\n<\/li>\n<li data-start=\"2449\" data-end=\"2485\">\n<p data-start=\"2451\" data-end=\"2485\">Homestay, kh\u00e1ch s\u1ea1n mini cao c\u1ea5p<\/p>\n<\/li>\n<\/ul>\n<hr data-start=\"2487\" data-end=\"2490\" \/>\n<h3 data-start=\"2492\" data-end=\"2560\">2. Thi\u1ebft K\u1ebf Sang Tr\u1ecdng Chu\u1ea9n \u0110\u1ee9c \u2013 N\u00e2ng T\u1ea7m Kh\u00f4ng Gian Ph\u00f2ng T\u1eafm<\/h3>\n<p data-start=\"2562\" data-end=\"2644\"><strong>Combo \u0110\u1ed3ng B\u1ed9 &#8211; 03 <\/strong>n\u1ed5i b\u1eadt nh\u1edd thi\u1ebft k\u1ebf hi\u1ec7n \u0111\u1ea1i, sang tr\u1ecdng, mang phong c\u00e1ch chu\u1ea9n \u0110\u1ee9c.<\/p>\n<p data-start=\"2646\" data-end=\"2684\">\u0110i\u1ec3m nh\u1ea5n \u0111\u1eb7c bi\u1ec7t c\u1ee7a combo ch\u00ednh l\u00e0:<\/p>\n<ul data-start=\"2686\" data-end=\"2927\">\n<li data-start=\"2686\" data-end=\"2761\">\n<p data-start=\"2688\" data-end=\"2761\"><strong data-start=\"2688\" data-end=\"2712\">T\u1ee7 lavabo + g\u01b0\u01a1ng t\u1ee7<\/strong>: v\u1eeba th\u1ea9m m\u1ef9 v\u1eeba t\u0103ng kh\u1ea3 n\u0103ng l\u01b0u tr\u1eef \u0111\u1ed3 d\u00f9ng<\/p>\n<\/li>\n<li data-start=\"2762\" data-end=\"2842\">\n<p data-start=\"2764\" data-end=\"2842\"><strong data-start=\"2764\" data-end=\"2788\">Sen c\u00e2y inox 304<\/strong>: mang l\u1ea1i tr\u1ea3i nghi\u1ec7m th\u01b0 gi\u00e3n nh\u01b0 spa ngay t\u1ea1i nh\u00e0<\/p>\n<\/li>\n<li data-start=\"2843\" data-end=\"2927\">\n<p data-start=\"2845\" data-end=\"2927\">T\u1ed5ng th\u1ec3 s\u1ea3n ph\u1ea9m \u0111\u1ed3ng b\u1ed9, h\u00e0i h\u00f2a gi\u00fap ph\u00f2ng t\u1eafm tr\u1edf n\u00ean g\u1ecdn g\u00e0ng v\u00e0 \u0111\u1eb3ng c\u1ea5p h\u01a1n<\/p>\n<\/li>\n<\/ul>\n<p data-start=\"2929\" data-end=\"3016\">N\u1ebfu b\u1ea1n mu\u1ed1n ph\u00f2ng t\u1eafm v\u1eeba \u0111\u1eb9p v\u1eeba ti\u1ec7n nghi, combo n\u00e0y ch\u1eafc ch\u1eafn l\u00e0 l\u1ef1a ch\u1ecdn l\u00fd t\u01b0\u1edfng.<\/p>\n<hr data-start=\"3018\" data-end=\"3021\" \/>\n<h3 data-start=\"3023\" data-end=\"3072\">3. Ch\u1ea5t Li\u1ec7u Cao C\u1ea5p \u2013 B\u1ec1n \u0110\u1eb9p Theo Th\u1eddi Gian<\/h3>\n<p data-start=\"3074\" data-end=\"3234\">Thi\u1ebft b\u1ecb v\u1ec7 sinh s\u1eed d\u1ee5ng trong m\u00f4i tr\u01b0\u1eddng \u1ea9m \u01b0\u1edbt n\u00ean \u0111\u1ed9 b\u1ec1n v\u1eadt li\u1ec7u l\u00e0 y\u1ebfu t\u1ed1 quan tr\u1ecdng. Ehrlich lu\u00f4n ch\u00fa tr\u1ecdng ch\u1ea5t l\u01b0\u1ee3ng s\u1ea3n ph\u1ea9m, s\u1eed d\u1ee5ng v\u1eadt li\u1ec7u cao c\u1ea5p:<\/p>\n<ul data-start=\"3236\" data-end=\"3515\">\n<li data-start=\"3236\" data-end=\"3294\">\n<p data-start=\"3238\" data-end=\"3294\"><strong data-start=\"3238\" data-end=\"3268\">S\u1ee9 tr\u00e1ng men ch\u1ed1ng b\u00e1m b\u1ea9n<\/strong>: s\u00e1ng b\u00f3ng, d\u1ec5 lau ch\u00f9i<\/p>\n<\/li>\n<li data-start=\"3295\" data-end=\"3346\">\n<p data-start=\"3297\" data-end=\"3346\"><strong data-start=\"3297\" data-end=\"3318\">Inox ch\u1ed1ng g\u1ec9 s\u00e9t<\/strong>: b\u1ec1n \u0111\u1eb9p, kh\u00f4ng bong tr\u00f3c<\/p>\n<\/li>\n<li data-start=\"3347\" data-end=\"3394\">\n<p data-start=\"3349\" data-end=\"3394\"><strong data-start=\"3349\" data-end=\"3370\">Sen c\u00e2y ch\u1eafc ch\u1eafn<\/strong>: ch\u1ecbu \u00e1p l\u1ef1c n\u01b0\u1edbc t\u1ed1t<\/p>\n<\/li>\n<li data-start=\"3395\" data-end=\"3451\">\n<p data-start=\"3397\" data-end=\"3451\"><strong data-start=\"3397\" data-end=\"3419\">T\u1ee7 lavabo ch\u1ed1ng \u1ea9m<\/strong>: ph\u00f9 h\u1ee3p m\u00f4i tr\u01b0\u1eddng ph\u00f2ng t\u1eafm<\/p>\n<\/li>\n<li data-start=\"3452\" data-end=\"3515\">\n<p data-start=\"3454\" data-end=\"3515\"><strong data-start=\"3454\" data-end=\"3479\">Ph\u1ee5 ki\u1ec7n inox cao c\u1ea5p<\/strong>: s\u1eed d\u1ee5ng l\u00e2u d\u00e0i, kh\u00f4ng xu\u1ed1ng m\u00e0u<\/p>\n<\/li>\n<\/ul>\n<p data-start=\"3517\" data-end=\"3596\">Nh\u1edd \u0111\u00f3, combo \u0110\u1ed3ng B\u1ed9 &#8211; 03 lu\u00f4n gi\u1eef \u0111\u01b0\u1ee3c v\u1ebb \u0111\u1eb9p nh\u01b0 m\u1edbi trong su\u1ed1t qu\u00e1 tr\u00ecnh s\u1eed d\u1ee5ng.<\/p>\n<hr data-start=\"3598\" data-end=\"3601\" \/>\n<h3 data-start=\"3603\" data-end=\"3671\">4. \u0110\u1ea7y \u0110\u1ee7 Ti\u1ec7n Nghi \u2013 Ho\u00e0n Thi\u1ec7n Ph\u00f2ng T\u1eafm Ch\u1ec9 Trong M\u1ed9t L\u1ea7n Mua<\/h3>\n<p data-start=\"3673\" data-end=\"3781\">Combo Ehrlich \u0110\u1ed3ng B\u1ed9 &#8211; 03 mang \u0111\u1ebfn s\u1ef1 ti\u1ec7n l\u1ee3i t\u1ed1i \u0111a v\u00ec \u0111\u00e3 bao g\u1ed3m \u0111\u1ea7y \u0111\u1ee7 c\u00e1c khu v\u1ef1c ch\u1ee9c n\u0103ng trong ph\u00f2ng t\u1eafm:<\/p>\n<ul data-start=\"3783\" data-end=\"4009\">\n<li data-start=\"3783\" data-end=\"3826\">\n<p data-start=\"3785\" data-end=\"3826\">Khu v\u1ef1c v\u1ec7 sinh: b\u1ed3n c\u1ea7u 1 kh\u1ed1i cao c\u1ea5p<\/p>\n<\/li>\n<li data-start=\"3827\" data-end=\"3878\">\n<p data-start=\"3829\" data-end=\"3878\">Khu v\u1ef1c r\u1eeda tay:\u00a0 v\u00f2i lavabo + t\u1ee7 l\u01b0u tr\u1eef<\/p>\n<\/li>\n<li data-start=\"3879\" data-end=\"3917\">\n<p data-start=\"3881\" data-end=\"3917\">Khu v\u1ef1c t\u1eafm: sen c\u00e2y inox 304 hi\u1ec7n \u0111\u1ea1i<\/p>\n<\/li>\n<li data-start=\"3918\" data-end=\"3971\">\n<p data-start=\"3920\" data-end=\"3971\">Ph\u1ee5 ki\u1ec7n \u0111i k\u00e8m: k\u1ec7 ly, v\u1eaft kh\u0103n, m\u00f3c \u00e1o, v\u00f2i x\u1ecbt<\/p>\n<\/li>\n<li data-start=\"3972\" data-end=\"4009\">\n<p data-start=\"3974\" data-end=\"4009\">\u0110i\u1ec3m nh\u1ea5n th\u00eam: g\u01b0\u01a1ng t\u1ee7 ti\u1ec7n \u00edch<\/p>\n<\/li>\n<\/ul>\n<p data-start=\"4011\" data-end=\"4105\">B\u1ea1n kh\u00f4ng c\u1ea7n m\u1ea5t th\u1eddi gian ch\u1ecdn t\u1eebng m\u00f3n, combo \u0111\u00e3 \u0111\u01b0\u1ee3c ph\u1ed1i s\u1eb5n chu\u1ea9n \u0111\u1eb9p \u2013 chu\u1ea9n ti\u1ec7n nghi.<\/p>\n<hr data-start=\"4107\" data-end=\"4110\" \/>\n<h3 data-start=\"4112\" data-end=\"4165\">5. Ph\u00f9 H\u1ee3p Nhi\u1ec1u Kh\u00f4ng Gian V\u00e0 C\u00f4ng Tr\u00ecnh Cao C\u1ea5p<\/h3>\n<p data-start=\"4167\" data-end=\"4217\">Combo thi\u1ebft b\u1ecb v\u1ec7 sinh Ehrlich \u0110\u1ed3ng B\u1ed9 &#8211; 03 ph\u00f9 h\u1ee3p cho:<\/p>\n<ul data-start=\"4219\" data-end=\"4331\">\n<li data-start=\"4219\" data-end=\"4239\">\n<p data-start=\"4221\" data-end=\"4239\">Chung c\u01b0 cao c\u1ea5p<\/p>\n<\/li>\n<li data-start=\"4240\" data-end=\"4260\">\n<p data-start=\"4242\" data-end=\"4260\">Nh\u00e0 ph\u1ed1 hi\u1ec7n \u0111\u1ea1i<\/p>\n<\/li>\n<li data-start=\"4261\" data-end=\"4284\">\n<p data-start=\"4263\" data-end=\"4284\">Bi\u1ec7t th\u1ef1 sang tr\u1ecdng<\/p>\n<\/li>\n<li data-start=\"4285\" data-end=\"4313\">\n<p data-start=\"4287\" data-end=\"4313\">Homestay, kh\u00e1ch s\u1ea1n mini<\/p>\n<\/li>\n<li data-start=\"4314\" data-end=\"4331\">\n<p data-start=\"4316\" data-end=\"4331\">Nh\u00e0 m\u1eabu d\u1ef1 \u00e1n<\/p>\n<\/li>\n<\/ul>\n<p data-start=\"4333\" data-end=\"4420\">\u0110\u1eb7c bi\u1ec7t, combo c\u00f3 t\u1ee7 lavabo gi\u00fap ph\u00f2ng t\u1eafm g\u1ecdn g\u00e0ng, t\u1ed1i \u01b0u di\u1ec7n t\u00edch v\u00e0 ti\u1ec7n l\u1ee3i h\u01a1n.<\/p>\n<hr data-start=\"4422\" data-end=\"4425\" \/>\n<h2 data-start=\"4427\" data-end=\"4458\">Mi\u1ec5n Ph\u00ed Giao H\u00e0ng To\u00e0n Qu\u1ed1c<\/h2>\n<p data-start=\"4460\" data-end=\"4537\">Khi mua <strong data-start=\"4468\" data-end=\"4509\">combo thi\u1ebft b\u1ecb v\u1ec7 sinh Ehrlich \u0110\u1ed3ng B\u1ed9 &#8211; 03 <\/strong>, kh\u00e1ch h\u00e0ng s\u1ebd \u0111\u01b0\u1ee3c h\u1ed7 tr\u1ee3:<\/p>\n<p data-start=\"4539\" data-end=\"4631\">\ud83d\ude9a <strong data-start=\"4542\" data-end=\"4574\">Mi\u1ec5n ph\u00ed giao h\u00e0ng to\u00e0n qu\u1ed1c<\/strong><br data-start=\"4574\" data-end=\"4577\" \/>\u0110\u00f3ng g\u00f3i c\u1ea9n th\u1eadn, v\u1eadn chuy\u1ec3n nhanh ch\u00f3ng \u0111\u1ebfn t\u1eadn n\u01a1i.<\/p>\n<hr data-start=\"4633\" data-end=\"4636\" \/>\n<h2 data-start=\"3731\" data-end=\"3759\">B\u1ea3o H\u00e0nh Ch\u00ednh H\u00e3ng 3 N\u0103m<\/h2>\n<p data-start=\"3761\" data-end=\"3808\">Ehrlich cam k\u1ebft ch\u1ea5t l\u01b0\u1ee3ng s\u1ea3n ph\u1ea9m v\u1edbi ch\u1ebf \u0111\u1ed9:<\/p>\n<p data-start=\"3810\" data-end=\"3909\">\ud83d\udee1\ufe0f\u00a0<strong data-start=\"3814\" data-end=\"3840\">B\u1ea3o h\u00e0nh l\u00ean \u0111\u1ebfn 3 n\u0103m, men b\u1ea3o h\u00e0nh 10 n\u0103m v\u00e0 s\u1ee9 b\u1ea3o h\u00e0nh tr\u1ecdn \u0111\u1eddi<\/strong><br data-start=\"3840\" data-end=\"3843\" \/>Gi\u00fap kh\u00e1ch h\u00e0ng y\u00ean t\u00e2m s\u1eed d\u1ee5ng l\u00e2u d\u00e0i, h\u1ed7 tr\u1ee3 k\u1ef9 thu\u1eadt t\u1eadn t\u00ecnh.<\/p>\n<hr data-start=\"4842\" data-end=\"4845\" \/>\n<h2 data-start=\"4847\" data-end=\"4881\">Gi\u00e1 \u01afu \u0110\u00e3i Combo Ehrlich \u0110\u1ed3ng B\u1ed9 &#8211; 03<\/h2>\n<p data-start=\"4883\" data-end=\"4934\">Hi\u1ec7n combo \u0111ang c\u00f3 ch\u01b0\u01a1ng tr\u00ecnh khuy\u1ebfn m\u00e3i h\u1ea5p d\u1eabn:<\/p>\n<p data-start=\"4936\" data-end=\"5002\">\ud83d\udd25 Gi\u00e1 g\u1ed1c: <strong>17.800.000\u0111<\/strong><br data-start=\"4963\" data-end=\"4966\" \/>\u2705 Gi\u00e1 \u01b0u \u0111\u00e3i h\u00f4m nay: <strong>10.368.000\u0111<\/strong><\/p>\n<p data-start=\"5004\" data-end=\"5079\">S\u1ed1 l\u01b0\u1ee3ng \u01b0u \u0111\u00e3i c\u00f3 h\u1ea1n, kh\u00e1ch h\u00e0ng n\u00ean \u0111\u1eb7t mua s\u1edbm \u0111\u1ec3 gi\u1eef m\u1ee9c gi\u00e1 t\u1ed1t nh\u1ea5t.<\/p>\n<hr data-start=\"5081\" data-end=\"5084\" \/>\n<h2 data-start=\"5086\" data-end=\"5132\">\ud83d\udcde Li\u00ean H\u1ec7 \u0110\u1eb7t Mua Combo Ehrlich Ch\u00ednh H\u00e3ng<\/h2>\n<p data-start=\"5134\" data-end=\"5285\">N\u1ebfu b\u1ea1n \u0111ang t\u00ecm ki\u1ebfm combo thi\u1ebft b\u1ecb v\u1ec7 sinh cao c\u1ea5p, sang tr\u1ecdng v\u1edbi t\u1ee7 lavabo, g\u01b0\u01a1ng t\u1ee7 v\u00e0 sen c\u00e2y hi\u1ec7n \u0111\u1ea1i th\u00ec combo <strong>\u0110\u1ed3ng B\u1ed9 &#8211; 03 <\/strong>ch\u00ednh l\u00e0 l\u1ef1a ch\u1ecdn ho\u00e0n h\u1ea3o.<\/p>\n<p data-start=\"5287\" data-end=\"5402\"><strong data-start=\"5287\" data-end=\"5338\">Ehrlich Vi\u1ec7t Nam \u2013 Thi\u1ebft B\u1ecb Nh\u00e0 B\u1ebfp &amp; Ph\u00f2ng T\u1eafm<\/strong><br data-start=\"5338\" data-end=\"5341\" \/>\ud83d\udccd \u0110\u1ecba ch\u1ec9: <strong data-start=\"5353\" data-end=\"5402\">S\u1ed1 6 Li\u1ec1n K\u1ec1 22, K\u0110T V\u0103n Kh\u00ea, H\u00e0 \u0110\u00f4ng, H\u00e0 N\u1ed9i<\/strong><\/p>\n<p data-start=\"5404\" data-end=\"5528\">\ud83c\udf10 Website: <a class=\"decorated-link\" href=\"https:\/\/ehrlichvietnam.vn\/\" target=\"_new\" rel=\"noopener\" data-start=\"5416\" data-end=\"5442\">https:\/\/ehrlichvietnam.vn\/<\/a><br data-start=\"5442\" data-end=\"5445\" \/>\ud83d\udcde Hotline: <strong data-start=\"5457\" data-end=\"5474\">0932 27 05 20<\/strong><br data-start=\"5474\" data-end=\"5477\" \/>\ud83d\udcac Zalo OA: <a class=\"decorated-link\" href=\"https:\/\/zalo.me\/s\/2888141157129558325\" target=\"_new\" rel=\"noopener\" data-start=\"5489\" data-end=\"5526\">https:\/\/zalo.me\/s\/2888141157129558325<\/a><\/p>\n<p data-start=\"5530\" data-end=\"5641\">\ud83c\udfa5 TikTok: <a class=\"decorated-link\" href=\"https:\/\/www.tiktok.com\/@ehrlich.chia.s?_r=1\" target=\"_new\" rel=\"noopener\" data-start=\"5541\" data-end=\"5585\">https:\/\/www.tiktok.com\/@ehrlichthietbivesinh<\/a><br data-start=\"5585\" data-end=\"5588\" \/>\u25b6\ufe0f YouTube: <a class=\"decorated-link\" href=\"https:\/\/www.youtube.com\/@EhrlichVietNam\" target=\"_new\" rel=\"noopener\" data-start=\"5600\" data-end=\"5639\">https:\/\/www.youtube.com\/@EhrlichVietNam<\/a><\/p>\n<p data-start=\"5643\" data-end=\"5688\">\ud83d\ude9a Giao h\u00e0ng to\u00e0n qu\u1ed1c \u2013 t\u01b0 v\u1ea5n nhanh ch\u00f3ng<\/p>\n<p data-start=\"5690\" data-end=\"5736\">\ud83d\udc49 <strong data-start=\"5693\" data-end=\"5736\">Inbox ngay \u0111\u1ec3 nh\u1eadn \u01b0u \u0111\u00e3i th\u00eam h\u00f4m nay!<\/strong><\/p>\n","protected":false},"excerpt":{"rendered":"<p data-start=\"106\" data-end=\"188\">\ud83c\udf1f <strong data-start=\"109\" data-end=\"186\">Combo thi\u1ebft b\u1ecb v\u1ec7 sinh Ehrlich \u2013 Ho\u00e0n thi\u1ec7n ph\u00f2ng t\u1eafm theo phong c\u00e1ch \u0110\u1ee9c<\/strong><\/p>\n<p data-start=\"190\" data-end=\"498\">Kh\u00f4ng gian ph\u00f2ng t\u1eafm kh\u00f4ng ch\u1ec9 l\u00e0 n\u01a1i sinh ho\u1ea1t h\u1eb1ng ng\u00e0y, m\u00e0 c\u00f2n l\u00e0 n\u01a1i t\u00e1i t\u1ea1o n\u0103ng l\u01b0\u1ee3ng, t\u1eadn h\u01b0\u1edfng s\u1ef1 th\u01b0 gi\u00e3n sau m\u1ed9t ng\u00e0y d\u00e0i. V\u1edbi tri\u1ebft l\u00fd <strong data-start=\"336\" data-end=\"369\">\u201ctinh t\u1ebf trong t\u1eebng chi ti\u1ebft\u201d<\/strong>, Ehrlich mang \u0111\u1ebfn combo thi\u1ebft b\u1ecb v\u1ec7 sinh \u0111\u1ed3ng b\u1ed9, gi\u00fap ph\u00f2ng t\u1eafm tr\u1edf th\u00e0nh <strong data-start=\"445\" data-end=\"495\">m\u1ed9t t\u1ed5ng th\u1ec3 sang tr\u1ecdng, hi\u1ec7n \u0111\u1ea1i v\u00e0 ti\u1ec7n nghi<\/strong>.<\/p>\n<p data-start=\"500\" data-end=\"778\">\u2728 M\u1ed7i s\u1ea3n ph\u1ea9m trong combo \u0111\u1ec1u \u0111\u01b0\u1ee3c ch\u1ebf t\u00e1c t\u1eeb ch\u1ea5t li\u1ec7u cao c\u1ea5p, \u00e1p d\u1ee5ng c\u00f4ng ngh\u1ec7 ch\u1ed1ng b\u00e1m b\u1ea9n, ch\u1ed1ng \u1ea9m m\u1ed1c v\u00e0 t\u1ed1i \u01b0u c\u00f4ng n\u0103ng s\u1eed d\u1ee5ng. Khi k\u1ebft h\u1ee3p tr\u1ecdn b\u1ed9, ch\u00fang t\u1ea1o n\u00ean s\u1ef1 h\u00e0i h\u00f2a tuy\u1ec7t \u0111\u1ed1i v\u1ec1 thi\u1ebft k\u1ebf, t\u1eeb ki\u1ec3u d\u00e1ng \u0111\u1ebfn m\u00e0u s\u1eafc \u2013 v\u1eeba th\u1ea9m m\u1ef9, v\u1eeba b\u1ec1n b\u1ec9 theo th\u1eddi gian.<\/p>\n<p data-start=\"780\" data-end=\"959\">\ud83d\udc8e L\u1ef1a ch\u1ecdn <strong data-start=\"792\" data-end=\"826\">combo thi\u1ebft b\u1ecb v\u1ec7 sinh Ehrlich<\/strong> ch\u00ednh l\u00e0 l\u1ef1a ch\u1ecdn s\u1ef1 <strong data-start=\"848\" data-end=\"870\">\u0111\u1eb3ng c\u1ea5p chu\u1ea9n \u0110\u1ee9c<\/strong>, mang \u0111\u1ebfn tr\u1ea3i nghi\u1ec7m tho\u1ea3i m\u00e1i, ti\u1ec7n l\u1ee3i v\u00e0 n\u00e2ng t\u1ea7m gi\u00e1 tr\u1ecb kh\u00f4ng gian s\u1ed1ng c\u1ee7a b\u1ea1n.<\/p>\n","protected":false},"featured_media":4446,"comment_status":"open","ping_status":"closed","template":"","meta":{"_acf_changed":false},"product_brand":[],"product_cat":[55,77,132],"product_tag":[],"class_list":{"0":"post-4445","1":"product","2":"type-product","3":"status-publish","4":"has-post-thumbnail","6":"product_cat-combo-phong-tam","7":"product_cat-combo","8":"product_cat-combo-dong-bo","10":"first","11":"instock","12":"sale","13":"shipping-taxable","14":"purchasable","15":"product-type-simple"},"acf":[],"_links":{"self":[{"href":"https:\/\/ehrlichvietnam.vn\/en\/wp-json\/wp\/v2\/product\/4445","targetHints":{"allow":["GET"]}}],"collection":[{"href":"https:\/\/ehrlichvietnam.vn\/en\/wp-json\/wp\/v2\/product"}],"about":[{"href":"https:\/\/ehrlichvietnam.vn\/en\/wp-json\/wp\/v2\/types\/product"}],"replies":[{"embeddable":true,"href":"https:\/\/ehrlichvietnam.vn\/en\/wp-json\/wp\/v2\/comments?post=4445"}],"wp:featuredmedia":[{"embeddable":true,"href":"https:\/\/ehrlichvietnam.vn\/en\/wp-json\/wp\/v2\/media\/4446"}],"wp:attachment":[{"href":"https:\/\/ehrlichvietnam.vn\/en\/wp-json\/wp\/v2\/media?parent=4445"}],"wp:term":[{"taxonomy":"product_brand","embeddable":true,"href":"https:\/\/ehrlichvietnam.vn\/en\/wp-json\/wp\/v2\/product_brand?post=4445"},{"taxonomy":"product_cat","embeddable":true,"href":"https:\/\/ehrlichvietnam.vn\/en\/wp-json\/wp\/v2\/product_cat?post=4445"},{"taxonomy":"product_tag","embeddable":true,"href":"https:\/\/ehrlichvietnam.vn\/en\/wp-json\/wp\/v2\/product_tag?post=4445"}],"curies":[{"name":"wp","href":"https:\/\/api.w.org\/{rel}","templated":true}]}}