{"id":4409,"date":"2026-03-28T08:29:24","date_gmt":"2026-03-28T08:29:24","guid":{"rendered":"https:\/\/ehrlichvietnam.vn\/?post_type=product&#038;p=4409"},"modified":"2026-03-28T08:33:53","modified_gmt":"2026-03-28T08:33:53","slug":"combo-tieu-chuan-09","status":"publish","type":"product","link":"https:\/\/ehrlichvietnam.vn\/combo-tieu-chuan-09\/","title":{"rendered":"Combo Ti\u00eau Chu\u1ea9n &#8211; 09"},"content":{"rendered":"<h1 data-start=\"180\" data-end=\"267\">Combo Thi\u1ebft B\u1ecb V\u1ec7 Sinh Ehrlich Ti\u00eau Chu\u1ea9n &#8211; 09 \u2013 Tr\u1ecdn B\u1ed9 Cao C\u1ea5p Sang Tr\u1ecdng Gi\u00e1 Ch\u1ec9 6.881.000\u0111<\/h1>\n<p data-start=\"269\" data-end=\"590\">Trong xu h\u01b0\u1edbng thi\u1ebft k\u1ebf nh\u00e0 \u1edf hi\u1ec7n \u0111\u1ea1i, ph\u00f2ng t\u1eafm kh\u00f4ng ch\u1ec9 l\u00e0 n\u01a1i sinh ho\u1ea1t h\u1eb1ng ng\u00e0y m\u00e0 c\u00f2n l\u00e0 kh\u00f4ng gian th\u1ec3 hi\u1ec7n phong c\u00e1ch s\u1ed1ng ti\u1ec7n nghi v\u00e0 \u0111\u1eb3ng c\u1ea5p. Ch\u00ednh v\u00ec v\u1eady, vi\u1ec7c l\u1ef1a ch\u1ecdn thi\u1ebft b\u1ecb v\u1ec7 sinh \u0111\u1ed3ng b\u1ed9, ch\u1ea5t l\u01b0\u1ee3ng cao, thi\u1ebft k\u1ebf sang tr\u1ecdng lu\u00f4n l\u00e0 \u01b0u ti\u00ean h\u00e0ng \u0111\u1ea7u c\u1ee7a nhi\u1ec1u gia \u0111\u00ecnh khi x\u00e2y m\u1edbi ho\u1eb7c c\u1ea3i t\u1ea1o nh\u00e0 \u1edf.<\/p>\n<p data-start=\"592\" data-end=\"926\">N\u1ebfu b\u1ea1n \u0111ang t\u00ecm ki\u1ebfm m\u1ed9t combo thi\u1ebft b\u1ecb v\u1ec7 sinh cao c\u1ea5p, \u0111\u1ea7y \u0111\u1ee7 ti\u1ec7n nghi, c\u00f3 sen c\u00e2y hi\u1ec7n \u0111\u1ea1i v\u00e0 lavabo treo t\u01b0\u1eddng tinh t\u1ebf, th\u00ec <strong data-start=\"722\" data-end=\"763\">Combo thi\u1ebft b\u1ecb v\u1ec7 sinh Ehrlich Ti\u00eau Chu\u1ea9n &#8211; 09<\/strong>ch\u00ednh l\u00e0 l\u1ef1a ch\u1ecdn ho\u00e0n h\u1ea3o. Hi\u1ec7n combo \u0111ang \u0111\u01b0\u1ee3c \u01b0u \u0111\u00e3i c\u1ef1c s\u1ed1c ch\u1ec9 c\u00f2n<strong> 6.881.000\u0111<\/strong> (gi\u00e1 g\u1ed1c 12.631.000\u0111), gi\u00fap b\u1ea1n ti\u1ebft ki\u1ec7m g\u1ea7n 6 tri\u1ec7u \u0111\u1ed3ng khi mua tr\u1ecdn b\u1ed9.<\/p>\n<hr data-start=\"928\" data-end=\"931\" \/>\n<h2 data-start=\"933\" data-end=\"983\">T\u1ed5ng Quan Combo Thi\u1ebft B\u1ecb V\u1ec7 Sinh Ehrlich Ti\u00eau Chu\u1ea9n &#8211; 09<\/h2>\n<p data-start=\"985\" data-end=\"1144\"><strong data-start=\"985\" data-end=\"1009\">Combo Ehrlich Ti\u00eau Chu\u1ea9n &#8211; 09 <\/strong>l\u00e0 b\u1ed9 thi\u1ebft b\u1ecb v\u1ec7 sinh cao c\u1ea5p theo phong c\u00e1ch <strong data-start=\"1057\" data-end=\"1074\">Germany Style<\/strong>, \u0111\u01b0\u1ee3c ph\u1ed1i s\u1eb5n \u0111\u1ea7y \u0111\u1ee7 c\u00e1c h\u1ea1ng m\u1ee5c quan tr\u1ecdng cho ph\u00f2ng t\u1eafm hi\u1ec7n \u0111\u1ea1i.<\/p>\n<p data-start=\"1146\" data-end=\"1160\">Combo bao g\u1ed3m:<\/p>\n<ul data-start=\"1162\" data-end=\"1669\">\n<li data-start=\"1162\" data-end=\"1232\">\n<p data-start=\"1164\" data-end=\"1232\"><strong data-start=\"1164\" data-end=\"1198\">B\u1ed3n c\u1ea7u 1 kh\u1ed1i Ehrlich cao c\u1ea5p<\/strong> thi\u1ebft k\u1ebf sang tr\u1ecdng, d\u1ec5 v\u1ec7 sinh<\/p>\n<\/li>\n<li data-start=\"1233\" data-end=\"1285\">\n<p data-start=\"1235\" data-end=\"1285\"><strong data-start=\"1235\" data-end=\"1265\">Lavabo treo t\u01b0\u1eddng g\u1ecdn g\u00e0ng<\/strong> t\u1ed1i \u01b0u kh\u00f4ng gian<\/p>\n<\/li>\n<li data-start=\"1286\" data-end=\"1337\">\n<p data-start=\"1288\" data-end=\"1337\"><strong data-start=\"1288\" data-end=\"1315\">V\u00f2i lavabo inox cao c\u1ea5p<\/strong> s\u00e1ng b\u00f3ng, ch\u1ed1ng g\u1ec9<\/p>\n<\/li>\n<li data-start=\"1338\" data-end=\"1404\">\n<p data-start=\"1340\" data-end=\"1404\"><strong data-start=\"1340\" data-end=\"1371\">Sen c\u00e2y sang tr\u1ecdng<\/strong> v\u1edbi b\u00e1t sen l\u1edbn th\u01b0 gi\u00e3n<\/p>\n<\/li>\n<li data-start=\"1405\" data-end=\"1452\">\n<p data-start=\"1407\" data-end=\"1452\"><strong data-start=\"1407\" data-end=\"1432\">G\u01b0\u01a1ng nh\u00e0 t\u1eafm cao c\u1ea5p<\/strong> t\u1ed1i gi\u1ea3n, tinh t\u1ebf<\/p>\n<\/li>\n<li data-start=\"1453\" data-end=\"1621\">\n<p data-start=\"1455\" data-end=\"1500\"><strong data-start=\"1455\" data-end=\"1493\">B\u1ed9 ph\u1ee5 ki\u1ec7n ph\u00f2ng t\u1eafm inox \u0111\u1ed3ng b\u1ed9<\/strong> g\u1ed3m:<\/p>\n<ul data-start=\"1503\" data-end=\"1621\">\n<li data-start=\"1503\" data-end=\"1522\">\n<p data-start=\"1505\" data-end=\"1522\">V\u1eaft treo kh\u0103n<\/p>\n<\/li>\n<li data-start=\"1525\" data-end=\"1543\">\n<p data-start=\"1527\" data-end=\"1543\">V\u00f2ng treo kh\u0103n<\/p>\n<\/li>\n<li data-start=\"1546\" data-end=\"1565\">\n<p data-start=\"1548\" data-end=\"1565\">L\u00f4 gi\u1ea5y v\u1ec7 sinh<\/p>\n<\/li>\n<li data-start=\"1568\" data-end=\"1585\">\n<p data-start=\"1570\" data-end=\"1585\">K\u1ec7 g\u01b0\u01a1ng<\/p>\n<\/li>\n<li data-start=\"1588\" data-end=\"1621\">\n<p data-start=\"1590\" data-end=\"1621\">Ph\u1ee5 ki\u1ec7n treo t\u01b0\u1eddng ch\u1eafc ch\u1eafn<\/p>\n<\/li>\n<\/ul>\n<\/li>\n<li data-start=\"1622\" data-end=\"1669\">\n<p data-start=\"1624\" data-end=\"1669\"><strong data-start=\"1624\" data-end=\"1658\">V\u00f2i x\u1ecbt v\u1ec7 sinh + van kh\u00f3a<\/strong> ti\u1ec7n l\u1ee3i<\/p>\n<\/li>\n<\/ul>\n<p data-start=\"1671\" data-end=\"1810\">Ch\u1ec9 v\u1edbi m\u1ed9t combo duy nh\u1ea5t, b\u1ea1n \u0111\u00e3 c\u00f3 th\u1ec3 ho\u00e0n thi\u1ec7n ph\u00f2ng t\u1eafm \u0111\u1ea7y \u0111\u1ee7 ti\u1ec7n nghi, \u0111\u1ed3ng b\u1ed9 v\u00e0 sang tr\u1ecdng m\u00e0 kh\u00f4ng c\u1ea7n mua th\u00eam s\u1ea3n ph\u1ea9m kh\u00e1c.<\/p>\n<hr data-start=\"1812\" data-end=\"1815\" \/>\n<h2 data-start=\"1817\" data-end=\"1874\">V\u00ec Sao Combo Ehrlich Ti\u00eau Chu\u1ea9n &#8211; 09 \u0110\u01b0\u1ee3c Kh\u00e1ch H\u00e0ng \u01afa Chu\u1ed9ng?<\/h2>\n<h3 data-start=\"1876\" data-end=\"1925\">1. Ti\u1ebft Ki\u1ec7m Chi Ph\u00ed L\u00ean \u0110\u1ebfn G\u1ea7n 6 Tri\u1ec7u \u0110\u1ed3ng<\/h3>\n<p data-start=\"1927\" data-end=\"2079\">Mua thi\u1ebft b\u1ecb v\u1ec7 sinh theo combo lu\u00f4n gi\u00fap ti\u1ebft ki\u1ec7m h\u01a1n so v\u1edbi mua l\u1ebb t\u1eebng m\u00f3n. V\u1edbi Combo Ti\u00eau Chu\u1ea9n &#8211; 09, kh\u00e1ch h\u00e0ng \u0111\u01b0\u1ee3c h\u01b0\u1edfng m\u1ee9c gi\u00e1 \u01b0u \u0111\u00e3i c\u1ef1c k\u1ef3 h\u1ea5p d\u1eabn:<\/p>\n<ul data-start=\"2081\" data-end=\"2142\">\n<li data-start=\"2081\" data-end=\"2109\">\n<p data-start=\"2083\" data-end=\"2109\">Gi\u00e1 g\u1ed1c: <strong>12.631.000\u0111<\/strong><\/p>\n<\/li>\n<li data-start=\"2110\" data-end=\"2142\">\n<p data-start=\"2112\" data-end=\"2142\">Gi\u00e1 khuy\u1ebfn m\u00e3i:\u00a0<strong data-start=\"2128\" data-end=\"2142\">6.881.000\u0111<\/strong><\/p>\n<\/li>\n<\/ul>\n<p data-start=\"2144\" data-end=\"2235\">Nh\u01b0 v\u1eady, b\u1ea1n ti\u1ebft ki\u1ec7m g\u1ea7n <strong data-start=\"2171\" data-end=\"2189\">6 tri\u1ec7u \u0111\u1ed3ng<\/strong>, m\u1ed9t con s\u1ed1 r\u1ea5t l\u1edbn khi ho\u00e0n thi\u1ec7n ph\u00f2ng t\u1eafm.<\/p>\n<p data-start=\"2237\" data-end=\"2264\">\u0110\u00e2y l\u00e0 l\u1ef1a ch\u1ecdn t\u1ed1i \u01b0u cho:<\/p>\n<ul data-start=\"2266\" data-end=\"2401\">\n<li data-start=\"2266\" data-end=\"2290\">\n<p data-start=\"2268\" data-end=\"2290\">Gia \u0111\u00ecnh x\u00e2y nh\u00e0 m\u1edbi<\/p>\n<\/li>\n<li data-start=\"2291\" data-end=\"2316\">\n<p data-start=\"2293\" data-end=\"2316\">Chung c\u01b0 b\u00e0n giao th\u00f4<\/p>\n<\/li>\n<li data-start=\"2317\" data-end=\"2364\">\n<p data-start=\"2319\" data-end=\"2364\">Ch\u1ee7 \u0111\u1ea7u t\u01b0 c\u00f4ng tr\u00ecnh mu\u1ed1n t\u1ed1i \u01b0u ng\u00e2n s\u00e1ch<\/p>\n<\/li>\n<li data-start=\"2365\" data-end=\"2401\">\n<p data-start=\"2367\" data-end=\"2401\">Homestay, kh\u00e1ch s\u1ea1n mini cao c\u1ea5p<\/p>\n<\/li>\n<\/ul>\n<hr data-start=\"2403\" data-end=\"2406\" \/>\n<h3 data-start=\"2408\" data-end=\"2476\">2. Thi\u1ebft K\u1ebf Sang Tr\u1ecdng Chu\u1ea9n \u0110\u1ee9c \u2013 N\u00e2ng T\u1ea7m Kh\u00f4ng Gian Ph\u00f2ng T\u1eafm<\/h3>\n<p data-start=\"2478\" data-end=\"2557\">Combo Ti\u00eau Chu\u1ea9n &#8211; 09 n\u1ed5i b\u1eadt nh\u1edd thi\u1ebft k\u1ebf hi\u1ec7n \u0111\u1ea1i, tinh t\u1ebf, mang phong c\u00e1ch chu\u1ea9n \u0110\u1ee9c.<\/p>\n<p data-start=\"2559\" data-end=\"2597\">\u0110i\u1ec3m nh\u1ea5n \u0111\u1eb7c bi\u1ec7t c\u1ee7a combo ch\u00ednh l\u00e0:<\/p>\n<ul data-start=\"2599\" data-end=\"2839\">\n<li data-start=\"2599\" data-end=\"2676\">\n<p data-start=\"2601\" data-end=\"2676\"><strong data-start=\"2601\" data-end=\"2635\">Sen c\u00e2y<\/strong>: mang l\u1ea1i tr\u1ea3i nghi\u1ec7m th\u01b0 gi\u00e3n nh\u01b0 spa<\/p>\n<\/li>\n<li data-start=\"2677\" data-end=\"2751\">\n<p data-start=\"2679\" data-end=\"2751\"><strong data-start=\"2679\" data-end=\"2709\">Lavabo treo t\u01b0\u1eddng t\u1ed1i gi\u1ea3n<\/strong>: ph\u00f9 h\u1ee3p ph\u00f2ng t\u1eafm di\u1ec7n t\u00edch v\u1eeba v\u00e0 nh\u1ecf<\/p>\n<\/li>\n<li data-start=\"2752\" data-end=\"2839\">\n<p data-start=\"2754\" data-end=\"2839\">T\u1ed5ng th\u1ec3 s\u1ea3n ph\u1ea9m \u0111\u1ed3ng b\u1ed9, h\u00e0i h\u00f2a, gi\u00fap ph\u00f2ng t\u1eafm tr\u1edf n\u00ean sang tr\u1ecdng v\u00e0 \u0111\u1eb3ng c\u1ea5p h\u01a1n<\/p>\n<\/li>\n<\/ul>\n<p data-start=\"2841\" data-end=\"2928\">N\u1ebfu b\u1ea1n mu\u1ed1n ph\u00f2ng t\u1eafm v\u1eeba \u0111\u1eb9p v\u1eeba ti\u1ec7n nghi, combo n\u00e0y ch\u1eafc ch\u1eafn l\u00e0 l\u1ef1a ch\u1ecdn l\u00fd t\u01b0\u1edfng.<\/p>\n<hr data-start=\"2930\" data-end=\"2933\" \/>\n<h3 data-start=\"2935\" data-end=\"2984\">3. Ch\u1ea5t Li\u1ec7u Cao C\u1ea5p \u2013 B\u1ec1n \u0110\u1eb9p Theo Th\u1eddi Gian<\/h3>\n<p data-start=\"2986\" data-end=\"3146\">Thi\u1ebft b\u1ecb v\u1ec7 sinh s\u1eed d\u1ee5ng trong m\u00f4i tr\u01b0\u1eddng \u1ea9m \u01b0\u1edbt n\u00ean \u0111\u1ed9 b\u1ec1n v\u1eadt li\u1ec7u l\u00e0 y\u1ebfu t\u1ed1 quan tr\u1ecdng. Ehrlich lu\u00f4n ch\u00fa tr\u1ecdng ch\u1ea5t l\u01b0\u1ee3ng s\u1ea3n ph\u1ea9m, s\u1eed d\u1ee5ng v\u1eadt li\u1ec7u cao c\u1ea5p:<\/p>\n<ul data-start=\"3148\" data-end=\"3370\">\n<li data-start=\"3148\" data-end=\"3206\">\n<p data-start=\"3150\" data-end=\"3206\"><strong data-start=\"3150\" data-end=\"3180\">S\u1ee9 tr\u00e1ng men ch\u1ed1ng b\u00e1m b\u1ea9n<\/strong>: s\u00e1ng b\u00f3ng, d\u1ec5 lau ch\u00f9i<\/p>\n<\/li>\n<li data-start=\"3207\" data-end=\"3258\">\n<p data-start=\"3209\" data-end=\"3258\"><strong data-start=\"3209\" data-end=\"3230\">Inox ch\u1ed1ng g\u1ec9 s\u00e9t<\/strong>: b\u1ec1n \u0111\u1eb9p, kh\u00f4ng bong tr\u00f3c<\/p>\n<\/li>\n<li data-start=\"3259\" data-end=\"3306\">\n<p data-start=\"3261\" data-end=\"3306\"><strong data-start=\"3261\" data-end=\"3282\">Sen c\u00e2y ch\u1eafc ch\u1eafn<\/strong>: ch\u1ecbu \u00e1p l\u1ef1c n\u01b0\u1edbc t\u1ed1t<\/p>\n<\/li>\n<li data-start=\"3307\" data-end=\"3370\">\n<p data-start=\"3309\" data-end=\"3370\"><strong data-start=\"3309\" data-end=\"3334\">Ph\u1ee5 ki\u1ec7n inox cao c\u1ea5p<\/strong>: s\u1eed d\u1ee5ng l\u00e2u d\u00e0i, kh\u00f4ng xu\u1ed1ng m\u00e0u<\/p>\n<\/li>\n<\/ul>\n<p data-start=\"3372\" data-end=\"3451\">Nh\u1edd \u0111\u00f3, combo Ti\u00eau Chu\u1ea9n &#8211; 09 lu\u00f4n gi\u1eef \u0111\u01b0\u1ee3c v\u1ebb \u0111\u1eb9p nh\u01b0 m\u1edbi trong su\u1ed1t qu\u00e1 tr\u00ecnh s\u1eed d\u1ee5ng.<\/p>\n<hr data-start=\"3453\" data-end=\"3456\" \/>\n<h3 data-start=\"3458\" data-end=\"3526\">4. \u0110\u1ea7y \u0110\u1ee7 Ti\u1ec7n Nghi \u2013 Ho\u00e0n Thi\u1ec7n Ph\u00f2ng T\u1eafm Ch\u1ec9 Trong M\u1ed9t L\u1ea7n Mua<\/h3>\n<p data-start=\"3528\" data-end=\"3636\">Combo Ehrlich Ti\u00eau Chu\u1ea9n &#8211; 09 mang \u0111\u1ebfn s\u1ef1 ti\u1ec7n l\u1ee3i t\u1ed1i \u0111a v\u00ec \u0111\u00e3 bao g\u1ed3m \u0111\u1ea7y \u0111\u1ee7 c\u00e1c khu v\u1ef1c ch\u1ee9c n\u0103ng trong ph\u00f2ng t\u1eafm:<\/p>\n<ul data-start=\"3638\" data-end=\"3828\">\n<li data-start=\"3638\" data-end=\"3681\">\n<p data-start=\"3640\" data-end=\"3681\">Khu v\u1ef1c v\u1ec7 sinh: b\u1ed3n c\u1ea7u 1 kh\u1ed1i cao c\u1ea5p<\/p>\n<\/li>\n<li data-start=\"3682\" data-end=\"3731\">\n<p data-start=\"3684\" data-end=\"3731\">Khu v\u1ef1c r\u1eeda tay: lavabo treo t\u01b0\u1eddng + v\u00f2i inox<\/p>\n<\/li>\n<li data-start=\"3732\" data-end=\"3770\">\n<p data-start=\"3734\" data-end=\"3770\">Khu v\u1ef1c t\u1eafm: sen c\u00e2y hi\u1ec7n \u0111\u1ea1i<\/p>\n<\/li>\n<li data-start=\"3771\" data-end=\"3828\">\n<p data-start=\"3773\" data-end=\"3828\">Ph\u1ee5 ki\u1ec7n \u0111i k\u00e8m: k\u1ec7 g\u01b0\u01a1ng, v\u1eaft kh\u0103n, l\u00f4 gi\u1ea5y, v\u00f2i x\u1ecbt<\/p>\n<\/li>\n<\/ul>\n<p data-start=\"3830\" data-end=\"3924\">B\u1ea1n kh\u00f4ng c\u1ea7n m\u1ea5t th\u1eddi gian ch\u1ecdn t\u1eebng m\u00f3n, combo \u0111\u00e3 \u0111\u01b0\u1ee3c ph\u1ed1i s\u1eb5n chu\u1ea9n \u0111\u1eb9p \u2013 chu\u1ea9n ti\u1ec7n nghi.<\/p>\n<hr data-start=\"3926\" data-end=\"3929\" \/>\n<h3 data-start=\"3931\" data-end=\"3976\">5. Ph\u00f9 H\u1ee3p Nhi\u1ec1u Kh\u00f4ng Gian V\u00e0 C\u00f4ng Tr\u00ecnh<\/h3>\n<p data-start=\"3978\" data-end=\"4050\">Combo thi\u1ebft b\u1ecb v\u1ec7 sinh Ehrlich Ti\u00eau Chu\u1ea9n &#8211; 09 ph\u00f9 h\u1ee3p cho nhi\u1ec1u lo\u1ea1i c\u00f4ng tr\u00ecnh:<\/p>\n<ul data-start=\"4052\" data-end=\"4187\">\n<li data-start=\"4052\" data-end=\"4073\">\n<p data-start=\"4054\" data-end=\"4073\">Chung c\u01b0 hi\u1ec7n \u0111\u1ea1i<\/p>\n<\/li>\n<li data-start=\"4074\" data-end=\"4095\">\n<p data-start=\"4076\" data-end=\"4095\">Nh\u00e0 ph\u1ed1, bi\u1ec7t th\u1ef1<\/p>\n<\/li>\n<li data-start=\"4096\" data-end=\"4124\">\n<p data-start=\"4098\" data-end=\"4124\">Homestay, kh\u00e1ch s\u1ea1n mini<\/p>\n<\/li>\n<li data-start=\"4125\" data-end=\"4142\">\n<p data-start=\"4127\" data-end=\"4142\">Nh\u00e0 m\u1eabu d\u1ef1 \u00e1n<\/p>\n<\/li>\n<li data-start=\"4143\" data-end=\"4187\">\n<p data-start=\"4145\" data-end=\"4187\">C\u00f4ng tr\u00ecnh x\u00e2y d\u1ef1ng c\u1ea7n thi\u1ebft b\u1ecb \u0111\u1ed3ng b\u1ed9<\/p>\n<\/li>\n<\/ul>\n<p data-start=\"4189\" data-end=\"4286\">\u0110\u1eb7c bi\u1ec7t, combo sen c\u00e2y + ph\u1ee5 ki\u1ec7n \u0111\u1ea7y \u0111\u1ee7 gi\u00fap ph\u00f2ng t\u1eafm tr\u1edf n\u00ean ti\u1ec7n nghi v\u00e0 sang tr\u1ecdng h\u01a1n h\u1eb3n.<\/p>\n<hr data-start=\"4288\" data-end=\"4291\" \/>\n<h2 data-start=\"4293\" data-end=\"4324\">Mi\u1ec5n Ph\u00ed Giao H\u00e0ng To\u00e0n Qu\u1ed1c<\/h2>\n<p data-start=\"4326\" data-end=\"4403\">Khi mua <strong data-start=\"4334\" data-end=\"4375\">combo thi\u1ebft b\u1ecb v\u1ec7 sinh Ehrlich Ti\u00eau Chu\u1ea9n &#8211; 09<\/strong>, kh\u00e1ch h\u00e0ng s\u1ebd \u0111\u01b0\u1ee3c h\u1ed7 tr\u1ee3:<\/p>\n<p data-start=\"4405\" data-end=\"4497\">\ud83d\ude9a <strong data-start=\"4408\" data-end=\"4440\">Mi\u1ec5n ph\u00ed giao h\u00e0ng to\u00e0n qu\u1ed1c<\/strong><br data-start=\"4440\" data-end=\"4443\" \/>\u0110\u00f3ng g\u00f3i c\u1ea9n th\u1eadn, v\u1eadn chuy\u1ec3n nhanh ch\u00f3ng \u0111\u1ebfn t\u1eadn n\u01a1i.<\/p>\n<hr data-start=\"4499\" data-end=\"4502\" \/>\n<h2 data-start=\"3731\" data-end=\"3759\">B\u1ea3o H\u00e0nh Ch\u00ednh H\u00e3ng 3 N\u0103m<\/h2>\n<p data-start=\"3761\" data-end=\"3808\">Ehrlich cam k\u1ebft ch\u1ea5t l\u01b0\u1ee3ng s\u1ea3n ph\u1ea9m v\u1edbi ch\u1ebf \u0111\u1ed9:<\/p>\n<p data-start=\"3810\" data-end=\"3909\">\ud83d\udee1\ufe0f\u00a0<strong data-start=\"3814\" data-end=\"3840\">B\u1ea3o h\u00e0nh l\u00ean \u0111\u1ebfn 3 n\u0103m, men b\u1ea3o h\u00e0nh 10 n\u0103m v\u00e0 s\u1ee9 b\u1ea3o h\u00e0nh tr\u1ecdn \u0111\u1eddi<\/strong><br data-start=\"3840\" data-end=\"3843\" \/>Gi\u00fap kh\u00e1ch h\u00e0ng y\u00ean t\u00e2m s\u1eed d\u1ee5ng l\u00e2u d\u00e0i, h\u1ed7 tr\u1ee3 k\u1ef9 thu\u1eadt t\u1eadn t\u00ecnh.<\/p>\n<hr data-start=\"4708\" data-end=\"4711\" \/>\n<h2 data-start=\"4713\" data-end=\"4747\">Gi\u00e1 \u01afu \u0110\u00e3i Combo Ehrlich Ti\u00eau Chu\u1ea9n &#8211; 09<\/h2>\n<p data-start=\"4749\" data-end=\"4800\">Hi\u1ec7n combo \u0111ang c\u00f3 ch\u01b0\u01a1ng tr\u00ecnh khuy\u1ebfn m\u00e3i h\u1ea5p d\u1eabn:<\/p>\n<p data-start=\"4802\" data-end=\"4868\">\ud83d\udd25 Gi\u00e1 g\u1ed1c:<strong> 12.631.000\u0111<\/strong><br data-start=\"4829\" data-end=\"4832\" \/>\u2705 Gi\u00e1 \u01b0u \u0111\u00e3i h\u00f4m nay:\u00a0<strong data-start=\"4854\" data-end=\"4868\">6.881.000\u0111<\/strong><\/p>\n<p data-start=\"4870\" data-end=\"4945\">S\u1ed1 l\u01b0\u1ee3ng \u01b0u \u0111\u00e3i c\u00f3 h\u1ea1n, kh\u00e1ch h\u00e0ng n\u00ean \u0111\u1eb7t mua s\u1edbm \u0111\u1ec3 gi\u1eef m\u1ee9c gi\u00e1 t\u1ed1t nh\u1ea5t.<\/p>\n<hr data-start=\"4947\" data-end=\"4950\" \/>\n<h2 data-start=\"4952\" data-end=\"5002\">Li\u00ean H\u1ec7 \u0110\u1eb7t Mua Combo Ehrlich Ti\u00eau Chu\u1ea9n &#8211; 09 Ch\u00ednh H\u00e3ng<\/h2>\n<p data-start=\"5004\" data-end=\"5152\">N\u1ebfu b\u1ea1n \u0111ang t\u00ecm ki\u1ebfm combo thi\u1ebft b\u1ecb v\u1ec7 sinh cao c\u1ea5p, sang tr\u1ecdng v\u1edbi sen c\u00e2y b\u00e1t vu\u00f4ng v\u00e0 ph\u1ee5 ki\u1ec7n \u0111\u1ea7y \u0111\u1ee7 th\u00ec <strong>Combo Ti\u00eau Chu\u1ea9n &#8211; 09 <\/strong>ch\u00ednh l\u00e0 l\u1ef1a ch\u1ecdn ho\u00e0n h\u1ea3o.<\/p>\n<div dir=\"auto\">\n<div dir=\"auto\">Ehrlich Vi\u1ec7t Nam &#8211; Thi\u1ebft B\u1ecb Nh\u00e0 B\u1ebfp &amp; Ph\u00f2ng T\u1eafm<\/div>\n<div dir=\"auto\">S\u1ed1 6 Li\u1ec1n K\u1ec1 22, K\u0110T V\u0103n Kh\u00ea, H\u00e0 \u0110\u00f4ng, H\u00e0 N\u1ed9i<\/div>\n<div dir=\"auto\">TikTok:\u00a0<span class=\"html-span xdj266r x14z9mp xat24cr x1lziwak xexx8yu xyri2b x18d9i69 x1c1uobl x1hl2dhg x16tdsg8 x1vvkbs\"><a class=\"x1i10hfl xjbqb8w x1ejq31n x18oe1m7 x1sy0etr xstzfhl x972fbf x10w94by x1qhh985 x14e42zd x9f619 x1ypdohk xt0psk2 x3ct3a4 xdj266r x14z9mp xat24cr x1lziwak xexx8yu xyri2b x18d9i69 x1c1uobl x16tdsg8 x1hl2dhg xggy1nq x1a2a7pz xkrqix3 x1sur9pj x1fey0fg x1s688f\" tabindex=\"0\" role=\"link\" href=\"https:\/\/www.tiktok.com\/@ehrlichthietbivesinh?fbclid=IwZXh0bgNhZW0CMTAAYnJpZBExb21HcUpiQXBMNzMxT2pyVXNydGMGYXBwX2lkEDIyMjAzOTE3ODgyMDA4OTIAAR6gc37s6zLkcxddmVdi34San5VQQia1jikUK8gG5JpZI3a2ndPqdhJQkX_Fpg_aem_xx_lzNn-tSMUvFPcABigmw\" target=\"_blank\" rel=\"nofollow noopener noreferrer\">https:\/\/www.tiktok.com\/@ehrlich.chia.s?_r=1<\/a><\/span><\/div>\n<div dir=\"auto\">YouTube:\u00a0<span class=\"html-span xdj266r x14z9mp xat24cr x1lziwak xexx8yu xyri2b x18d9i69 x1c1uobl x1hl2dhg x16tdsg8 x1vvkbs\"><a class=\"x1i10hfl xjbqb8w x1ejq31n x18oe1m7 x1sy0etr xstzfhl x972fbf x10w94by x1qhh985 x14e42zd x9f619 x1ypdohk xt0psk2 x3ct3a4 xdj266r x14z9mp xat24cr x1lziwak xexx8yu xyri2b x18d9i69 x1c1uobl x16tdsg8 x1hl2dhg xggy1nq x1a2a7pz xkrqix3 x1sur9pj x1fey0fg x1s688f\" tabindex=\"0\" role=\"link\" href=\"https:\/\/www.youtube.com\/@EhrlichVietNam?fbclid=IwZXh0bgNhZW0CMTAAYnJpZBExb21HcUpiQXBMNzMxT2pyVXNydGMGYXBwX2lkEDIyMjAzOTE3ODgyMDA4OTIAAR7Y3M45JSUq95BkSA3Pasx9DzwVLcX_Lor7abnqKE0KLnxERGfBk9TYYJbwaQ_aem__I0dQGSb3LtqBCsx91NEQQ\" target=\"_blank\" rel=\"nofollow noopener noreferrer\">https:\/\/www.youtube.com\/@EhrlichVietNam<\/a><\/span><\/div>\n<div dir=\"auto\">Website:\u00a0<span class=\"html-span xdj266r x14z9mp xat24cr x1lziwak xexx8yu xyri2b x18d9i69 x1c1uobl x1hl2dhg x16tdsg8 x1vvkbs\"><a class=\"x1i10hfl xjbqb8w x1ejq31n x18oe1m7 x1sy0etr xstzfhl x972fbf x10w94by x1qhh985 x14e42zd x9f619 x1ypdohk xt0psk2 x3ct3a4 xdj266r x14z9mp xat24cr x1lziwak xexx8yu xyri2b x18d9i69 x1c1uobl x16tdsg8 x1hl2dhg xggy1nq x1a2a7pz xkrqix3 x1sur9pj x1fey0fg x1s688f\" tabindex=\"0\" role=\"link\" href=\"https:\/\/ehrlichvietnam.vn\/?fbclid=IwZXh0bgNhZW0CMTAAYnJpZBExb21HcUpiQXBMNzMxT2pyVXNydGMGYXBwX2lkEDIyMjAzOTE3ODgyMDA4OTIAAR6gc37s6zLkcxddmVdi34San5VQQia1jikUK8gG5JpZI3a2ndPqdhJQkX_Fpg_aem_xx_lzNn-tSMUvFPcABigmw\" target=\"_blank\" rel=\"nofollow noopener noreferrer\">https:\/\/ehrlichvietnam.vn\/<\/a><\/span><\/div>\n<div dir=\"auto\">Zalo OA:\u00a0<span class=\"html-span xdj266r x14z9mp xat24cr x1lziwak xexx8yu xyri2b x18d9i69 x1c1uobl x1hl2dhg x16tdsg8 x1vvkbs\"><a class=\"x1i10hfl xjbqb8w x1ejq31n x18oe1m7 x1sy0etr xstzfhl x972fbf x10w94by x1qhh985 x14e42zd x9f619 x1ypdohk xt0psk2 x3ct3a4 xdj266r x14z9mp xat24cr x1lziwak xexx8yu xyri2b x18d9i69 x1c1uobl x16tdsg8 x1hl2dhg xggy1nq x1a2a7pz xkrqix3 x1sur9pj x1fey0fg x1s688f\" tabindex=\"0\" role=\"link\" href=\"https:\/\/zalo.me\/s\/2888141157129558325?fbclid=IwZXh0bgNhZW0CMTAAYnJpZBExb21HcUpiQXBMNzMxT2pyVXNydGMGYXBwX2lkEDIyMjAzOTE3ODgyMDA4OTIAAR6Em0sH54QWhywAWXBewBrorI3Yh4OYyyIJP_2giHoITfA7WYGeXAMSsBY0hQ_aem_8xAXREGrYA_jpfUztcTROw\" target=\"_blank\" rel=\"nofollow noopener noreferrer\">https:\/\/zalo.me\/s\/2888141157129558325<\/a><\/span><\/div>\n<div dir=\"auto\">\ud83d\udcde\u00a0Hotline:\u00a0<strong data-start=\"4371\" data-end=\"4388\">0932 27 05 20<\/strong><br data-start=\"4388\" data-end=\"4391\" \/>\ud83d\ude9a\u00a0Giao h\u00e0ng to\u00e0n qu\u1ed1c \u2013 t\u01b0 v\u1ea5n nhanh ch\u00f3ng<\/div>\n<\/div>\n<p data-start=\"4438\" data-end=\"4480\"><strong>\ud83d\udc49 Inbox ngay \u0111\u1ec3 nh\u1eadn \u01b0u \u0111\u00e3i th\u00eam h\u00f4m nay!<\/strong><\/p>\n","protected":false},"excerpt":{"rendered":"<p data-start=\"106\" data-end=\"188\">\ud83c\udf1f <strong data-start=\"109\" data-end=\"186\">Combo thi\u1ebft b\u1ecb v\u1ec7 sinh Ehrlich \u2013 Ho\u00e0n thi\u1ec7n ph\u00f2ng t\u1eafm theo phong c\u00e1ch \u0110\u1ee9c<\/strong><\/p>\n<p data-start=\"190\" data-end=\"498\">Kh\u00f4ng gian ph\u00f2ng t\u1eafm kh\u00f4ng ch\u1ec9 l\u00e0 n\u01a1i sinh ho\u1ea1t h\u1eb1ng ng\u00e0y, m\u00e0 c\u00f2n l\u00e0 n\u01a1i t\u00e1i t\u1ea1o n\u0103ng l\u01b0\u1ee3ng, t\u1eadn h\u01b0\u1edfng s\u1ef1 th\u01b0 gi\u00e3n sau m\u1ed9t ng\u00e0y d\u00e0i. V\u1edbi tri\u1ebft l\u00fd <strong data-start=\"336\" data-end=\"369\">\u201ctinh t\u1ebf trong t\u1eebng chi ti\u1ebft\u201d<\/strong>, Ehrlich mang \u0111\u1ebfn combo thi\u1ebft b\u1ecb v\u1ec7 sinh \u0111\u1ed3ng b\u1ed9, gi\u00fap ph\u00f2ng t\u1eafm tr\u1edf th\u00e0nh <strong data-start=\"445\" data-end=\"495\">m\u1ed9t t\u1ed5ng th\u1ec3 sang tr\u1ecdng, hi\u1ec7n \u0111\u1ea1i v\u00e0 ti\u1ec7n nghi<\/strong>.<\/p>\n<p data-start=\"500\" data-end=\"778\">\u2728 M\u1ed7i s\u1ea3n ph\u1ea9m trong combo \u0111\u1ec1u \u0111\u01b0\u1ee3c ch\u1ebf t\u00e1c t\u1eeb ch\u1ea5t li\u1ec7u cao c\u1ea5p, \u00e1p d\u1ee5ng c\u00f4ng ngh\u1ec7 ch\u1ed1ng b\u00e1m b\u1ea9n, ch\u1ed1ng \u1ea9m m\u1ed1c v\u00e0 t\u1ed1i \u01b0u c\u00f4ng n\u0103ng s\u1eed d\u1ee5ng. Khi k\u1ebft h\u1ee3p tr\u1ecdn b\u1ed9, ch\u00fang t\u1ea1o n\u00ean s\u1ef1 h\u00e0i h\u00f2a tuy\u1ec7t \u0111\u1ed1i v\u1ec1 thi\u1ebft k\u1ebf, t\u1eeb ki\u1ec3u d\u00e1ng \u0111\u1ebfn m\u00e0u s\u1eafc \u2013 v\u1eeba th\u1ea9m m\u1ef9, v\u1eeba b\u1ec1n b\u1ec9 theo th\u1eddi gian.<\/p>\n<p data-start=\"780\" data-end=\"959\">\ud83d\udc8e L\u1ef1a ch\u1ecdn <strong data-start=\"792\" data-end=\"826\">combo thi\u1ebft b\u1ecb v\u1ec7 sinh Ehrlich<\/strong> ch\u00ednh l\u00e0 l\u1ef1a ch\u1ecdn s\u1ef1 <strong data-start=\"848\" data-end=\"870\">\u0111\u1eb3ng c\u1ea5p chu\u1ea9n \u0110\u1ee9c<\/strong>, mang \u0111\u1ebfn tr\u1ea3i nghi\u1ec7m tho\u1ea3i m\u00e1i, ti\u1ec7n l\u1ee3i v\u00e0 n\u00e2ng t\u1ea7m gi\u00e1 tr\u1ecb kh\u00f4ng gian s\u1ed1ng c\u1ee7a b\u1ea1n.<\/p>\n","protected":false},"featured_media":4410,"comment_status":"open","ping_status":"closed","template":"","meta":{"_acf_changed":false},"product_brand":[],"product_cat":[55,77,131],"product_tag":[],"class_list":{"0":"post-4409","1":"product","2":"type-product","3":"status-publish","4":"has-post-thumbnail","6":"product_cat-combo-phong-tam","7":"product_cat-combo","8":"product_cat-combo-tieu-chuan","10":"first","11":"instock","12":"sale","13":"shipping-taxable","14":"purchasable","15":"product-type-simple"},"acf":[],"_links":{"self":[{"href":"https:\/\/ehrlichvietnam.vn\/en\/wp-json\/wp\/v2\/product\/4409","targetHints":{"allow":["GET"]}}],"collection":[{"href":"https:\/\/ehrlichvietnam.vn\/en\/wp-json\/wp\/v2\/product"}],"about":[{"href":"https:\/\/ehrlichvietnam.vn\/en\/wp-json\/wp\/v2\/types\/product"}],"replies":[{"embeddable":true,"href":"https:\/\/ehrlichvietnam.vn\/en\/wp-json\/wp\/v2\/comments?post=4409"}],"wp:featuredmedia":[{"embeddable":true,"href":"https:\/\/ehrlichvietnam.vn\/en\/wp-json\/wp\/v2\/media\/4410"}],"wp:attachment":[{"href":"https:\/\/ehrlichvietnam.vn\/en\/wp-json\/wp\/v2\/media?parent=4409"}],"wp:term":[{"taxonomy":"product_brand","embeddable":true,"href":"https:\/\/ehrlichvietnam.vn\/en\/wp-json\/wp\/v2\/product_brand?post=4409"},{"taxonomy":"product_cat","embeddable":true,"href":"https:\/\/ehrlichvietnam.vn\/en\/wp-json\/wp\/v2\/product_cat?post=4409"},{"taxonomy":"product_tag","embeddable":true,"href":"https:\/\/ehrlichvietnam.vn\/en\/wp-json\/wp\/v2\/product_tag?post=4409"}],"curies":[{"name":"wp","href":"https:\/\/api.w.org\/{rel}","templated":true}]}}