{"id":4298,"date":"2026-02-05T02:22:23","date_gmt":"2026-02-05T02:22:23","guid":{"rendered":"https:\/\/ehrlichvietnam.vn\/?post_type=product&#038;p=4298"},"modified":"2026-03-31T02:31:52","modified_gmt":"2026-03-31T02:31:52","slug":"combo-el-v17","status":"publish","type":"product","link":"https:\/\/ehrlichvietnam.vn\/combo-el-v17\/","title":{"rendered":"Combo \u0110\u1ed3ng B\u1ed9 &#8211; 12"},"content":{"rendered":"<h1 data-start=\"276\" data-end=\"357\">Combo Thi\u1ebft B\u1ecb V\u1ec7 Sinh Ehrlich \u0110\u1ed3ng B\u1ed9 &#8211; 12 \u2013 Sen C\u00e2y \u0110\u1ed3ng M\u1ea1 Chrome Cao C\u1ea5p<\/h1>\n<p data-start=\"379\" data-end=\"717\">Combo thi\u1ebft b\u1ecb v\u1ec7 sinh Ehrlich \u0110\u1ed3ng B\u1ed9 &#8211; 12 g\u1ed3m sen c\u00e2y cao c\u1ea5p \u0111\u1ed3ng m\u1ea1 chrome, t\u1ee7 ch\u1eadu lavabo LED hi\u1ec7n \u0111\u1ea1i, v\u00f2i lavabo inox 304 \u0111\u00e1nh b\u00f3ng, b\u1ed3n c\u1ea7u li\u1ec1n kh\u1ed1i c\u00f9ng ph\u1ee5 ki\u1ec7n \u0111\u1ea7y \u0111\u1ee7 nh\u01b0 v\u1eaft kh\u0103n, k\u1ec7 g\u00f3c, l\u00f4 gi\u1ea5y, c\u1ecd wc, xyphong ng\u0103n m\u00f9i, x\u1ecbt v\u00e0 van kh\u00f3a n\u01b0\u1edbc. Gi\u1ea3i ph\u00e1p ph\u00f2ng t\u1eafm \u0111\u1ed3ng b\u1ed9, sang tr\u1ecdng, gi\u00e1 \u01b0u \u0111\u00e3i 14.369.000\u0111, b\u1ea3o h\u00e0nh 3 n\u0103m, giao h\u00e0ng to\u00e0n qu\u1ed1c.<\/p>\n<hr data-start=\"719\" data-end=\"722\" \/>\n<h2 data-start=\"724\" data-end=\"790\">Combo Ehrlich \u0110\u1ed3ng B\u1ed9 &#8211; 12 \u2013 L\u1ef1a Ch\u1ecdn Ho\u00e0n H\u1ea3o Cho Ph\u00f2ng T\u1eafm Hi\u1ec7n \u0110\u1ea1i<\/h2>\n<p data-start=\"792\" data-end=\"1062\">Trong thi\u1ebft k\u1ebf nh\u00e0 \u1edf hi\u1ec7n nay, ph\u00f2ng t\u1eafm kh\u00f4ng ch\u1ec9 l\u00e0 kh\u00f4ng gian sinh ho\u1ea1t m\u00e0 c\u00f2n th\u1ec3 hi\u1ec7n r\u00f5 gu th\u1ea9m m\u1ef9 v\u00e0 phong c\u00e1ch s\u1ed1ng c\u1ee7a gia ch\u1ee7. Vi\u1ec7c l\u1ef1a ch\u1ecdn <strong data-start=\"943\" data-end=\"986\">combo thi\u1ebft b\u1ecb v\u1ec7 sinh cao c\u1ea5p, \u0111\u1ed3ng b\u1ed9<\/strong> gi\u00fap t\u1ed1i \u01b0u c\u00f4ng n\u0103ng, ti\u1ebft ki\u1ec7m chi ph\u00ed v\u00e0 mang l\u1ea1i s\u1ef1 sang tr\u1ecdng l\u00e2u d\u00e0i.<\/p>\n<p data-start=\"1064\" data-end=\"1318\"><strong data-start=\"1064\" data-end=\"1105\">Combo thi\u1ebft b\u1ecb v\u1ec7 sinh Ehrlich \u0110\u1ed3ng B\u1ed9 &#8211; 12 <\/strong>\u00a0\u0111\u01b0\u1ee3c thi\u1ebft k\u1ebf d\u00e0nh ri\u00eang cho nh\u1eefng kh\u00e1ch h\u00e0ng y\u00eau th\u00edch phong c\u00e1ch hi\u1ec7n \u0111\u1ea1i, tinh t\u1ebf, v\u1edbi \u0111i\u1ec3m nh\u1ea5n l\u00e0 <strong data-start=\"1209\" data-end=\"1252\">sen c\u00e2y ph\u00edm \u0111\u00e0n \u0111\u1ed3ng m\u1ea1 chrome cao c\u1ea5p<\/strong> k\u1ebft h\u1ee3p c\u00f9ng <strong data-start=\"1266\" data-end=\"1292\">t\u1ee7 ch\u1eadu LED th\u00f4ng minh<\/strong> v\u00e0 <strong data-start=\"1296\" data-end=\"1317\">b\u1ed3n c\u1ea7u li\u1ec1n kh\u1ed1i<\/strong>.<\/p>\n<hr data-start=\"1320\" data-end=\"1323\" \/>\n<h2 data-start=\"1325\" data-end=\"1368\">Th\u00f4ng Tin T\u1ed5ng Quan Combo \u0110\u1ed3ng B\u1ed9 &#8211; 12 Ehrlich<\/h2>\n<p data-start=\"1370\" data-end=\"1450\">Combo \u0110\u1ed3ng B\u1ed9 &#8211; 12 bao g\u1ed3m \u0111\u1ea7y \u0111\u1ee7 c\u00e1c thi\u1ebft b\u1ecb thi\u1ebft y\u1ebfu cho m\u1ed9t ph\u00f2ng t\u1eafm ho\u00e0n ch\u1ec9nh:<\/p>\n<ul data-start=\"1452\" data-end=\"1718\">\n<li data-start=\"1452\" data-end=\"1495\">\n<p data-start=\"1454\" data-end=\"1495\">Sen c\u00e2y cao c\u1ea5p \u0111\u1ed3ng m\u1ea1 chrome<\/p>\n<\/li>\n<li data-start=\"1496\" data-end=\"1533\">\n<p data-start=\"1498\" data-end=\"1533\">T\u1ee7 ch\u1eadu lavabo t\u00edch h\u1ee3p g\u01b0\u01a1ng LED<\/p>\n<\/li>\n<li data-start=\"1534\" data-end=\"1571\">\n<p data-start=\"1536\" data-end=\"1571\">V\u00f2i lavabo inox 304 cao c\u1ea5p<\/p>\n<\/li>\n<li data-start=\"1572\" data-end=\"1602\">\n<p data-start=\"1574\" data-end=\"1602\">B\u1ed3n c\u1ea7u li\u1ec1n kh\u1ed1i hi\u1ec7n \u0111\u1ea1i<\/p>\n<\/li>\n<li data-start=\"1603\" data-end=\"1636\">\n<p data-start=\"1605\" data-end=\"1636\">B\u1ed9 ph\u1ee5 ki\u1ec7n 5 m\u00f3n inox cao c\u1ea5p<\/p>\n<\/li>\n<li data-start=\"1637\" data-end=\"1668\">\n<p data-start=\"1639\" data-end=\"1668\">Xyphong tho\u00e1t n\u01b0\u1edbc ng\u0103n m\u00f9i<\/p>\n<\/li>\n<li data-start=\"1669\" data-end=\"1692\">\n<p data-start=\"1671\" data-end=\"1692\">B\u1ed9 x\u1ecbt v\u1ec7 sinh inox<\/p>\n<\/li>\n<li data-start=\"1693\" data-end=\"1718\">\n<p data-start=\"1695\" data-end=\"1718\">Van kh\u00f3a n\u01b0\u1edbc an to\u00e0n<\/p>\n<\/li>\n<\/ul>\n<p data-start=\"1720\" data-end=\"1843\">T\u1ea5t c\u1ea3 s\u1ea3n ph\u1ea9m \u0111\u1ec1u \u0111\u01b0\u1ee3c l\u1ef1a ch\u1ecdn k\u1ef9 l\u01b0\u1ee1ng, \u0111\u1ea3m b\u1ea3o <strong data-start=\"1772\" data-end=\"1842\">\u0111\u1ed3ng b\u1ed9 v\u1ec1 thi\u1ebft k\u1ebf \u2013 \u0111\u1ed3ng nh\u1ea5t v\u1ec1 ch\u1ea5t l\u01b0\u1ee3ng \u2013 t\u1ed1i \u01b0u khi l\u1eafp \u0111\u1eb7t<\/strong>.<\/p>\n<hr data-start=\"1845\" data-end=\"1848\" \/>\n<h2 data-start=\"1850\" data-end=\"1911\">Sen C\u00e2y \u0110\u1ed3ng M\u1ea1 Chrome \u2013 Tr\u1ea3i Nghi\u1ec7m T\u1eafm \u0110\u1eb3ng C\u1ea5p<\/h2>\n<h3 data-start=\"1913\" data-end=\"1943\">Thi\u1ebft k\u1ebf hi\u1ec7n \u0111\u1ea1i<\/h3>\n<p data-start=\"1944\" data-end=\"2117\">Sen c\u00e2y l\u00e0 xu h\u01b0\u1edbng \u0111\u01b0\u1ee3c \u01b0a chu\u1ed9ng trong c\u00e1c ph\u00f2ng t\u1eafm cao c\u1ea5p. H\u1ec7 th\u1ed1ng \u0111i\u1ec1u khi\u1ec3n tr\u1ef1c quan gi\u00fap ng\u01b0\u1eddi d\u00f9ng d\u1ec5 d\u00e0ng l\u1ef1a ch\u1ecdn ch\u1ebf \u0111\u1ed9 n\u01b0\u1edbc.<\/p>\n<h3 data-start=\"2119\" data-end=\"2155\">Ch\u1ea5t li\u1ec7u \u0111\u1ed3ng m\u1ea1 chrome cao c\u1ea5p<\/h3>\n<ul data-start=\"2156\" data-end=\"2295\">\n<li data-start=\"2156\" data-end=\"2196\">\n<p data-start=\"2158\" data-end=\"2196\">Th\u00e2n sen l\u00e0m t\u1eeb <strong data-start=\"2174\" data-end=\"2194\">\u0111\u1ed3ng nguy\u00ean kh\u1ed1i<\/strong><\/p>\n<\/li>\n<li data-start=\"2197\" data-end=\"2246\">\n<p data-start=\"2199\" data-end=\"2246\">B\u1ec1 m\u1eb7t <strong data-start=\"2206\" data-end=\"2229\">m\u1ea1 chrome s\u00e1ng b\u00f3ng<\/strong>, ch\u1ed1ng oxy h\u00f3a<\/p>\n<\/li>\n<li data-start=\"2247\" data-end=\"2295\">\n<p data-start=\"2249\" data-end=\"2295\">Kh\u00f4ng bong tr\u00f3c, kh\u00f4ng g\u1ec9 s\u00e9t theo th\u1eddi gian<\/p>\n<\/li>\n<\/ul>\n<h3 data-start=\"2297\" data-end=\"2318\">\u01afu \u0111i\u1ec3m v\u01b0\u1ee3t tr\u1ed9i<\/h3>\n<ul data-start=\"2319\" data-end=\"2440\">\n<li data-start=\"2319\" data-end=\"2358\">\n<p data-start=\"2321\" data-end=\"2358\">B\u00e1t sen l\u1edbn cho d\u00f2ng n\u01b0\u1edbc m\u1ea1nh, \u0111\u1ec1u<\/p>\n<\/li>\n<li data-start=\"2359\" data-end=\"2402\">\n<p data-start=\"2361\" data-end=\"2402\">Tay sen linh ho\u1ea1t, ti\u1ec7n l\u1ee3i khi s\u1eed d\u1ee5ng<\/p>\n<\/li>\n<li data-start=\"2403\" data-end=\"2440\">\n<p data-start=\"2405\" data-end=\"2440\">D\u1ec5 v\u1ec7 sinh, h\u1ea1n ch\u1ebf b\u00e1m c\u1eb7n canxi<\/p>\n<\/li>\n<\/ul>\n<p data-start=\"2442\" data-end=\"2533\">Sen c\u00e2y\u00a0 kh\u00f4ng ch\u1ec9 mang l\u1ea1i c\u1ea3m gi\u00e1c th\u01b0 gi\u00e3n m\u00e0 c\u00f2n n\u00e2ng t\u1ea7m kh\u00f4ng gian ph\u00f2ng t\u1eafm.<\/p>\n<hr data-start=\"2535\" data-end=\"2538\" \/>\n<h2 data-start=\"2540\" data-end=\"2593\">T\u1ee7 Ch\u1eadu Lavabo LED \u2013 G\u1ecdn G\u00e0ng, Hi\u1ec7n \u0110\u1ea1i, Ti\u1ec7n Nghi<\/h2>\n<h3 data-start=\"2595\" data-end=\"2621\">G\u01b0\u01a1ng LED \u00e1nh s\u00e1ng d\u1ecbu<\/h3>\n<p data-start=\"2622\" data-end=\"2767\">T\u1ee7 ch\u1eadu trong combo \u0110\u1ed3ng B\u1ed9 &#8211; 12 t\u00edch h\u1ee3p <strong data-start=\"2658\" data-end=\"2680\">g\u01b0\u01a1ng LED hi\u1ec7n \u0111\u1ea1i<\/strong>, cho \u00e1nh s\u00e1ng trung th\u1ef1c, h\u1ed7 tr\u1ee3 sinh ho\u1ea1t h\u00e0ng ng\u00e0y nh\u01b0 r\u1eeda m\u1eb7t, trang \u0111i\u1ec3m, c\u1ea1o r\u00e2u.<\/p>\n<h3 data-start=\"2769\" data-end=\"2806\">Thi\u1ebft k\u1ebf t\u1ee7 treo t\u1ed1i \u01b0u di\u1ec7n t\u00edch<\/h3>\n<ul data-start=\"2807\" data-end=\"2934\">\n<li data-start=\"2807\" data-end=\"2855\">\n<p data-start=\"2809\" data-end=\"2855\">Ki\u1ec3u d\u00e1ng treo t\u01b0\u1eddng gi\u00fap ph\u00f2ng t\u1eafm g\u1ecdn g\u00e0ng<\/p>\n<\/li>\n<li data-start=\"2856\" data-end=\"2898\">\n<p data-start=\"2858\" data-end=\"2898\">Ng\u0103n ch\u1ee9a r\u1ed9ng r\u00e3i, d\u1ec5 s\u1eafp x\u1ebfp \u0111\u1ed3 d\u00f9ng<\/p>\n<\/li>\n<li data-start=\"2899\" data-end=\"2934\">\n<p data-start=\"2901\" data-end=\"2934\">Ch\u1ea5t li\u1ec7u b\u1ec1n \u0111\u1eb9p, ch\u1ed1ng \u1ea9m m\u1ed1c<\/p>\n<\/li>\n<\/ul>\n<p data-start=\"2936\" data-end=\"3000\">T\u1ee7 ch\u1eadu LED ph\u00f9 h\u1ee3p v\u1edbi c\u1ea3 ph\u00f2ng t\u1eafm nh\u1ecf l\u1eabn kh\u00f4ng gian cao c\u1ea5p.<\/p>\n<hr data-start=\"3002\" data-end=\"3005\" \/>\n<h2 data-start=\"3007\" data-end=\"3063\">V\u00f2i Lavabo inox 304 Cao C\u1ea5p \u2013 B\u1ec1n \u0110\u1eb9p &amp; An To\u00e0n<\/h2>\n<p data-start=\"3065\" data-end=\"3165\">V\u00f2i lavabo trong combo \u0110\u1ed3ng B\u1ed9 &#8211; 12 \u0111\u01b0\u1ee3c s\u1ea3n xu\u1ea5t t\u1eeb <strong data-start=\"3112\" data-end=\"3132\">inox 304 <\/strong>\u0111\u00e1nh b\u00f3ng\u00a0cao c\u1ea5p gi\u00fap:<\/p>\n<ul data-start=\"3167\" data-end=\"3317\">\n<li data-start=\"3167\" data-end=\"3197\">\n<p data-start=\"3169\" data-end=\"3197\">Ch\u1ed1ng \u0103n m\u00f2n, ch\u1ed1ng g\u1ec9 s\u00e9t<\/p>\n<\/li>\n<li data-start=\"3198\" data-end=\"3234\">\n<p data-start=\"3200\" data-end=\"3234\">An to\u00e0n cho ngu\u1ed3n n\u01b0\u1edbc sinh ho\u1ea1t<\/p>\n<\/li>\n<li data-start=\"3235\" data-end=\"3272\">\n<p data-start=\"3237\" data-end=\"3272\">D\u00f2ng ch\u1ea3y \u1ed5n \u0111\u1ecbnh, ti\u1ebft ki\u1ec7m n\u01b0\u1edbc<\/p>\n<\/li>\n<li data-start=\"3273\" data-end=\"3317\">\n<p data-start=\"3275\" data-end=\"3317\">Thi\u1ebft k\u1ebf h\u00e0i h\u00f2a v\u1edbi sen c\u00e2y v\u00e0 ph\u1ee5 ki\u1ec7n<\/p>\n<\/li>\n<\/ul>\n<p data-start=\"3319\" data-end=\"3404\">S\u1ef1 \u0111\u1ed3ng b\u1ed9 gi\u1eefa v\u00f2i lavabo v\u00e0 sen c\u00e2y t\u1ea1o n\u00ean t\u1ed5ng th\u1ec3 ph\u00f2ng t\u1eafm tinh t\u1ebf, sang tr\u1ecdng.<\/p>\n<hr data-start=\"3406\" data-end=\"3409\" \/>\n<h2 data-start=\"3411\" data-end=\"3454\">B\u1ed3n C\u1ea7u Li\u1ec1n Kh\u1ed1i \u2013 T\u1ed1i Gi\u1ea3n, D\u1ec5 V\u1ec7 Sinh<\/h2>\n<p data-start=\"3456\" data-end=\"3520\">B\u1ed3n c\u1ea7u li\u1ec1n kh\u1ed1i l\u00e0 l\u1ef1a ch\u1ecdn t\u1ed1i \u01b0u cho ph\u00f2ng t\u1eafm hi\u1ec7n \u0111\u1ea1i nh\u1edd:<\/p>\n<ul data-start=\"3522\" data-end=\"3672\">\n<li data-start=\"3522\" data-end=\"3561\">\n<p data-start=\"3524\" data-end=\"3561\">Thi\u1ebft k\u1ebf li\u1ec1n m\u1ea1ch, h\u1ea1n ch\u1ebf b\u00e1m b\u1ea9n<\/p>\n<\/li>\n<li data-start=\"3562\" data-end=\"3598\">\n<p data-start=\"3564\" data-end=\"3598\">H\u1ec7 th\u1ed1ng x\u1ea3 m\u1ea1nh, ti\u1ebft ki\u1ec7m n\u01b0\u1edbc<\/p>\n<\/li>\n<li data-start=\"3599\" data-end=\"3632\">\n<p data-start=\"3601\" data-end=\"3632\">B\u1ec1 m\u1eb7t s\u1ee9 cao c\u1ea5p, d\u1ec5 v\u1ec7 sinh<\/p>\n<\/li>\n<li data-start=\"3633\" data-end=\"3672\">\n<p data-start=\"3635\" data-end=\"3672\">\u0110\u1ed9 b\u1ec1n cao, s\u1eed d\u1ee5ng \u1ed5n \u0111\u1ecbnh l\u00e2u d\u00e0i<\/p>\n<\/li>\n<\/ul>\n<p data-start=\"3674\" data-end=\"3750\">B\u1ed3n c\u1ea7u li\u1ec1n kh\u1ed1i gi\u00fap kh\u00f4ng gian ph\u00f2ng t\u1eafm tr\u1edf n\u00ean s\u1ea1ch s\u1ebd v\u00e0 g\u1ecdn g\u00e0ng h\u01a1n.<\/p>\n<hr data-start=\"3752\" data-end=\"3755\" \/>\n<h2 data-start=\"3757\" data-end=\"3795\">Ph\u1ee5 Ki\u1ec7n \u0110\u1ed3ng B\u1ed9 \u2013 \u0110\u1ea7y \u0110\u1ee7, Ti\u1ec7n L\u1ee3i<\/h2>\n<h3 data-start=\"3797\" data-end=\"3819\">V\u1eaft kh\u0103n gi\u00e0n, k\u1ec7 g\u00f3c, l\u00f4 gi\u1ea5y, c\u1ecd wc inox<\/h3>\n<ul data-start=\"3820\" data-end=\"3897\">\n<li data-start=\"3820\" data-end=\"3837\">\n<p data-start=\"3822\" data-end=\"3837\">Inox ch\u1ed1ng g\u1ec9<\/p>\n<\/li>\n<li data-start=\"3838\" data-end=\"3860\">\n<p data-start=\"3840\" data-end=\"3860\">Thi\u1ebft k\u1ebf ch\u1eafc ch\u1eafn<\/p>\n<\/li>\n<li data-start=\"3861\" data-end=\"3897\">\n<p data-start=\"3863\" data-end=\"3897\">Thu\u1eadn ti\u1ec7n khi s\u1eed d\u1ee5ng h\u00e0ng ng\u00e0y<\/p>\n<\/li>\n<\/ul>\n<h3 data-start=\"3899\" data-end=\"3919\">Xyphong ng\u0103n m\u00f9i<\/h3>\n<ul data-start=\"3920\" data-end=\"3988\">\n<li data-start=\"3920\" data-end=\"3940\">\n<p data-start=\"3922\" data-end=\"3940\">Tho\u00e1t n\u01b0\u1edbc nhanh<\/p>\n<\/li>\n<li data-start=\"3941\" data-end=\"3966\">\n<p data-start=\"3943\" data-end=\"3966\">Ng\u0103n m\u00f9i h\u00f4i hi\u1ec7u qu\u1ea3<\/p>\n<\/li>\n<li data-start=\"3967\" data-end=\"3988\">\n<p data-start=\"3969\" data-end=\"3988\">H\u1ea1n ch\u1ebf t\u1eafc ngh\u1ebdn<\/p>\n<\/li>\n<\/ul>\n<h3 data-start=\"3990\" data-end=\"4021\">X\u1ecbt v\u1ec7 sinh &amp; van kh\u00f3a n\u01b0\u1edbc<\/h3>\n<ul data-start=\"4022\" data-end=\"4124\">\n<li data-start=\"4022\" data-end=\"4041\">\n<p data-start=\"4024\" data-end=\"4041\">X\u1ecbt inox b\u1ec1n b\u1ec9<\/p>\n<\/li>\n<li data-start=\"4042\" data-end=\"4087\">\n<p data-start=\"4044\" data-end=\"4087\">Van kh\u00f3a gi\u00fap ki\u1ec3m so\u00e1t d\u00f2ng n\u01b0\u1edbc an to\u00e0n<\/p>\n<\/li>\n<li data-start=\"4088\" data-end=\"4124\">\n<p data-start=\"4090\" data-end=\"4124\">Gia t\u0103ng ti\u1ec7n nghi cho ph\u00f2ng t\u1eafm<\/p>\n<\/li>\n<\/ul>\n<hr data-start=\"4126\" data-end=\"4129\" \/>\n<h2 data-start=\"4131\" data-end=\"4171\">V\u00ec Sao N\u00ean Ch\u1ecdn Combo Ehrlich \u0110\u1ed3ng B\u1ed9 &#8211; 12?<\/h2>\n<ul data-start=\"4173\" data-end=\"4466\">\n<li data-start=\"4173\" data-end=\"4220\">\n<p data-start=\"4175\" data-end=\"4220\">Sen c\u00e2y cao c\u1ea5p, thi\u1ebft k\u1ebf hi\u1ec7n \u0111\u1ea1i<\/p>\n<\/li>\n<li data-start=\"4221\" data-end=\"4257\">\n<p data-start=\"4223\" data-end=\"4257\">\u0110\u1ed3ng b\u1ed9 to\u00e0n b\u1ed9 thi\u1ebft b\u1ecb v\u1ec7 sinh<\/p>\n<\/li>\n<li data-start=\"4258\" data-end=\"4303\">\n<p data-start=\"4260\" data-end=\"4303\">Ch\u1ea5t li\u1ec7u cao c\u1ea5p, b\u1ec1n \u0111\u1eb9p theo th\u1eddi gian<\/p>\n<\/li>\n<li data-start=\"4304\" data-end=\"4329\">\n<p data-start=\"4306\" data-end=\"4329\">T\u1ee7 ch\u1eadu LED ti\u1ec7n nghi<\/p>\n<\/li>\n<li data-start=\"4330\" data-end=\"4364\">\n<p data-start=\"4332\" data-end=\"4364\">Kh\u00f4ng ph\u00e1t sinh chi ph\u00ed mua l\u1ebb<\/p>\n<\/li>\n<li data-start=\"4365\" data-end=\"4399\">\n<p data-start=\"4367\" data-end=\"4399\">Gi\u00e1 \u01b0u \u0111\u00e3i ch\u1ec9 <strong data-start=\"4382\" data-end=\"4397\">14.369.000\u0111<\/strong><\/p>\n<\/li>\n<li data-start=\"4400\" data-end=\"4433\">\n<p data-start=\"4402\" data-end=\"4433\">B\u1ea3o h\u00e0nh ch\u00ednh h\u00e3ng <strong>3\u00a0n\u0103m<\/strong><\/p>\n<\/li>\n<li data-start=\"4434\" data-end=\"4466\">\n<p data-start=\"4436\" data-end=\"4466\">Mi\u1ec5n ph\u00ed giao h\u00e0ng to\u00e0n qu\u1ed1c<\/p>\n<\/li>\n<\/ul>\n<hr data-start=\"4468\" data-end=\"4471\" \/>\n<h2 data-start=\"4473\" data-end=\"4522\">Combo \u0110\u1ed3ng B\u1ed9 &#8211; 12 Ph\u00f9 H\u1ee3p V\u1edbi Nh\u1eefng Kh\u00f4ng Gian N\u00e0o?<\/h2>\n<p data-start=\"4524\" data-end=\"4574\">Combo thi\u1ebft b\u1ecb v\u1ec7 sinh \u0110\u1ed3ng B\u1ed9 &#8211; 12 ph\u00f9 h\u1ee3p cho:<\/p>\n<ul data-start=\"4575\" data-end=\"4694\">\n<li data-start=\"4575\" data-end=\"4595\">\n<p data-start=\"4577\" data-end=\"4595\">Chung c\u01b0 cao c\u1ea5p<\/p>\n<\/li>\n<li data-start=\"4596\" data-end=\"4620\">\n<p data-start=\"4598\" data-end=\"4620\">Nh\u00e0 ph\u1ed1, nh\u00e0 li\u1ec1n k\u1ec1<\/p>\n<\/li>\n<li data-start=\"4621\" data-end=\"4650\">\n<p data-start=\"4623\" data-end=\"4650\">Nh\u00e0 \u1edf ho\u00e0n thi\u1ec7n tr\u1ecdn g\u00f3i<\/p>\n<\/li>\n<li data-start=\"4651\" data-end=\"4694\">\n<p data-start=\"4653\" data-end=\"4694\">C\u00f4ng tr\u00ecnh d\u00e2n d\u1ee5ng y\u00eau c\u1ea7u th\u1ea9m m\u1ef9 cao<\/p>\n<\/li>\n<\/ul>\n<hr data-start=\"4696\" data-end=\"4699\" \/>\n<h2 data-start=\"4701\" data-end=\"4712\">K\u1ebft Lu\u1eadn<\/h2>\n<p data-start=\"4714\" data-end=\"4910\">V\u1edbi thi\u1ebft k\u1ebf hi\u1ec7n \u0111\u1ea1i, v\u1eadt li\u1ec7u cao c\u1ea5p v\u00e0 m\u1ee9c gi\u00e1 h\u1ee3p l\u00fd, <strong data-start=\"4773\" data-end=\"4797\">Combo \u0110\u1ed3ng B\u1ed9 &#8211; 12 <\/strong>\u00a0l\u00e0 l\u1ef1a ch\u1ecdn l\u00fd t\u01b0\u1edfng cho nh\u1eefng ai mu\u1ed1n s\u1edf h\u1eefu <strong data-start=\"4844\" data-end=\"4889\">ph\u00f2ng t\u1eafm sang tr\u1ecdng \u2013 ti\u1ec7n nghi \u2013 b\u1ec1n b\u1ec9<\/strong> trong th\u1eddi gian d\u00e0i.<\/p>\n<hr data-start=\"4912\" data-end=\"4915\" \/>\n<h2 data-start=\"4917\" data-end=\"4957\">\ud83d\udccc Th\u00f4ng Tin Li\u00ean H\u1ec7 Ehrlich Vi\u1ec7t Nam<\/h2>\n<p data-start=\"4959\" data-end=\"5060\"><strong data-start=\"4959\" data-end=\"5010\">Ehrlich Vi\u1ec7t Nam \u2013 Thi\u1ebft B\u1ecb Nh\u00e0 B\u1ebfp &amp; Ph\u00f2ng T\u1eafm<\/strong><br data-start=\"5010\" data-end=\"5013\" \/>S\u1ed1 6 Li\u1ec1n K\u1ec1 22, K\u0110T V\u0103n Kh\u00ea, H\u00e0 \u0110\u00f4ng, H\u00e0 N\u1ed9i<\/p>\n<p data-start=\"5062\" data-end=\"5254\">TikTok: <a class=\"decorated-link\" href=\"https:\/\/www.tiktok.com\/@ehrlich.chia.s?_r=1\" target=\"_new\" rel=\"noopener\" data-start=\"5070\" data-end=\"5114\">https:\/\/www.tiktok.com\/@ehrlichthietbivesinh<\/a><br data-start=\"5114\" data-end=\"5117\" \/>YouTube: <a class=\"decorated-link\" href=\"https:\/\/www.youtube.com\/@EhrlichVietNam\" target=\"_new\" rel=\"noopener\" data-start=\"5126\" data-end=\"5165\">https:\/\/www.youtube.com\/@EhrlichVietNam<\/a><br data-start=\"5165\" data-end=\"5168\" \/>Website: <a class=\"decorated-link\" href=\"https:\/\/ehrlichvietnam.vn\/\" target=\"_new\" rel=\"noopener\" data-start=\"5177\" data-end=\"5203\">https:\/\/ehrlichvietnam.vn\/<\/a><br data-start=\"5203\" data-end=\"5206\" \/>Zalo OA: <a class=\"decorated-link\" href=\"https:\/\/zalo.me\/s\/2888141157129558325\" target=\"_new\" rel=\"noopener\" data-start=\"5215\" data-end=\"5252\">https:\/\/zalo.me\/s\/2888141157129558325<\/a><\/p>\n<p data-start=\"5256\" data-end=\"5333\">\ud83d\udcde Hotline: <strong data-start=\"5268\" data-end=\"5285\">0932 27 05 20<\/strong><br data-start=\"5285\" data-end=\"5288\" \/>\ud83d\ude9a Giao h\u00e0ng to\u00e0n qu\u1ed1c \u2013 t\u01b0 v\u1ea5n nhanh ch\u00f3ng<\/p>\n<p data-start=\"5335\" data-end=\"5396\">\ud83d\udc49 <strong data-start=\"5338\" data-end=\"5396\">Li\u00ean h\u1ec7 ngay \u0111\u1ec3 nh\u1eadn \u01b0u \u0111\u00e3i t\u1ed1t nh\u1ea5t cho Combo EL-V17!<\/strong><\/p>\n","protected":false},"excerpt":{"rendered":"<p data-start=\"106\" data-end=\"188\">\ud83c\udf1f <strong data-start=\"109\" data-end=\"186\">Combo thi\u1ebft b\u1ecb v\u1ec7 sinh Ehrlich \u2013 Ho\u00e0n thi\u1ec7n ph\u00f2ng t\u1eafm theo phong c\u00e1ch \u0110\u1ee9c<\/strong><\/p>\n<p data-start=\"190\" data-end=\"498\">Kh\u00f4ng gian ph\u00f2ng t\u1eafm kh\u00f4ng ch\u1ec9 l\u00e0 n\u01a1i sinh ho\u1ea1t h\u1eb1ng ng\u00e0y, m\u00e0 c\u00f2n l\u00e0 n\u01a1i t\u00e1i t\u1ea1o n\u0103ng l\u01b0\u1ee3ng, t\u1eadn h\u01b0\u1edfng s\u1ef1 th\u01b0 gi\u00e3n sau m\u1ed9t ng\u00e0y d\u00e0i. V\u1edbi tri\u1ebft l\u00fd <strong data-start=\"336\" data-end=\"369\">\u201ctinh t\u1ebf trong t\u1eebng chi ti\u1ebft\u201d<\/strong>, Ehrlich mang \u0111\u1ebfn combo thi\u1ebft b\u1ecb v\u1ec7 sinh \u0111\u1ed3ng b\u1ed9, gi\u00fap ph\u00f2ng t\u1eafm tr\u1edf th\u00e0nh <strong data-start=\"445\" data-end=\"495\">m\u1ed9t t\u1ed5ng th\u1ec3 sang tr\u1ecdng, hi\u1ec7n \u0111\u1ea1i v\u00e0 ti\u1ec7n nghi<\/strong>.<\/p>\n<p data-start=\"500\" data-end=\"778\">\u2728 M\u1ed7i s\u1ea3n ph\u1ea9m trong combo \u0111\u1ec1u \u0111\u01b0\u1ee3c ch\u1ebf t\u00e1c t\u1eeb ch\u1ea5t li\u1ec7u cao c\u1ea5p, \u00e1p d\u1ee5ng c\u00f4ng ngh\u1ec7 ch\u1ed1ng b\u00e1m b\u1ea9n, ch\u1ed1ng \u1ea9m m\u1ed1c v\u00e0 t\u1ed1i \u01b0u c\u00f4ng n\u0103ng s\u1eed d\u1ee5ng. Khi k\u1ebft h\u1ee3p tr\u1ecdn b\u1ed9, ch\u00fang t\u1ea1o n\u00ean s\u1ef1 h\u00e0i h\u00f2a tuy\u1ec7t \u0111\u1ed1i v\u1ec1 thi\u1ebft k\u1ebf, t\u1eeb ki\u1ec3u d\u00e1ng \u0111\u1ebfn m\u00e0u s\u1eafc \u2013 v\u1eeba th\u1ea9m m\u1ef9, v\u1eeba b\u1ec1n b\u1ec9 theo th\u1eddi gian.<\/p>\n<p data-start=\"780\" data-end=\"959\">\ud83d\udc8e L\u1ef1a ch\u1ecdn <strong data-start=\"792\" data-end=\"826\">combo thi\u1ebft b\u1ecb v\u1ec7 sinh Ehrlich<\/strong> ch\u00ednh l\u00e0 l\u1ef1a ch\u1ecdn s\u1ef1 <strong data-start=\"848\" data-end=\"870\">\u0111\u1eb3ng c\u1ea5p chu\u1ea9n \u0110\u1ee9c<\/strong>, mang \u0111\u1ebfn tr\u1ea3i nghi\u1ec7m tho\u1ea3i m\u00e1i, ti\u1ec7n l\u1ee3i v\u00e0 n\u00e2ng t\u1ea7m gi\u00e1 tr\u1ecb kh\u00f4ng gian s\u1ed1ng c\u1ee7a b\u1ea1n.<\/p>\n","protected":false},"featured_media":4466,"comment_status":"open","ping_status":"closed","template":"","meta":{"_acf_changed":false},"product_brand":[],"product_cat":[55,77,132],"product_tag":[],"class_list":{"0":"post-4298","1":"product","2":"type-product","3":"status-publish","4":"has-post-thumbnail","6":"product_cat-combo-phong-tam","7":"product_cat-combo","8":"product_cat-combo-dong-bo","10":"first","11":"instock","12":"sale","13":"shipping-taxable","14":"purchasable","15":"product-type-simple"},"acf":[],"_links":{"self":[{"href":"https:\/\/ehrlichvietnam.vn\/en\/wp-json\/wp\/v2\/product\/4298","targetHints":{"allow":["GET"]}}],"collection":[{"href":"https:\/\/ehrlichvietnam.vn\/en\/wp-json\/wp\/v2\/product"}],"about":[{"href":"https:\/\/ehrlichvietnam.vn\/en\/wp-json\/wp\/v2\/types\/product"}],"replies":[{"embeddable":true,"href":"https:\/\/ehrlichvietnam.vn\/en\/wp-json\/wp\/v2\/comments?post=4298"}],"wp:featuredmedia":[{"embeddable":true,"href":"https:\/\/ehrlichvietnam.vn\/en\/wp-json\/wp\/v2\/media\/4466"}],"wp:attachment":[{"href":"https:\/\/ehrlichvietnam.vn\/en\/wp-json\/wp\/v2\/media?parent=4298"}],"wp:term":[{"taxonomy":"product_brand","embeddable":true,"href":"https:\/\/ehrlichvietnam.vn\/en\/wp-json\/wp\/v2\/product_brand?post=4298"},{"taxonomy":"product_cat","embeddable":true,"href":"https:\/\/ehrlichvietnam.vn\/en\/wp-json\/wp\/v2\/product_cat?post=4298"},{"taxonomy":"product_tag","embeddable":true,"href":"https:\/\/ehrlichvietnam.vn\/en\/wp-json\/wp\/v2\/product_tag?post=4298"}],"curies":[{"name":"wp","href":"https:\/\/api.w.org\/{rel}","templated":true}]}}