{"id":4296,"date":"2026-02-05T02:02:43","date_gmt":"2026-02-05T02:02:43","guid":{"rendered":"https:\/\/ehrlichvietnam.vn\/?post_type=product&#038;p=4296"},"modified":"2026-03-31T02:47:50","modified_gmt":"2026-03-31T02:47:50","slug":"combo-el-v14-copy","status":"publish","type":"product","link":"https:\/\/ehrlichvietnam.vn\/combo-el-v16\/","title":{"rendered":"Combo \u0110\u1ed3ng B\u1ed9 &#8211; 13"},"content":{"rendered":"<h1 data-start=\"302\" data-end=\"394\">Combo Thi\u1ebft B\u1ecb V\u1ec7 Sinh Ehrlich \u0110\u1ed3ng B\u1ed9 &#8211; 13 \u2013 Sen C\u00e2y inox 304, T\u1ee7 Ch\u1eadu LED S\u1ea5y Cao C\u1ea5p<\/h1>\n<p data-start=\"428\" data-end=\"774\">Combo thi\u1ebft b\u1ecb v\u1ec7 sinh Ehrlich \u0110\u1ed3ng B\u1ed9 &#8211; 13 g\u1ed3m sen c\u00e2y cao c\u1ea5pinox 304 \u0111\u00e1nh b\u00f3ng, t\u1ee7 ch\u1eadu t\u00edch h\u1ee3p g\u01b0\u01a1ng LED v\u00e0 s\u1ea5y m\u00f9, v\u00f2i lavabo inox 304 cao c\u1ea5p, b\u1ed3n c\u1ea7u li\u1ec1n kh\u1ed1i c\u00f9ng \u0111\u1ea7y \u0111\u1ee7 ph\u1ee5 ki\u1ec7n nh\u01b0 v\u1eaft kh\u0103n, k\u1ec7 g\u00f3c. l\u00f4 gi\u1ea5y, c\u1ecd wc, xyphong ng\u0103n m\u00f9i, x\u1ecbt v\u00e0 van kh\u00f3a n\u01b0\u1edbc. Gi\u1ea3i ph\u00e1p ph\u00f2ng t\u1eafm \u0111\u1ed3ng b\u1ed9, sang tr\u1ecdng, gi\u00e1 \u01b0u \u0111\u00e3i 14.369.000\u0111, b\u1ea3o h\u00e0nh 3 n\u0103m, giao h\u00e0ng to\u00e0n qu\u1ed1c.<\/p>\n<hr data-start=\"776\" data-end=\"779\" \/>\n<h2 data-start=\"781\" data-end=\"867\">Combo Ehrlich \u0110\u1ed3ng B\u1ed9 &#8211; 13 \u2013 Gi\u1ea3i Ph\u00e1p Ph\u00f2ng T\u1eafm \u0110\u1ed3ng B\u1ed9 Hi\u1ec7n \u0110\u1ea1i, B\u1ec1n \u0110\u1eb9p Theo Th\u1eddi Gian<\/h2>\n<p data-start=\"869\" data-end=\"1123\">Trong xu h\u01b0\u1edbng thi\u1ebft k\u1ebf nh\u00e0 \u1edf hi\u1ec7n \u0111\u1ea1i, vi\u1ec7c l\u1ef1a ch\u1ecdn <strong data-start=\"923\" data-end=\"957\">combo thi\u1ebft b\u1ecb v\u1ec7 sinh \u0111\u1ed3ng b\u1ed9<\/strong> \u0111ang ng\u00e0y c\u00e0ng \u0111\u01b0\u1ee3c nhi\u1ec1u gia \u0111\u00ecnh \u01b0u ti\u00ean. Kh\u00f4ng ch\u1ec9 gi\u00fap kh\u00f4ng gian ph\u00f2ng t\u1eafm tr\u1edf n\u00ean h\u00e0i h\u00f2a, sang tr\u1ecdng m\u00e0 c\u00f2n ti\u1ebft ki\u1ec7m chi ph\u00ed, d\u1ec5 thi c\u00f4ng v\u00e0 b\u1ea3o tr\u00ec l\u00e2u d\u00e0i.<\/p>\n<p data-start=\"1125\" data-end=\"1395\"><strong data-start=\"1125\" data-end=\"1166\">Combo thi\u1ebft b\u1ecb v\u1ec7 sinh Ehrlich \u0110\u1ed3ng B\u1ed9 &#8211; 13<\/strong>\u00a0l\u00e0 m\u1ed9t trong nh\u1eefng combo b\u00e1n ch\u1ea1y nh\u1ea5t nh\u1edd thi\u1ebft k\u1ebf hi\u1ec7n \u0111\u1ea1i, v\u1eadt li\u1ec7u cao c\u1ea5p v\u00e0 m\u1ee9c gi\u00e1 c\u1ef1c k\u1ef3 h\u1ee3p l\u00fd. B\u1ed9 s\u1ea3n ph\u1ea9m \u0111\u00e1p \u1ee9ng \u0111\u1ea7y \u0111\u1ee7 m\u1ecdi nhu c\u1ea7u s\u1eed d\u1ee5ng cho ph\u00f2ng t\u1eafm gia \u0111\u00ecnh, chung c\u01b0 cao c\u1ea5p, nh\u00e0 ph\u1ed1 hay c\u00f4ng tr\u00ecnh ho\u00e0n thi\u1ec7n.<\/p>\n<hr data-start=\"1397\" data-end=\"1400\" \/>\n<h2 data-start=\"1402\" data-end=\"1445\">Th\u00f4ng Tin T\u1ed5ng Quan Combo \u0110\u1ed3ng B\u1ed9 &#8211; 13 Ehrlich<\/h2>\n<p data-start=\"1447\" data-end=\"1499\">Combo EL-V16 bao g\u1ed3m \u0111\u1ea7y \u0111\u1ee7 c\u00e1c thi\u1ebft b\u1ecb quan tr\u1ecdng:<\/p>\n<ul data-start=\"1501\" data-end=\"1746\">\n<li data-start=\"1501\" data-end=\"1535\">\n<p data-start=\"1503\" data-end=\"1535\">Sen c\u00e2y cao c\u1ea5p inox 304 \u0111\u00e1nh b\u00f3ng<\/p>\n<\/li>\n<li data-start=\"1536\" data-end=\"1583\">\n<p data-start=\"1538\" data-end=\"1583\">T\u1ee7 ch\u1eadu lavabo t\u00edch h\u1ee3p g\u01b0\u01a1ng LED v\u00e0 s\u1ea5y m\u00f9<\/p>\n<\/li>\n<li data-start=\"1584\" data-end=\"1621\">\n<p data-start=\"1586\" data-end=\"1621\">V\u00f2i lavabo inox 304 \u0111\u00e1nh b\u00f3ng cao c\u1ea5p<\/p>\n<\/li>\n<li data-start=\"1622\" data-end=\"1652\">\n<p data-start=\"1624\" data-end=\"1652\">B\u1ed3n c\u1ea7u li\u1ec1n kh\u1ed1i hi\u1ec7n \u0111\u1ea1i<\/p>\n<\/li>\n<li data-start=\"1653\" data-end=\"1675\">\n<p data-start=\"1655\" data-end=\"1675\">V\u1eaft kh\u0103n, k\u1ec7 g\u00f3c, l\u00f4 gi\u1ea5y, c\u1ecd wc inox<\/p>\n<\/li>\n<li data-start=\"1676\" data-end=\"1696\">\n<p data-start=\"1678\" data-end=\"1696\">Xyphong ng\u0103n m\u00f9i<\/p>\n<\/li>\n<li data-start=\"1697\" data-end=\"1720\">\n<p data-start=\"1699\" data-end=\"1720\">B\u1ed9 x\u1ecbt v\u1ec7 sinh inox<\/p>\n<\/li>\n<li data-start=\"1721\" data-end=\"1746\">\n<p data-start=\"1723\" data-end=\"1746\">Van kh\u00f3a n\u01b0\u1edbc an to\u00e0n<\/p>\n<\/li>\n<\/ul>\n<p data-start=\"1748\" data-end=\"1838\">T\u1ea5t c\u1ea3 \u0111\u1ec1u \u0111\u01b0\u1ee3c thi\u1ebft k\u1ebf \u0111\u1ed3ng b\u1ed9, mang phong c\u00e1ch <strong data-start=\"1798\" data-end=\"1815\">Germany Style<\/strong> \u0111\u1eb7c tr\u01b0ng c\u1ee7a Ehrlich.<\/p>\n<hr data-start=\"1840\" data-end=\"1843\" \/>\n<h2 data-start=\"1845\" data-end=\"1901\">Sen C\u00e2y Cao C\u1ea5p Inox 304 \u0110\u00e1nh B\u00f3ng \u2013 \u0110i\u1ec3m Nh\u1ea5n Sang Tr\u1ecdng<\/h2>\n<h3 data-start=\"1903\" data-end=\"1942\">Thi\u1ebft k\u1ebf hi\u1ec7n \u0111\u1ea1i, d\u1ec5 ph\u1ed1i n\u1ed9i th\u1ea5t<\/h3>\n<p data-start=\"1943\" data-end=\"2102\">Sen c\u00e2y trong combo \u0110\u1ed3ng B\u1ed9 &#8211; 13 \u0111\u01b0\u1ee3c ch\u1ebf t\u00e1c t\u1eeb\u00a0<strong data-start=\"1986\" data-end=\"2006\">inox 304 \u0111\u00e1nh b\u00f3ng<\/strong>\u00a0gi\u00fap b\u1ec1 m\u1eb7t lu\u00f4n s\u00e1ng b\u00f3ng, sang tr\u1ecdng v\u00e0 b\u1ec1n b\u1ec9 theo th\u1eddi gian.<\/p>\n<h3 data-start=\"2104\" data-end=\"2123\">\u01afu \u0111i\u1ec3m n\u1ed5i b\u1eadt<\/h3>\n<ul data-start=\"2124\" data-end=\"2286\">\n<li data-start=\"2124\" data-end=\"2158\">\n<p data-start=\"2126\" data-end=\"2158\">Ch\u1ed1ng oxy h\u00f3a, kh\u00f4ng bong tr\u00f3c<\/p>\n<\/li>\n<li data-start=\"2159\" data-end=\"2200\">\n<p data-start=\"2161\" data-end=\"2200\">B\u00e1t sen l\u1edbn cho d\u00f2ng n\u01b0\u1edbc m\u1ea1nh v\u00e0 \u0111\u1ec1u<\/p>\n<\/li>\n<li data-start=\"2201\" data-end=\"2256\">\n<p data-start=\"2203\" data-end=\"2256\">Tay sen linh ho\u1ea1t, ti\u1ec7n l\u1ee3i cho sinh ho\u1ea1t h\u00e0ng ng\u00e0y<\/p>\n<\/li>\n<li data-start=\"2257\" data-end=\"2286\">\n<p data-start=\"2259\" data-end=\"2286\">D\u1ec5 v\u1ec7 sinh, kh\u00f4ng b\u00e1m c\u1eb7n<\/p>\n<\/li>\n<\/ul>\n<p data-start=\"2288\" data-end=\"2379\">Sen c\u00e2y inox 304 ph\u00f9 h\u1ee3p v\u1edbi nhi\u1ec1u phong c\u00e1ch ph\u00f2ng t\u1eafm, t\u1eeb t\u1ed1i gi\u1ea3n \u0111\u1ebfn hi\u1ec7n \u0111\u1ea1i cao c\u1ea5p.<\/p>\n<hr data-start=\"2381\" data-end=\"2384\" \/>\n<h2 data-start=\"2386\" data-end=\"2442\">T\u1ee7 Ch\u1eadu Lavabo T\u00edch H\u1ee3p G\u01b0\u01a1ng LED &amp; S\u1ea5y M\u00f9 Th\u00f4ng Minh<\/h2>\n<h3 data-start=\"2444\" data-end=\"2466\">G\u01b0\u01a1ng LED hi\u1ec7n \u0111\u1ea1i<\/h3>\n<p data-start=\"2467\" data-end=\"2605\">G\u01b0\u01a1ng trong combo \u0110\u1ed3ng B\u1ed9 &#8211; 13 t\u00edch h\u1ee3p <strong data-start=\"2501\" data-end=\"2525\">\u0111\u00e8n LED \u00e1nh s\u00e1ng d\u1ecbu<\/strong>, h\u1ed7 tr\u1ee3 soi g\u01b0\u01a1ng r\u00f5 n\u00e9t, ti\u1ebft ki\u1ec7m \u0111i\u1ec7n n\u0103ng, ph\u00f9 h\u1ee3p cho sinh ho\u1ea1t h\u00e0ng ng\u00e0y.<\/p>\n<h3 data-start=\"2607\" data-end=\"2636\">C\u00f4ng ngh\u1ec7 s\u1ea5y m\u00f9 ti\u1ec7n l\u1ee3i<\/h3>\n<p data-start=\"2637\" data-end=\"2770\">T\u00ednh n\u0103ng <strong data-start=\"2647\" data-end=\"2672\">s\u1ea5y m\u00f9 ch\u1ed1ng h\u01a1i n\u01b0\u1edbc<\/strong> gi\u00fap g\u01b0\u01a1ng lu\u00f4n s\u00e1ng r\u00f5 ngay c\u1ea3 sau khi t\u1eafm n\u01b0\u1edbc n\u00f3ng \u2013 m\u1ed9t chi ti\u1ebft nh\u1ecf nh\u01b0ng c\u1ef1c k\u1ef3 thi\u1ebft th\u1ef1c.<\/p>\n<h3 data-start=\"2772\" data-end=\"2811\">T\u1ee7 ch\u1eadu g\u1ecdn g\u00e0ng, t\u1ed1i \u01b0u kh\u00f4ng gian<\/h3>\n<ul data-start=\"2812\" data-end=\"2925\">\n<li data-start=\"2812\" data-end=\"2844\">\n<p data-start=\"2814\" data-end=\"2844\">Thi\u1ebft k\u1ebf treo t\u01b0\u1eddng hi\u1ec7n \u0111\u1ea1i<\/p>\n<\/li>\n<li data-start=\"2845\" data-end=\"2889\">\n<p data-start=\"2847\" data-end=\"2889\">Ng\u0103n ch\u1ee9a r\u1ed9ng r\u00e3i cho \u0111\u1ed3 d\u00f9ng ph\u00f2ng t\u1eafm<\/p>\n<\/li>\n<li data-start=\"2890\" data-end=\"2925\">\n<p data-start=\"2892\" data-end=\"2925\">Ch\u1ea5t li\u1ec7u b\u1ec1n \u0111\u1eb9p, ch\u1ed1ng \u1ea9m m\u1ed1c<\/p>\n<\/li>\n<\/ul>\n<p data-start=\"2927\" data-end=\"3021\">T\u1ee7 ch\u1eadu lavabo l\u00e0 gi\u1ea3i ph\u00e1p ho\u00e0n h\u1ea3o cho c\u00e1c c\u0103n h\u1ed9 chung c\u01b0, nh\u00e0 ph\u1ed1 c\u00f3 di\u1ec7n t\u00edch v\u1eeba v\u00e0 nh\u1ecf.<\/p>\n<hr data-start=\"3023\" data-end=\"3026\" \/>\n<h2 data-start=\"3028\" data-end=\"3084\">V\u00f2i Lavabo INOX 304 \u0110\u00e1nh B\u00f3ng Cao C\u1ea5p \u2013 B\u1ec1n \u0110\u1eb9p &amp; An To\u00e0n<\/h2>\n<p data-start=\"3086\" data-end=\"3186\">V\u00f2i lavabo trong combo \u0110\u1ed3ng B\u1ed9 &#8211; 13 \u0111\u01b0\u1ee3c s\u1ea3n xu\u1ea5t t\u1eeb <strong data-start=\"3133\" data-end=\"3153\">inox 304 \u0111\u00e1nh b\u00f3ng<\/strong>\u00a0cao c\u1ea5p gi\u00fap:<\/p>\n<ul data-start=\"3188\" data-end=\"3326\">\n<li data-start=\"3188\" data-end=\"3218\">\n<p data-start=\"3190\" data-end=\"3218\">Ch\u1ed1ng g\u1ec9 s\u00e9t, ch\u1ed1ng \u0103n m\u00f2n<\/p>\n<\/li>\n<li data-start=\"3219\" data-end=\"3255\">\n<p data-start=\"3221\" data-end=\"3255\">An to\u00e0n cho ngu\u1ed3n n\u01b0\u1edbc sinh ho\u1ea1t<\/p>\n<\/li>\n<li data-start=\"3256\" data-end=\"3293\">\n<p data-start=\"3258\" data-end=\"3293\">D\u00f2ng ch\u1ea3y \u1ed5n \u0111\u1ecbnh, ti\u1ebft ki\u1ec7m n\u01b0\u1edbc<\/p>\n<\/li>\n<li data-start=\"3294\" data-end=\"3326\">\n<p data-start=\"3296\" data-end=\"3326\">Thi\u1ebft k\u1ebf tinh t\u1ebf, d\u1ec5 s\u1eed d\u1ee5ng<\/p>\n<\/li>\n<\/ul>\n<p data-start=\"3328\" data-end=\"3425\">S\u1ef1 \u0111\u1ed3ng b\u1ed9 gi\u1eefa sen c\u00e2y v\u00e0 v\u00f2i lavabo inox 304\u00a0 \u00a0 gi\u00fap ph\u00f2ng t\u1eafm tr\u1edf n\u00ean h\u00e0i h\u00f2a v\u00e0 sang tr\u1ecdng h\u01a1n.<\/p>\n<hr data-start=\"3427\" data-end=\"3430\" \/>\n<h2 data-start=\"3432\" data-end=\"3482\">B\u1ed3n C\u1ea7u Li\u1ec1n Kh\u1ed1i \u2013 Xu H\u01b0\u1edbng Ph\u00f2ng T\u1eafm Hi\u1ec7n \u0110\u1ea1i<\/h2>\n<p data-start=\"3484\" data-end=\"3556\">B\u1ed3n c\u1ea7u li\u1ec1n kh\u1ed1i \u0111i k\u00e8m combo \u0110\u1ed3ng B\u1ed9 &#8211; 13 s\u1edf h\u1eefu thi\u1ebft k\u1ebf t\u1ed1i gi\u1ea3n, tinh t\u1ebf:<\/p>\n<ul data-start=\"3558\" data-end=\"3722\">\n<li data-start=\"3558\" data-end=\"3592\">\n<p data-start=\"3560\" data-end=\"3592\">Ki\u1ec3u d\u00e1ng li\u1ec1n kh\u1ed1i d\u1ec5 v\u1ec7 sinh<\/p>\n<\/li>\n<li data-start=\"3593\" data-end=\"3629\">\n<p data-start=\"3595\" data-end=\"3629\">H\u1ec7 th\u1ed1ng x\u1ea3 m\u1ea1nh, ti\u1ebft ki\u1ec7m n\u01b0\u1edbc<\/p>\n<\/li>\n<li data-start=\"3630\" data-end=\"3667\">\n<p data-start=\"3632\" data-end=\"3667\">B\u1ec1 m\u1eb7t s\u1ee9 cao c\u1ea5p h\u1ea1n ch\u1ebf b\u00e1m b\u1ea9n<\/p>\n<\/li>\n<li data-start=\"3668\" data-end=\"3722\">\n<p data-start=\"3670\" data-end=\"3722\">Ph\u00f9 h\u1ee3p nhi\u1ec1u kh\u00f4ng gian t\u1eeb gia \u0111\u00ecnh \u0111\u1ebfn kh\u00e1ch s\u1ea1n<\/p>\n<\/li>\n<\/ul>\n<p data-start=\"3724\" data-end=\"3801\">\u0110\u00e2y l\u00e0 l\u1ef1a ch\u1ecdn \u0111\u01b0\u1ee3c nhi\u1ec1u kh\u00e1ch h\u00e0ng \u0111\u00e1nh gi\u00e1 cao v\u1ec1 \u0111\u1ed9 b\u1ec1n v\u00e0 t\u00ednh th\u1ea9m m\u1ef9.<\/p>\n<hr data-start=\"3803\" data-end=\"3806\" \/>\n<h2 data-start=\"3808\" data-end=\"3854\">Ph\u1ee5 Ki\u1ec7n \u0110i K\u00e8m \u0110\u1ea7y \u0110\u1ee7 \u2013 Kh\u00f4ng C\u1ea7n Mua Th\u00eam<\/h2>\n<h3 data-start=\"3856\" data-end=\"3878\">V\u1eaft kh\u0103n, k\u1ec7 g\u00f3c, l\u00f4 gi\u1ea5y, c\u1ecd wc inox<\/h3>\n<ul data-start=\"3879\" data-end=\"3974\">\n<li data-start=\"3879\" data-end=\"3906\">\n<p data-start=\"3881\" data-end=\"3906\">Ch\u1ea5t li\u1ec7u inox ch\u1ed1ng g\u1ec9<\/p>\n<\/li>\n<li data-start=\"3907\" data-end=\"3939\">\n<p data-start=\"3909\" data-end=\"3939\">Ti\u1ec7n l\u1ee3i, g\u1ecdn g\u00e0ng<\/p>\n<\/li>\n<li data-start=\"3940\" data-end=\"3974\">\n<p data-start=\"3942\" data-end=\"3974\">\u0110\u1ed3ng b\u1ed9 v\u1edbi t\u1ed5ng th\u1ec3 ph\u00f2ng t\u1eafm<\/p>\n<\/li>\n<\/ul>\n<h3 data-start=\"3976\" data-end=\"3996\">Xyphong ng\u0103n m\u00f9i<\/h3>\n<ul data-start=\"3997\" data-end=\"4075\">\n<li data-start=\"3997\" data-end=\"4017\">\n<p data-start=\"3999\" data-end=\"4017\">Tho\u00e1t n\u01b0\u1edbc nhanh<\/p>\n<\/li>\n<li data-start=\"4018\" data-end=\"4043\">\n<p data-start=\"4020\" data-end=\"4043\">Ng\u0103n m\u00f9i h\u00f4i hi\u1ec7u qu\u1ea3<\/p>\n<\/li>\n<li data-start=\"4044\" data-end=\"4075\">\n<p data-start=\"4046\" data-end=\"4075\">H\u1ea1n ch\u1ebf t\u1eafc ngh\u1ebdn \u0111\u01b0\u1eddng \u1ed1ng<\/p>\n<\/li>\n<\/ul>\n<h3 data-start=\"4077\" data-end=\"4113\">X\u1ecbt v\u1ec7 sinh inox &amp; van kh\u00f3a n\u01b0\u1edbc<\/h3>\n<ul data-start=\"4114\" data-end=\"4240\">\n<li data-start=\"4114\" data-end=\"4144\">\n<p data-start=\"4116\" data-end=\"4144\">X\u1ecbt inox ch\u1eafc ch\u1eafn, b\u1ec1n b\u1ec9<\/p>\n<\/li>\n<li data-start=\"4145\" data-end=\"4195\">\n<p data-start=\"4147\" data-end=\"4195\">Van kh\u00f3a n\u01b0\u1edbc gi\u00fap ki\u1ec3m so\u00e1t d\u00f2ng ch\u1ea3y an to\u00e0n<\/p>\n<\/li>\n<li data-start=\"4196\" data-end=\"4240\">\n<p data-start=\"4198\" data-end=\"4240\">T\u0103ng \u0111\u1ed9 ti\u1ec7n nghi cho ph\u00f2ng t\u1eafm hi\u1ec7n \u0111\u1ea1i<\/p>\n<\/li>\n<\/ul>\n<hr data-start=\"4242\" data-end=\"4245\" \/>\n<h2 data-start=\"4247\" data-end=\"4287\">V\u00ec Sao N\u00ean Ch\u1ecdn Combo Ehrlich \u0110\u1ed3ng B\u1ed9 &#8211; 13?<\/h2>\n<ul data-start=\"4289\" data-end=\"4605\">\n<li data-start=\"4289\" data-end=\"4334\">\n<p data-start=\"4291\" data-end=\"4334\">Tr\u1ecdn b\u1ed9 thi\u1ebft b\u1ecb v\u1ec7 sinh cao c\u1ea5p, \u0111\u1ed3ng b\u1ed9<\/p>\n<\/li>\n<li data-start=\"4335\" data-end=\"4382\">\n<p data-start=\"4337\" data-end=\"4382\">Sen c\u00e2y &amp; v\u00f2i lavabo inox 304 b\u1ec1n \u0111\u1eb9p<\/p>\n<\/li>\n<li data-start=\"4383\" data-end=\"4425\">\n<p data-start=\"4385\" data-end=\"4425\">T\u1ee7 ch\u1eadu t\u00edch h\u1ee3p LED &amp; s\u1ea5y m\u00f9 hi\u1ec7n \u0111\u1ea1i<\/p>\n<\/li>\n<li data-start=\"4426\" data-end=\"4458\">\n<p data-start=\"4428\" data-end=\"4458\">B\u1ed3n c\u1ea7u li\u1ec1n kh\u1ed1i sang tr\u1ecdng<\/p>\n<\/li>\n<li data-start=\"4459\" data-end=\"4503\">\n<p data-start=\"4461\" data-end=\"4503\">Ph\u1ee5 ki\u1ec7n \u0111\u1ea7y \u0111\u1ee7, kh\u00f4ng ph\u00e1t sinh chi ph\u00ed<\/p>\n<\/li>\n<li data-start=\"4504\" data-end=\"4538\">\n<p data-start=\"4506\" data-end=\"4538\">Gi\u00e1 \u01b0u \u0111\u00e3i ch\u1ec9 <strong>14.369.000\u0111<\/strong><\/p>\n<\/li>\n<li data-start=\"4539\" data-end=\"4572\">\n<p data-start=\"4541\" data-end=\"4572\">B\u1ea3o h\u00e0nh ch\u00ednh h\u00e3ng <strong data-start=\"4561\" data-end=\"4570\">3 n\u0103m<\/strong><\/p>\n<\/li>\n<li data-start=\"4573\" data-end=\"4605\">\n<p data-start=\"4575\" data-end=\"4605\">Mi\u1ec5n ph\u00ed giao h\u00e0ng to\u00e0n qu\u1ed1c<\/p>\n<\/li>\n<\/ul>\n<hr data-start=\"4607\" data-end=\"4610\" \/>\n<h2 data-start=\"4612\" data-end=\"4643\">Combo \u0110\u1ed3ng B\u1ed9 &#8211; 13 Ph\u00f9 H\u1ee3p V\u1edbi Ai?<\/h2>\n<p data-start=\"4645\" data-end=\"4704\">Combo thi\u1ebft b\u1ecb v\u1ec7 sinh Ehrlich \u0110\u1ed3ng B\u1ed9 &#8211; 13 \u0111\u1eb7c bi\u1ec7t ph\u00f9 h\u1ee3p cho:<\/p>\n<ul data-start=\"4705\" data-end=\"4881\">\n<li data-start=\"4705\" data-end=\"4736\">\n<p data-start=\"4707\" data-end=\"4736\">Gia \u0111\u00ecnh ho\u00e0n thi\u1ec7n nh\u00e0 m\u1edbi<\/p>\n<\/li>\n<li data-start=\"4737\" data-end=\"4775\">\n<p data-start=\"4739\" data-end=\"4775\">Chung c\u01b0 cao c\u1ea5p, nh\u00e0 ph\u1ed1 hi\u1ec7n \u0111\u1ea1i<\/p>\n<\/li>\n<li data-start=\"4776\" data-end=\"4836\">\n<p data-start=\"4778\" data-end=\"4836\">Ch\u1ee7 \u0111\u1ea7u t\u01b0 mu\u1ed1n t\u1ed1i \u01b0u chi ph\u00ed m\u00e0 v\u1eabn \u0111\u1ea3m b\u1ea3o ch\u1ea5t l\u01b0\u1ee3ng<\/p>\n<\/li>\n<li data-start=\"4837\" data-end=\"4881\">\n<p data-start=\"4839\" data-end=\"4881\">C\u00f4ng tr\u00ecnh c\u1ea7n combo \u0111\u1ed3ng b\u1ed9, d\u1ec5 l\u1eafp \u0111\u1eb7t<\/p>\n<\/li>\n<\/ul>\n<hr data-start=\"4883\" data-end=\"4886\" \/>\n<h2 data-start=\"4888\" data-end=\"4899\">K\u1ebft Lu\u1eadn<\/h2>\n<p data-start=\"4901\" data-end=\"5098\">V\u1edbi thi\u1ebft k\u1ebf hi\u1ec7n \u0111\u1ea1i, ch\u1ea5t li\u1ec7u cao c\u1ea5p v\u00e0 m\u1ee9c gi\u00e1 c\u1ef1c k\u1ef3 h\u1ee3p l\u00fd, <strong data-start=\"4968\" data-end=\"4992\">Combo Ehrlich \u0110\u1ed3ng B\u1ed9 &#8211; 13<\/strong>\u00a0l\u00e0 l\u1ef1a ch\u1ecdn l\u00fd t\u01b0\u1edfng cho nh\u1eefng ai \u0111ang t\u00ecm ki\u1ebfm <strong data-start=\"5041\" data-end=\"5097\">combo thi\u1ebft b\u1ecb v\u1ec7 sinh cao c\u1ea5p \u2013 b\u1ec1n \u0111\u1eb9p \u2013 ti\u1ec7n nghi<\/strong>.<\/p>\n<p data-start=\"5100\" data-end=\"5196\">Ch\u1ec9 v\u1edbi <strong>14.369.000\u0111<\/strong>, b\u1ea1n \u0111\u00e3 s\u1edf h\u1eefu tr\u1ecdn b\u1ed9 ph\u00f2ng t\u1eafm sang tr\u1ecdng, \u0111\u1ea7y \u0111\u1ee7 v\u00e0 b\u1ea3o h\u00e0nh d\u00e0i h\u1ea1n.<\/p>\n<hr data-start=\"5198\" data-end=\"5201\" \/>\n<h2 data-start=\"5203\" data-end=\"5243\">\ud83d\udccc Th\u00f4ng Tin Li\u00ean H\u1ec7 Ehrlich Vi\u1ec7t Nam<\/h2>\n<p data-start=\"5245\" data-end=\"5346\"><strong data-start=\"5245\" data-end=\"5296\">Ehrlich Vi\u1ec7t Nam &#8211; Thi\u1ebft B\u1ecb Nh\u00e0 B\u1ebfp &amp; Ph\u00f2ng T\u1eafm<\/strong><br data-start=\"5296\" data-end=\"5299\" \/>S\u1ed1 6 Li\u1ec1n K\u1ec1 22, K\u0110T V\u0103n Kh\u00ea, H\u00e0 \u0110\u00f4ng, H\u00e0 N\u1ed9i<\/p>\n<p data-start=\"5348\" data-end=\"5540\">TikTok: <a href=\"https:\/\/www.tiktok.com\/@ehrlich.chia.s?_r=1\">https:\/\/www.tiktok.com\/@ehrlichthietbivesinh<\/a><br data-start=\"5400\" data-end=\"5403\" \/>YouTube: <a class=\"decorated-link\" href=\"https:\/\/www.youtube.com\/@EhrlichVietNam\" target=\"_new\" rel=\"noopener\" data-start=\"5412\" data-end=\"5451\">https:\/\/www.youtube.com\/@EhrlichVietNam<\/a><br data-start=\"5451\" data-end=\"5454\" \/>Website: <a class=\"decorated-link\" href=\"https:\/\/ehrlichvietnam.vn\/\" target=\"_new\" rel=\"noopener\" data-start=\"5463\" data-end=\"5489\">https:\/\/ehrlichvietnam.vn\/<\/a><br data-start=\"5489\" data-end=\"5492\" \/>Zalo OA: <a class=\"decorated-link\" href=\"https:\/\/zalo.me\/s\/2888141157129558325\" target=\"_new\" rel=\"noopener\" data-start=\"5501\" data-end=\"5538\">https:\/\/zalo.me\/s\/2888141157129558325<\/a><\/p>\n<p data-start=\"5542\" data-end=\"5613\">Hotline: <strong data-start=\"5551\" data-end=\"5568\">0932 27 05 20<\/strong><br data-start=\"5568\" data-end=\"5571\" \/>Giao h\u00e0ng to\u00e0n qu\u1ed1c \u2013 t\u01b0 v\u1ea5n nhanh ch\u00f3ng<\/p>\n<p data-start=\"5615\" data-end=\"5658\"><strong data-start=\"5615\" data-end=\"5658\">Inbox ngay \u0111\u1ec3 nh\u1eadn \u01b0u \u0111\u00e3i th\u00eam h\u00f4m nay!<\/strong><\/p>\n","protected":false},"excerpt":{"rendered":"<p data-start=\"106\" data-end=\"188\">\ud83c\udf1f <strong data-start=\"109\" data-end=\"186\">Combo thi\u1ebft b\u1ecb v\u1ec7 sinh Ehrlich \u2013 Ho\u00e0n thi\u1ec7n ph\u00f2ng t\u1eafm theo phong c\u00e1ch \u0110\u1ee9c<\/strong><\/p>\n<p data-start=\"190\" data-end=\"498\">Kh\u00f4ng gian ph\u00f2ng t\u1eafm kh\u00f4ng ch\u1ec9 l\u00e0 n\u01a1i sinh ho\u1ea1t h\u1eb1ng ng\u00e0y, m\u00e0 c\u00f2n l\u00e0 n\u01a1i t\u00e1i t\u1ea1o n\u0103ng l\u01b0\u1ee3ng, t\u1eadn h\u01b0\u1edfng s\u1ef1 th\u01b0 gi\u00e3n sau m\u1ed9t ng\u00e0y d\u00e0i. V\u1edbi tri\u1ebft l\u00fd <strong data-start=\"336\" data-end=\"369\">\u201ctinh t\u1ebf trong t\u1eebng chi ti\u1ebft\u201d<\/strong>, Ehrlich mang \u0111\u1ebfn combo thi\u1ebft b\u1ecb v\u1ec7 sinh \u0111\u1ed3ng b\u1ed9, gi\u00fap ph\u00f2ng t\u1eafm tr\u1edf th\u00e0nh <strong data-start=\"445\" data-end=\"495\">m\u1ed9t t\u1ed5ng th\u1ec3 sang tr\u1ecdng, hi\u1ec7n \u0111\u1ea1i v\u00e0 ti\u1ec7n nghi<\/strong>.<\/p>\n<p data-start=\"500\" data-end=\"778\">\u2728 M\u1ed7i s\u1ea3n ph\u1ea9m trong combo \u0111\u1ec1u \u0111\u01b0\u1ee3c ch\u1ebf t\u00e1c t\u1eeb ch\u1ea5t li\u1ec7u cao c\u1ea5p, \u00e1p d\u1ee5ng c\u00f4ng ngh\u1ec7 ch\u1ed1ng b\u00e1m b\u1ea9n, ch\u1ed1ng \u1ea9m m\u1ed1c v\u00e0 t\u1ed1i \u01b0u c\u00f4ng n\u0103ng s\u1eed d\u1ee5ng. Khi k\u1ebft h\u1ee3p tr\u1ecdn b\u1ed9, ch\u00fang t\u1ea1o n\u00ean s\u1ef1 h\u00e0i h\u00f2a tuy\u1ec7t \u0111\u1ed1i v\u1ec1 thi\u1ebft k\u1ebf, t\u1eeb ki\u1ec3u d\u00e1ng \u0111\u1ebfn m\u00e0u s\u1eafc \u2013 v\u1eeba th\u1ea9m m\u1ef9, v\u1eeba b\u1ec1n b\u1ec9 theo th\u1eddi gian.<\/p>\n<p data-start=\"780\" data-end=\"959\">\ud83d\udc8e L\u1ef1a ch\u1ecdn <strong data-start=\"792\" data-end=\"826\">combo thi\u1ebft b\u1ecb v\u1ec7 sinh Ehrlich<\/strong> ch\u00ednh l\u00e0 l\u1ef1a ch\u1ecdn s\u1ef1 <strong data-start=\"848\" data-end=\"870\">\u0111\u1eb3ng c\u1ea5p chu\u1ea9n \u0110\u1ee9c<\/strong>, mang \u0111\u1ebfn tr\u1ea3i nghi\u1ec7m tho\u1ea3i m\u00e1i, ti\u1ec7n l\u1ee3i v\u00e0 n\u00e2ng t\u1ea7m gi\u00e1 tr\u1ecb kh\u00f4ng gian s\u1ed1ng c\u1ee7a b\u1ea1n.<\/p>\n","protected":false},"featured_media":4468,"comment_status":"open","ping_status":"closed","template":"","meta":{"_acf_changed":false},"product_brand":[],"product_cat":[55,77,132],"product_tag":[],"class_list":{"0":"post-4296","1":"product","2":"type-product","3":"status-publish","4":"has-post-thumbnail","6":"product_cat-combo-phong-tam","7":"product_cat-combo","8":"product_cat-combo-dong-bo","10":"first","11":"instock","12":"sale","13":"shipping-taxable","14":"purchasable","15":"product-type-simple"},"acf":[],"_links":{"self":[{"href":"https:\/\/ehrlichvietnam.vn\/en\/wp-json\/wp\/v2\/product\/4296","targetHints":{"allow":["GET"]}}],"collection":[{"href":"https:\/\/ehrlichvietnam.vn\/en\/wp-json\/wp\/v2\/product"}],"about":[{"href":"https:\/\/ehrlichvietnam.vn\/en\/wp-json\/wp\/v2\/types\/product"}],"replies":[{"embeddable":true,"href":"https:\/\/ehrlichvietnam.vn\/en\/wp-json\/wp\/v2\/comments?post=4296"}],"wp:featuredmedia":[{"embeddable":true,"href":"https:\/\/ehrlichvietnam.vn\/en\/wp-json\/wp\/v2\/media\/4468"}],"wp:attachment":[{"href":"https:\/\/ehrlichvietnam.vn\/en\/wp-json\/wp\/v2\/media?parent=4296"}],"wp:term":[{"taxonomy":"product_brand","embeddable":true,"href":"https:\/\/ehrlichvietnam.vn\/en\/wp-json\/wp\/v2\/product_brand?post=4296"},{"taxonomy":"product_cat","embeddable":true,"href":"https:\/\/ehrlichvietnam.vn\/en\/wp-json\/wp\/v2\/product_cat?post=4296"},{"taxonomy":"product_tag","embeddable":true,"href":"https:\/\/ehrlichvietnam.vn\/en\/wp-json\/wp\/v2\/product_tag?post=4296"}],"curies":[{"name":"wp","href":"https:\/\/api.w.org\/{rel}","templated":true}]}}