{"id":4059,"date":"2025-10-31T09:16:25","date_gmt":"2025-10-31T09:16:25","guid":{"rendered":"https:\/\/ehrlichvietnam.vn\/?post_type=product&#038;p=4059"},"modified":"2026-03-31T02:56:59","modified_gmt":"2026-03-31T02:56:59","slug":"combo-ehr-13b","status":"publish","type":"product","link":"https:\/\/ehrlichvietnam.vn\/combo-ehr-13b\/","title":{"rendered":"Combo \u0110\u1ed3ng B\u1ed9 &#8211; 14"},"content":{"rendered":"<h1 data-section-id=\"bk4dvw\" data-start=\"155\" data-end=\"255\">Combo Thi\u1ebft B\u1ecb V\u1ec7 Sinh \u0110\u1ed3ng B\u1ed9 &#8211; 14 Ehrlich \u2013 Gi\u1ea3i Ph\u00e1p Ph\u00f2ng T\u1eafm Hi\u1ec7n \u0110\u1ea1i, Sang Tr\u1ecdng &amp; Ti\u1ec7n Nghi<\/h1>\n<p data-start=\"257\" data-end=\"581\">Trong qu\u00e1 tr\u00ecnh ho\u00e0n thi\u1ec7n ph\u00f2ng t\u1eafm, vi\u1ec7c l\u1ef1a ch\u1ecdn t\u1eebng thi\u1ebft b\u1ecb ri\u00eang l\u1ebb nh\u01b0 b\u1ed3n c\u1ea7u, lavabo, sen t\u1eafm hay ph\u1ee5 ki\u1ec7n kh\u00f4ng ch\u1ec9 m\u1ea5t nhi\u1ec1u th\u1eddi gian m\u00e0 c\u00f2n d\u1ec5 khi\u1ebfn t\u1ed5ng th\u1ec3 kh\u00f4ng gian thi\u1ebfu \u0111\u1ed3ng b\u1ed9. \u0110\u00e2y c\u0169ng l\u00e0 l\u00fd do v\u00ec sao ng\u00e0y c\u00e0ng nhi\u1ec1u gia ch\u1ee7 l\u1ef1a ch\u1ecdn <strong data-start=\"513\" data-end=\"547\">combo thi\u1ebft b\u1ecb v\u1ec7 sinh \u0111\u1ed3ng b\u1ed9<\/strong> \u0111\u1ec3 t\u1ed1i \u01b0u c\u1ea3 chi ph\u00ed l\u1eabn th\u1ea9m m\u1ef9.<\/p>\n<p data-start=\"583\" data-end=\"864\">N\u1ed5i b\u1eadt trong ph\u00e2n kh\u00fac cao c\u1ea5p, <strong data-start=\"616\" data-end=\"663\">Combo thi\u1ebft b\u1ecb v\u1ec7 sinh \u0111\u1ed3ng b\u1ed9 &#8211; 14 Ehrlich<\/strong> mang \u0111\u1ebfn gi\u1ea3i ph\u00e1p ho\u00e0n thi\u1ec7n ph\u00f2ng t\u1eafm tr\u1ecdn g\u00f3i v\u1edbi thi\u1ebft k\u1ebf hi\u1ec7n \u0111\u1ea1i, t\u00f4ng x\u00e1m sang tr\u1ecdng v\u00e0 \u0111\u1ea7y \u0111\u1ee7 ti\u1ec7n nghi. S\u1ea3n ph\u1ea9m ph\u00f9 h\u1ee3p v\u1edbi nhi\u1ec1u lo\u1ea1i c\u00f4ng tr\u00ecnh nh\u01b0 nh\u00e0 ph\u1ed1, c\u0103n h\u1ed9, bi\u1ec7t th\u1ef1 hay kh\u00e1ch s\u1ea1n.<\/p>\n<hr data-start=\"866\" data-end=\"869\" \/>\n<h2 data-section-id=\"1u1z5a6\" data-start=\"871\" data-end=\"922\">T\u1ed5ng Quan V\u1ec1 Combo Thi\u1ebft B\u1ecb V\u1ec7 Sinh \u0110\u1ed3ng B\u1ed9 &#8211; 14<\/h2>\n<p data-start=\"924\" data-end=\"1111\">Combo \u0110\u1ed3ng B\u1ed9 &#8211; 14 l\u00e0 b\u1ed9 s\u1ea3n ph\u1ea9m \u0111\u01b0\u1ee3c Ehrlich thi\u1ebft k\u1ebf theo phong c\u00e1ch <strong data-start=\"996\" data-end=\"1013\">Germany Style<\/strong>, t\u1eadp trung v\u00e0o s\u1ef1 t\u1ed1i gi\u1ea3n, tinh t\u1ebf nh\u01b0ng v\u1eabn \u0111\u1ea3m b\u1ea3o t\u00ednh ti\u1ec7n d\u1ee5ng cao trong qu\u00e1 tr\u00ecnh s\u1eed d\u1ee5ng.<\/p>\n<p data-start=\"1113\" data-end=\"1290\">To\u00e0n b\u1ed9 s\u1ea3n ph\u1ea9m trong combo \u0111\u01b0\u1ee3c ph\u1ed1i theo <strong data-start=\"1157\" data-end=\"1178\">t\u00f4ng x\u00e1m hi\u1ec7n \u0111\u1ea1i<\/strong>, t\u1ea1o n\u00ean kh\u00f4ng gian ph\u00f2ng t\u1eafm sang tr\u1ecdng, \u0111\u1ed3ng nh\u1ea5t v\u00e0 d\u1ec5 d\u00e0ng k\u1ebft h\u1ee3p v\u1edbi nhi\u1ec1u phong c\u00e1ch n\u1ed9i th\u1ea5t kh\u00e1c nhau.<\/p>\n<hr data-start=\"1292\" data-end=\"1295\" \/>\n<h2 data-section-id=\"1ntwe4o\" data-start=\"1297\" data-end=\"1323\">Combo Bao G\u1ed3m Nh\u1eefng G\u00ec?<\/h2>\n<p data-start=\"1325\" data-end=\"1437\">B\u1ed9 combo thi\u1ebft b\u1ecb v\u1ec7 sinh Ehrlich &#8211; 14 \u0111\u01b0\u1ee3c trang b\u1ecb \u0111\u1ea7y \u0111\u1ee7 c\u00e1c thi\u1ebft b\u1ecb c\u1ea7n thi\u1ebft cho m\u1ed9t ph\u00f2ng t\u1eafm ho\u00e0n ch\u1ec9nh:<\/p>\n<ul data-start=\"1439\" data-end=\"1949\">\n<li data-section-id=\"vdx9f7\" data-start=\"1439\" data-end=\"1506\"><strong data-start=\"1441\" data-end=\"1470\">B\u1ed3n c\u1ea7u li\u1ec1n kh\u1ed1i cao c\u1ea5p<\/strong> v\u1edbi thi\u1ebft k\u1ebf hi\u1ec7n \u0111\u1ea1i, d\u1ec5 v\u1ec7 sinh<\/li>\n<li data-section-id=\"g6ikz8\" data-start=\"1507\" data-end=\"1577\"><strong data-start=\"1509\" data-end=\"1538\">T\u1ee7 ch\u1eadu lavabo treo t\u01b0\u1eddng<\/strong> t\u1ed1i \u01b0u kh\u00f4ng gian, t\u0103ng t\u00ednh th\u1ea9m m\u1ef9<\/li>\n<li data-section-id=\"myswat\" data-start=\"1652\" data-end=\"1713\"><strong data-start=\"1654\" data-end=\"1678\">V\u00f2i lavabo n\u00f3ng l\u1ea1nh<\/strong> v\u1eadn h\u00e0nh m\u01b0\u1ee3t m\u00e0, ti\u1ebft ki\u1ec7m n\u01b0\u1edbc<\/li>\n<li data-section-id=\"8pg7g5\" data-start=\"1714\" data-end=\"1781\"><strong data-start=\"1716\" data-end=\"1741\">Sen c\u00e2y ph\u00edm \u0111\u00e0n n\u00f3ng l\u1ea1nh<\/strong> mang l\u1ea1i tr\u1ea3i nghi\u1ec7m th\u01b0 gi\u00e3n nh\u01b0 spa<\/li>\n<li data-section-id=\"1is4s5t\" data-start=\"1835\" data-end=\"1893\"><strong data-start=\"1837\" data-end=\"1866\">V\u00f2i x\u1ecbt v\u1ec7 sinh + d\u00e2y c\u1ea5p<\/strong> ti\u1ec7n l\u1ee3i trong sinh ho\u1ea1t<\/li>\n<li data-section-id=\"mc1gz1\" data-start=\"1894\" data-end=\"1949\"><strong data-start=\"1896\" data-end=\"1921\">B\u1ed9 ph\u1ee5 ki\u1ec7n ph\u00f2ng t\u1eafm<\/strong> g\u1ed3m k\u1ec7, m\u00f3c treo, gi\u00e1 \u0111\u1ee1\u2026<\/li>\n<\/ul>\n<p data-start=\"1951\" data-end=\"2069\">T\u1ea5t c\u1ea3 s\u1ea3n ph\u1ea9m \u0111\u1ec1u \u0111\u01b0\u1ee3c thi\u1ebft k\u1ebf \u0111\u1ed3ng b\u1ed9 v\u1ec1 ki\u1ec3u d\u00e1ng, gi\u00fap ph\u00f2ng t\u1eafm tr\u1edf n\u00ean <strong data-start=\"2030\" data-end=\"2068\">g\u1ecdn g\u00e0ng, tinh t\u1ebf v\u00e0 ti\u1ec7n nghi h\u01a1n<\/strong>.<\/p>\n<hr data-start=\"2071\" data-end=\"2074\" \/>\n<h2 data-section-id=\"10vdocj\" data-start=\"2076\" data-end=\"2129\">\u01afu \u0110i\u1ec3m N\u1ed5i B\u1eadt C\u1ee7a Combo Thi\u1ebft B\u1ecb V\u1ec7 Sinh Ehrlich<\/h2>\n<h3 data-section-id=\"1ac9hxm\" data-start=\"2131\" data-end=\"2183\">1. Thi\u1ebft k\u1ebf \u0111\u1ed3ng b\u1ed9 \u2013 T\u0103ng t\u00ednh th\u1ea9m m\u1ef9 t\u1ed5ng th\u1ec3<\/h3>\n<p data-start=\"2185\" data-end=\"2369\">M\u1ed9t trong nh\u1eefng \u0111i\u1ec3m m\u1ea1nh l\u1edbn nh\u1ea5t c\u1ee7a combo l\u00e0 s\u1ef1 <strong data-start=\"2236\" data-end=\"2262\">\u0111\u1ed3ng b\u1ed9 trong thi\u1ebft k\u1ebf<\/strong>. T\u1eeb b\u1ed3n c\u1ea7u, lavabo \u0111\u1ebfn ph\u1ee5 ki\u1ec7n \u0111\u1ec1u c\u00f3 s\u1ef1 th\u1ed1ng nh\u1ea5t v\u1ec1 m\u00e0u s\u1eafc v\u00e0 phong c\u00e1ch, gi\u00fap kh\u00f4ng gian ph\u00f2ng t\u1eafm:<\/p>\n<ul data-start=\"2371\" data-end=\"2485\">\n<li data-section-id=\"1yg12t4\" data-start=\"2371\" data-end=\"2407\">Tr\u1edf n\u00ean sang tr\u1ecdng, hi\u1ec7n \u0111\u1ea1i h\u01a1n<\/li>\n<li data-section-id=\"v4hbvz\" data-start=\"2408\" data-end=\"2447\">Tr\u00e1nh t\u00ecnh tr\u1ea1ng \u201cm\u1ed7i m\u00f3n m\u1ed9t ki\u1ec3u\u201d<\/li>\n<li data-section-id=\"rrbtxu\" data-start=\"2448\" data-end=\"2485\">D\u1ec5 ph\u1ed1i h\u1ee3p v\u1edbi n\u1ed9i th\u1ea5t t\u1ed5ng th\u1ec3<\/li>\n<\/ul>\n<p data-start=\"2487\" data-end=\"2598\">\u0110\u1eb7c bi\u1ec7t, t\u00f4ng x\u00e1m trung t\u00ednh mang l\u1ea1i c\u1ea3m gi\u00e1c <strong data-start=\"2535\" data-end=\"2557\">cao c\u1ea5p v\u00e0 s\u1ea1ch s\u1ebd<\/strong>, ph\u00f9 h\u1ee3p v\u1edbi xu h\u01b0\u1edbng thi\u1ebft k\u1ebf hi\u1ec7n nay.<\/p>\n<hr data-start=\"2600\" data-end=\"2603\" \/>\n<h3 data-section-id=\"lfzvku\" data-start=\"2605\" data-end=\"2645\">2. Ti\u1ebft ki\u1ec7m chi ph\u00ed khi mua tr\u1ecdn b\u1ed9<\/h3>\n<p data-start=\"2647\" data-end=\"2705\">So v\u1edbi vi\u1ec7c mua l\u1ebb t\u1eebng thi\u1ebft b\u1ecb, l\u1ef1a ch\u1ecdn combo gi\u00fap b\u1ea1n:<\/p>\n<ul data-start=\"2707\" data-end=\"2813\">\n<li data-section-id=\"1wlye4w\" data-start=\"2707\" data-end=\"2740\"><strong data-start=\"2709\" data-end=\"2738\">Ti\u1ebft ki\u1ec7m \u0111\u00e1ng k\u1ec3 chi ph\u00ed<\/strong><\/li>\n<li data-section-id=\"1m8qg0k\" data-start=\"2741\" data-end=\"2781\">Kh\u00f4ng ph\u00e1t sinh th\u00eam ph\u1ee5 ki\u1ec7n nh\u1ecf l\u1ebb<\/li>\n<li data-section-id=\"e4ghh9\" data-start=\"2782\" data-end=\"2813\">D\u1ec5 d\u00e0ng ki\u1ec3m so\u00e1t ng\u00e2n s\u00e1ch<\/li>\n<\/ul>\n<p data-start=\"2815\" data-end=\"2925\">\u0110\u00e2y l\u00e0 gi\u1ea3i ph\u00e1p t\u1ed1i \u01b0u cho nh\u1eefng ai \u0111ang <strong data-start=\"2857\" data-end=\"2893\">x\u00e2y nh\u00e0 ho\u1eb7c ho\u00e0n thi\u1ec7n n\u1ed9i th\u1ea5t<\/strong> m\u00e0 v\u1eabn mu\u1ed1n \u0111\u1ea3m b\u1ea3o ch\u1ea5t l\u01b0\u1ee3ng.<\/p>\n<hr data-start=\"2927\" data-end=\"2930\" \/>\n<h3 data-section-id=\"1ksjwo7\" data-start=\"2932\" data-end=\"2980\">3. Ch\u1ea5t li\u1ec7u cao c\u1ea5p \u2013 B\u1ec1n b\u1ec9 theo th\u1eddi gian<\/h3>\n<p data-start=\"2982\" data-end=\"3056\">C\u00e1c s\u1ea3n ph\u1ea9m trong combo Ehrlich \u0111\u01b0\u1ee3c s\u1ea3n xu\u1ea5t t\u1eeb v\u1eadt li\u1ec7u ch\u1ea5t l\u01b0\u1ee3ng cao:<\/p>\n<ul data-start=\"3058\" data-end=\"3244\">\n<li data-section-id=\"v6eec6\" data-start=\"3058\" data-end=\"3125\"><strong data-start=\"3060\" data-end=\"3074\">S\u1ee9 cao c\u1ea5p<\/strong> cho b\u1ed3n c\u1ea7u v\u00e0 lavabo, ch\u1ed1ng b\u00e1m b\u1ea9n, d\u1ec5 v\u1ec7 sinh<\/li>\n<li data-section-id=\"14drojx\" data-start=\"3126\" data-end=\"3187\"><strong data-start=\"3128\" data-end=\"3151\">\u0110\u1ed3ng ho\u1eb7c inox cao c\u1ea5p<\/strong> cho v\u00f2i v\u00e0 ph\u1ee5 ki\u1ec7n, ch\u1ed1ng g\u1ec9 s\u00e9t<\/li>\n<li data-section-id=\"15on773\" data-start=\"3188\" data-end=\"3244\">B\u1ec1 m\u1eb7t ho\u00e0n thi\u1ec7n tinh x\u1ea3o, gi\u1eef \u0111\u1ed9 s\u00e1ng b\u00f3ng l\u00e2u d\u00e0i<\/li>\n<\/ul>\n<p data-start=\"3246\" data-end=\"3343\">Nh\u1edd \u0111\u00f3, s\u1ea3n ph\u1ea9m kh\u00f4ng ch\u1ec9 \u0111\u1eb9p m\u00e0 c\u00f2n \u0111\u1ea3m b\u1ea3o <strong data-start=\"3292\" data-end=\"3342\">\u0111\u1ed9 b\u1ec1n v\u00e0 tu\u1ed5i th\u1ecd cao trong m\u00f4i tr\u01b0\u1eddng \u1ea9m \u01b0\u1edbt<\/strong>.<\/p>\n<hr data-start=\"3345\" data-end=\"3348\" \/>\n<h3 data-section-id=\"193u2yg\" data-start=\"3350\" data-end=\"3386\">4. Tr\u1ea3i nghi\u1ec7m s\u1eed d\u1ee5ng ti\u1ec7n nghi<\/h3>\n<p data-start=\"3388\" data-end=\"3448\">Combo kh\u00f4ng ch\u1ec9 \u0111\u1eb9p m\u00e0 c\u00f2n mang l\u1ea1i tr\u1ea3i nghi\u1ec7m s\u1eed d\u1ee5ng t\u1ed1t:<\/p>\n<ul data-start=\"3450\" data-end=\"3634\">\n<li data-section-id=\"147oovp\" data-start=\"3450\" data-end=\"3495\">Sen c\u00e2y cho d\u00f2ng n\u01b0\u1edbc m\u1ea1nh, \u0111\u1ec1u, th\u01b0 gi\u00e3n<\/li>\n<li data-section-id=\"1ynyn1v\" data-start=\"3496\" data-end=\"3547\">V\u00f2i lavabo v\u1eadn h\u00e0nh \u00eam \u00e1i, \u0111i\u1ec1u ch\u1ec9nh linh ho\u1ea1t<\/li>\n<li data-section-id=\"c2fabe\" data-start=\"3548\" data-end=\"3589\">T\u1ee7 ch\u1eadu gi\u00fap kh\u00f4ng gian lu\u00f4n g\u1ecdn g\u00e0ng<\/li>\n<li data-section-id=\"7fuxc5\" data-start=\"3590\" data-end=\"3634\">G\u01b0\u01a1ng t\u00edch h\u1ee3p t\u1ee7 t\u0103ng di\u1ec7n t\u00edch l\u01b0u tr\u1eef<\/li>\n<\/ul>\n<p data-start=\"3636\" data-end=\"3721\">T\u1ea5t c\u1ea3 g\u00f3p ph\u1ea7n t\u1ea1o n\u00ean m\u1ed9t <strong data-start=\"3664\" data-end=\"3720\">kh\u00f4ng gian ph\u00f2ng t\u1eafm ti\u1ec7n nghi v\u00e0 tho\u1ea3i m\u00e1i m\u1ed7i ng\u00e0y<\/strong>.<\/p>\n<hr data-start=\"3723\" data-end=\"3726\" \/>\n<h3 data-section-id=\"163coj8\" data-start=\"3728\" data-end=\"3772\">5. D\u1ec5 d\u00e0ng l\u1eafp \u0111\u1eb7t \u2013 Ti\u1ebft ki\u1ec7m th\u1eddi gian<\/h3>\n<p data-start=\"3774\" data-end=\"3832\">Do \u0111\u01b0\u1ee3c thi\u1ebft k\u1ebf \u0111\u1ed3ng b\u1ed9, c\u00e1c thi\u1ebft b\u1ecb trong combo c\u00f3 th\u1ec3:<\/p>\n<ul data-start=\"3834\" data-end=\"3913\">\n<li data-section-id=\"p5woyh\" data-start=\"3834\" data-end=\"3857\">L\u1eafp \u0111\u1eb7t nhanh ch\u00f3ng<\/li>\n<li data-section-id=\"1h6mq8b\" data-start=\"3858\" data-end=\"3882\">H\u1ea1n ch\u1ebf l\u1ed7i k\u1ef9 thu\u1eadt<\/li>\n<li data-section-id=\"g9dd9m\" data-start=\"3883\" data-end=\"3913\">Ti\u1ebft ki\u1ec7m chi ph\u00ed thi c\u00f4ng<\/li>\n<\/ul>\n<p data-start=\"3915\" data-end=\"3995\">\u0110\u00e2y l\u00e0 l\u1ef1a ch\u1ecdn l\u00fd t\u01b0\u1edfng cho c\u00e1c c\u00f4ng tr\u00ecnh c\u1ea7n ho\u00e0n thi\u1ec7n trong th\u1eddi gian ng\u1eafn.<\/p>\n<hr data-start=\"3997\" data-end=\"4000\" \/>\n<h2 data-section-id=\"fljgyt\" data-start=\"4002\" data-end=\"4044\">Gi\u00e1 Combo Thi\u1ebft B\u1ecb V\u1ec7 Sinh \u0110\u1ed3ng B\u1ed9 &#8211; 14<\/h2>\n<p data-start=\"4046\" data-end=\"4103\">Hi\u1ec7n t\u1ea1i, combo \u0111ang \u0111\u01b0\u1ee3c \u00e1p d\u1ee5ng m\u1ee9c gi\u00e1 \u01b0u \u0111\u00e3i h\u1ea5p d\u1eabn:<\/p>\n<ul data-start=\"4105\" data-end=\"4176\">\n<li data-section-id=\"13hv9hx\" data-start=\"4105\" data-end=\"4138\"><strong data-start=\"4107\" data-end=\"4124\">Gi\u00e1 ni\u00eam y\u1ebft:<\/strong> 25.491.000\u0111<\/li>\n<li data-section-id=\"tyfbh8\" data-start=\"4139\" data-end=\"4176\"><strong data-start=\"4141\" data-end=\"4160\">Gi\u00e1 khuy\u1ebfn m\u00e3i:<\/strong> <strong data-start=\"4161\" data-end=\"4176\">14.369.000\u0111<\/strong><\/li>\n<\/ul>\n<p data-start=\"4178\" data-end=\"4238\">Ngo\u00e0i ra, kh\u00e1ch h\u00e0ng c\u00f2n \u0111\u01b0\u1ee3c h\u01b0\u1edfng nhi\u1ec1u ch\u00ednh s\u00e1ch \u0111i k\u00e8m:<\/p>\n<ul data-start=\"4240\" data-end=\"4394\">\n<li data-section-id=\"sl34vr\" data-start=\"4240\" data-end=\"4279\">\ud83d\ude9a <strong data-start=\"4245\" data-end=\"4277\">Mi\u1ec5n ph\u00ed giao h\u00e0ng to\u00e0n qu\u1ed1c<\/strong><\/li>\n<li data-section-id=\"akg284\" data-start=\"4280\" data-end=\"4316\">\ud83d\udee0 <strong data-start=\"4285\" data-end=\"4314\">B\u1ea3o h\u00e0nh ch\u00ednh h\u00e3ng 3 n\u0103m<\/strong><\/li>\n<li data-section-id=\"1gtc4gi\" data-start=\"4317\" data-end=\"4358\">\u2714\ufe0f Ki\u1ec3m tra h\u00e0ng tr\u01b0\u1edbc khi thanh to\u00e1n<\/li>\n<li data-section-id=\"1wgfs2z\" data-start=\"4359\" data-end=\"4394\">\u2714\ufe0f Cam k\u1ebft 100% h\u00e0ng ch\u00ednh h\u00e3ng<\/li>\n<\/ul>\n<hr data-start=\"4396\" data-end=\"4399\" \/>\n<h2 data-section-id=\"1flfq9s\" data-start=\"4401\" data-end=\"4431\">Combo Ph\u00f9 H\u1ee3p V\u1edbi Nh\u1eefng Ai?<\/h2>\n<p data-start=\"4433\" data-end=\"4481\">Combo thi\u1ebft b\u1ecb v\u1ec7 sinh Ehrlich &#8211; 14 ph\u00f9 h\u1ee3p v\u1edbi:<\/p>\n<ul data-start=\"4483\" data-end=\"4609\">\n<li data-section-id=\"1u9v5n\" data-start=\"4483\" data-end=\"4530\">Gia ch\u1ee7 \u0111ang x\u00e2y m\u1edbi ho\u1eb7c c\u1ea3i t\u1ea1o ph\u00f2ng t\u1eafm<\/li>\n<li data-section-id=\"nai20\" data-start=\"4531\" data-end=\"4558\">C\u0103n h\u1ed9 chung c\u01b0 cao c\u1ea5p<\/li>\n<li data-section-id=\"1esarby\" data-start=\"4559\" data-end=\"4580\">Nh\u00e0 ph\u1ed1, bi\u1ec7t th\u1ef1<\/li>\n<li data-section-id=\"o6dw82\" data-start=\"4581\" data-end=\"4609\">Homestay, kh\u00e1ch s\u1ea1n mini<\/li>\n<\/ul>\n<p data-start=\"4611\" data-end=\"4738\">\u0110\u1eb7c bi\u1ec7t, \u0111\u00e2y l\u00e0 l\u1ef1a ch\u1ecdn l\u00fd t\u01b0\u1edfng cho nh\u1eefng ai mu\u1ed1n <strong data-start=\"4664\" data-end=\"4737\">m\u1ed9t kh\u00f4ng gian ph\u00f2ng t\u1eafm \u0111\u1eb9p \u2013 \u0111\u1ed3ng b\u1ed9 \u2013 kh\u00f4ng m\u1ea5t th\u1eddi gian ch\u1ecdn l\u1ef1a<\/strong>.<\/p>\n<hr data-start=\"4740\" data-end=\"4743\" \/>\n<h2 data-section-id=\"1mg51ji\" data-start=\"4745\" data-end=\"4772\">V\u00ec Sao N\u00ean Ch\u1ecdn Ehrlich?<\/h2>\n<p data-start=\"4774\" data-end=\"4866\">V\u1edbi h\u01a1n <strong data-start=\"4782\" data-end=\"4847\">12 n\u0103m kinh nghi\u1ec7m trong l\u0129nh v\u1ef1c thi\u1ebft b\u1ecb v\u1ec7 sinh v\u00e0 nh\u00e0 b\u1ebfp<\/strong>, Ehrlich mang \u0111\u1ebfn:<\/p>\n<ul data-start=\"4868\" data-end=\"4994\">\n<li data-section-id=\"1f0rjip\" data-start=\"4868\" data-end=\"4910\">S\u1ea3n ph\u1ea9m ch\u1ea5t l\u01b0\u1ee3ng, thi\u1ebft k\u1ebf hi\u1ec7n \u0111\u1ea1i<\/li>\n<li data-section-id=\"1g8lrt7\" data-start=\"4911\" data-end=\"4954\">Gi\u1ea3i ph\u00e1p combo \u0111\u1ed3ng b\u1ed9, t\u1ed1i \u01b0u chi ph\u00ed<\/li>\n<li data-section-id=\"34ztzu\" data-start=\"4955\" data-end=\"4994\">Ch\u00ednh s\u00e1ch b\u1ea3o h\u00e0nh r\u00f5 r\u00e0ng, uy t\u00edn<\/li>\n<\/ul>\n<p data-start=\"4996\" data-end=\"5099\">Ehrlich kh\u00f4ng ch\u1ec9 cung c\u1ea5p s\u1ea3n ph\u1ea9m, m\u00e0 c\u00f2n gi\u00fap kh\u00e1ch h\u00e0ng <strong data-start=\"5056\" data-end=\"5098\">ch\u1ecdn \u0111\u00fang \u2013 l\u1eafp \u0111\u00fang \u2013 s\u1eed d\u1ee5ng b\u1ec1n l\u00e2u<\/strong>.<\/p>\n<h2 data-start=\"4812\" data-end=\"4864\">\ud83d\udcde Li\u00ean H\u1ec7 \u0110\u1eb7t Mua Combo Ehrlich \u0110\u1ed3ng B\u1ed9 &#8211; 14 Ch\u00ednh H\u00e3ng<\/h2>\n<p data-start=\"4866\" data-end=\"4979\"><strong data-start=\"4866\" data-end=\"4917\">Ehrlich Vi\u1ec7t Nam \u2013 Thi\u1ebft B\u1ecb Nh\u00e0 B\u1ebfp &amp; Ph\u00f2ng T\u1eafm<\/strong><br data-start=\"4917\" data-end=\"4920\" \/>\ud83d\udccd\u00a0\u0110\u1ecba ch\u1ec9: S\u1ed1 6 Li\u1ec1n K\u1ec1 22, K\u0110T V\u0103n Kh\u00ea, H\u00e0 \u0110\u00f4ng, H\u00e0 N\u1ed9i<\/p>\n<p data-start=\"4981\" data-end=\"5105\">\ud83c\udf10\u00a0Website:\u00a0<a class=\"decorated-link\" href=\"https:\/\/ehrlichvietnam.vn\/\" target=\"_new\" rel=\"noopener\" data-start=\"4993\" data-end=\"5019\">https:\/\/ehrlichvietnam.vn\/<\/a><br data-start=\"5019\" data-end=\"5022\" \/>\ud83d\udcde\u00a0Hotline:\u00a0<strong data-start=\"5034\" data-end=\"5051\">0932 27 05 20<\/strong><br data-start=\"5051\" data-end=\"5054\" \/>\ud83d\udcac\u00a0Zalo OA:\u00a0<a class=\"decorated-link\" href=\"https:\/\/zalo.me\/s\/2888141157129558325\" target=\"_new\" rel=\"noopener\" data-start=\"5066\" data-end=\"5103\">https:\/\/zalo.me\/s\/2888141157129558325<\/a><\/p>\n<p data-start=\"5107\" data-end=\"5218\">\ud83c\udfa5\u00a0TikTok:\u00a0<a class=\"decorated-link\" href=\"https:\/\/www.tiktok.com\/@ehrlich.chia.s?_r=1\" target=\"_new\" rel=\"noopener\" data-start=\"5118\" data-end=\"5162\">https:\/\/www.tiktok.com\/@ehrlichthietbivesinh<\/a><br data-start=\"5162\" data-end=\"5165\" \/>\u25b6\ufe0f\u00a0YouTube:\u00a0<a class=\"decorated-link\" href=\"https:\/\/www.youtube.com\/@EhrlichVietNam\" target=\"_new\" rel=\"noopener\" data-start=\"5177\" data-end=\"5216\">https:\/\/www.youtube.com\/@EhrlichVietNam<\/a><\/p>\n<p data-start=\"5220\" data-end=\"5265\">\ud83d\ude9a\u00a0Giao h\u00e0ng to\u00e0n qu\u1ed1c \u2013 t\u01b0 v\u1ea5n nhanh ch\u00f3ng<\/p>\n<p data-start=\"5267\" data-end=\"5313\">\ud83d\udc49\u00a0<strong data-start=\"5270\" data-end=\"5313\">Inbox ngay \u0111\u1ec3 nh\u1eadn \u01b0u \u0111\u00e3i th\u00eam h\u00f4m nay!<\/strong><\/p>\n","protected":false},"excerpt":{"rendered":"<p data-start=\"106\" data-end=\"188\">\ud83c\udf1f <strong data-start=\"109\" data-end=\"186\">Combo thi\u1ebft b\u1ecb v\u1ec7 sinh Ehrlich \u2013 Ho\u00e0n thi\u1ec7n ph\u00f2ng t\u1eafm theo phong c\u00e1ch \u0110\u1ee9c<\/strong><\/p>\n<p data-start=\"190\" data-end=\"498\">Kh\u00f4ng gian ph\u00f2ng t\u1eafm kh\u00f4ng ch\u1ec9 l\u00e0 n\u01a1i sinh ho\u1ea1t h\u1eb1ng ng\u00e0y, m\u00e0 c\u00f2n l\u00e0 n\u01a1i t\u00e1i t\u1ea1o n\u0103ng l\u01b0\u1ee3ng, t\u1eadn h\u01b0\u1edfng s\u1ef1 th\u01b0 gi\u00e3n sau m\u1ed9t ng\u00e0y d\u00e0i. V\u1edbi tri\u1ebft l\u00fd <strong data-start=\"336\" data-end=\"369\">\u201ctinh t\u1ebf trong t\u1eebng chi ti\u1ebft\u201d<\/strong>, Ehrlich mang \u0111\u1ebfn combo thi\u1ebft b\u1ecb v\u1ec7 sinh \u0111\u1ed3ng b\u1ed9, gi\u00fap ph\u00f2ng t\u1eafm tr\u1edf th\u00e0nh <strong data-start=\"445\" data-end=\"495\">m\u1ed9t t\u1ed5ng th\u1ec3 sang tr\u1ecdng, hi\u1ec7n \u0111\u1ea1i v\u00e0 ti\u1ec7n nghi<\/strong>.<\/p>\n<p data-start=\"500\" data-end=\"778\">\u2728 M\u1ed7i s\u1ea3n ph\u1ea9m trong combo \u0111\u1ec1u \u0111\u01b0\u1ee3c ch\u1ebf t\u00e1c t\u1eeb ch\u1ea5t li\u1ec7u cao c\u1ea5p, \u00e1p d\u1ee5ng c\u00f4ng ngh\u1ec7 ch\u1ed1ng b\u00e1m b\u1ea9n, ch\u1ed1ng \u1ea9m m\u1ed1c v\u00e0 t\u1ed1i \u01b0u c\u00f4ng n\u0103ng s\u1eed d\u1ee5ng. Khi k\u1ebft h\u1ee3p tr\u1ecdn b\u1ed9, ch\u00fang t\u1ea1o n\u00ean s\u1ef1 h\u00e0i h\u00f2a tuy\u1ec7t \u0111\u1ed1i v\u1ec1 thi\u1ebft k\u1ebf, t\u1eeb ki\u1ec3u d\u00e1ng \u0111\u1ebfn m\u00e0u s\u1eafc \u2013 v\u1eeba th\u1ea9m m\u1ef9, v\u1eeba b\u1ec1n b\u1ec9 theo th\u1eddi gian.<\/p>\n<p data-start=\"780\" data-end=\"959\">\ud83d\udc8e L\u1ef1a ch\u1ecdn <strong data-start=\"792\" data-end=\"826\">combo thi\u1ebft b\u1ecb v\u1ec7 sinh Ehrlich<\/strong> ch\u00ednh l\u00e0 l\u1ef1a ch\u1ecdn s\u1ef1 <strong data-start=\"848\" data-end=\"870\">\u0111\u1eb3ng c\u1ea5p chu\u1ea9n \u0110\u1ee9c<\/strong>, mang \u0111\u1ebfn tr\u1ea3i nghi\u1ec7m tho\u1ea3i m\u00e1i, ti\u1ec7n l\u1ee3i v\u00e0 n\u00e2ng t\u1ea7m gi\u00e1 tr\u1ecb kh\u00f4ng gian s\u1ed1ng c\u1ee7a b\u1ea1n.<\/p>\n","protected":false},"featured_media":4470,"comment_status":"open","ping_status":"closed","template":"","meta":{"_acf_changed":false},"product_brand":[],"product_cat":[55,77,132],"product_tag":[],"class_list":{"0":"post-4059","1":"product","2":"type-product","3":"status-publish","4":"has-post-thumbnail","6":"product_cat-combo-phong-tam","7":"product_cat-combo","8":"product_cat-combo-dong-bo","10":"first","11":"instock","12":"sale","13":"shipping-taxable","14":"purchasable","15":"product-type-simple"},"acf":[],"_links":{"self":[{"href":"https:\/\/ehrlichvietnam.vn\/en\/wp-json\/wp\/v2\/product\/4059","targetHints":{"allow":["GET"]}}],"collection":[{"href":"https:\/\/ehrlichvietnam.vn\/en\/wp-json\/wp\/v2\/product"}],"about":[{"href":"https:\/\/ehrlichvietnam.vn\/en\/wp-json\/wp\/v2\/types\/product"}],"replies":[{"embeddable":true,"href":"https:\/\/ehrlichvietnam.vn\/en\/wp-json\/wp\/v2\/comments?post=4059"}],"wp:featuredmedia":[{"embeddable":true,"href":"https:\/\/ehrlichvietnam.vn\/en\/wp-json\/wp\/v2\/media\/4470"}],"wp:attachment":[{"href":"https:\/\/ehrlichvietnam.vn\/en\/wp-json\/wp\/v2\/media?parent=4059"}],"wp:term":[{"taxonomy":"product_brand","embeddable":true,"href":"https:\/\/ehrlichvietnam.vn\/en\/wp-json\/wp\/v2\/product_brand?post=4059"},{"taxonomy":"product_cat","embeddable":true,"href":"https:\/\/ehrlichvietnam.vn\/en\/wp-json\/wp\/v2\/product_cat?post=4059"},{"taxonomy":"product_tag","embeddable":true,"href":"https:\/\/ehrlichvietnam.vn\/en\/wp-json\/wp\/v2\/product_tag?post=4059"}],"curies":[{"name":"wp","href":"https:\/\/api.w.org\/{rel}","templated":true}]}}