{"id":3966,"date":"2025-10-28T02:12:15","date_gmt":"2025-10-28T02:12:15","guid":{"rendered":"https:\/\/ehrlichvietnam.vn\/?post_type=product&#038;p=3966"},"modified":"2025-12-05T07:02:37","modified_gmt":"2025-12-05T07:02:37","slug":"bo-dao-cao-cap-ehrlich","status":"publish","type":"product","link":"https:\/\/ehrlichvietnam.vn\/bo-dao-cao-cap-ehrlich\/","title":{"rendered":"B\u1ed9 dao cao c\u1ea5p Ehrlich"},"content":{"rendered":"<h2 data-start=\"168\" data-end=\"217\">\ud83d\udd36 <strong data-start=\"174\" data-end=\"215\">B\u1ed8 DAO CAO C\u1ea4P EHRLICH \u2013 MODEL EHR-KO<\/strong><\/h2>\n<h3 data-start=\"218\" data-end=\"266\"><strong data-start=\"222\" data-end=\"266\">Th\u00e9p AUS10 ch\u1ed1ng g\u1ec9 \u2013 Nh\u1eadp kh\u1ea9u Nh\u1eadt B\u1ea3n<\/strong><\/h3>\n<hr data-start=\"268\" data-end=\"271\" \/>\n<h3 data-start=\"273\" data-end=\"333\">\ud83c\udf1f <strong data-start=\"280\" data-end=\"333\">Tinh hoa c\u1ee7a s\u1ef1 s\u1eafc b\u00e9n v\u00e0 chu\u1ea9n m\u1ef1c thi\u1ebft k\u1ebf \u0110\u1ee9c<\/strong><\/h3>\n<p data-start=\"335\" data-end=\"711\">B\u1ed9 dao <strong data-start=\"342\" data-end=\"360\">Ehrlich EHR-KO<\/strong> l\u00e0 d\u00f2ng dao cao c\u1ea5p \u0111\u01b0\u1ee3c ph\u00e1t tri\u1ec3n d\u00e0nh ri\u00eang cho nh\u1eefng ng\u01b0\u1eddi y\u00eau \u1ea9m th\u1ef1c, \u0111\u1ea7u b\u1ebfp gia \u0111\u00ecnh v\u00e0 c\u1ea3 nh\u1eefng kh\u00f4ng gian b\u1ebfp chuy\u00ean nghi\u1ec7p. T\u1eebng chi ti\u1ebft \u0111\u01b0\u1ee3c ch\u0103m ch\u00fat k\u1ef9 l\u01b0\u1ee1ng, k\u1ebft h\u1ee3p gi\u1eefa <strong data-start=\"548\" data-end=\"574\">ngh\u1ec7 thu\u1eadt ch\u1ebf t\u00e1c \u0110\u1ee9c<\/strong> v\u00e0 <strong data-start=\"578\" data-end=\"611\">c\u00f4ng ngh\u1ec7 luy\u1ec7n th\u00e9p Nh\u1eadt B\u1ea3n<\/strong>, mang l\u1ea1i tr\u1ea3i nghi\u1ec7m <strong data-start=\"634\" data-end=\"667\">s\u1eafc b\u00e9n \u2013 b\u1ec1n b\u1ec9 \u2013 sang tr\u1ecdng<\/strong> v\u01b0\u1ee3t tr\u1ed9i so v\u1edbi c\u00e1c d\u00f2ng dao th\u00f4ng th\u01b0\u1eddng.<\/p>\n<p data-start=\"713\" data-end=\"954\">M\u1ed7i l\u01b0\u1ee1i dao trong b\u1ed9 EHR-KO \u0111\u1ec1u \u0111\u01b0\u1ee3c <strong data-start=\"751\" data-end=\"799\">r\u00e8n t\u1eeb th\u00e9p AUS10 cao c\u1ea5p nh\u1eadp kh\u1ea9u Nh\u1eadt B\u1ea3n<\/strong>, c\u00f3 <strong data-start=\"804\" data-end=\"828\">\u0111\u1ed9 c\u1ee9ng \u0111\u1ea1t 60\u00b11 HRC<\/strong>, cho kh\u1ea3 n\u0103ng <strong data-start=\"843\" data-end=\"867\">gi\u1eef c\u1ea1nh b\u00e9n l\u00e2u d\u00e0i<\/strong>, <strong data-start=\"869\" data-end=\"893\">ch\u1ed1ng g\u1ec9 s\u00e9t m\u1ea1nh m\u1ebd<\/strong>, v\u00e0 <strong data-start=\"898\" data-end=\"917\">ch\u1ecbu va \u0111\u1eadp t\u1ed1t<\/strong> ngay c\u1ea3 trong m\u00f4i tr\u01b0\u1eddng b\u1ebfp \u1ea9m \u01b0\u1edbt.<\/p>\n<hr data-start=\"956\" data-end=\"959\" \/>\n<h3 data-start=\"961\" data-end=\"998\">\ud83d\udd27 <strong data-start=\"968\" data-end=\"998\">C\u00f4ng ngh\u1ec7 ch\u1ebf t\u00e1c hi\u1ec7n \u0111\u1ea1i<\/strong><\/h3>\n<ul data-start=\"1000\" data-end=\"1651\">\n<li data-start=\"1000\" data-end=\"1162\">\n<p data-start=\"1002\" data-end=\"1162\"><strong data-start=\"1002\" data-end=\"1025\">Th\u00e9p AUS10 Nh\u1eadt B\u1ea3n<\/strong>: L\u00e0 d\u00f2ng th\u00e9p n\u1ed5i ti\u1ebfng trong ng\u00e0nh s\u1ea3n xu\u1ea5t dao chuy\u00ean d\u1ee5ng, \u0111\u01b0\u1ee3c \u01b0a chu\u1ed9ng b\u1edfi \u0111\u1ed9 b\u1ec1n cao, kh\u1ea3 n\u0103ng ch\u1ed1ng oxy h\u00f3a v\u00e0 d\u1ec5 m\u00e0i s\u1eafc l\u1ea1i.<\/p>\n<\/li>\n<li data-start=\"1163\" data-end=\"1309\">\n<p data-start=\"1165\" data-end=\"1309\"><strong data-start=\"1165\" data-end=\"1223\">Quy tr\u00ecnh t\u00f4i luy\u1ec7n ch\u00e2n kh\u00f4ng (Vacuum Heat Treatment)<\/strong>: Gi\u00fap h\u1ea1t th\u00e9p \u0111\u1ed3ng \u0111\u1ec1u, t\u1ea1o \u0111\u1ed9 c\u1ee9ng cao m\u00e0 kh\u00f4ng gi\u00f2n, duy tr\u00ec \u0111\u1ed9 s\u1eafc b\u00e9n d\u00e0i l\u00e2u.<\/p>\n<\/li>\n<li data-start=\"1310\" data-end=\"1402\">\n<p data-start=\"1312\" data-end=\"1402\"><strong data-start=\"1312\" data-end=\"1344\">G\u00f3c m\u00e0i l\u01b0\u1ee1i dao 15\u00b0 m\u1ed7i b\u00ean<\/strong>: Cho \u0111\u01b0\u1eddng c\u1eaft ng\u1ecdt, m\u1ecbn, kh\u00f4ng x\u00e9 th\u1edb th\u1ecbt hay rau c\u1ee7.<\/p>\n<\/li>\n<li data-start=\"1403\" data-end=\"1553\">\n<p data-start=\"1405\" data-end=\"1553\"><strong data-start=\"1405\" data-end=\"1442\">C\u00e1n dao b\u1eb1ng g\u1ed7 t\u1ef1 nhi\u00ean \u00e9p nhi\u1ec7t<\/strong>: Thi\u1ebft k\u1ebf bo tr\u00f2n, v\u1eeba tay, kh\u00f4ng tr\u01a1n tr\u01b0\u1ee3t k\u1ec3 c\u1ea3 khi tay \u01b0\u1edbt, t\u1ea1o c\u1ea3m gi\u00e1c ch\u1eafc ch\u1eafn v\u00e0 tho\u1ea3i m\u00e1i khi c\u1ea7m.<\/p>\n<\/li>\n<li data-start=\"1554\" data-end=\"1651\">\n<p data-start=\"1556\" data-end=\"1651\"><strong data-start=\"1556\" data-end=\"1581\">V\u00f2ng n\u1ed1i \u0111\u1ed3ng m\u1ea1 v\u00e0ng<\/strong>: Kh\u00f4ng ch\u1ec9 t\u0103ng \u0111\u1ed9 b\u1ec1n m\u00e0 c\u00f2n mang l\u1ea1i \u0111i\u1ec3m nh\u1ea5n sang tr\u1ecdng, tinh t\u1ebf.<\/p>\n<\/li>\n<\/ul>\n","protected":false},"excerpt":{"rendered":"<p>B\u1ed9 dao cao c\u1ea5p <strong data-start=\"180\" data-end=\"198\">Ehrlich EHR-KO<\/strong> \u0111\u01b0\u1ee3c ch\u1ebf t\u00e1c theo <strong data-start=\"217\" data-end=\"235\">ti\u00eau chu\u1ea9n \u0110\u1ee9c<\/strong>, s\u1eed d\u1ee5ng <strong data-start=\"245\" data-end=\"300\">th\u00e9p AUS10 ch\u1ed1ng g\u1ec9 nh\u1eadp kh\u1ea9u tr\u1ef1c ti\u1ebfp t\u1eeb Nh\u1eadt B\u1ea3n<\/strong>, n\u1ed5i b\u1eadt v\u1edbi kh\u1ea3 n\u0103ng <strong data-start=\"323\" data-end=\"356\">s\u1eafc b\u00e9n, b\u1ec1n b\u1ec9, ch\u1ed1ng \u0103n m\u00f2n<\/strong> v\u00e0 <strong data-start=\"360\" data-end=\"376\">d\u1ec5 b\u1ea3o d\u01b0\u1ee1ng<\/strong>.<br data-start=\"377\" data-end=\"380\" \/>Thi\u1ebft k\u1ebf tinh t\u1ebf mang \u0111\u1eadm phong c\u00e1ch ch\u00e2u \u00c2u \u2013 hi\u1ec7n \u0111\u1ea1i, sang tr\u1ecdng, nh\u01b0ng v\u1eabn ti\u1ec7n d\u1ee5ng cho gian b\u1ebfp gia \u0111\u00ecnh Vi\u1ec7t.<\/p>\n","protected":false},"featured_media":3967,"comment_status":"open","ping_status":"closed","template":"","meta":{"_acf_changed":false},"product_brand":[],"product_cat":[15,44,110],"product_tag":[],"class_list":{"0":"post-3966","1":"product","2":"type-product","3":"status-publish","4":"has-post-thumbnail","6":"product_cat-san-pham","7":"product_cat-thiet-bi-phong-bep","8":"product_cat-dung-cu-nha-bep","10":"first","11":"instock","12":"sale","13":"shipping-taxable","14":"purchasable","15":"product-type-simple"},"acf":[],"_links":{"self":[{"href":"https:\/\/ehrlichvietnam.vn\/en\/wp-json\/wp\/v2\/product\/3966","targetHints":{"allow":["GET"]}}],"collection":[{"href":"https:\/\/ehrlichvietnam.vn\/en\/wp-json\/wp\/v2\/product"}],"about":[{"href":"https:\/\/ehrlichvietnam.vn\/en\/wp-json\/wp\/v2\/types\/product"}],"replies":[{"embeddable":true,"href":"https:\/\/ehrlichvietnam.vn\/en\/wp-json\/wp\/v2\/comments?post=3966"}],"wp:featuredmedia":[{"embeddable":true,"href":"https:\/\/ehrlichvietnam.vn\/en\/wp-json\/wp\/v2\/media\/3967"}],"wp:attachment":[{"href":"https:\/\/ehrlichvietnam.vn\/en\/wp-json\/wp\/v2\/media?parent=3966"}],"wp:term":[{"taxonomy":"product_brand","embeddable":true,"href":"https:\/\/ehrlichvietnam.vn\/en\/wp-json\/wp\/v2\/product_brand?post=3966"},{"taxonomy":"product_cat","embeddable":true,"href":"https:\/\/ehrlichvietnam.vn\/en\/wp-json\/wp\/v2\/product_cat?post=3966"},{"taxonomy":"product_tag","embeddable":true,"href":"https:\/\/ehrlichvietnam.vn\/en\/wp-json\/wp\/v2\/product_tag?post=3966"}],"curies":[{"name":"wp","href":"https:\/\/api.w.org\/{rel}","templated":true}]}}