{"id":3964,"date":"2025-10-28T01:29:23","date_gmt":"2025-10-28T01:29:23","guid":{"rendered":"https:\/\/ehrlichvietnam.vn\/?post_type=product&#038;p=3964"},"modified":"2025-10-28T06:44:04","modified_gmt":"2025-10-28T06:44:04","slug":"dao-got-ehrlich","status":"publish","type":"product","link":"https:\/\/ehrlichvietnam.vn\/dao-got-ehrlich\/","title":{"rendered":"Dao g\u1ecdt Ehrlich"},"content":{"rendered":"<p>Dao g\u1ecdt Ehrlich \u2013 Chu\u1ea9n tinh t\u1ebf, chu\u1ea9n s\u1eafc Nh\u1eadt<\/p>\n<p>Thi\u1ebft k\u1ebf &amp; C\u1ea3m gi\u00e1c c\u1ea7m n\u1eafm: Dao g\u1ecdt Ehrlich \u0111\u01b0\u1ee3c thi\u1ebft k\u1ebf thon g\u1ecdn, nh\u1eb9 tay, d\u1ec5 \u0111i\u1ec1u khi\u1ec3n, gi\u00fap ng\u01b0\u1eddi d\u00f9ng thao t\u00e1c linh ho\u1ea1t trong m\u1ecdi g\u00f3c c\u1eaft. Chu\u00f4i dao g\u1ed7 mun cao c\u1ea5p, \u00f4m kh\u00edt b\u00e0n tay, t\u1ea1o c\u1ea3m gi\u00e1c ch\u1eafc ch\u1eafn v\u00e0 c\u00e2n b\u1eb1ng khi s\u1eed d\u1ee5ng.<\/p>\n<p>C\u00f4ng n\u0103ng s\u1eed d\u1ee5ng: L\u00e0 d\u00f2ng dao \u0111a n\u0103ng v\u00e0 tinh t\u1ebf nh\u1ea5t trong b\u1ed9 s\u01b0u t\u1eadp Ehrlich, chuy\u00ean d\u00f9ng \u0111\u1ec3 th\u00e1i rau c\u1ee7 v\u00e0 g\u1ecdt hoa qu\u1ea3. Thi\u1ebft k\u1ebf l\u01b0\u1ee1i m\u1ea3nh v\u00e0 s\u1eafc gi\u00fap \u0111\u01b0\u1eddng c\u1eaft ch\u00ednh x\u00e1c, m\u1ecbn v\u00e0 kh\u00f4ng l\u00e0m n\u00e1t th\u1ef1c ph\u1ea9m, ph\u00f9 h\u1ee3p cho c\u1ea3 \u0111\u1ea7u b\u1ebfp chuy\u00ean nghi\u1ec7p v\u00e0 ng\u01b0\u1eddi n\u1ed9i tr\u1ee3 hi\u1ec7n \u0111\u1ea1i.<\/p>\n<p>Ch\u1ea5t li\u1ec7u &amp; \u0110\u1ed9 ho\u00e0n thi\u1ec7n: Ch\u1ebf t\u00e1c t\u1eeb th\u00e9p AUS10 ch\u1ed1ng g\u1ec9, nh\u1eadp kh\u1ea9u Nh\u1eadt B\u1ea3n, n\u1ed5i ti\u1ebfng v\u1edbi \u0111\u1ed9 c\u1ee9ng cao, kh\u1ea3 n\u0103ng gi\u1eef s\u1eafc l\u00e2u v\u00e0 ch\u1ed1ng oxi h\u00f3a v\u01b0\u1ee3t tr\u1ed9i. B\u1ec1 m\u1eb7t l\u01b0\u1ee1i \u0111\u01b0\u1ee3c m\u00e0i x\u01b0\u1edbc m\u1ecbn tinh t\u1ebf \u1edf ph\u1ea7n d\u01b0\u1edbi, k\u1ebft h\u1ee3p \u0111\u00e1nh b\u00f3ng s\u00e1ng inox \u1edf ph\u1ea7n s\u1ed1ng dao, t\u1ea1o hi\u1ec7u \u1ee9ng ph\u1ea3n chi\u1ebfu sang tr\u1ecdng v\u00e0 t\u0103ng kh\u1ea3 n\u0103ng ch\u1ed1ng b\u00e1m d\u00ednh th\u1ef1c ph\u1ea9m.<\/p>\n","protected":false},"excerpt":{"rendered":"<p>Dao g\u1ecdt Ehrlich \u2013 Chu\u1ea9n tinh t\u1ebf, chu\u1ea9n s\u1eafc Nh\u1eadt Thi\u1ebft k\u1ebf &amp; C\u1ea3m gi\u00e1c c\u1ea7m n\u1eafm: Dao g\u1ecdt Ehrlich \u0111\u01b0\u1ee3c thi\u1ebft k\u1ebf thon g\u1ecdn, nh\u1eb9 tay, d\u1ec5 \u0111i\u1ec1u khi\u1ec3n, gi\u00fap ng\u01b0\u1eddi d\u00f9ng thao t\u00e1c linh ho\u1ea1t trong m\u1ecdi g\u00f3c c\u1eaft. Chu\u00f4i dao g\u1ed7 mun cao c\u1ea5p, \u00f4m kh\u00edt b\u00e0n tay, t\u1ea1o c\u1ea3m gi\u00e1c ch\u1eafc [&hellip;]<\/p>\n","protected":false},"featured_media":3965,"comment_status":"open","ping_status":"closed","template":"","meta":{"_acf_changed":false},"product_brand":[],"product_cat":[15,44,110],"product_tag":[],"class_list":{"0":"post-3964","1":"product","2":"type-product","3":"status-publish","4":"has-post-thumbnail","6":"product_cat-san-pham","7":"product_cat-thiet-bi-phong-bep","8":"product_cat-dung-cu-nha-bep","10":"first","11":"instock","12":"sale","13":"shipping-taxable","14":"purchasable","15":"product-type-simple"},"acf":[],"_links":{"self":[{"href":"https:\/\/ehrlichvietnam.vn\/en\/wp-json\/wp\/v2\/product\/3964","targetHints":{"allow":["GET"]}}],"collection":[{"href":"https:\/\/ehrlichvietnam.vn\/en\/wp-json\/wp\/v2\/product"}],"about":[{"href":"https:\/\/ehrlichvietnam.vn\/en\/wp-json\/wp\/v2\/types\/product"}],"replies":[{"embeddable":true,"href":"https:\/\/ehrlichvietnam.vn\/en\/wp-json\/wp\/v2\/comments?post=3964"}],"wp:featuredmedia":[{"embeddable":true,"href":"https:\/\/ehrlichvietnam.vn\/en\/wp-json\/wp\/v2\/media\/3965"}],"wp:attachment":[{"href":"https:\/\/ehrlichvietnam.vn\/en\/wp-json\/wp\/v2\/media?parent=3964"}],"wp:term":[{"taxonomy":"product_brand","embeddable":true,"href":"https:\/\/ehrlichvietnam.vn\/en\/wp-json\/wp\/v2\/product_brand?post=3964"},{"taxonomy":"product_cat","embeddable":true,"href":"https:\/\/ehrlichvietnam.vn\/en\/wp-json\/wp\/v2\/product_cat?post=3964"},{"taxonomy":"product_tag","embeddable":true,"href":"https:\/\/ehrlichvietnam.vn\/en\/wp-json\/wp\/v2\/product_tag?post=3964"}],"curies":[{"name":"wp","href":"https:\/\/api.w.org\/{rel}","templated":true}]}}