{"id":3962,"date":"2025-10-28T01:22:57","date_gmt":"2025-10-28T01:22:57","guid":{"rendered":"https:\/\/ehrlichvietnam.vn\/?post_type=product&#038;p=3962"},"modified":"2025-12-05T07:03:20","modified_gmt":"2025-12-05T07:03:20","slug":"dao-thai-ehrlich","status":"publish","type":"product","link":"https:\/\/ehrlichvietnam.vn\/dao-thai-ehrlich\/","title":{"rendered":"Dao th\u00e1i Ehrlich"},"content":{"rendered":"<p>Dao th\u00e1i Ehrlich \u2013 Chu\u1ea9n s\u1eafc, chu\u1ea9n tinh t\u1ebf Nh\u1eadt<\/p>\n<p>Thi\u1ebft k\u1ebf &amp; C\u1ea3m gi\u00e1c c\u1ea7m n\u1eafm: K\u1ebf th\u1eeba tinh th\u1ea7n ch\u1ebf t\u00e1c chu\u1ea9n m\u1ef1c c\u1ee7a Ehrlich, dao th\u00e1i \u0111\u01b0\u1ee3c thi\u1ebft k\u1ebf c\u00e2n \u0111\u1ed1i, \u0111\u1ea7m tay v\u00e0 linh ho\u1ea1t, gi\u00fap thao t\u00e1c nh\u1eb9 nh\u00e0ng m\u00e0 v\u1eabn ch\u1eafc ch\u1eafn. Chu\u00f4i dao g\u1ed7 mun t\u1ef1 nhi\u00ean, c\u1ed1 \u0111\u1ecbnh b\u1eb1ng ch\u1ed1t \u0111inh th\u00e9p, mang l\u1ea1i s\u1ef1 b\u1ec1n b\u1ec9 v\u00e0 c\u1ea3m gi\u00e1c c\u1ea7m n\u1eafm tho\u1ea3i m\u00e1i trong th\u1eddi gian d\u00e0i.<\/p>\n<p>C\u00f4ng n\u0103ng s\u1eed d\u1ee5ng: Dao chuy\u00ean d\u1ee5ng cho th\u00e1i th\u1ecbt b\u00f2, l\u1ee3n, g\u00e0, rau c\u1ee7 qu\u1ea3, th\u00edch h\u1ee3p cho m\u1ecdi kh\u00f4ng gian b\u1ebfp gia \u0111\u00ecnh ho\u1eb7c nh\u00e0 h\u00e0ng, \u0111\u00e1p \u1ee9ng nhu c\u1ea7u th\u00e1i m\u1ecfng, c\u1eaft ch\u00ednh x\u00e1c v\u00e0 gi\u1eef tr\u1ecdn h\u01b0\u01a1ng v\u1ecb m\u00f3n \u0103n.<\/p>\n<p>Ch\u1ea5t li\u1ec7u &amp; \u0110\u1ed9 ho\u00e0n thi\u1ec7n: R\u00e8n t\u1eeb th\u00e9p AUS10 ch\u1ed1ng g\u1ec9, nh\u1eadp kh\u1ea9u Nh\u1eadt B\u1ea3n, n\u1ed5i ti\u1ebfng v\u1edbi \u0111\u1ed9 c\u1ee9ng cao, s\u1eafc b\u00e9n v\u00e0 kh\u1ea3 n\u0103ng ch\u1ed1ng \u0103n m\u00f2n v\u01b0\u1ee3t tr\u1ed9i. B\u1ec1 m\u1eb7t l\u01b0\u1ee1i \u0111\u01b0\u1ee3c m\u00e0i x\u01b0\u1edbc m\u1ecbn tinh t\u1ebf \u1edf ph\u1ea7n d\u01b0\u1edbi v\u00e0 \u0111\u00e1nh b\u00f3ng s\u00e1ng \u1edf ph\u1ea7n s\u1ed1ng dao, mang l\u1ea1i v\u1ebb sang tr\u1ecdng v\u00e0 hi\u1ec7u \u1ee9ng \u00e1nh s\u00e1ng \u0111\u1eb7c tr\u01b0ng c\u1ee7a inox cao c\u1ea5p.<\/p>\n","protected":false},"excerpt":{"rendered":"<p>Dao th\u00e1i Ehrlich \u2013 Chu\u1ea9n s\u1eafc, chu\u1ea9n tinh t\u1ebf Nh\u1eadt Thi\u1ebft k\u1ebf &amp; C\u1ea3m gi\u00e1c c\u1ea7m n\u1eafm: K\u1ebf th\u1eeba tinh th\u1ea7n ch\u1ebf t\u00e1c chu\u1ea9n m\u1ef1c c\u1ee7a Ehrlich, dao th\u00e1i \u0111\u01b0\u1ee3c thi\u1ebft k\u1ebf c\u00e2n \u0111\u1ed1i, \u0111\u1ea7m tay v\u00e0 linh ho\u1ea1t, gi\u00fap thao t\u00e1c nh\u1eb9 nh\u00e0ng m\u00e0 v\u1eabn ch\u1eafc ch\u1eafn. Chu\u00f4i dao g\u1ed7 mun t\u1ef1 nhi\u00ean, c\u1ed1 [&hellip;]<\/p>\n","protected":false},"featured_media":3963,"comment_status":"open","ping_status":"closed","template":"","meta":{"_acf_changed":false},"product_brand":[],"product_cat":[15,44,110],"product_tag":[],"class_list":{"0":"post-3962","1":"product","2":"type-product","3":"status-publish","4":"has-post-thumbnail","6":"product_cat-san-pham","7":"product_cat-thiet-bi-phong-bep","8":"product_cat-dung-cu-nha-bep","10":"first","11":"instock","12":"sale","13":"shipping-taxable","14":"purchasable","15":"product-type-simple"},"acf":[],"_links":{"self":[{"href":"https:\/\/ehrlichvietnam.vn\/en\/wp-json\/wp\/v2\/product\/3962","targetHints":{"allow":["GET"]}}],"collection":[{"href":"https:\/\/ehrlichvietnam.vn\/en\/wp-json\/wp\/v2\/product"}],"about":[{"href":"https:\/\/ehrlichvietnam.vn\/en\/wp-json\/wp\/v2\/types\/product"}],"replies":[{"embeddable":true,"href":"https:\/\/ehrlichvietnam.vn\/en\/wp-json\/wp\/v2\/comments?post=3962"}],"wp:featuredmedia":[{"embeddable":true,"href":"https:\/\/ehrlichvietnam.vn\/en\/wp-json\/wp\/v2\/media\/3963"}],"wp:attachment":[{"href":"https:\/\/ehrlichvietnam.vn\/en\/wp-json\/wp\/v2\/media?parent=3962"}],"wp:term":[{"taxonomy":"product_brand","embeddable":true,"href":"https:\/\/ehrlichvietnam.vn\/en\/wp-json\/wp\/v2\/product_brand?post=3962"},{"taxonomy":"product_cat","embeddable":true,"href":"https:\/\/ehrlichvietnam.vn\/en\/wp-json\/wp\/v2\/product_cat?post=3962"},{"taxonomy":"product_tag","embeddable":true,"href":"https:\/\/ehrlichvietnam.vn\/en\/wp-json\/wp\/v2\/product_tag?post=3962"}],"curies":[{"name":"wp","href":"https:\/\/api.w.org\/{rel}","templated":true}]}}