{"id":3960,"date":"2025-10-28T01:20:25","date_gmt":"2025-10-28T01:20:25","guid":{"rendered":"https:\/\/ehrlichvietnam.vn\/?post_type=product&#038;p=3960"},"modified":"2025-10-28T06:44:29","modified_gmt":"2025-10-28T06:44:29","slug":"dao-chat-da-nang-ehrlich","status":"publish","type":"product","link":"https:\/\/ehrlichvietnam.vn\/dao-chat-da-nang-ehrlich\/","title":{"rendered":"Dao ch\u1eb7t \u0111a n\u0103ng Ehrlich"},"content":{"rendered":"<p>Dao ch\u1eb7t \u0111a n\u0103ng Ehrlich \u2013 Chu\u1ea9n l\u1ef1c, chu\u1ea9n ch\u1ea5t l\u01b0\u1ee3ng Nh\u1eadt<\/p>\n<p>Thi\u1ebft k\u1ebf &amp; C\u1ea3m gi\u00e1c c\u1ea7m n\u1eafm: Mang tinh th\u1ea7n chu\u1ea9n m\u1ef1c c\u1ee7a th\u01b0\u01a1ng hi\u1ec7u Ehrlich, dao \u0111\u01b0\u1ee3c ch\u1ebf t\u00e1c t\u1ec9 m\u1ec9 \u0111\u1ebfn t\u1eebng chi ti\u1ebft \u0111\u1ec3 t\u1ea1o c\u1ea3m gi\u00e1c \u0111\u1ea7m tay \u2013 ch\u1eafc ch\u1eafn \u2013 c\u00e2n b\u1eb1ng tuy\u1ec7t \u0111\u1ed1i khi s\u1eed d\u1ee5ng. Chu\u00f4i dao g\u1ed7 mun t\u1ef1 nhi\u00ean, k\u1ebft h\u1ee3p ch\u1ed1t \u0111inh th\u00e9p c\u1ed1 \u0111\u1ecbnh, t\u0103ng \u0111\u1ed9 an to\u00e0n v\u00e0 b\u1ec1n b\u1ec9 theo th\u1eddi gian.<\/p>\n<p>C\u00f4ng n\u0103ng s\u1eed d\u1ee5ng: L\u00e0 l\u1ef1a ch\u1ecdn l\u00fd t\u01b0\u1edfng cho ch\u1eb7t g\u00e0, v\u1ecbt, ngan, ng\u1ed7ng v\u00e0 th\u00e1i th\u1ecbt, dao ch\u1eb7t Ehrlich ph\u00f9 h\u1ee3p cho c\u1ea3 gian b\u1ebfp gia \u0111\u00ecnh l\u1eabn nh\u00e0 h\u00e0ng chuy\u00ean nghi\u1ec7p, \u0111\u00e1p \u1ee9ng m\u1ecdi nhu c\u1ea7u t\u1eeb s\u01a1 ch\u1ebf \u0111\u1ebfn ch\u1ebf bi\u1ebfn.<\/p>\n<p>Ch\u1ea5t li\u1ec7u &amp; \u0110\u1ed9 ho\u00e0n thi\u1ec7n: S\u1ea3n xu\u1ea5t t\u1eeb th\u00e9p AUS10 ch\u1ed1ng g\u1ec9, nh\u1eadp kh\u1ea9u Nh\u1eadt B\u1ea3n, n\u1ed5i ti\u1ebfng v\u1edbi \u0111\u1ed9 c\u1ee9ng cao, kh\u1ea3 n\u0103ng gi\u1eef s\u1eafc l\u00e2u v\u00e0 ch\u1ed1ng m\u00e0i m\u00f2n v\u01b0\u1ee3t tr\u1ed9i. L\u01b0\u1ee1i dao \u0111\u01b0\u1ee3c m\u00e0i x\u01b0\u1edbc m\u1ecbn \u1edf ph\u1ea7n l\u01b0\u1ee1i v\u00e0 \u0111\u00e1nh b\u00f3ng inox \u1edf ph\u1ea7n s\u1ed1ng dao, t\u1ea1o hi\u1ec7u \u1ee9ng \u00e1nh s\u00e1ng tinh t\u1ebf v\u00e0 ch\u1ed1ng b\u00e1m d\u00ednh th\u1ef1c ph\u1ea9m.<\/p>\n","protected":false},"excerpt":{"rendered":"<p>Dao ch\u1eb7t \u0111a n\u0103ng Ehrlich \u2013 Chu\u1ea9n l\u1ef1c, chu\u1ea9n ch\u1ea5t l\u01b0\u1ee3ng Nh\u1eadt Thi\u1ebft k\u1ebf &amp; C\u1ea3m gi\u00e1c c\u1ea7m n\u1eafm: Mang tinh th\u1ea7n chu\u1ea9n m\u1ef1c c\u1ee7a th\u01b0\u01a1ng hi\u1ec7u Ehrlich, dao \u0111\u01b0\u1ee3c ch\u1ebf t\u00e1c t\u1ec9 m\u1ec9 \u0111\u1ebfn t\u1eebng chi ti\u1ebft \u0111\u1ec3 t\u1ea1o c\u1ea3m gi\u00e1c \u0111\u1ea7m tay \u2013 ch\u1eafc ch\u1eafn \u2013 c\u00e2n b\u1eb1ng tuy\u1ec7t \u0111\u1ed1i khi s\u1eed d\u1ee5ng. [&hellip;]<\/p>\n","protected":false},"featured_media":3961,"comment_status":"open","ping_status":"closed","template":"","meta":{"_acf_changed":false},"product_brand":[],"product_cat":[15,44,110],"product_tag":[],"class_list":{"0":"post-3960","1":"product","2":"type-product","3":"status-publish","4":"has-post-thumbnail","6":"product_cat-san-pham","7":"product_cat-thiet-bi-phong-bep","8":"product_cat-dung-cu-nha-bep","10":"first","11":"instock","12":"sale","13":"shipping-taxable","14":"purchasable","15":"product-type-simple"},"acf":[],"_links":{"self":[{"href":"https:\/\/ehrlichvietnam.vn\/en\/wp-json\/wp\/v2\/product\/3960","targetHints":{"allow":["GET"]}}],"collection":[{"href":"https:\/\/ehrlichvietnam.vn\/en\/wp-json\/wp\/v2\/product"}],"about":[{"href":"https:\/\/ehrlichvietnam.vn\/en\/wp-json\/wp\/v2\/types\/product"}],"replies":[{"embeddable":true,"href":"https:\/\/ehrlichvietnam.vn\/en\/wp-json\/wp\/v2\/comments?post=3960"}],"wp:featuredmedia":[{"embeddable":true,"href":"https:\/\/ehrlichvietnam.vn\/en\/wp-json\/wp\/v2\/media\/3961"}],"wp:attachment":[{"href":"https:\/\/ehrlichvietnam.vn\/en\/wp-json\/wp\/v2\/media?parent=3960"}],"wp:term":[{"taxonomy":"product_brand","embeddable":true,"href":"https:\/\/ehrlichvietnam.vn\/en\/wp-json\/wp\/v2\/product_brand?post=3960"},{"taxonomy":"product_cat","embeddable":true,"href":"https:\/\/ehrlichvietnam.vn\/en\/wp-json\/wp\/v2\/product_cat?post=3960"},{"taxonomy":"product_tag","embeddable":true,"href":"https:\/\/ehrlichvietnam.vn\/en\/wp-json\/wp\/v2\/product_tag?post=3960"}],"curies":[{"name":"wp","href":"https:\/\/api.w.org\/{rel}","templated":true}]}}