{"id":3865,"date":"2025-10-16T06:58:23","date_gmt":"2025-10-16T06:58:23","guid":{"rendered":"https:\/\/ehrlichvietnam.vn\/?post_type=product&#038;p=3865"},"modified":"2026-04-06T09:03:37","modified_gmt":"2026-04-06T09:03:37","slug":"bon-cau-thong-minh-ehr-b6946","status":"publish","type":"product","link":"https:\/\/ehrlichvietnam.vn\/bon-cau-thong-minh-ehr-b6946\/","title":{"rendered":"B\u1ed3n c\u1ea7u th\u00f4ng minh EHR-B6946"},"content":{"rendered":"<p data-start=\"263\" data-end=\"559\"><strong data-start=\"263\" data-end=\"352\">B\u1ed3n c\u1ea7u \u0111i\u1ec7n t\u1eed full options Ehrlich \u2013 chu\u1ea9n s\u1ed1ng th\u00f4ng minh, ti\u1ec7n nghi \u0111\u1eb3ng c\u1ea5p \u0110\u1ee9c.<\/strong><br data-start=\"352\" data-end=\"355\" \/>S\u1edf h\u1eefu thi\u1ebft k\u1ebf li\u1ec1n kh\u1ed1i sang tr\u1ecdng, t\u00edch h\u1ee3p \u0111\u1ea7y \u0111\u1ee7 t\u00ednh n\u0103ng hi\u1ec7n \u0111\u1ea1i nh\u01b0 r\u1eeda t\u1ef1 \u0111\u1ed9ng, s\u01b0\u1edfi \u1ea5m, kh\u1eed m\u00f9i, s\u1ea5y kh\u00f4 v\u00e0 c\u1ea3m bi\u1ebfn th\u00f4ng minh \u2013 s\u1ea3n ph\u1ea9m mang \u0111\u1ebfn tr\u1ea3i nghi\u1ec7m ho\u00e0n h\u1ea3o cho ph\u00f2ng t\u1eafm cao c\u1ea5p.<\/p>\n<p data-start=\"561\" data-end=\"806\">V\u1edbi c\u00f4ng ngh\u1ec7 c\u1ea3m bi\u1ebfn hi\u1ec7n di\u1ec7n, n\u1eafp t\u1ef1 \u0111\u1ed9ng m\u1edf \u2013 \u0111\u00f3ng nh\u1eb9 nh\u00e0ng khi ng\u01b0\u1eddi d\u00f9ng \u0111\u1ebfn g\u1ea7n, gi\u00fap h\u1ea1n ch\u1ebf ch\u1ea1m tay v\u00e0 t\u0103ng t\u00ednh v\u1ec7 sinh. H\u1ec7 th\u1ed1ng v\u00f2i r\u1eeda k\u00e9p \u0111i\u1ec1u ch\u1ec9nh nhi\u1ec7t \u0111\u1ed9 v\u00e0 \u00e1p l\u1ef1c n\u01b0\u1edbc linh ho\u1ea1t, ph\u00f9 h\u1ee3p v\u1edbi m\u1ecdi th\u00e0nh vi\u00ean trong gia \u0111\u00ecnh.<\/p>\n<p data-start=\"808\" data-end=\"1063\">\u0110\u1eb7c bi\u1ec7t, b\u1ed3n c\u1ea7u c\u00f2n c\u00f3 ch\u1ee9c n\u0103ng <strong data-start=\"843\" data-end=\"869\">t\u1ef1 s\u1ea5y kh\u00f4 sau khi r\u1eeda<\/strong>, <strong data-start=\"871\" data-end=\"896\">kh\u1eed khu\u1ea9n b\u1eb1ng tia UV<\/strong>, <strong data-start=\"898\" data-end=\"924\">kh\u1eed m\u00f9i than ho\u1ea1t t\u00ednh<\/strong>, c\u00f9ng <strong data-start=\"931\" data-end=\"972\">ch\u1ebf \u0111\u1ed9 x\u1ea3 xo\u00e1y m\u1ea1nh m\u1ebd ti\u1ebft ki\u1ec7m n\u01b0\u1edbc<\/strong>. T\u1ea5t c\u1ea3 \u0111\u01b0\u1ee3c \u0111i\u1ec1u khi\u1ec3n d\u1ec5 d\u00e0ng qua <strong data-start=\"1009\" data-end=\"1060\">b\u1ea3ng \u0111i\u1ec1u khi\u1ec3n g\u1eafn t\u01b0\u1eddng ho\u1eb7c remote kh\u00f4ng d\u00e2y<\/strong>.<\/p>\n<p data-start=\"1065\" data-end=\"1278\">L\u00e0 l\u1ef1a ch\u1ecdn h\u00e0ng \u0111\u1ea7u cho <strong data-start=\"1090\" data-end=\"1139\">nh\u00e0 ph\u1ed1, bi\u1ec7t th\u1ef1, kh\u00e1ch s\u1ea1n v\u00e0 d\u1ef1 \u00e1n cao c\u1ea5p<\/strong>, b\u1ed3n c\u1ea7u \u0111i\u1ec7n t\u1eed full options Ehrlich kh\u00f4ng ch\u1ec9 th\u1ec3 hi\u1ec7n s\u1ef1 ti\u1ec7n nghi m\u00e0 c\u00f2n n\u00e2ng t\u1ea7m phong c\u00e1ch s\u1ed1ng chu\u1ea9n \u0110\u1ee9c cho ng\u01b0\u1eddi d\u00f9ng hi\u1ec7n \u0111\u1ea1i.<\/p>\n","protected":false},"excerpt":{"rendered":"<p>B\u1ed3n c\u1ea7u \u0111i\u1ec7n t\u1eed full options Ehrlich \u2013 \u0111\u1ec9nh cao c\u00f4ng ngh\u1ec7 \u0110\u1ee9c v\u1edbi t\u00ednh n\u0103ng t\u1ef1 r\u1eeda, s\u01b0\u1edfi \u1ea5m, kh\u1eed m\u00f9i, s\u1ea5y kh\u00f4 v\u00e0 \u0111i\u1ec1u khi\u1ec3n th\u00f4ng minh. Sang tr\u1ecdng \u2013 ti\u1ec7n nghi \u2013 v\u1ec7 sinh tuy\u1ec7t \u0111\u1ed1i.<\/p>\n","protected":false},"featured_media":3866,"comment_status":"open","ping_status":"closed","template":"","meta":{"_acf_changed":false},"product_brand":[139],"product_cat":[23,15,35],"product_tag":[],"class_list":{"0":"post-3865","1":"product","2":"type-product","3":"status-publish","4":"has-post-thumbnail","6":"product_brand-ehrlich","7":"product_cat-thiet-bi-phong-ve-sinh","8":"product_cat-san-pham","9":"product_cat-bon-cau","11":"first","12":"instock","13":"sale","14":"shipping-taxable","15":"purchasable","16":"product-type-simple"},"acf":[],"_links":{"self":[{"href":"https:\/\/ehrlichvietnam.vn\/en\/wp-json\/wp\/v2\/product\/3865","targetHints":{"allow":["GET"]}}],"collection":[{"href":"https:\/\/ehrlichvietnam.vn\/en\/wp-json\/wp\/v2\/product"}],"about":[{"href":"https:\/\/ehrlichvietnam.vn\/en\/wp-json\/wp\/v2\/types\/product"}],"replies":[{"embeddable":true,"href":"https:\/\/ehrlichvietnam.vn\/en\/wp-json\/wp\/v2\/comments?post=3865"}],"wp:featuredmedia":[{"embeddable":true,"href":"https:\/\/ehrlichvietnam.vn\/en\/wp-json\/wp\/v2\/media\/3866"}],"wp:attachment":[{"href":"https:\/\/ehrlichvietnam.vn\/en\/wp-json\/wp\/v2\/media?parent=3865"}],"wp:term":[{"taxonomy":"product_brand","embeddable":true,"href":"https:\/\/ehrlichvietnam.vn\/en\/wp-json\/wp\/v2\/product_brand?post=3865"},{"taxonomy":"product_cat","embeddable":true,"href":"https:\/\/ehrlichvietnam.vn\/en\/wp-json\/wp\/v2\/product_cat?post=3865"},{"taxonomy":"product_tag","embeddable":true,"href":"https:\/\/ehrlichvietnam.vn\/en\/wp-json\/wp\/v2\/product_tag?post=3865"}],"curies":[{"name":"wp","href":"https:\/\/api.w.org\/{rel}","templated":true}]}}