{"id":3583,"date":"2025-10-14T03:28:16","date_gmt":"2025-10-14T03:28:16","guid":{"rendered":"https:\/\/ehrlichvietnam.vn\/?post_type=product&#038;p=3583"},"modified":"2025-10-14T03:32:36","modified_gmt":"2025-10-14T03:32:36","slug":"thung-gao-mat-kinh-den","status":"publish","type":"product","link":"https:\/\/ehrlichvietnam.vn\/thung-gao-mat-kinh-den\/","title":{"rendered":"Th\u00f9ng g\u1ea1o m\u1eb7t k\u00ednh \u0111en"},"content":{"rendered":"<p data-start=\"485\" data-end=\"787\"><strong data-start=\"485\" data-end=\"527\">Th\u00f9ng g\u1ea1o m\u1eb7t k\u00ednh \u0111en Ehrlich TA-300B<\/strong> mang \u0111\u1ebfn gi\u1ea3i ph\u00e1p l\u01b0u tr\u1eef g\u1ea1o hi\u1ec7n \u0111\u1ea1i, k\u1ebft h\u1ee3p ho\u00e0n h\u1ea3o gi\u1eefa <strong data-start=\"591\" data-end=\"615\">th\u1ea9m m\u1ef9 v\u00e0 c\u00f4ng n\u0103ng<\/strong>.<br data-start=\"616\" data-end=\"619\" \/>Ph\u1ea7n th\u00e2n \u0111\u01b0\u1ee3c l\u00e0m t\u1eeb <strong data-start=\"641\" data-end=\"666\">th\u00e9p kh\u00f4ng g\u1ec9 cao c\u1ea5p<\/strong>, ch\u1ed1ng oxy h\u00f3a v\u00e0 \u0103n m\u00f2n trong m\u00f4i tr\u01b0\u1eddng \u1ea9m. M\u1eb7t tr\u01b0\u1edbc ph\u1ee7 <strong data-start=\"727\" data-end=\"744\">k\u00ednh \u0111en b\u00f3ng<\/strong>, t\u1ea1o \u0111i\u1ec3m nh\u1ea5n sang tr\u1ecdng v\u00e0 d\u1ec5 v\u1ec7 sinh.<\/p>\n<p data-start=\"789\" data-end=\"1103\">C\u01a1 ch\u1ebf k\u00e9o m\u1edf \u00eam nh\u1eb9, gi\u00fap thao t\u00e1c n\u1ea1p v\u00e0 l\u1ea5y g\u1ea1o thu\u1eadn ti\u1ec7n. Khoang ch\u1ee9a dung t\u00edch l\u1edbn, c\u00f3 n\u1eafp k\u00edn b\u1ea3o v\u1ec7 th\u1ef1c ph\u1ea9m kh\u1ecfi \u1ea9m m\u1ed1c, c\u00f4n tr\u00f9ng v\u00e0 b\u1ee5i b\u1ea9n.<br data-start=\"941\" data-end=\"944\" \/>S\u1ea3n ph\u1ea9m l\u1eafp \u00e2m t\u1ee7, \u0111\u1ed3ng b\u1ed9 ho\u00e0n h\u1ea3o v\u1edbi h\u1ec7 t\u1ee7 b\u1ebfp hi\u1ec7n \u0111\u1ea1i, ph\u00f9 h\u1ee3p cho <strong data-start=\"1017\" data-end=\"1054\">nh\u00e0 ph\u1ed1, chung c\u01b0, c\u0103n h\u1ed9 cao c\u1ea5p<\/strong> ho\u1eb7c <strong data-start=\"1060\" data-end=\"1088\">d\u1ef1 \u00e1n b\u1ebfp ti\u00eau chu\u1ea9n \u0110\u1ee9c<\/strong> c\u1ee7a Ehrlich.<\/p>\n","protected":false},"excerpt":{"rendered":"<p data-start=\"228\" data-end=\"457\">Th\u00f9ng g\u1ea1o m\u1eb7t k\u00ednh \u0111en Ehrlich TA-300B \u2013 l\u1ef1a ch\u1ecdn tinh t\u1ebf cho c\u0103n b\u1ebfp hi\u1ec7n \u0111\u1ea1i.<br data-start=\"307\" data-end=\"310\" \/>Thi\u1ebft k\u1ebf \u00e2m t\u1ee7 g\u1ecdn g\u00e0ng, sang tr\u1ecdng v\u1edbi <strong data-start=\"350\" data-end=\"389\">m\u1eb7t k\u00ednh \u0111en v\u00e0 khung th\u00e9p kh\u00f4ng g\u1ec9<\/strong>, gi\u00fap b\u1ea3o qu\u1ea3n g\u1ea1o lu\u00f4n kh\u00f4 r\u00e1o, s\u1ea1ch s\u1ebd v\u00e0 ti\u1ec7n l\u1ee3i khi s\u1eed d\u1ee5ng.<\/p>\n","protected":false},"featured_media":3548,"comment_status":"open","ping_status":"closed","template":"","meta":{"_acf_changed":false},"product_brand":[],"product_cat":[15,44,85],"product_tag":[],"class_list":{"0":"post-3583","1":"product","2":"type-product","3":"status-publish","4":"has-post-thumbnail","6":"product_cat-san-pham","7":"product_cat-thiet-bi-phong-bep","8":"product_cat-phu-kien-tu-bep","10":"first","11":"instock","12":"sale","13":"shipping-taxable","14":"purchasable","15":"product-type-simple"},"acf":[],"_links":{"self":[{"href":"https:\/\/ehrlichvietnam.vn\/en\/wp-json\/wp\/v2\/product\/3583","targetHints":{"allow":["GET"]}}],"collection":[{"href":"https:\/\/ehrlichvietnam.vn\/en\/wp-json\/wp\/v2\/product"}],"about":[{"href":"https:\/\/ehrlichvietnam.vn\/en\/wp-json\/wp\/v2\/types\/product"}],"replies":[{"embeddable":true,"href":"https:\/\/ehrlichvietnam.vn\/en\/wp-json\/wp\/v2\/comments?post=3583"}],"wp:featuredmedia":[{"embeddable":true,"href":"https:\/\/ehrlichvietnam.vn\/en\/wp-json\/wp\/v2\/media\/3548"}],"wp:attachment":[{"href":"https:\/\/ehrlichvietnam.vn\/en\/wp-json\/wp\/v2\/media?parent=3583"}],"wp:term":[{"taxonomy":"product_brand","embeddable":true,"href":"https:\/\/ehrlichvietnam.vn\/en\/wp-json\/wp\/v2\/product_brand?post=3583"},{"taxonomy":"product_cat","embeddable":true,"href":"https:\/\/ehrlichvietnam.vn\/en\/wp-json\/wp\/v2\/product_cat?post=3583"},{"taxonomy":"product_tag","embeddable":true,"href":"https:\/\/ehrlichvietnam.vn\/en\/wp-json\/wp\/v2\/product_tag?post=3583"}],"curies":[{"name":"wp","href":"https:\/\/api.w.org\/{rel}","templated":true}]}}