{"id":3582,"date":"2025-10-14T03:26:08","date_gmt":"2025-10-14T03:26:08","guid":{"rendered":"https:\/\/ehrlichvietnam.vn\/?post_type=product&#038;p=3582"},"modified":"2025-10-17T01:36:29","modified_gmt":"2025-10-17T01:36:29","slug":"gia-tu-do-kho-cao-cap","status":"publish","type":"product","link":"https:\/\/ehrlichvietnam.vn\/gia-tu-do-kho-cao-cap\/","title":{"rendered":"Gi\u00e1 t\u1ee7 \u0111\u1ed3 kh\u00f4 cao c\u1ea5p"},"content":{"rendered":"<p data-start=\"1339\" data-end=\"1815\">Gi\u00e1 t\u1ee7 \u0111\u1ed3 kh\u00f4 cao c\u1ea5p <strong data-start=\"1361\" data-end=\"1380\">Ehrlich TK-1900<\/strong> l\u00e0 gi\u1ea3i ph\u00e1p t\u1ed1i \u01b0u gi\u00fap kh\u00f4ng gian b\u1ebfp lu\u00f4n <strong data-start=\"1426\" data-end=\"1463\">g\u1ecdn g\u00e0ng, sang tr\u1ecdng v\u00e0 ti\u1ec7n nghi<\/strong>.<br data-start=\"1464\" data-end=\"1467\" \/>S\u1ea3n ph\u1ea9m \u0111\u01b0\u1ee3c l\u00e0m t\u1eeb <strong data-start=\"1488\" data-end=\"1508\">Inox 304 cao c\u1ea5p<\/strong>, ch\u1ed1ng g\u1ec9 s\u00e9t \u2013 ch\u1ed1ng \u0103n m\u00f2n, ph\u00f9 h\u1ee3p v\u1edbi kh\u00ed h\u1eadu \u1ea9m c\u1ee7a Vi\u1ec7t Nam.<br data-start=\"1575\" data-end=\"1578\" \/>Thi\u1ebft k\u1ebf <strong data-start=\"1587\" data-end=\"1611\">10 gi\u1ecf ch\u1ee9a r\u1ed9ng r\u00e3i<\/strong>, ph\u00e2n t\u1ea7ng h\u1ee3p l\u00fd, gi\u00fap b\u1ea3o qu\u1ea3n <strong data-start=\"1645\" data-end=\"1684\">\u0111\u1ed3 kh\u00f4, gia v\u1ecb, n\u01b0\u1edbc ng\u1ecdt, b\u00e1nh k\u1eb9o<\/strong> ng\u0103n n\u1eafp \u2013 d\u1ec5 l\u1ea5y.<br data-start=\"1703\" data-end=\"1706\" \/>C\u01a1 ch\u1ebf <strong data-start=\"1713\" data-end=\"1736\">tr\u01b0\u1ee3t \u0111\u1ed3ng b\u1ed9 \u00eam \u00e1i<\/strong> mang \u0111\u1ebfn tr\u1ea3i nghi\u1ec7m \u0111\u00f3ng m\u1edf nh\u1eb9 nh\u00e0ng, n\u00e2ng t\u1ea7m th\u1ea9m m\u1ef9 cho c\u0103n b\u1ebfp hi\u1ec7n \u0111\u1ea1i.<\/p>\n<hr data-start=\"1817\" data-end=\"1820\" \/>\n<h3 data-start=\"1822\" data-end=\"1913\">\u00a0<strong data-start=\"1829\" data-end=\"1913\">#GiaTuDoKho #PhuKienTuBepEhrlich #EhrlichGermanyStyle #GiaInox304 #ThietBiBepDuc<\/strong><\/h3>\n","protected":false},"excerpt":{"rendered":"<p data-start=\"152\" data-end=\"351\"><strong data-start=\"152\" data-end=\"193\">Gi\u00e1 t\u1ee7 \u0111\u1ed3 kh\u00f4 cao c\u1ea5p Ehrlich TK-1900<\/strong> \u2013 gi\u1ea3i ph\u00e1p l\u01b0u tr\u1eef th\u00f4ng minh cho c\u0103n b\u1ebfp hi\u1ec7n \u0111\u1ea1i.<br data-start=\"246\" data-end=\"249\" \/>Thi\u1ebft k\u1ebf inox 304 ch\u1ed1ng g\u1ec9 s\u00e9t, tr\u01b0\u1ee3t m\u1edf \u00eam nh\u1eb9, s\u1eafp x\u1ebfp g\u1ecdn g\u00e0ng \u2013 sang tr\u1ecdng chu\u1ea9n phong c\u00e1ch \u0110\u1ee9c.<\/p>\n<p data-start=\"353\" data-end=\"481\">\u00a0Ho\u00e0n h\u1ea3o cho m\u1ecdi kh\u00f4ng gian b\u1ebfp cao c\u1ea5p!<br data-start=\"396\" data-end=\"399\" \/>#GiaTuDoKho #PhuKienTuBepEhrlich #EhrlichGermanyStyle #ThietBiBepCaoCap #Inox304<\/p>\n","protected":false},"featured_media":3547,"comment_status":"open","ping_status":"closed","template":"","meta":{"_acf_changed":false},"product_brand":[],"product_cat":[15,44,85],"product_tag":[],"class_list":{"0":"post-3582","1":"product","2":"type-product","3":"status-publish","4":"has-post-thumbnail","6":"product_cat-san-pham","7":"product_cat-thiet-bi-phong-bep","8":"product_cat-phu-kien-tu-bep","10":"first","11":"instock","12":"sale","13":"shipping-taxable","14":"purchasable","15":"product-type-simple"},"acf":[],"_links":{"self":[{"href":"https:\/\/ehrlichvietnam.vn\/en\/wp-json\/wp\/v2\/product\/3582","targetHints":{"allow":["GET"]}}],"collection":[{"href":"https:\/\/ehrlichvietnam.vn\/en\/wp-json\/wp\/v2\/product"}],"about":[{"href":"https:\/\/ehrlichvietnam.vn\/en\/wp-json\/wp\/v2\/types\/product"}],"replies":[{"embeddable":true,"href":"https:\/\/ehrlichvietnam.vn\/en\/wp-json\/wp\/v2\/comments?post=3582"}],"wp:featuredmedia":[{"embeddable":true,"href":"https:\/\/ehrlichvietnam.vn\/en\/wp-json\/wp\/v2\/media\/3547"}],"wp:attachment":[{"href":"https:\/\/ehrlichvietnam.vn\/en\/wp-json\/wp\/v2\/media?parent=3582"}],"wp:term":[{"taxonomy":"product_brand","embeddable":true,"href":"https:\/\/ehrlichvietnam.vn\/en\/wp-json\/wp\/v2\/product_brand?post=3582"},{"taxonomy":"product_cat","embeddable":true,"href":"https:\/\/ehrlichvietnam.vn\/en\/wp-json\/wp\/v2\/product_cat?post=3582"},{"taxonomy":"product_tag","embeddable":true,"href":"https:\/\/ehrlichvietnam.vn\/en\/wp-json\/wp\/v2\/product_tag?post=3582"}],"curies":[{"name":"wp","href":"https:\/\/api.w.org\/{rel}","templated":true}]}}