{"id":3581,"date":"2025-10-14T03:25:53","date_gmt":"2025-10-14T03:25:53","guid":{"rendered":"https:\/\/ehrlichvietnam.vn\/?post_type=product&#038;p=3581"},"modified":"2025-10-17T01:36:56","modified_gmt":"2025-10-17T01:36:56","slug":"thung-rac-doi-lap-tu-bep-duoi","status":"publish","type":"product","link":"https:\/\/ehrlichvietnam.vn\/thung-rac-doi-lap-tu-bep-duoi\/","title":{"rendered":"Th\u00f9ng r\u00e1c \u0111\u00f4i l\u1eafp t\u1ee7 b\u1ebfp d\u01b0\u1edbi"},"content":{"rendered":"<p data-start=\"659\" data-end=\"806\"><strong data-start=\"659\" data-end=\"704\">Th\u00f9ng r\u00e1c \u0111\u00f4i l\u1eafp t\u1ee7 b\u1ebfp d\u01b0\u1edbi Ehrlich TR2<\/strong> l\u00e0 ph\u1ee5 ki\u1ec7n th\u00f4ng minh gi\u00fap <strong data-start=\"733\" data-end=\"778\">gi\u1eef kh\u00f4ng gian b\u1ebfp lu\u00f4n s\u1ea1ch s\u1ebd, ng\u0103n n\u1eafp<\/strong> v\u00e0 d\u1ec5 d\u00e0ng ph\u00e2n lo\u1ea1i r\u00e1c.<\/p>\n<p data-start=\"808\" data-end=\"1051\">S\u1ea3n ph\u1ea9m \u0111\u01b0\u1ee3c l\u00e0m t\u1eeb <strong data-start=\"829\" data-end=\"849\">nh\u1ef1a ABS cao c\u1ea5p<\/strong>, c\u00f3 \u0111\u1ed9 b\u1ec1n cao, <strong data-start=\"866\" data-end=\"915\">ch\u1ed1ng va \u0111\u1eadp, ch\u1ecbu nhi\u1ec7t t\u1ed1t v\u00e0 kh\u00f4ng b\u00e1m m\u00f9i<\/strong>. Thi\u1ebft k\u1ebf <strong data-start=\"926\" data-end=\"947\">2 ng\u0103n ri\u00eang bi\u1ec7t<\/strong> gi\u00fap ng\u01b0\u1eddi d\u00f9ng <strong data-start=\"964\" data-end=\"996\">ph\u00e2n lo\u1ea1i r\u00e1c kh\u00f4 v\u00e0 r\u00e1c \u01b0\u1edbt<\/strong>, g\u00f3p ph\u1ea7n b\u1ea3o v\u1ec7 m\u00f4i tr\u01b0\u1eddng v\u00e0 ti\u1ec7n l\u1ee3i khi d\u1ecdn d\u1eb9p.<\/p>\n<p data-start=\"1053\" data-end=\"1257\">H\u1ec7 th\u1ed1ng <strong data-start=\"1062\" data-end=\"1093\">ray tr\u01b0\u1ee3t gi\u1ea3m ch\u1ea5n cao c\u1ea5p<\/strong> gi\u00fap \u0111\u00f3ng m\u1edf nh\u1eb9 nh\u00e0ng, \u00eam \u00e1i, kh\u00f4ng g\u00e2y ti\u1ebfng \u1ed3n. K\u1ebft h\u1ee3p ho\u00e0n h\u1ea3o v\u1edbi <strong data-start=\"1166\" data-end=\"1181\">t\u1ee7 b\u1ebfp d\u01b0\u1edbi<\/strong>, TR2 mang l\u1ea1i s\u1ef1 ti\u1ec7n nghi v\u00e0 th\u1ea9m m\u1ef9 t\u1ed1i \u0111a cho kh\u00f4ng gian b\u1ebfp hi\u1ec7n \u0111\u1ea1i.<\/p>\n<p data-start=\"1259\" data-end=\"1311\"><strong data-start=\"1259\" data-end=\"1309\">Ehrlich \u2013 phong c\u00e1ch \u0110\u1ee9c, chu\u1ea9n t\u1eebng chi ti\u1ebft.<\/strong><\/p>\n<p data-start=\"1313\" data-end=\"1428\">\ud83d\udc49 <strong data-start=\"1316\" data-end=\"1428\">#ThungRacDoi #ThungRacTuBep #PhuKienTuBepEhrlich #EhrlichGermanyStyle #ThietBiBepThongMinh #NoiThatBepCaoCap<\/strong><\/p>\n","protected":false},"excerpt":{"rendered":"<p data-start=\"237\" data-end=\"495\">Th\u00f9ng r\u00e1c \u0111\u00f4i l\u1eafp t\u1ee7 b\u1ebfp d\u01b0\u1edbi <strong data-start=\"267\" data-end=\"282\">Ehrlich TR2<\/strong> l\u00e0m t\u1eeb <strong data-start=\"290\" data-end=\"310\">nh\u1ef1a ABS cao c\u1ea5p<\/strong>, b\u1ec1n \u0111\u1eb9p, d\u1ec5 v\u1ec7 sinh. Thi\u1ebft k\u1ebf <strong data-start=\"342\" data-end=\"375\">2 ng\u0103n ph\u00e2n lo\u1ea1i r\u00e1c ti\u1ec7n l\u1ee3i<\/strong>, k\u00e9o tr\u01b0\u1ee3t nh\u1eb9 nh\u00e0ng, ph\u00f9 h\u1ee3p v\u1edbi m\u1ecdi kh\u00f4ng gian b\u1ebfp hi\u1ec7n \u0111\u1ea1i. Gi\u1ea3i ph\u00e1p t\u1ed1i \u01b0u gi\u00fap c\u0103n b\u1ebfp lu\u00f4n s\u1ea1ch s\u1ebd \u2013 g\u1ecdn g\u00e0ng.<\/p>\n<p data-start=\"497\" data-end=\"597\">\u00a0<strong data-start=\"500\" data-end=\"597\">#ThungRacTuBep #PhuKienTuBepEhrlich #EhrlichGermanyStyle #ThietBiBepDuc #PhanLoaiRacThongMinh<\/strong><\/p>\n","protected":false},"featured_media":3546,"comment_status":"open","ping_status":"closed","template":"","meta":{"_acf_changed":false},"product_brand":[],"product_cat":[15,44,85],"product_tag":[],"class_list":{"0":"post-3581","1":"product","2":"type-product","3":"status-publish","4":"has-post-thumbnail","6":"product_cat-san-pham","7":"product_cat-thiet-bi-phong-bep","8":"product_cat-phu-kien-tu-bep","10":"first","11":"instock","12":"sale","13":"shipping-taxable","14":"purchasable","15":"product-type-simple"},"acf":[],"_links":{"self":[{"href":"https:\/\/ehrlichvietnam.vn\/en\/wp-json\/wp\/v2\/product\/3581","targetHints":{"allow":["GET"]}}],"collection":[{"href":"https:\/\/ehrlichvietnam.vn\/en\/wp-json\/wp\/v2\/product"}],"about":[{"href":"https:\/\/ehrlichvietnam.vn\/en\/wp-json\/wp\/v2\/types\/product"}],"replies":[{"embeddable":true,"href":"https:\/\/ehrlichvietnam.vn\/en\/wp-json\/wp\/v2\/comments?post=3581"}],"wp:featuredmedia":[{"embeddable":true,"href":"https:\/\/ehrlichvietnam.vn\/en\/wp-json\/wp\/v2\/media\/3546"}],"wp:attachment":[{"href":"https:\/\/ehrlichvietnam.vn\/en\/wp-json\/wp\/v2\/media?parent=3581"}],"wp:term":[{"taxonomy":"product_brand","embeddable":true,"href":"https:\/\/ehrlichvietnam.vn\/en\/wp-json\/wp\/v2\/product_brand?post=3581"},{"taxonomy":"product_cat","embeddable":true,"href":"https:\/\/ehrlichvietnam.vn\/en\/wp-json\/wp\/v2\/product_cat?post=3581"},{"taxonomy":"product_tag","embeddable":true,"href":"https:\/\/ehrlichvietnam.vn\/en\/wp-json\/wp\/v2\/product_tag?post=3581"}],"curies":[{"name":"wp","href":"https:\/\/api.w.org\/{rel}","templated":true}]}}