{"id":3577,"date":"2025-10-14T03:20:58","date_gmt":"2025-10-14T03:20:58","guid":{"rendered":"https:\/\/ehrlichvietnam.vn\/?post_type=product&#038;p=3577"},"modified":"2025-10-14T03:23:11","modified_gmt":"2025-10-14T03:23:11","slug":"gia-bat-nang-ha","status":"publish","type":"product","link":"https:\/\/ehrlichvietnam.vn\/gia-bat-nang-ha\/","title":{"rendered":"Gi\u00e1 b\u00e1t n\u00e2ng h\u1ea1"},"content":{"rendered":"<p data-start=\"728\" data-end=\"978\"><strong data-start=\"728\" data-end=\"772\">Gi\u00e1 b\u00e1t n\u00e2ng h\u1ea1 t\u1ee7 tr\u00ean Ehrlich GBNH<\/strong>\u00a0l\u00e0 gi\u1ea3i ph\u00e1p l\u01b0u tr\u1eef th\u00f4ng minh gi\u00fap t\u1ed1i \u01b0u kh\u00f4ng gian b\u1ebfp hi\u1ec7n \u0111\u1ea1i.<br data-start=\"841\" data-end=\"844\" \/>S\u1ea3n ph\u1ea9m \u0111\u01b0\u1ee3c ch\u1ebf t\u00e1c t\u1eeb <strong data-start=\"869\" data-end=\"889\">inox 304 cao c\u1ea5p<\/strong>, c\u00f3 \u0111\u1ed9 b\u1ec1n v\u01b0\u1ee3t tr\u1ed9i, <strong data-start=\"912\" data-end=\"938\">ch\u1ed1ng g\u1ec9 s\u00e9t v\u00e0 \u0103n m\u00f2n<\/strong> trong m\u00f4i tr\u01b0\u1eddng \u1ea9m \u01b0\u1edbt c\u1ee7a gian b\u1ebfp.<\/p>\n<p data-start=\"980\" data-end=\"1232\">C\u01a1 ch\u1ebf <strong data-start=\"987\" data-end=\"1016\">tr\u1ee3 l\u1ef1c n\u00e2ng h\u1ea1 linh ho\u1ea1t<\/strong> gi\u00fap vi\u1ec7c c\u1ea5t v\u00e0 l\u1ea5y b\u00e1t \u0111\u0129a tr\u1edf n\u00ean nh\u1eb9 nh\u00e0ng, an to\u00e0n cho m\u1ecdi th\u00e0nh vi\u00ean trong gia \u0111\u00ecnh. Thi\u1ebft k\u1ebf <strong data-start=\"1117\" data-end=\"1136\">2 t\u1ea7ng r\u1ed9ng r\u00e3i<\/strong> ti\u1ec7n l\u1ee3i cho vi\u1ec7c ph\u00e2n lo\u1ea1i b\u00e1t \u2013 \u0111\u0129a \u2013 t\u00f4, \u0111\u1ed3ng th\u1eddi d\u1ec5 d\u00e0ng v\u1ec7 sinh, gi\u1eef b\u1ebfp lu\u00f4n g\u1ecdn g\u00e0ng.<\/p>\n<p data-start=\"1234\" data-end=\"1381\">V\u1edbi phong c\u00e1ch <strong data-start=\"1249\" data-end=\"1276\">Ehrlich \u2013 Germany Style<\/strong>, s\u1ea3n ph\u1ea9m kh\u00f4ng ch\u1ec9 l\u00e0 ph\u1ee5 ki\u1ec7n t\u1ee7 b\u1ebfp m\u00e0 c\u00f2n l\u00e0 \u0111i\u1ec3m nh\u1ea5n sang tr\u1ecdng, hi\u1ec7n \u0111\u1ea1i cho c\u0103n b\u1ebfp chu\u1ea9n \u0110\u1ee9c.<\/p>\n<p data-start=\"1383\" data-end=\"1434\"><strong data-start=\"1386\" data-end=\"1432\">Ehrlich \u2013 \u0111\u1ed3ng h\u00e0nh c\u00f9ng m\u1ecdi c\u0103n b\u1ebfp Vi\u1ec7t!<\/strong><\/p>\n<p data-start=\"1383\" data-end=\"1434\">\u00a0<strong data-start=\"1439\" data-end=\"1549\">#GiaBatNangHa #GiaBatNangHaInox304 #GiaBatTuTren #ThietBiBepEhrlich #EhrlichGermanyStyle #PhuKienBepCaoCap<\/strong><\/p>\n","protected":false},"excerpt":{"rendered":"<p data-start=\"277\" data-end=\"575\">Gi\u00e1 b\u00e1t n\u00e2ng h\u1ea1 Ehrlich GBNH \u0111\u01b0\u1ee3c l\u00e0m t\u1eeb <strong data-start=\"322\" data-end=\"342\">inox 304 cao c\u1ea5p<\/strong>, ch\u1ed1ng g\u1ec9 s\u00e9t v\u00e0 \u0103n m\u00f2n tuy\u1ec7t \u0111\u1ed1i. Thi\u1ebft k\u1ebf <strong data-start=\"387\" data-end=\"407\">2 t\u1ea7ng linh ho\u1ea1t<\/strong>, c\u00f3 <strong data-start=\"412\" data-end=\"446\">c\u01a1 ch\u1ebf tr\u1ee3 l\u1ef1c n\u00e2ng h\u1ea1 nh\u1eb9 tay<\/strong>, gi\u00fap d\u1ec5 d\u00e0ng l\u1ea5y b\u00e1t \u0111\u0129a ngay c\u1ea3 v\u1edbi t\u1ee7 b\u1ebfp cao. S\u1ea3n ph\u1ea9m mang phong c\u00e1ch \u0110\u1ee9c hi\u1ec7n \u0111\u1ea1i, b\u1ec1n \u0111\u1eb9p v\u00e0 ti\u1ec7n nghi cho m\u1ecdi c\u0103n b\u1ebfp.<\/p>\n<p data-start=\"577\" data-end=\"666\">\u00a0<strong data-start=\"580\" data-end=\"666\">#GiaBatNangHa #GiaBatEhrlich #EhrlichGermanyStyle #NoiThatBepCaoCap #ThietBiBepDuc<\/strong><\/p>\n","protected":false},"featured_media":3555,"comment_status":"open","ping_status":"closed","template":"","meta":{"_acf_changed":false},"product_brand":[],"product_cat":[15,44,85],"product_tag":[],"class_list":{"0":"post-3577","1":"product","2":"type-product","3":"status-publish","4":"has-post-thumbnail","6":"product_cat-san-pham","7":"product_cat-thiet-bi-phong-bep","8":"product_cat-phu-kien-tu-bep","10":"first","11":"instock","12":"shipping-taxable","13":"purchasable","14":"product-type-variable","15":"has-default-attributes","16":"rtwpvg-product"},"acf":[],"_links":{"self":[{"href":"https:\/\/ehrlichvietnam.vn\/en\/wp-json\/wp\/v2\/product\/3577","targetHints":{"allow":["GET"]}}],"collection":[{"href":"https:\/\/ehrlichvietnam.vn\/en\/wp-json\/wp\/v2\/product"}],"about":[{"href":"https:\/\/ehrlichvietnam.vn\/en\/wp-json\/wp\/v2\/types\/product"}],"replies":[{"embeddable":true,"href":"https:\/\/ehrlichvietnam.vn\/en\/wp-json\/wp\/v2\/comments?post=3577"}],"wp:featuredmedia":[{"embeddable":true,"href":"https:\/\/ehrlichvietnam.vn\/en\/wp-json\/wp\/v2\/media\/3555"}],"wp:attachment":[{"href":"https:\/\/ehrlichvietnam.vn\/en\/wp-json\/wp\/v2\/media?parent=3577"}],"wp:term":[{"taxonomy":"product_brand","embeddable":true,"href":"https:\/\/ehrlichvietnam.vn\/en\/wp-json\/wp\/v2\/product_brand?post=3577"},{"taxonomy":"product_cat","embeddable":true,"href":"https:\/\/ehrlichvietnam.vn\/en\/wp-json\/wp\/v2\/product_cat?post=3577"},{"taxonomy":"product_tag","embeddable":true,"href":"https:\/\/ehrlichvietnam.vn\/en\/wp-json\/wp\/v2\/product_tag?post=3577"}],"curies":[{"name":"wp","href":"https:\/\/api.w.org\/{rel}","templated":true}]}}