{"id":3573,"date":"2025-10-14T03:17:41","date_gmt":"2025-10-14T03:17:41","guid":{"rendered":"https:\/\/ehrlichvietnam.vn\/?post_type=product&#038;p=3573"},"modified":"2025-10-14T03:20:48","modified_gmt":"2025-10-14T03:20:48","slug":"gia-bat-co-dinh-tu-bep-duoi","status":"publish","type":"product","link":"https:\/\/ehrlichvietnam.vn\/gia-bat-co-dinh-tu-bep-duoi\/","title":{"rendered":"Gi\u00e1 b\u00e1t c\u1ed1 \u0111\u1ecbnh t\u1ee7 b\u1ebfp d\u01b0\u1edbi"},"content":{"rendered":"<h3 data-start=\"241\" data-end=\"347\"><strong data-start=\"245\" data-end=\"347\">Gi\u00e1 b\u00e1t c\u1ed1 \u0111\u1ecbnh t\u1ee7 b\u1ebfp d\u01b0\u1edbi Ehrlich GBCD-TD \u2013 Gi\u1ea3i ph\u00e1p l\u01b0u tr\u1eef ti\u1ec7n nghi, chu\u1ea9n phong c\u00e1ch \u0110\u1ee9c<\/strong><\/h3>\n<p data-start=\"349\" data-end=\"718\"><strong data-start=\"349\" data-end=\"379\">Gi\u00e1 b\u00e1t c\u1ed1 \u0111\u1ecbnh GBCD-TD<\/strong>\u00a0l\u00e0 ph\u1ee5 ki\u1ec7n b\u1ebfp th\u00f4ng minh gi\u00fap <strong data-start=\"412\" data-end=\"454\">t\u1eadn d\u1ee5ng t\u1ed1i \u0111a kh\u00f4ng gian t\u1ee7 b\u1ebfp d\u01b0\u1edbi<\/strong>, mang \u0111\u1ebfn s\u1ef1 <strong data-start=\"468\" data-end=\"504\">g\u1ecdn g\u00e0ng \u2013 s\u1ea1ch s\u1ebd \u2013 th\u1ea9m m\u1ef9 cao<\/strong> cho gian b\u1ebfp hi\u1ec7n \u0111\u1ea1i.<br data-start=\"527\" data-end=\"530\" \/>S\u1ea3n ph\u1ea9m \u0111\u01b0\u1ee3c s\u1ea3n xu\u1ea5t t\u1eeb <strong data-start=\"556\" data-end=\"576\">Inox 304 cao c\u1ea5p<\/strong>, c\u00f3 kh\u1ea3 n\u0103ng <strong data-start=\"590\" data-end=\"631\">ch\u1ed1ng g\u1ec9 s\u00e9t \u2013 ch\u1ed1ng \u0103n m\u00f2n tuy\u1ec7t \u0111\u1ed1i<\/strong>, \u0111\u1ea3m b\u1ea3o \u0111\u1ed9 b\u1ec1n v\u00e0 \u0111\u1ed9 s\u00e1ng b\u00f3ng l\u00e2u d\u00e0i ngay c\u1ea3 trong m\u00f4i tr\u01b0\u1eddng \u1ea9m \u01b0\u1edbt c\u1ee7a nh\u00e0 b\u1ebfp.<\/p>\n<p data-start=\"720\" data-end=\"1050\">Thi\u1ebft k\u1ebf <strong data-start=\"729\" data-end=\"755\">khay nan d\u00e0y ch\u1eafc ch\u1eafn<\/strong>, c\u00f3 th\u1ec3 ch\u1ee9a \u0111\u1ef1ng \u0111\u1ed3ng th\u1eddi b\u00e1t, \u0111\u0129a, ch\u00e9n v\u1edbi t\u1ea3i tr\u1ecdng l\u1edbn. B\u1ec1 m\u1eb7t \u0111\u01b0\u1ee3c <strong data-start=\"830\" data-end=\"852\">\u0111\u00e1nh b\u00f3ng tinh x\u1ea3o<\/strong>, mang l\u1ea1i v\u1ebb sang tr\u1ecdng \u0111\u1eb7c tr\u01b0ng c\u1ee7a th\u01b0\u01a1ng hi\u1ec7u <strong data-start=\"903\" data-end=\"930\">Ehrlich<\/strong><br data-start=\"931\" data-end=\"934\" \/>\u0110\u00e2y l\u00e0 l\u1ef1a ch\u1ecdn l\u00fd t\u01b0\u1edfng cho nh\u1eefng ai y\u00eau th\u00edch <strong data-start=\"982\" data-end=\"1047\">s\u1ef1 ti\u1ec7n nghi v\u00e0 t\u00ednh th\u1ea9m m\u1ef9 trong t\u1eebng chi ti\u1ebft n\u1ed9i th\u1ea5t b\u1ebfp<\/strong>.<\/p>\n","protected":false},"excerpt":{"rendered":"<p>Gi\u00e1 b\u00e1t c\u1ed1 \u0111\u1ecbnh t\u1ee7 b\u1ebfp d\u01b0\u1edbi Ehrlich GBCD-TD Inox 304 cao c\u1ea5p \u2013 ch\u1ed1ng g\u1ec9 s\u00e9t, ch\u1ed1ng \u0103n m\u00f2n, khay nan d\u00e0y ch\u1eafc ch\u1eafn, gi\u00fap s\u1eafp x\u1ebfp b\u00e1t \u0111\u0129a g\u1ecdn g\u00e0ng v\u00e0 sang tr\u1ecdng.<\/p>\n","protected":false},"featured_media":3556,"comment_status":"open","ping_status":"closed","template":"","meta":{"_acf_changed":false},"product_brand":[],"product_cat":[15,44,85],"product_tag":[],"class_list":{"0":"post-3573","1":"product","2":"type-product","3":"status-publish","4":"has-post-thumbnail","6":"product_cat-san-pham","7":"product_cat-thiet-bi-phong-bep","8":"product_cat-phu-kien-tu-bep","10":"first","11":"instock","12":"shipping-taxable","13":"purchasable","14":"product-type-variable","15":"has-default-attributes","16":"rtwpvg-product"},"acf":[],"_links":{"self":[{"href":"https:\/\/ehrlichvietnam.vn\/en\/wp-json\/wp\/v2\/product\/3573","targetHints":{"allow":["GET"]}}],"collection":[{"href":"https:\/\/ehrlichvietnam.vn\/en\/wp-json\/wp\/v2\/product"}],"about":[{"href":"https:\/\/ehrlichvietnam.vn\/en\/wp-json\/wp\/v2\/types\/product"}],"replies":[{"embeddable":true,"href":"https:\/\/ehrlichvietnam.vn\/en\/wp-json\/wp\/v2\/comments?post=3573"}],"wp:featuredmedia":[{"embeddable":true,"href":"https:\/\/ehrlichvietnam.vn\/en\/wp-json\/wp\/v2\/media\/3556"}],"wp:attachment":[{"href":"https:\/\/ehrlichvietnam.vn\/en\/wp-json\/wp\/v2\/media?parent=3573"}],"wp:term":[{"taxonomy":"product_brand","embeddable":true,"href":"https:\/\/ehrlichvietnam.vn\/en\/wp-json\/wp\/v2\/product_brand?post=3573"},{"taxonomy":"product_cat","embeddable":true,"href":"https:\/\/ehrlichvietnam.vn\/en\/wp-json\/wp\/v2\/product_cat?post=3573"},{"taxonomy":"product_tag","embeddable":true,"href":"https:\/\/ehrlichvietnam.vn\/en\/wp-json\/wp\/v2\/product_tag?post=3573"}],"curies":[{"name":"wp","href":"https:\/\/api.w.org\/{rel}","templated":true}]}}