{"id":3569,"date":"2025-10-14T03:05:12","date_gmt":"2025-10-14T03:05:12","guid":{"rendered":"https:\/\/ehrlichvietnam.vn\/?post_type=product&#038;p=3569"},"modified":"2025-10-14T03:20:28","modified_gmt":"2025-10-14T03:20:28","slug":"gia-xoong-noi-co-dinh-tu-bep-duoi","status":"publish","type":"product","link":"https:\/\/ehrlichvietnam.vn\/gia-xoong-noi-co-dinh-tu-bep-duoi\/","title":{"rendered":"Gi\u00e1 xoong n\u1ed3i c\u1ed1 \u0111\u1ecbnh t\u1ee7 b\u1ebfp d\u01b0\u1edbi"},"content":{"rendered":"<h3 data-start=\"258\" data-end=\"380\"><strong data-start=\"262\" data-end=\"380\">Gi\u00e1 xoong n\u1ed3i c\u1ed1 \u0111\u1ecbnh t\u1ee7 b\u1ebfp d\u01b0\u1edbi Ehrlich XNCD-TD \u2013 Gi\u1ea3i ph\u00e1p l\u01b0u tr\u1eef th\u00f4ng minh, g\u1ecdn g\u00e0ng cho c\u0103n b\u1ebfp hi\u1ec7n \u0111\u1ea1i<\/strong><\/h3>\n<p data-start=\"382\" data-end=\"724\"><strong data-start=\"382\" data-end=\"410\">Gi\u00e1 xoong n\u1ed3i XNCD-TD700<\/strong> c\u1ee7a <strong data-start=\"415\" data-end=\"442\">Ehrlich \u2013 Germany Style<\/strong> \u0111\u01b0\u1ee3c thi\u1ebft k\u1ebf tinh t\u1ebf, gi\u00fap t\u1ed1i \u01b0u kh\u00f4ng gian b\u00ean trong t\u1ee7 b\u1ebfp d\u01b0\u1edbi v\u00e0 gi\u1eef cho khu v\u1ef1c n\u1ea5u n\u01b0\u1edbng lu\u00f4n g\u1ecdn g\u00e0ng, ng\u0103n n\u1eafp.<br data-start=\"564\" data-end=\"567\" \/>S\u1ea3n ph\u1ea9m s\u1eed d\u1ee5ng <strong data-start=\"584\" data-end=\"604\">Inox 304 cao c\u1ea5p<\/strong>, c\u00f3 kh\u1ea3 n\u0103ng <strong data-start=\"618\" data-end=\"664\">ch\u1ed1ng g\u1ec9 s\u00e9t \u2013 ch\u1ed1ng \u0103n m\u00f2n \u2013 ch\u1ecbu t\u1ea3i t\u1ed1t<\/strong>, \u0111\u1ea3m b\u1ea3o \u0111\u1ed9 b\u1ec1n v\u00e0 t\u00ednh th\u1ea9m m\u1ef9 v\u01b0\u1ee3t tr\u1ed9i theo th\u1eddi gian.<\/p>\n<p data-start=\"726\" data-end=\"970\">V\u1edbi <strong data-start=\"730\" data-end=\"760\">thi\u1ebft k\u1ebf nan d\u00e0y ch\u1eafc ch\u1eafn<\/strong>, khay \u0111\u01b0\u1ee3c chia \u00f4 h\u1ee3p l\u00fd \u0111\u1ec3 s\u1eafp x\u1ebfp n\u1ed3i, ch\u1ea3o, x\u1eedng h\u1ea5p ho\u1eb7c c\u00e1c v\u1eadt d\u1ee5ng n\u1eb7ng m\u00e0 v\u1eabn tr\u01b0\u1ee3t nh\u1eb9 nh\u00e0ng.<br data-start=\"863\" data-end=\"866\" \/>\u0110\u00e2y l\u00e0 l\u1ef1a ch\u1ecdn ho\u00e0n h\u1ea3o cho nh\u1eefng ai mu\u1ed1n c\u0103n b\u1ebfp v\u1eeba <strong data-start=\"921\" data-end=\"968\">ti\u1ec7n nghi \u2013 b\u1ec1n \u0111\u1eb9p \u2013 chu\u1ea9n phong c\u00e1ch \u0110\u1ee9c.<\/strong><\/p>\n<p data-start=\"726\" data-end=\"970\">#Ehrlich #Gi\u00e1XoongN\u1ed3i #Ph\u1ee5Ki\u1ec7nT\u1ee7B\u1ebfpD\u01b0\u1edbi #Gi\u00e1XoongN\u1ed3iInox304 #EhrlichGermanyStyle #Thi\u1ebftB\u1ecbB\u1ebfpEhrlich #Ph\u1ee5Ki\u1ec7nNh\u00e0B\u1ebfpCaoC\u1ea5p #T\u1ee7B\u1ebfpHi\u1ec7n\u0110\u1ea1i<\/p>\n","protected":false},"excerpt":{"rendered":"<p>Gi\u00e1 xoong n\u1ed3i c\u1ed1 \u0111\u1ecbnh t\u1ee7 tr\u00ean Ehrlich GBCD-TT Inox 304 cao c\u1ea5p, 2 t\u1ea7ng ti\u1ec7n d\u1ee5ng \u2013 ch\u1ed1ng g\u1ec9 s\u00e9t, b\u1ec1n \u0111\u1eb9p, d\u1ec5 v\u1ec7 sinh, gi\u00fap c\u0103n b\u1ebfp lu\u00f4n g\u1ecdn g\u00e0ng v\u00e0 sang tr\u1ecdng.<\/p>\n","protected":false},"featured_media":3552,"comment_status":"open","ping_status":"closed","template":"","meta":{"_acf_changed":false},"product_brand":[],"product_cat":[15,44,85],"product_tag":[],"class_list":{"0":"post-3569","1":"product","2":"type-product","3":"status-publish","4":"has-post-thumbnail","6":"product_cat-san-pham","7":"product_cat-thiet-bi-phong-bep","8":"product_cat-phu-kien-tu-bep","10":"first","11":"instock","12":"shipping-taxable","13":"purchasable","14":"product-type-variable","15":"has-default-attributes","16":"rtwpvg-product"},"acf":[],"_links":{"self":[{"href":"https:\/\/ehrlichvietnam.vn\/en\/wp-json\/wp\/v2\/product\/3569","targetHints":{"allow":["GET"]}}],"collection":[{"href":"https:\/\/ehrlichvietnam.vn\/en\/wp-json\/wp\/v2\/product"}],"about":[{"href":"https:\/\/ehrlichvietnam.vn\/en\/wp-json\/wp\/v2\/types\/product"}],"replies":[{"embeddable":true,"href":"https:\/\/ehrlichvietnam.vn\/en\/wp-json\/wp\/v2\/comments?post=3569"}],"wp:featuredmedia":[{"embeddable":true,"href":"https:\/\/ehrlichvietnam.vn\/en\/wp-json\/wp\/v2\/media\/3552"}],"wp:attachment":[{"href":"https:\/\/ehrlichvietnam.vn\/en\/wp-json\/wp\/v2\/media?parent=3569"}],"wp:term":[{"taxonomy":"product_brand","embeddable":true,"href":"https:\/\/ehrlichvietnam.vn\/en\/wp-json\/wp\/v2\/product_brand?post=3569"},{"taxonomy":"product_cat","embeddable":true,"href":"https:\/\/ehrlichvietnam.vn\/en\/wp-json\/wp\/v2\/product_cat?post=3569"},{"taxonomy":"product_tag","embeddable":true,"href":"https:\/\/ehrlichvietnam.vn\/en\/wp-json\/wp\/v2\/product_tag?post=3569"}],"curies":[{"name":"wp","href":"https:\/\/api.w.org\/{rel}","templated":true}]}}