{"id":3539,"date":"2025-10-14T02:48:52","date_gmt":"2025-10-14T02:48:52","guid":{"rendered":"https:\/\/ehrlichvietnam.vn\/?post_type=product&#038;p=3539"},"modified":"2025-10-14T02:48:52","modified_gmt":"2025-10-14T02:48:52","slug":"gia-dao-thot-gia-vi-tu-bep-duoi","status":"publish","type":"product","link":"https:\/\/ehrlichvietnam.vn\/gia-dao-thot-gia-vi-tu-bep-duoi\/","title":{"rendered":"Gi\u00e1 dao th\u1edbt gia v\u1ecb t\u1ee7 b\u1ebfp d\u01b0\u1edbi"},"content":{"rendered":"<h3 data-start=\"142\" data-end=\"250\"><strong data-start=\"146\" data-end=\"250\">Gi\u00e1 dao th\u1edbt gia v\u1ecb t\u1ee7 b\u1ebfp d\u01b0\u1edbi Ehrlich DTGV-TD300 \u2013 Gi\u1ea3i ph\u00e1p l\u01b0u tr\u1eef g\u1ecdn g\u00e0ng cho c\u0103n b\u1ebfp hi\u1ec7n \u0111\u1ea1i<\/strong><\/h3>\n<p data-start=\"252\" data-end=\"571\"><strong data-start=\"252\" data-end=\"279\">Gi\u00e1 dao th\u1edbt <\/strong>\u00a0c\u1ee7a <strong data-start=\"284\" data-end=\"295\">Ehrlich<\/strong> \u0111\u01b0\u1ee3c thi\u1ebft k\u1ebf tinh t\u1ebf theo <strong data-start=\"323\" data-end=\"341\">phong c\u00e1ch \u0110\u1ee9c<\/strong>, gi\u00fap t\u1ed1i \u01b0u kh\u00f4ng gian b\u1ebfp v\u00e0 s\u1eafp x\u1ebfp g\u1ecdn g\u00e0ng c\u00e1c d\u1ee5ng c\u1ee5 n\u1ea5u n\u01b0\u1edbng.<br data-start=\"412\" data-end=\"415\" \/>S\u1ea3n ph\u1ea9m s\u1eed d\u1ee5ng <strong data-start=\"432\" data-end=\"452\">Inox 304 cao c\u1ea5p<\/strong>, <strong data-start=\"454\" data-end=\"485\">ch\u1ed1ng g\u1ec9 s\u00e9t \u2013 ch\u1ed1ng \u0103n m\u00f2n<\/strong>, \u0111\u1ea3m b\u1ea3o \u0111\u1ed9 b\u1ec1n v\u01b0\u1ee3t tr\u1ed9i v\u00e0 an to\u00e0n tuy\u1ec7t \u0111\u1ed1i trong m\u00f4i tr\u01b0\u1eddng \u1ea9m c\u1ee7a t\u1ee7 b\u1ebfp d\u01b0\u1edbi.<\/p>\n<p data-start=\"573\" data-end=\"599\">\ud83d\udd39 <strong data-start=\"576\" data-end=\"597\">\u0110\u1eb7c \u0111i\u1ec3m n\u1ed5i b\u1eadt:<\/strong><\/p>\n<ul data-start=\"600\" data-end=\"960\">\n<li data-start=\"600\" data-end=\"664\">\n<p data-start=\"602\" data-end=\"664\">Ch\u1ea5t li\u1ec7u <strong data-start=\"612\" data-end=\"624\">Inox 304<\/strong> s\u00e1ng b\u00f3ng, d\u1ec5 lau ch\u00f9i, kh\u00f4ng han r\u1ec9.<\/p>\n<\/li>\n<li data-start=\"665\" data-end=\"750\">\n<p data-start=\"667\" data-end=\"750\">Thi\u1ebft k\u1ebf th\u00f4ng minh, chia ng\u0103n khoa h\u1ecdc cho <strong data-start=\"711\" data-end=\"747\">dao, th\u1edbt, mu\u1ed7ng, chai l\u1ecd gia v\u1ecb<\/strong>.<\/p>\n<\/li>\n<li data-start=\"751\" data-end=\"823\">\n<p data-start=\"753\" data-end=\"823\"><strong data-start=\"753\" data-end=\"774\">K\u00edch th\u01b0\u1edbc<\/strong>\u00a0ph\u00f9 h\u1ee3p h\u1ea7u h\u1ebft c\u00e1c lo\u1ea1i t\u1ee7 b\u1ebfp d\u01b0\u1edbi hi\u1ec7n nay.<\/p>\n<\/li>\n<li data-start=\"824\" data-end=\"899\">\n<p data-start=\"826\" data-end=\"899\">H\u1ec7 ray tr\u01b0\u1ee3t \u00eam \u00e1i, ch\u1ecbu t\u1ea3i t\u1ed1t, thao t\u00e1c k\u00e9o ra \u2013 \u0111\u00f3ng v\u00e0o nh\u1eb9 nh\u00e0ng.<\/p>\n<\/li>\n<li data-start=\"900\" data-end=\"960\">\n<p data-start=\"902\" data-end=\"960\">Gi\u00fap c\u0103n b\u1ebfp lu\u00f4n <strong data-start=\"920\" data-end=\"957\">ng\u0103n n\u1eafp \u2013 sang tr\u1ecdng \u2013 ti\u1ec7n nghi<\/strong>.<\/p>\n<\/li>\n<\/ul>\n<p data-start=\"962\" data-end=\"1033\"><strong data-start=\"962\" data-end=\"1033\">Ehrlich \u2013 Gi\u1ea3i ph\u00e1p l\u01b0u tr\u1eef th\u00f4ng minh, b\u1ec1n b\u1ec9 theo ti\u00eau chu\u1ea9n \u0110\u1ee9c.<\/strong><\/p>\n<p data-start=\"1040\" data-end=\"1202\"><br data-start=\"1062\" data-end=\"1065\" \/>#Ehrlich #Gi\u00e1DaoTh\u1edbtGiaV\u1ecb #Gi\u00e1DaoTh\u1edbtInox304 #Ph\u1ee5Ki\u1ec7nT\u1ee7B\u1ebfpD\u01b0\u1edbi #Thi\u1ebftB\u1ecbB\u1ebfpEhrlich #EhrlichGermanyStyle #T\u1ee7B\u1ebfpHi\u1ec7n\u0110\u1ea1i #Ph\u1ee5Ki\u1ec7nNh\u00e0B\u1ebfpCaoC\u1ea5p<\/p>\n","protected":false},"excerpt":{"rendered":"<p>Gi\u00e1 dao th\u1edbt gia v\u1ecb t\u1ee7 b\u1ebfp d\u01b0\u1edbi Ehrlich l\u00e0m b\u1eb1ng Inox 304 cao c\u1ea5p, ch\u1ed1ng g\u1ec9 s\u00e9t \u2013 ch\u1ed1ng \u0103n m\u00f2n, thi\u1ebft k\u1ebf th\u00f4ng minh gi\u00fap b\u1ebfp g\u1ecdn g\u00e0ng v\u00e0 ti\u1ec7n nghi.<\/p>\n","protected":false},"featured_media":3540,"comment_status":"open","ping_status":"closed","template":"","meta":{"_acf_changed":false},"product_brand":[],"product_cat":[15,44,85],"product_tag":[],"class_list":{"0":"post-3539","1":"product","2":"type-product","3":"status-publish","4":"has-post-thumbnail","6":"product_cat-san-pham","7":"product_cat-thiet-bi-phong-bep","8":"product_cat-phu-kien-tu-bep","10":"first","11":"instock","12":"sale","13":"shipping-taxable","14":"purchasable","15":"product-type-variable","16":"rtwpvg-product"},"acf":[],"_links":{"self":[{"href":"https:\/\/ehrlichvietnam.vn\/en\/wp-json\/wp\/v2\/product\/3539","targetHints":{"allow":["GET"]}}],"collection":[{"href":"https:\/\/ehrlichvietnam.vn\/en\/wp-json\/wp\/v2\/product"}],"about":[{"href":"https:\/\/ehrlichvietnam.vn\/en\/wp-json\/wp\/v2\/types\/product"}],"replies":[{"embeddable":true,"href":"https:\/\/ehrlichvietnam.vn\/en\/wp-json\/wp\/v2\/comments?post=3539"}],"wp:featuredmedia":[{"embeddable":true,"href":"https:\/\/ehrlichvietnam.vn\/en\/wp-json\/wp\/v2\/media\/3540"}],"wp:attachment":[{"href":"https:\/\/ehrlichvietnam.vn\/en\/wp-json\/wp\/v2\/media?parent=3539"}],"wp:term":[{"taxonomy":"product_brand","embeddable":true,"href":"https:\/\/ehrlichvietnam.vn\/en\/wp-json\/wp\/v2\/product_brand?post=3539"},{"taxonomy":"product_cat","embeddable":true,"href":"https:\/\/ehrlichvietnam.vn\/en\/wp-json\/wp\/v2\/product_cat?post=3539"},{"taxonomy":"product_tag","embeddable":true,"href":"https:\/\/ehrlichvietnam.vn\/en\/wp-json\/wp\/v2\/product_tag?post=3539"}],"curies":[{"name":"wp","href":"https:\/\/api.w.org\/{rel}","templated":true}]}}