{"id":3468,"date":"2025-09-30T07:01:24","date_gmt":"2025-09-30T07:01:24","guid":{"rendered":"https:\/\/ehrlichvietnam.vn\/?post_type=product&#038;p=3468"},"modified":"2025-09-30T07:02:25","modified_gmt":"2025-09-30T07:02:25","slug":"xit-ve-sinh-phong-tam-huu-co-frosch-huong-mam-xoi","status":"publish","type":"product","link":"https:\/\/ehrlichvietnam.vn\/xit-ve-sinh-phong-tam-huu-co-frosch-huong-mam-xoi\/","title":{"rendered":"X\u1ecbt v\u1ec7 sinh ph\u00f2ng t\u1eafm h\u1eefu c\u01a1 Frosch h\u01b0\u01a1ng m\u00e2m x\u00f4i"},"content":{"rendered":"<h3 data-start=\"82\" data-end=\"164\">\u2728 <strong data-start=\"115\" data-end=\"154\">Dung d\u1ecbch v\u1ec7 sinh ph\u00f2ng t\u1eafm Ehrlich<\/strong> \u2013 \u0110\u00e1nh bay v\u1ebft b\u1ea9n<\/h3>\n<p data-start=\"166\" data-end=\"452\"><strong data-start=\"115\" data-end=\"154\">Dung d\u1ecbch v\u1ec7 sinh ph\u00f2ng t\u1eafm Ehrlich<\/strong> gi\u00fap l\u00e0m s\u1ea1ch nhanh ch\u00f3ng c\u00e1c v\u1ebft b\u1ea9n c\u1ee9ng \u0111\u1ea7u, di\u1ec7t khu\u1ea9n hi\u1ec7u qu\u1ea3 v\u00e0 kh\u1eed m\u00f9i h\u00f4i kh\u00f3 ch\u1ecbu. C\u00f4ng th\u1ee9c d\u1ecbu nh\u1eb9, an to\u00e0n v\u1edbi b\u1ec1 m\u1eb7t men s\u1ee9, inox, k\u00ednh\u2026 mang l\u1ea1i kh\u00f4ng gian ph\u00f2ng t\u1eafm <strong data-start=\"336\" data-end=\"383\">s\u1ea1ch b\u00f3ng \u2013 th\u01a1m m\u00e1t \u2013 an to\u00e0n cho s\u1ee9c kh\u1ecfe<\/strong>.<\/p>\n<h2 data-start=\"128\" data-end=\"148\">\u01afu \u0111i\u1ec3m n\u1ed5i b\u1eadt<\/h2>\n<ul data-start=\"150\" data-end=\"619\">\n<li data-start=\"150\" data-end=\"235\">\n<p data-start=\"152\" data-end=\"235\"><strong data-start=\"152\" data-end=\"164\">\u0110a n\u0103ng:<\/strong> L\u00e0m s\u1ea1ch b\u1ed3n c\u1ea7u, lavabo, sen v\u00f2i, g\u01b0\u01a1ng k\u00ednh, s\u00e0n g\u1ea1ch men, inox&#8230;<\/p>\n<\/li>\n<li data-start=\"236\" data-end=\"341\">\n<p data-start=\"238\" data-end=\"341\"><strong data-start=\"238\" data-end=\"263\">Hi\u1ec7u qu\u1ea3 nhanh ch\u00f3ng:<\/strong> Lo\u1ea1i b\u1ecf v\u1ebft \u1ed1 v\u00e0ng, c\u1eb7n b\u1ea9n, vi khu\u1ea9n v\u00e0 m\u00f9i h\u00f4i ch\u1ec9 sau v\u00e0i l\u1ea7n x\u1ecbt \u2013 lau.<\/p>\n<\/li>\n<li data-start=\"342\" data-end=\"448\">\n<p data-start=\"344\" data-end=\"448\"><strong data-start=\"344\" data-end=\"356\">An to\u00e0n:<\/strong> C\u00f4ng th\u1ee9c trung t\u00ednh, d\u1ecbu nh\u1eb9, kh\u00f4ng \u0103n m\u00f2n men s\u1ee9 &amp; kim lo\u1ea1i, th\u00e2n thi\u1ec7n v\u1edbi m\u00f4i tr\u01b0\u1eddng.<\/p>\n<\/li>\n<li data-start=\"449\" data-end=\"536\">\n<p data-start=\"451\" data-end=\"536\"><strong data-start=\"451\" data-end=\"465\">Ti\u1ec7n d\u1ee5ng:<\/strong> D\u1ea1ng chai x\u1ecbt phun s\u01b0\u01a1ng ti\u1ec7n l\u1ee3i, d\u1ec5 thao t\u00e1c, ti\u1ebft ki\u1ec7m dung d\u1ecbch.<\/p>\n<\/li>\n<li data-start=\"537\" data-end=\"619\">\n<p data-start=\"539\" data-end=\"619\"><strong data-start=\"539\" data-end=\"557\">B\u1ea3o v\u1ec7 b\u1ec1 m\u1eb7t:<\/strong> Gi\u1eef cho ph\u00f2ng t\u1eafm lu\u00f4n s\u00e1ng b\u00f3ng, s\u1ea1ch s\u1ebd, b\u1ec1n \u0111\u1eb9p nh\u01b0 m\u1edbi.<\/p>\n<\/li>\n<\/ul>\n<p data-start=\"621\" data-end=\"821\">\ud83d\udc49 V\u1edbi <strong data-start=\"628\" data-end=\"667\">dung d\u1ecbch v\u1ec7 sinh ph\u00f2ng t\u1eafm Ehrlich<\/strong>, vi\u1ec7c d\u1ecdn d\u1eb9p tr\u1edf n\u00ean <strong data-start=\"690\" data-end=\"728\">nhanh ch\u00f3ng \u2013 nh\u1eb9 nh\u00e0ng \u2013 hi\u1ec7u qu\u1ea3<\/strong>, gi\u00fap anh ch\u1ecb lu\u00f4n s\u1edf h\u1eefu kh\u00f4ng gian t\u1eafm <strong data-start=\"770\" data-end=\"818\">s\u1ea1ch khu\u1ea9n \u2013 th\u01a1m m\u00e1t \u2013 chu\u1ea9n sang tr\u1ecdng \u0110\u1ee9c<\/strong>.<\/p>\n","protected":false},"excerpt":{"rendered":"<p>\ud83d\udc49 V\u1edbi <strong data-start=\"1153\" data-end=\"1192\">Dung d\u1ecbch v\u1ec7 sinh ph\u00f2ng t\u1eafm Ehrlich<\/strong>, anh s\u1ebd lu\u00f4n c\u00f3 m\u1ed9t kh\u00f4ng gian <strong data-start=\"1224\" data-end=\"1282\">s\u1ea1ch khu\u1ea9n, s\u00e1ng b\u00f3ng, th\u01a1m m\u00e1t v\u00e0 ti\u1ec7n nghi chu\u1ea9n \u0110\u1ee9c<\/strong>.<\/p>\n","protected":false},"featured_media":3461,"comment_status":"open","ping_status":"closed","template":"","meta":{"_acf_changed":false},"product_brand":[],"product_cat":[23,15,43],"product_tag":[],"class_list":{"0":"post-3468","1":"product","2":"type-product","3":"status-publish","4":"has-post-thumbnail","6":"product_cat-thiet-bi-phong-ve-sinh","7":"product_cat-san-pham","8":"product_cat-dung-dich-ve-sinh-phong-tam","10":"first","11":"instock","12":"sale","13":"shipping-taxable","14":"purchasable","15":"product-type-simple"},"acf":[],"_links":{"self":[{"href":"https:\/\/ehrlichvietnam.vn\/en\/wp-json\/wp\/v2\/product\/3468","targetHints":{"allow":["GET"]}}],"collection":[{"href":"https:\/\/ehrlichvietnam.vn\/en\/wp-json\/wp\/v2\/product"}],"about":[{"href":"https:\/\/ehrlichvietnam.vn\/en\/wp-json\/wp\/v2\/types\/product"}],"replies":[{"embeddable":true,"href":"https:\/\/ehrlichvietnam.vn\/en\/wp-json\/wp\/v2\/comments?post=3468"}],"wp:featuredmedia":[{"embeddable":true,"href":"https:\/\/ehrlichvietnam.vn\/en\/wp-json\/wp\/v2\/media\/3461"}],"wp:attachment":[{"href":"https:\/\/ehrlichvietnam.vn\/en\/wp-json\/wp\/v2\/media?parent=3468"}],"wp:term":[{"taxonomy":"product_brand","embeddable":true,"href":"https:\/\/ehrlichvietnam.vn\/en\/wp-json\/wp\/v2\/product_brand?post=3468"},{"taxonomy":"product_cat","embeddable":true,"href":"https:\/\/ehrlichvietnam.vn\/en\/wp-json\/wp\/v2\/product_cat?post=3468"},{"taxonomy":"product_tag","embeddable":true,"href":"https:\/\/ehrlichvietnam.vn\/en\/wp-json\/wp\/v2\/product_tag?post=3468"}],"curies":[{"name":"wp","href":"https:\/\/api.w.org\/{rel}","templated":true}]}}