{"id":3447,"date":"2025-09-30T06:34:39","date_gmt":"2025-09-30T06:34:39","guid":{"rendered":"https:\/\/ehrlichvietnam.vn\/?post_type=product&#038;p=3447"},"modified":"2026-04-06T09:05:32","modified_gmt":"2026-04-06T09:05:32","slug":"ban-da-chau-duong-1-tang","status":"publish","type":"product","link":"https:\/\/ehrlichvietnam.vn\/ban-da-chau-duong-1-tang\/","title":{"rendered":"B\u00e0n \u0111\u00e1 ch\u1eadu d\u01b0\u01a1ng 1 t\u1ea7ng"},"content":{"rendered":"<p data-start=\"210\" data-end=\"424\"><strong data-start=\"105\" data-end=\"134\">B\u00e0n \u0111\u00e1 ch\u1eadu d\u01b0\u01a1ng Ehrlich<\/strong> mang \u0111\u1ebfn v\u1ebb \u0111\u1eb9p sang tr\u1ecdng v\u00e0 hi\u1ec7n \u0111\u1ea1i cho ph\u00f2ng t\u1eafm. V\u1edbi <strong data-start=\"193\" data-end=\"220\">m\u1eb7t \u0111\u00e1 th\u1ea1ch anh nung k\u1ebft cao c\u1ea5p<\/strong>, ch\u1ed1ng th\u1ea5m, ch\u1ed1ng \u1ed1 m\u1ed1c v\u00e0 d\u1ec5 v\u1ec7 sinh, k\u1ebft h\u1ee3p c\u00f9ng ch\u1eadu \u0111\u1eb7t d\u01b0\u01a1ng tinh t\u1ebf, s\u1ea3n ph\u1ea9m v\u1eeba b\u1ec1n b\u1ec9 v\u1eeba n\u00e2ng t\u1ea7m th\u1ea9m m\u1ef9 cho kh\u00f4ng gian s\u1ed1ng.<\/p>\n<ul data-start=\"426\" data-end=\"918\">\n<li data-start=\"426\" data-end=\"540\">\n<p data-start=\"428\" data-end=\"540\"><strong data-start=\"428\" data-end=\"449\">Ch\u1ea5t li\u1ec7u cao c\u1ea5p<\/strong>: M\u1eb7t b\u00e0n s\u1eed d\u1ee5ng \u0111\u00e1 t\u1ef1 nhi\u00ean\/\u0111\u00e1 nh\u00e2n t\u1ea1o ch\u1ed1ng th\u1ea5m, ch\u1ed1ng x\u01b0\u1edbc, b\u1ec1n m\u00e0u theo th\u1eddi gian.<\/p>\n<\/li>\n<li data-start=\"541\" data-end=\"661\">\n<p data-start=\"543\" data-end=\"661\"><strong data-start=\"543\" data-end=\"564\">Thi\u1ebft k\u1ebf tinh g\u1ecdn<\/strong>: Ki\u1ec3u d\u00e1ng \u0111\u1eb7t d\u01b0\u01a1ng t\u1ea1o \u0111i\u1ec3m nh\u1ea5n sang tr\u1ecdng cho ph\u00f2ng t\u1eafm.<\/p>\n<\/li>\n<li data-start=\"662\" data-end=\"801\">\n<p data-start=\"664\" data-end=\"801\"><strong data-start=\"664\" data-end=\"686\">Ph\u1ed1i h\u1ee3p linh ho\u1ea1t<\/strong>: D\u1ec5 d\u00e0ng k\u1ebft h\u1ee3p c\u00f9ng g\u01b0\u01a1ng LED v\u00e0 ph\u1ee5 ki\u1ec7n ph\u00f2ng t\u1eafm kh\u00e1c \u0111\u1ec3 t\u1ea1o n\u00ean m\u1ed9t kh\u00f4ng gian \u0111\u1ed3ng b\u1ed9, \u0111\u1eb3ng c\u1ea5p.<\/p>\n<\/li>\n<li data-start=\"802\" data-end=\"918\">\n<p data-start=\"804\" data-end=\"918\"><strong data-start=\"804\" data-end=\"833\">Th\u01b0\u01a1ng hi\u1ec7u \u0110\u1ee9c \u2013 Ehrlich<\/strong>: Cam k\u1ebft ch\u1ea5t l\u01b0\u1ee3ng chu\u1ea9n ch\u00e2u \u00c2u, mang \u0111\u1ebfn tr\u1ea3i nghi\u1ec7m s\u1eed d\u1ee5ng b\u1ec1n b\u1ec9, ti\u1ec7n nghi.<\/p>\n<\/li>\n<\/ul>\n<p data-start=\"920\" data-end=\"1075\">\ud83d\udc49 B\u00e0n \u0111\u00e1 ch\u1eadu d\u01b0\u01a1ng Ehrlich kh\u00f4ng ch\u1ec9 l\u00e0 m\u1ed9t s\u1ea3n ph\u1ea9m n\u1ed9i th\u1ea5t, m\u00e0 c\u00f2n l\u00e0 gi\u1ea3i ph\u00e1p n\u00e2ng t\u1ea7m kh\u00f4ng gian s\u1ed1ng, \u0111\u00e1p \u1ee9ng c\u1ea3 nhu c\u1ea7u th\u1ea9m m\u1ef9 l\u1eabn c\u00f4ng n\u0103ng.<\/p>\n","protected":false},"excerpt":{"rendered":"<p data-start=\"1109\" data-end=\"1269\">\ud83d\udc49 <strong data-start=\"1112\" data-end=\"1141\">B\u00e0n \u0111\u00e1 ch\u1eadu d\u01b0\u01a1ng Ehrlich<\/strong> \u2013 S\u1ef1 k\u1ebft h\u1ee3p ho\u00e0n h\u1ea3o gi\u1eefa <strong data-start=\"1169\" data-end=\"1189\">\u0111\u1ed9 b\u1ec1n v\u01b0\u1ee3t tr\u1ed9i<\/strong> v\u00e0 <strong data-start=\"1193\" data-end=\"1212\">th\u1ea9m m\u1ef9 tinh t\u1ebf<\/strong>, mang l\u1ea1i \u0111\u1eb3ng c\u1ea5p kh\u00e1c bi\u1ec7t cho kh\u00f4ng gian ph\u00f2ng t\u1eafm.<\/p>\n","protected":false},"featured_media":3733,"comment_status":"open","ping_status":"closed","template":"","meta":{"_acf_changed":false},"product_brand":[139],"product_cat":[23,15,37],"product_tag":[],"class_list":{"0":"post-3447","1":"product","2":"type-product","3":"status-publish","4":"has-post-thumbnail","6":"product_brand-ehrlich","7":"product_cat-thiet-bi-phong-ve-sinh","8":"product_cat-san-pham","9":"product_cat-ban-da-lavabo","11":"first","12":"instock","13":"shipping-taxable","14":"purchasable","15":"product-type-variable","16":"has-default-attributes","17":"rtwpvg-product"},"acf":[],"_links":{"self":[{"href":"https:\/\/ehrlichvietnam.vn\/en\/wp-json\/wp\/v2\/product\/3447","targetHints":{"allow":["GET"]}}],"collection":[{"href":"https:\/\/ehrlichvietnam.vn\/en\/wp-json\/wp\/v2\/product"}],"about":[{"href":"https:\/\/ehrlichvietnam.vn\/en\/wp-json\/wp\/v2\/types\/product"}],"replies":[{"embeddable":true,"href":"https:\/\/ehrlichvietnam.vn\/en\/wp-json\/wp\/v2\/comments?post=3447"}],"wp:featuredmedia":[{"embeddable":true,"href":"https:\/\/ehrlichvietnam.vn\/en\/wp-json\/wp\/v2\/media\/3733"}],"wp:attachment":[{"href":"https:\/\/ehrlichvietnam.vn\/en\/wp-json\/wp\/v2\/media?parent=3447"}],"wp:term":[{"taxonomy":"product_brand","embeddable":true,"href":"https:\/\/ehrlichvietnam.vn\/en\/wp-json\/wp\/v2\/product_brand?post=3447"},{"taxonomy":"product_cat","embeddable":true,"href":"https:\/\/ehrlichvietnam.vn\/en\/wp-json\/wp\/v2\/product_cat?post=3447"},{"taxonomy":"product_tag","embeddable":true,"href":"https:\/\/ehrlichvietnam.vn\/en\/wp-json\/wp\/v2\/product_tag?post=3447"}],"curies":[{"name":"wp","href":"https:\/\/api.w.org\/{rel}","templated":true}]}}