{"id":3429,"date":"2025-09-30T04:33:59","date_gmt":"2025-09-30T04:33:59","guid":{"rendered":"https:\/\/ehrlichvietnam.vn\/?post_type=product&#038;p=3429"},"modified":"2026-04-06T09:05:33","modified_gmt":"2026-04-06T09:05:33","slug":"ban-da-hop-1","status":"publish","type":"product","link":"https:\/\/ehrlichvietnam.vn\/ban-da-hop-1\/","title":{"rendered":"B\u00e0n \u0111\u00e1 h\u1ed9p 1 t\u1ea7ng"},"content":{"rendered":"<p data-start=\"210\" data-end=\"424\"><strong data-start=\"98\" data-end=\"120\">B\u00e0n \u0111\u00e1 h\u1ed9p Ehrlich<\/strong> \u0111\u01b0\u1ee3c thi\u1ebft k\u1ebf t\u1eeb <strong data-start=\"138\" data-end=\"161\">\u0111\u00e1 th\u1ea1ch anh nung k\u1ebft<\/strong>, gia c\u00f4ng t\u1ec9 m\u1ec9 t\u1ea1o kh\u1ed1i h\u1ed9p vu\u00f4ng v\u1eafn, sang tr\u1ecdng v\u00e0 b\u1ec1n ch\u1eafc. S\u1ea3n ph\u1ea9m c\u00f3 kh\u1ea3 n\u0103ng <strong data-start=\"247\" data-end=\"282\">ch\u1ed1ng th\u1ea5m, ch\u1ed1ng \u1ed1, d\u1ec5 v\u1ec7 sinh<\/strong> v\u00e0 ph\u00f9 h\u1ee3p k\u1ebft h\u1ee3p v\u1edbi nhi\u1ec1u ki\u1ec3u ch\u1eadu lavabo, mang \u0111\u1ebfn \u0111i\u1ec3m nh\u1ea5n tinh t\u1ebf cho ph\u00f2ng t\u1eafm hi\u1ec7n \u0111\u1ea1i.<\/p>\n","protected":false},"excerpt":{"rendered":"<p>\ud83d\udc49 <strong data-start=\"1106\" data-end=\"1128\">B\u00e0n \u0111\u00e1 h\u1ed9p Ehrlich<\/strong> \u2013 Gi\u1ea3i ph\u00e1p t\u1ed1i \u01b0u cho ph\u00f2ng t\u1eafm cao c\u1ea5p, v\u1eeba <strong data-start=\"1175\" data-end=\"1202\">b\u1ec1n v\u1eefng theo th\u1eddi gian<\/strong>, v\u1eeba <strong data-start=\"1208\" data-end=\"1258\">t\u00f4n l\u00ean v\u1ebb \u0111\u1eb9p sang tr\u1ecdng chu\u1ea9n phong c\u00e1ch \u0110\u1ee9c<\/strong>.<\/p>\n","protected":false},"featured_media":3728,"comment_status":"open","ping_status":"closed","template":"","meta":{"_acf_changed":false},"product_brand":[139],"product_cat":[23,15,37],"product_tag":[],"class_list":{"0":"post-3429","1":"product","2":"type-product","3":"status-publish","4":"has-post-thumbnail","6":"product_brand-ehrlich","7":"product_cat-thiet-bi-phong-ve-sinh","8":"product_cat-san-pham","9":"product_cat-ban-da-lavabo","11":"first","12":"instock","13":"shipping-taxable","14":"purchasable","15":"product-type-variable","16":"has-default-attributes","17":"rtwpvg-product"},"acf":[],"_links":{"self":[{"href":"https:\/\/ehrlichvietnam.vn\/en\/wp-json\/wp\/v2\/product\/3429","targetHints":{"allow":["GET"]}}],"collection":[{"href":"https:\/\/ehrlichvietnam.vn\/en\/wp-json\/wp\/v2\/product"}],"about":[{"href":"https:\/\/ehrlichvietnam.vn\/en\/wp-json\/wp\/v2\/types\/product"}],"replies":[{"embeddable":true,"href":"https:\/\/ehrlichvietnam.vn\/en\/wp-json\/wp\/v2\/comments?post=3429"}],"wp:featuredmedia":[{"embeddable":true,"href":"https:\/\/ehrlichvietnam.vn\/en\/wp-json\/wp\/v2\/media\/3728"}],"wp:attachment":[{"href":"https:\/\/ehrlichvietnam.vn\/en\/wp-json\/wp\/v2\/media?parent=3429"}],"wp:term":[{"taxonomy":"product_brand","embeddable":true,"href":"https:\/\/ehrlichvietnam.vn\/en\/wp-json\/wp\/v2\/product_brand?post=3429"},{"taxonomy":"product_cat","embeddable":true,"href":"https:\/\/ehrlichvietnam.vn\/en\/wp-json\/wp\/v2\/product_cat?post=3429"},{"taxonomy":"product_tag","embeddable":true,"href":"https:\/\/ehrlichvietnam.vn\/en\/wp-json\/wp\/v2\/product_tag?post=3429"}],"curies":[{"name":"wp","href":"https:\/\/api.w.org\/{rel}","templated":true}]}}