{"id":3428,"date":"2025-09-30T04:28:22","date_gmt":"2025-09-30T04:28:22","guid":{"rendered":"https:\/\/ehrlichvietnam.vn\/?post_type=product&#038;p=3428"},"modified":"2025-09-30T04:32:36","modified_gmt":"2025-09-30T04:32:36","slug":"dau-voi-tao-bot-lap-cho-lavabo-voi-rua-bat","status":"publish","type":"product","link":"https:\/\/ehrlichvietnam.vn\/dau-voi-tao-bot-lap-cho-lavabo-voi-rua-bat\/","title":{"rendered":"\u0110\u1ea7u v\u00f2i t\u1ea1o b\u1ecdt, l\u1eafp cho lavabo, v\u00f2i r\u1eeda b\u00e1t"},"content":{"rendered":"<p data-start=\"159\" data-end=\"440\"><strong data-start=\"119\" data-end=\"146\">\u0110\u1ea7u v\u00f2i t\u1ea1o b\u1ecdt Ehrlich<\/strong> gi\u00fap d\u00f2ng n\u01b0\u1edbc ch\u1ea3y \u00eam \u00e1i, h\u1ea1n ch\u1ebf b\u1eafn tung t\u00f3e, \u0111\u1ed3ng th\u1eddi ti\u1ebft ki\u1ec7m n\u01b0\u1edbc hi\u1ec7u qu\u1ea3. S\u1ea3n ph\u1ea9m \u0111\u01b0\u1ee3c ch\u1ebf t\u00e1c t\u1eeb <b>nh\u1ef1a ABS<\/b>\u00a0ch\u1ed1ng g\u1ec9 s\u00e9t, b\u1ec1n b\u1ec9 v\u00e0 d\u1ec5 l\u1eafp \u0111\u1eb7t cho c\u1ea3 <strong data-start=\"335\" data-end=\"349\">v\u00f2i lavabo<\/strong> v\u00e0 <strong data-start=\"353\" data-end=\"368\">v\u00f2i r\u1eeda b\u00e1t<\/strong><\/p>\n","protected":false},"excerpt":{"rendered":"<p data-start=\"1089\" data-end=\"1199\">\ud83d\udc49 <strong data-start=\"1092\" data-end=\"1119\">\u0110\u1ea7u v\u00f2i t\u1ea1o b\u1ecdt Ehrlich<\/strong> \u2013 Gi\u1ea3i ph\u00e1p th\u00f4ng minh cho d\u00f2ng n\u01b0\u1edbc \u00eam d\u1ecbu, s\u1ea1ch s\u1ebd, ti\u1ebft ki\u1ec7m v\u00e0 ti\u1ec7n nghi.<\/p>\n","protected":false},"featured_media":3278,"comment_status":"open","ping_status":"closed","template":"","meta":{"_acf_changed":false},"product_brand":[],"product_cat":[23,15,40],"product_tag":[],"class_list":{"0":"post-3428","1":"product","2":"type-product","3":"status-publish","4":"has-post-thumbnail","6":"product_cat-thiet-bi-phong-ve-sinh","7":"product_cat-san-pham","8":"product_cat-phu-kien-phong-tam","10":"first","11":"instock","12":"sale","13":"shipping-taxable","14":"purchasable","15":"product-type-simple"},"acf":[],"_links":{"self":[{"href":"https:\/\/ehrlichvietnam.vn\/en\/wp-json\/wp\/v2\/product\/3428","targetHints":{"allow":["GET"]}}],"collection":[{"href":"https:\/\/ehrlichvietnam.vn\/en\/wp-json\/wp\/v2\/product"}],"about":[{"href":"https:\/\/ehrlichvietnam.vn\/en\/wp-json\/wp\/v2\/types\/product"}],"replies":[{"embeddable":true,"href":"https:\/\/ehrlichvietnam.vn\/en\/wp-json\/wp\/v2\/comments?post=3428"}],"wp:featuredmedia":[{"embeddable":true,"href":"https:\/\/ehrlichvietnam.vn\/en\/wp-json\/wp\/v2\/media\/3278"}],"wp:attachment":[{"href":"https:\/\/ehrlichvietnam.vn\/en\/wp-json\/wp\/v2\/media?parent=3428"}],"wp:term":[{"taxonomy":"product_brand","embeddable":true,"href":"https:\/\/ehrlichvietnam.vn\/en\/wp-json\/wp\/v2\/product_brand?post=3428"},{"taxonomy":"product_cat","embeddable":true,"href":"https:\/\/ehrlichvietnam.vn\/en\/wp-json\/wp\/v2\/product_cat?post=3428"},{"taxonomy":"product_tag","embeddable":true,"href":"https:\/\/ehrlichvietnam.vn\/en\/wp-json\/wp\/v2\/product_tag?post=3428"}],"curies":[{"name":"wp","href":"https:\/\/api.w.org\/{rel}","templated":true}]}}