{"id":3427,"date":"2025-09-30T04:26:41","date_gmt":"2025-09-30T04:26:41","guid":{"rendered":"https:\/\/ehrlichvietnam.vn\/?post_type=product&#038;p=3427"},"modified":"2025-09-30T04:28:04","modified_gmt":"2025-09-30T04:28:04","slug":"cai-bat-sen-cai-sit-cai-sus1","status":"publish","type":"product","link":"https:\/\/ehrlichvietnam.vn\/cai-bat-sen-cai-sit-cai-sus1\/","title":{"rendered":"C\u00e0i b\u00e1t sen, c\u00e0i s\u1ecbt CAI-SUS1"},"content":{"rendered":"<p data-start=\"159\" data-end=\"440\"><strong data-start=\"102\" data-end=\"135\">C\u00e0i b\u00e1t sen \u2013 c\u00e0i x\u1ecbt Ehrlich<\/strong> \u0111\u01b0\u1ee3c s\u1ea3n xu\u1ea5t t\u1eeb <strong data-start=\"153\" data-end=\"174\">inox 304 nguy\u00ean kh\u1ed1i cao c\u1ea5p<\/strong> v\u1edbi thi\u1ebft k\u1ebf nh\u1ecf g\u1ecdn, ch\u1eafc ch\u1eafn, gi\u00fap c\u1ed1 \u0111\u1ecbnh b\u00e1t sen t\u1eafm ho\u1eb7c v\u00f2i x\u1ecbt v\u1ec7 sinh g\u1ecdn g\u00e0ng, th\u1ea9m m\u1ef9. S\u1ea3n ph\u1ea9m ch\u1ed1ng g\u1ec9 s\u00e9t, d\u1ec5 l\u1eafp \u0111\u1eb7t, ph\u00f9 h\u1ee3p cho m\u1ecdi kh\u00f4ng gian ph\u00f2ng t\u1eafm hi\u1ec7n \u0111\u1ea1i.<\/p>\n","protected":false},"excerpt":{"rendered":"<p data-start=\"1079\" data-end=\"1222\">\ud83d\udc49 V\u1edbi <strong data-start=\"1086\" data-end=\"1118\">c\u00e0i b\u00e1t sen, c\u00e0i x\u1ecbt Ehrlich<\/strong>, ph\u00f2ng t\u1eafm c\u1ee7a anh lu\u00f4n <strong data-start=\"1143\" data-end=\"1177\">g\u1ecdn g\u00e0ng \u2013 s\u1ea1ch s\u1ebd \u2013 ti\u1ec7n nghi<\/strong>, gi\u1eef v\u1eefng phong c\u00e1ch sang tr\u1ecdng chu\u1ea9n \u0110\u1ee9c.<\/p>\n","protected":false},"featured_media":3277,"comment_status":"open","ping_status":"closed","template":"","meta":{"_acf_changed":false},"product_brand":[],"product_cat":[23,15,40],"product_tag":[],"class_list":{"0":"post-3427","1":"product","2":"type-product","3":"status-publish","4":"has-post-thumbnail","6":"product_cat-thiet-bi-phong-ve-sinh","7":"product_cat-san-pham","8":"product_cat-phu-kien-phong-tam","10":"first","11":"instock","12":"sale","13":"shipping-taxable","14":"purchasable","15":"product-type-simple"},"acf":[],"_links":{"self":[{"href":"https:\/\/ehrlichvietnam.vn\/en\/wp-json\/wp\/v2\/product\/3427","targetHints":{"allow":["GET"]}}],"collection":[{"href":"https:\/\/ehrlichvietnam.vn\/en\/wp-json\/wp\/v2\/product"}],"about":[{"href":"https:\/\/ehrlichvietnam.vn\/en\/wp-json\/wp\/v2\/types\/product"}],"replies":[{"embeddable":true,"href":"https:\/\/ehrlichvietnam.vn\/en\/wp-json\/wp\/v2\/comments?post=3427"}],"wp:featuredmedia":[{"embeddable":true,"href":"https:\/\/ehrlichvietnam.vn\/en\/wp-json\/wp\/v2\/media\/3277"}],"wp:attachment":[{"href":"https:\/\/ehrlichvietnam.vn\/en\/wp-json\/wp\/v2\/media?parent=3427"}],"wp:term":[{"taxonomy":"product_brand","embeddable":true,"href":"https:\/\/ehrlichvietnam.vn\/en\/wp-json\/wp\/v2\/product_brand?post=3427"},{"taxonomy":"product_cat","embeddable":true,"href":"https:\/\/ehrlichvietnam.vn\/en\/wp-json\/wp\/v2\/product_cat?post=3427"},{"taxonomy":"product_tag","embeddable":true,"href":"https:\/\/ehrlichvietnam.vn\/en\/wp-json\/wp\/v2\/product_tag?post=3427"}],"curies":[{"name":"wp","href":"https:\/\/api.w.org\/{rel}","templated":true}]}}