{"id":3422,"date":"2025-09-30T04:10:12","date_gmt":"2025-09-30T04:10:12","guid":{"rendered":"https:\/\/ehrlichvietnam.vn\/?post_type=product&#038;p=3422"},"modified":"2025-11-24T04:53:42","modified_gmt":"2025-11-24T04:53:42","slug":"chan-sen-dung-cho-voi-lavabo-voi-rua-bat-cr-01","status":"publish","type":"product","link":"https:\/\/ehrlichvietnam.vn\/chan-sen-dung-cho-voi-lavabo-voi-rua-bat-cr-01\/","title":{"rendered":"Ch\u00e2n ren &#8211; D\u00f9ng cho v\u00f2i lavabo, v\u00f2i r\u1eeda b\u00e1t CR-01"},"content":{"rendered":"<p data-start=\"159\" data-end=\"440\"><strong data-start=\"124\" data-end=\"152\">Ch\u00e2n sen cao c\u1ea5p Ehrlich<\/strong> \u0111\u01b0\u1ee3c thi\u1ebft k\u1ebf chuy\u00ean d\u1ee5ng cho <strong data-start=\"183\" data-end=\"197\">v\u00f2i lavabo<\/strong> v\u00e0 <strong data-start=\"201\" data-end=\"216\">v\u00f2i r\u1eeda b\u00e1t<\/strong>, gi\u00fap c\u1ed1 \u0111\u1ecbnh ch\u1eafc ch\u1eafn v\u00e0 k\u1ebft n\u1ed1i v\u1edbi \u0111\u01b0\u1eddng \u1ed1ng c\u1ea5p n\u01b0\u1edbc m\u1ed9t c\u00e1ch an to\u00e0n. S\u1ea3n ph\u1ea9m \u0111\u01b0\u1ee3c l\u00e0m t\u1eeb <strong data-start=\"314\" data-end=\"337\">\u0111\u1ed3ng thau <\/strong>cao c\u1ea5p, ch\u1ed1ng g\u1ec9 s\u00e9t, ch\u1ecbu \u00e1p l\u1ef1c n\u01b0\u1edbc t\u1ed1t v\u00e0 gi\u1eef \u0111\u1ed9 s\u00e1ng b\u00f3ng l\u00e2u d\u00e0i.<\/p>\n","protected":false},"excerpt":{"rendered":"<p data-start=\"1102\" data-end=\"1229\">\ud83d\udc49 <strong data-start=\"1105\" data-end=\"1125\">Ch\u00e2n sen Ehrlich<\/strong> \u2013 l\u1ef1a ch\u1ecdn ho\u00e0n h\u1ea3o \u0111\u1ec3 \u0111\u1ea3m b\u1ea3o s\u1ef1 ch\u1eafc ch\u1eafn, b\u1ec1n \u0111\u1eb9p v\u00e0 \u0111\u1ed3ng b\u1ed9 cho h\u1ec7 th\u1ed1ng c\u1ea5p n\u01b0\u1edbc trong gia \u0111\u00ecnh.<\/p>\n","protected":false},"featured_media":3272,"comment_status":"open","ping_status":"closed","template":"","meta":{"_acf_changed":false},"product_brand":[],"product_cat":[23,15,40],"product_tag":[],"class_list":{"0":"post-3422","1":"product","2":"type-product","3":"status-publish","4":"has-post-thumbnail","6":"product_cat-thiet-bi-phong-ve-sinh","7":"product_cat-san-pham","8":"product_cat-phu-kien-phong-tam","10":"first","11":"instock","12":"sale","13":"shipping-taxable","14":"purchasable","15":"product-type-simple"},"acf":[],"_links":{"self":[{"href":"https:\/\/ehrlichvietnam.vn\/en\/wp-json\/wp\/v2\/product\/3422","targetHints":{"allow":["GET"]}}],"collection":[{"href":"https:\/\/ehrlichvietnam.vn\/en\/wp-json\/wp\/v2\/product"}],"about":[{"href":"https:\/\/ehrlichvietnam.vn\/en\/wp-json\/wp\/v2\/types\/product"}],"replies":[{"embeddable":true,"href":"https:\/\/ehrlichvietnam.vn\/en\/wp-json\/wp\/v2\/comments?post=3422"}],"wp:featuredmedia":[{"embeddable":true,"href":"https:\/\/ehrlichvietnam.vn\/en\/wp-json\/wp\/v2\/media\/3272"}],"wp:attachment":[{"href":"https:\/\/ehrlichvietnam.vn\/en\/wp-json\/wp\/v2\/media?parent=3422"}],"wp:term":[{"taxonomy":"product_brand","embeddable":true,"href":"https:\/\/ehrlichvietnam.vn\/en\/wp-json\/wp\/v2\/product_brand?post=3422"},{"taxonomy":"product_cat","embeddable":true,"href":"https:\/\/ehrlichvietnam.vn\/en\/wp-json\/wp\/v2\/product_cat?post=3422"},{"taxonomy":"product_tag","embeddable":true,"href":"https:\/\/ehrlichvietnam.vn\/en\/wp-json\/wp\/v2\/product_tag?post=3422"}],"curies":[{"name":"wp","href":"https:\/\/api.w.org\/{rel}","templated":true}]}}