{"id":3418,"date":"2025-09-30T03:57:33","date_gmt":"2025-09-30T03:57:33","guid":{"rendered":"https:\/\/ehrlichvietnam.vn\/?post_type=product&#038;p=3418"},"modified":"2025-10-22T03:20:39","modified_gmt":"2025-10-22T03:20:39","slug":"day-cap-1-dau-oc-dung-cho-voi-lavabo-voi-rua-bat-dc-02","status":"publish","type":"product","link":"https:\/\/ehrlichvietnam.vn\/day-cap-1-dau-oc-dung-cho-voi-lavabo-voi-rua-bat-dc-02\/","title":{"rendered":"D\u00e2y c\u1ea5p 1 \u0111\u1ea7u \u1ed1c d\u00f9ng cho v\u00f2i lavabo, v\u00f2i r\u1eeda b\u00e1t DC-02"},"content":{"rendered":"<p data-start=\"178\" data-end=\"483\"><strong data-start=\"178\" data-end=\"206\">D\u00e2y c\u1ea5p 1 \u0111\u1ea7u \u1ed1c Ehrlich<\/strong> \u0111\u01b0\u1ee3c s\u1ea3n xu\u1ea5t t\u1eeb <strong data-start=\"224\" data-end=\"244\">INOX 304 cao c\u1ea5p<\/strong>, ch\u1ed1ng g\u1ec9 s\u00e9t, an to\u00e0n tuy\u1ec7t \u0111\u1ed1i cho ngu\u1ed3n n\u01b0\u1edbc sinh ho\u1ea1t. V\u1edbi thi\u1ebft k\u1ebf <strong data-start=\"317\" data-end=\"351\">1 \u0111\u1ea7u \u1ed1c \u2013 1 \u0111\u1ea7u ren ti\u1ec7n d\u1ee5ng<\/strong>, d\u00e2y ph\u00f9 h\u1ee3p cho c\u00e1c lo\u1ea1i <strong data-start=\"378\" data-end=\"405\">v\u00f2i lavabo, v\u00f2i r\u1eeda b\u00e1t<\/strong>, \u0111\u1ea3m b\u1ea3o c\u1ea5p n\u01b0\u1edbc \u1ed5n \u0111\u1ecbnh, \u0111\u1ed9 b\u1ec1n cao, ch\u1ed1ng r\u00f2 r\u1ec9 trong qu\u00e1 tr\u00ecnh s\u1eed d\u1ee5ng.<\/p>\n","protected":false},"excerpt":{"rendered":"<p data-start=\"1126\" data-end=\"1244\">\ud83d\udc49 <strong data-start=\"1129\" data-end=\"1157\">D\u00e2y c\u1ea5p 1 \u0111\u1ea7u \u1ed1c Ehrlich<\/strong> \u2013 l\u1ef1a ch\u1ecdn t\u1ed1i \u01b0u \u0111\u1ec3 \u0111\u1ea3m b\u1ea3o ngu\u1ed3n n\u01b0\u1edbc <strong data-start=\"1198\" data-end=\"1228\">an to\u00e0n \u2013 \u1ed5n \u0111\u1ecbnh \u2013 b\u1ec1n b\u1ec9<\/strong> cho gia \u0111\u00ecnh.<\/p>\n","protected":false},"featured_media":3268,"comment_status":"open","ping_status":"closed","template":"","meta":{"_acf_changed":false},"product_brand":[],"product_cat":[23,15,40],"product_tag":[],"class_list":{"0":"post-3418","1":"product","2":"type-product","3":"status-publish","4":"has-post-thumbnail","6":"product_cat-thiet-bi-phong-ve-sinh","7":"product_cat-san-pham","8":"product_cat-phu-kien-phong-tam","10":"first","11":"instock","12":"sale","13":"shipping-taxable","14":"purchasable","15":"product-type-simple"},"acf":[],"_links":{"self":[{"href":"https:\/\/ehrlichvietnam.vn\/en\/wp-json\/wp\/v2\/product\/3418","targetHints":{"allow":["GET"]}}],"collection":[{"href":"https:\/\/ehrlichvietnam.vn\/en\/wp-json\/wp\/v2\/product"}],"about":[{"href":"https:\/\/ehrlichvietnam.vn\/en\/wp-json\/wp\/v2\/types\/product"}],"replies":[{"embeddable":true,"href":"https:\/\/ehrlichvietnam.vn\/en\/wp-json\/wp\/v2\/comments?post=3418"}],"wp:featuredmedia":[{"embeddable":true,"href":"https:\/\/ehrlichvietnam.vn\/en\/wp-json\/wp\/v2\/media\/3268"}],"wp:attachment":[{"href":"https:\/\/ehrlichvietnam.vn\/en\/wp-json\/wp\/v2\/media?parent=3418"}],"wp:term":[{"taxonomy":"product_brand","embeddable":true,"href":"https:\/\/ehrlichvietnam.vn\/en\/wp-json\/wp\/v2\/product_brand?post=3418"},{"taxonomy":"product_cat","embeddable":true,"href":"https:\/\/ehrlichvietnam.vn\/en\/wp-json\/wp\/v2\/product_cat?post=3418"},{"taxonomy":"product_tag","embeddable":true,"href":"https:\/\/ehrlichvietnam.vn\/en\/wp-json\/wp\/v2\/product_tag?post=3418"}],"curies":[{"name":"wp","href":"https:\/\/api.w.org\/{rel}","templated":true}]}}