{"id":3417,"date":"2025-09-30T03:53:52","date_gmt":"2025-09-30T03:53:52","guid":{"rendered":"https:\/\/ehrlichvietnam.vn\/?post_type=product&#038;p=3417"},"modified":"2025-10-22T03:20:54","modified_gmt":"2025-10-22T03:20:54","slug":"day-cap-2-dau-oc-dung-cho-bon-cau-binh-nong-lanh-dc-01","status":"publish","type":"product","link":"https:\/\/ehrlichvietnam.vn\/day-cap-2-dau-oc-dung-cho-bon-cau-binh-nong-lanh-dc-01\/","title":{"rendered":"D\u00e2y c\u1ea5p 2 \u0111\u1ea7u \u1ed1c d\u00f9ng cho b\u1ed3n c\u1ea7u &#8211; B\u00ecnh n\u00f3ng l\u1ea1nh DC-01"},"content":{"rendered":"<h2 data-start=\"174\" data-end=\"253\">\ud83d\udd17 D\u00e2y c\u1ea5p 2 \u0111\u1ea7u \u1ed1c Ehrlich \u2013 An to\u00e0n, b\u1ec1n b\u1ec9 cho b\u1ed3n c\u1ea7u &amp; b\u00ecnh n\u00f3ng l\u1ea1nh<\/h2>\n<p data-start=\"255\" data-end=\"557\">Trong h\u1ec7 th\u1ed1ng c\u1ea5p n\u01b0\u1edbc sinh ho\u1ea1t, <strong data-start=\"290\" data-end=\"301\">d\u00e2y c\u1ea5p<\/strong> l\u00e0 ph\u1ee5 ki\u1ec7n tuy nh\u1ecf nh\u01b0ng gi\u1eef vai tr\u00f2 v\u00f4 c\u00f9ng quan tr\u1ecdng. <strong data-start=\"360\" data-end=\"388\">D\u00e2y c\u1ea5p 2 \u0111\u1ea7u \u1ed1c Ehrlich<\/strong> \u0111\u01b0\u1ee3c s\u1ea3n xu\u1ea5t t\u1eeb <strong data-start=\"406\" data-end=\"427\">ch\u1ea5t li\u1ec7u cao c\u1ea5p<\/strong>, kh\u1ea3 n\u0103ng ch\u1ecbu \u00e1p l\u1ef1c v\u00e0 nhi\u1ec7t \u0111\u1ed9 cao, \u0111\u1ea3m b\u1ea3o an to\u00e0n tuy\u1ec7t \u0111\u1ed1i trong qu\u00e1 tr\u00ecnh s\u1eed d\u1ee5ng cho b\u1ed3n c\u1ea7u, ch\u1eadu r\u1eeda, b\u00ecnh n\u00f3ng l\u1ea1nh.<\/p>\n<p data-start=\"559\" data-end=\"771\">V\u1edbi thi\u1ebft k\u1ebf 2 \u0111\u1ea7u \u1ed1c ren chu\u1ea9n qu\u1ed1c t\u1ebf, d\u00e2y c\u1ea5p gi\u00fap k\u1ebft n\u1ed1i nhanh ch\u00f3ng, ch\u1eafc ch\u1eafn v\u00e0 ch\u1ed1ng r\u00f2 r\u1ec9 n\u01b0\u1edbc. L\u1edbp inox xo\u1eafn b\u1ec1n b\u1ec9 k\u1ebft h\u1ee3p l\u00f5i ch\u1ecbu nhi\u1ec7t ch\u1ed1ng n\u1ee9t g\u00e3y, ph\u00f9 h\u1ee3p cho m\u00f4i tr\u01b0\u1eddng \u1ea9m \u01b0\u1edbt v\u00e0 \u00e1p l\u1ef1c m\u1ea1nh.<\/p>\n<h3 data-start=\"773\" data-end=\"795\">\u01afu \u0111i\u1ec3m n\u1ed5i b\u1eadt:<\/h3>\n<ul data-start=\"796\" data-end=\"1176\">\n<li data-start=\"796\" data-end=\"878\">\n<p data-start=\"798\" data-end=\"878\"><strong data-start=\"798\" data-end=\"820\">Ch\u1ea5t li\u1ec7u cao c\u1ea5p:<\/strong> Inox b\u1ecdc ngo\u00e0i, l\u00f5i ch\u1ecbu nhi\u1ec7t, ch\u1ed1ng r\u1ec9 s\u00e9t v\u00e0 \u0103n m\u00f2n.<\/p>\n<\/li>\n<li data-start=\"879\" data-end=\"959\">\n<p data-start=\"881\" data-end=\"959\"><strong data-start=\"881\" data-end=\"912\">Ch\u1ecbu \u00e1p l\u1ef1c &amp; nhi\u1ec7t \u0111\u1ed9 cao:<\/strong> \u0110\u1ea3m b\u1ea3o an to\u00e0n khi d\u00f9ng cho b\u00ecnh n\u00f3ng l\u1ea1nh.<\/p>\n<\/li>\n<li data-start=\"960\" data-end=\"1034\">\n<p data-start=\"962\" data-end=\"1034\"><strong data-start=\"962\" data-end=\"984\">K\u1ebft n\u1ed1i ch\u1eafc ch\u1eafn:<\/strong> 2 \u0111\u1ea7u \u1ed1c ren kh\u1edbp ti\u00eau chu\u1ea9n, ch\u1ed1ng r\u00f2 r\u1ec9 n\u01b0\u1edbc.<\/p>\n<\/li>\n<li data-start=\"1035\" data-end=\"1107\">\n<p data-start=\"1037\" data-end=\"1107\"><strong data-start=\"1037\" data-end=\"1058\">\u0110\u1ed9 b\u1ec1n v\u01b0\u1ee3t tr\u1ed9i:<\/strong> D\u00f9ng l\u00e2u d\u00e0i, an to\u00e0n trong m\u00f4i tr\u01b0\u1eddng \u1ea9m \u01b0\u1edbt.<\/p>\n<\/li>\n<li data-start=\"1108\" data-end=\"1176\">\n<p data-start=\"1110\" data-end=\"1176\"><strong data-start=\"1110\" data-end=\"1131\">\u1ee8ng d\u1ee5ng \u0111a n\u0103ng:<\/strong> L\u1eafp cho b\u1ed3n c\u1ea7u, b\u00ecnh n\u00f3ng l\u1ea1nh, ch\u1eadu r\u1eeda\u2026<\/p>\n<\/li>\n<\/ul>\n<p data-start=\"1178\" data-end=\"1281\">\ud83d\udc49 <strong data-start=\"1181\" data-end=\"1209\">D\u00e2y c\u1ea5p 2 \u0111\u1ea7u \u1ed1c Ehrlich<\/strong> \u2013 l\u1ef1a ch\u1ecdn ho\u00e0n h\u1ea3o cho h\u1ec7 th\u1ed1ng c\u1ea5p n\u01b0\u1edbc an to\u00e0n, b\u1ec1n b\u1ec9 v\u00e0 \u1ed5n \u0111\u1ecbnh.<\/p>\n","protected":false},"excerpt":{"rendered":"<p data-start=\"2019\" data-end=\"2193\"><strong data-start=\"1963\" data-end=\"1991\">D\u00e2y c\u1ea5p 2 \u0111\u1ea7u \u1ed1c Ehrlich<\/strong> \u2013 inox cao c\u1ea5p, ch\u1ecbu nhi\u1ec7t v\u00e0 \u00e1p l\u1ef1c t\u1ed1t, k\u1ebft n\u1ed1i ch\u1eafc ch\u1eafn cho b\u1ed3n c\u1ea7u &amp; b\u00ecnh n\u00f3ng l\u1ea1nh, \u0111\u1ea3m b\u1ea3o <strong data-start=\"2090\" data-end=\"2124\">an to\u00e0n \u2013 b\u1ec1n b\u1ec9 \u2013 ch\u1ed1ng r\u00f2 r\u1ec9<\/strong>.<\/p>\n","protected":false},"featured_media":3267,"comment_status":"open","ping_status":"closed","template":"","meta":{"_acf_changed":false},"product_brand":[],"product_cat":[23,15,40],"product_tag":[],"class_list":{"0":"post-3417","1":"product","2":"type-product","3":"status-publish","4":"has-post-thumbnail","6":"product_cat-thiet-bi-phong-ve-sinh","7":"product_cat-san-pham","8":"product_cat-phu-kien-phong-tam","10":"first","11":"instock","12":"sale","13":"shipping-taxable","14":"purchasable","15":"product-type-simple"},"acf":[],"_links":{"self":[{"href":"https:\/\/ehrlichvietnam.vn\/en\/wp-json\/wp\/v2\/product\/3417","targetHints":{"allow":["GET"]}}],"collection":[{"href":"https:\/\/ehrlichvietnam.vn\/en\/wp-json\/wp\/v2\/product"}],"about":[{"href":"https:\/\/ehrlichvietnam.vn\/en\/wp-json\/wp\/v2\/types\/product"}],"replies":[{"embeddable":true,"href":"https:\/\/ehrlichvietnam.vn\/en\/wp-json\/wp\/v2\/comments?post=3417"}],"wp:featuredmedia":[{"embeddable":true,"href":"https:\/\/ehrlichvietnam.vn\/en\/wp-json\/wp\/v2\/media\/3267"}],"wp:attachment":[{"href":"https:\/\/ehrlichvietnam.vn\/en\/wp-json\/wp\/v2\/media?parent=3417"}],"wp:term":[{"taxonomy":"product_brand","embeddable":true,"href":"https:\/\/ehrlichvietnam.vn\/en\/wp-json\/wp\/v2\/product_brand?post=3417"},{"taxonomy":"product_cat","embeddable":true,"href":"https:\/\/ehrlichvietnam.vn\/en\/wp-json\/wp\/v2\/product_cat?post=3417"},{"taxonomy":"product_tag","embeddable":true,"href":"https:\/\/ehrlichvietnam.vn\/en\/wp-json\/wp\/v2\/product_tag?post=3417"}],"curies":[{"name":"wp","href":"https:\/\/api.w.org\/{rel}","templated":true}]}}