{"id":3410,"date":"2025-09-30T02:37:26","date_gmt":"2025-09-30T02:37:26","guid":{"rendered":"https:\/\/ehrlichvietnam.vn\/?post_type=product&#038;p=3410"},"modified":"2025-09-30T02:45:11","modified_gmt":"2025-09-30T02:45:11","slug":"ke-xa-bong-treo-tuong-kkb-874","status":"publish","type":"product","link":"https:\/\/ehrlichvietnam.vn\/ke-xa-bong-treo-tuong-kkb-874\/","title":{"rendered":"B\u1ed9 gi\u00e1 \u0111\u1ec3 d\u1ee5ng c\u1ee5 v\u1ec7 sinh c\u00e1 nh\u00e2n DCVS-01"},"content":{"rendered":"<p><strong>\ud83e\udea5 B\u1ed9 gi\u00e1 \u0111\u1ec3 d\u1ee5ng c\u1ee5 v\u1ec7 sinh c\u00e1 nh\u00e2n Ehrlich \u2013 Gi\u1ea3i ph\u00e1p l\u01b0u tr\u1eef g\u1ecdn g\u00e0ng, sang tr\u1ecdng cho ph\u00f2ng t\u1eafm<\/strong><\/p>\n<p data-start=\"168\" data-end=\"399\"><strong data-start=\"168\" data-end=\"213\">B\u1ed9 gi\u00e1 \u0111\u1ec3 d\u1ee5ng c\u1ee5 v\u1ec7 sinh c\u00e1 nh\u00e2n Ehrlich<\/strong> \u0111\u01b0\u1ee3c thi\u1ebft k\u1ebf hi\u1ec7n \u0111\u1ea1i, nh\u1ecf g\u1ecdn nh\u01b0ng \u0111a n\u0103ng, gi\u00fap s\u1eafp x\u1ebfp g\u1ecdn g\u00e0ng b\u00e0n ch\u1ea3i, kem \u0111\u00e1nh r\u0103ng, dao c\u1ea1o, c\u1ed1c s\u00fac mi\u1ec7ng\u2026 Gi\u1eef cho ph\u00f2ng t\u1eafm lu\u00f4n s\u1ea1ch s\u1ebd, ng\u0103n n\u1eafp v\u00e0 ti\u1ec7n l\u1ee3i khi s\u1eed d\u1ee5ng.<\/p>\n<p data-start=\"401\" data-end=\"634\">S\u1ea3n ph\u1ea9m l\u00e0m t\u1eeb <strong data-start=\"417\" data-end=\"438\">ch\u1ea5t li\u1ec7u cao c\u1ea5p<\/strong> v\u1edbi \u0111\u1ed9 b\u1ec1n v\u01b0\u1ee3t tr\u1ed9i, b\u1ec1 m\u1eb7t s\u00e1ng b\u00f3ng, d\u1ec5 lau ch\u00f9i, ch\u1ed1ng \u1ea9m m\u1ed1c, mang \u0111\u1ebfn v\u1ebb sang tr\u1ecdng cho kh\u00f4ng gian. Thi\u1ebft k\u1ebf th\u00f4ng minh v\u1eeba \u0111\u1ea3m b\u1ea3o c\u00f4ng n\u0103ng, v\u1eeba n\u00e2ng t\u1ea7m th\u1ea9m m\u1ef9 cho ph\u00f2ng t\u1eafm hi\u1ec7n \u0111\u1ea1i.<\/p>\n","protected":false},"excerpt":{"rendered":"<p><strong data-start=\"1824\" data-end=\"1869\">B\u1ed9 gi\u00e1 \u0111\u1ec3 d\u1ee5ng c\u1ee5 v\u1ec7 sinh c\u00e1 nh\u00e2n Ehrlich<\/strong> \u2013 thi\u1ebft k\u1ebf \u0111a n\u0103ng, gi\u00fap ph\u00f2ng t\u1eafm lu\u00f4n <strong data-start=\"1953\" data-end=\"1988\">ng\u0103n n\u1eafp, s\u1ea1ch s\u1ebd v\u00e0 sang tr\u1ecdng<\/strong>.<\/p>\n","protected":false},"featured_media":3264,"comment_status":"open","ping_status":"closed","template":"","meta":{"_acf_changed":false},"product_brand":[],"product_cat":[23,15,40],"product_tag":[],"class_list":{"0":"post-3410","1":"product","2":"type-product","3":"status-publish","4":"has-post-thumbnail","6":"product_cat-thiet-bi-phong-ve-sinh","7":"product_cat-san-pham","8":"product_cat-phu-kien-phong-tam","10":"first","11":"instock","12":"sale","13":"shipping-taxable","14":"purchasable","15":"product-type-simple"},"acf":[],"_links":{"self":[{"href":"https:\/\/ehrlichvietnam.vn\/en\/wp-json\/wp\/v2\/product\/3410","targetHints":{"allow":["GET"]}}],"collection":[{"href":"https:\/\/ehrlichvietnam.vn\/en\/wp-json\/wp\/v2\/product"}],"about":[{"href":"https:\/\/ehrlichvietnam.vn\/en\/wp-json\/wp\/v2\/types\/product"}],"replies":[{"embeddable":true,"href":"https:\/\/ehrlichvietnam.vn\/en\/wp-json\/wp\/v2\/comments?post=3410"}],"wp:featuredmedia":[{"embeddable":true,"href":"https:\/\/ehrlichvietnam.vn\/en\/wp-json\/wp\/v2\/media\/3264"}],"wp:attachment":[{"href":"https:\/\/ehrlichvietnam.vn\/en\/wp-json\/wp\/v2\/media?parent=3410"}],"wp:term":[{"taxonomy":"product_brand","embeddable":true,"href":"https:\/\/ehrlichvietnam.vn\/en\/wp-json\/wp\/v2\/product_brand?post=3410"},{"taxonomy":"product_cat","embeddable":true,"href":"https:\/\/ehrlichvietnam.vn\/en\/wp-json\/wp\/v2\/product_cat?post=3410"},{"taxonomy":"product_tag","embeddable":true,"href":"https:\/\/ehrlichvietnam.vn\/en\/wp-json\/wp\/v2\/product_tag?post=3410"}],"curies":[{"name":"wp","href":"https:\/\/api.w.org\/{rel}","templated":true}]}}