{"id":3409,"date":"2025-09-30T02:33:40","date_gmt":"2025-09-30T02:33:40","guid":{"rendered":"https:\/\/ehrlichvietnam.vn\/?post_type=product&#038;p=3409"},"modified":"2025-09-30T02:37:12","modified_gmt":"2025-09-30T02:37:12","slug":"ke-xa-bong-dat-ban-kkb-02","status":"publish","type":"product","link":"https:\/\/ehrlichvietnam.vn\/ke-xa-bong-dat-ban-kkb-02\/","title":{"rendered":"K\u1ec7 x\u00e0 b\u00f4ng \u0111\u1eb7t b\u00e0n KKB-02"},"content":{"rendered":"<h2 data-start=\"139\" data-end=\"217\">\ud83e\uddfc K\u1ec7 x\u00e0 b\u00f4ng \u0111\u1eb7t b\u00e0n Ehrlich \u2013 Nh\u1ecf g\u1ecdn, tinh t\u1ebf, ti\u1ec7n nghi t\u1eebng chi ti\u1ebft<\/h2>\n<p data-start=\"219\" data-end=\"377\">Ph\u00f2ng t\u1eafm hi\u1ec7n \u0111\u1ea1i kh\u00f4ng ch\u1ec9 c\u1ea7n b\u1ed3n c\u1ea7u, lavabo hay sen t\u1eafm m\u00e0 nh\u1eefng ph\u1ee5 ki\u1ec7n nh\u1ecf nh\u01b0 <strong data-start=\"306\" data-end=\"328\">k\u1ec7 x\u00e0 b\u00f4ng \u0111\u1eb7t b\u00e0n<\/strong> c\u0169ng g\u00f3p ph\u1ea7n t\u1ea1o n\u00ean s\u1ef1 ti\u1ec7n nghi v\u00e0 th\u1ea9m m\u1ef9.<\/p>\n<p data-start=\"379\" data-end=\"637\"><strong data-start=\"379\" data-end=\"409\">K\u1ec7 x\u00e0 b\u00f4ng \u0111\u1eb7t b\u00e0n Ehrlich<\/strong> \u0111\u01b0\u1ee3c thi\u1ebft k\u1ebf tinh g\u1ecdn, ch\u1ebf t\u00e1c t\u1eeb <strong data-start=\"445\" data-end=\"491\">ch\u1ea5t li\u1ec7u cao c\u1ea5p ch\u1ed1ng g\u1ec9 s\u00e9t, d\u1ec5 v\u1ec7 sinh<\/strong>, gi\u00fap gi\u1eef b\u00e1nh x\u00e0 b\u00f4ng kh\u00f4 r\u00e1o, s\u1ea1ch s\u1ebd v\u00e0 t\u0103ng \u0111\u1ed9 b\u1ec1n s\u1eed d\u1ee5ng. B\u1ec1 m\u1eb7t k\u1ec7 \u0111\u01b0\u1ee3c ho\u00e0n thi\u1ec7n t\u1ec9 m\u1ec9, ch\u1ed1ng tr\u01a1n tr\u01b0\u1ee3t, \u0111\u1ea3m b\u1ea3o an to\u00e0n v\u00e0 ti\u1ec7n l\u1ee3i.<\/p>\n<p data-start=\"639\" data-end=\"815\">S\u1ea3n ph\u1ea9m ph\u00f9 h\u1ee3p cho nhi\u1ec1u kh\u00f4ng gian: t\u1eeb nh\u00e0 \u1edf, chung c\u01b0 mini, bi\u1ec7t th\u1ef1 \u0111\u1ebfn kh\u00e1ch s\u1ea1n, spa\u2026 v\u1eeba mang t\u00ednh \u1ee9ng d\u1ee5ng cao, v\u1eeba l\u00e0 \u0111i\u1ec3m nh\u1ea5n sang tr\u1ecdng cho kh\u00f4ng gian ph\u00f2ng t\u1eafm.<\/p>\n<h3 data-start=\"817\" data-end=\"839\">\u01afu \u0111i\u1ec3m n\u1ed5i b\u1eadt:<\/h3>\n<ul data-start=\"840\" data-end=\"1128\">\n<li data-start=\"919\" data-end=\"984\">\n<p data-start=\"921\" data-end=\"984\"><strong data-start=\"921\" data-end=\"945\">Thi\u1ebft k\u1ebf sang tr\u1ecdng:<\/strong> Nh\u1ecf g\u1ecdn, d\u1ec5 \u0111\u1eb7t tr\u00ean m\u1eb7t b\u00e0n lavabo.<\/p>\n<\/li>\n<li data-start=\"985\" data-end=\"1062\">\n<p data-start=\"987\" data-end=\"1062\"><strong data-start=\"987\" data-end=\"1012\">C\u00f4ng n\u0103ng th\u00f4ng minh:<\/strong> Gi\u1eef x\u00e0 b\u00f4ng kh\u00f4 r\u00e1o, s\u1ea1ch s\u1ebd, h\u1ea1n ch\u1ebf vi khu\u1ea9n.<\/p>\n<\/li>\n<li data-start=\"1063\" data-end=\"1128\">\n<p data-start=\"1065\" data-end=\"1128\"><strong data-start=\"1065\" data-end=\"1080\">D\u1ec5 v\u1ec7 sinh:<\/strong> Lau ch\u00f9i nhanh ch\u00f3ng, kh\u00f4ng b\u00e1m c\u1eb7n x\u00e0 ph\u00f2ng.<\/p>\n<\/li>\n<\/ul>\n<p data-start=\"1130\" data-end=\"1250\">\ud83d\udc49 M\u1ed9t ph\u1ee5 ki\u1ec7n nh\u1ecf nh\u01b0ng mang l\u1ea1i s\u1ef1 <strong data-start=\"1168\" data-end=\"1205\">ng\u0103n n\u1eafp \u2013 ti\u1ec7n nghi \u2013 sang tr\u1ecdng<\/strong>, gi\u00fap ph\u00f2ng t\u1eafm lu\u00f4n s\u1ea1ch \u0111\u1eb9p v\u00e0 hi\u1ec7n \u0111\u1ea1i.<\/p>\n","protected":false},"excerpt":{"rendered":"<p data-start=\"74\" data-end=\"275\">K\u1ec7 g\u01b0\u01a1ng ph\u00f2ng t\u1eafm Ehrlich \u2013 thi\u1ebft k\u1ebf tinh g\u1ecdn, s\u1eed d\u1ee5ng <strong data-start=\"117\" data-end=\"139\">k\u00ednh c\u01b0\u1eddng l\u1ef1c d\u00e0y<\/strong>, vi\u1ec1n <strong data-start=\"146\" data-end=\"167\">inox 304 ch\u1ed1ng g\u1ec9<\/strong>. V\u1eeba sang tr\u1ecdng v\u1eeba ti\u1ec7n \u00edch cho kh\u00f4ng gian t\u1eafm hi\u1ec7n \u0111\u1ea1i.<\/p>\n","protected":false},"featured_media":3261,"comment_status":"open","ping_status":"closed","template":"","meta":{"_acf_changed":false},"product_brand":[],"product_cat":[23,15,40],"product_tag":[],"class_list":{"0":"post-3409","1":"product","2":"type-product","3":"status-publish","4":"has-post-thumbnail","6":"product_cat-thiet-bi-phong-ve-sinh","7":"product_cat-san-pham","8":"product_cat-phu-kien-phong-tam","10":"first","11":"instock","12":"sale","13":"shipping-taxable","14":"purchasable","15":"product-type-simple"},"acf":[],"_links":{"self":[{"href":"https:\/\/ehrlichvietnam.vn\/en\/wp-json\/wp\/v2\/product\/3409","targetHints":{"allow":["GET"]}}],"collection":[{"href":"https:\/\/ehrlichvietnam.vn\/en\/wp-json\/wp\/v2\/product"}],"about":[{"href":"https:\/\/ehrlichvietnam.vn\/en\/wp-json\/wp\/v2\/types\/product"}],"replies":[{"embeddable":true,"href":"https:\/\/ehrlichvietnam.vn\/en\/wp-json\/wp\/v2\/comments?post=3409"}],"wp:featuredmedia":[{"embeddable":true,"href":"https:\/\/ehrlichvietnam.vn\/en\/wp-json\/wp\/v2\/media\/3261"}],"wp:attachment":[{"href":"https:\/\/ehrlichvietnam.vn\/en\/wp-json\/wp\/v2\/media?parent=3409"}],"wp:term":[{"taxonomy":"product_brand","embeddable":true,"href":"https:\/\/ehrlichvietnam.vn\/en\/wp-json\/wp\/v2\/product_brand?post=3409"},{"taxonomy":"product_cat","embeddable":true,"href":"https:\/\/ehrlichvietnam.vn\/en\/wp-json\/wp\/v2\/product_cat?post=3409"},{"taxonomy":"product_tag","embeddable":true,"href":"https:\/\/ehrlichvietnam.vn\/en\/wp-json\/wp\/v2\/product_tag?post=3409"}],"curies":[{"name":"wp","href":"https:\/\/api.w.org\/{rel}","templated":true}]}}