{"id":3402,"date":"2025-09-30T01:43:29","date_gmt":"2025-09-30T01:43:29","guid":{"rendered":"https:\/\/ehrlichvietnam.vn\/?post_type=product&#038;p=3402"},"modified":"2025-10-22T03:23:33","modified_gmt":"2025-10-22T03:23:33","slug":"voi-xa-xo-vx01","status":"publish","type":"product","link":"https:\/\/ehrlichvietnam.vn\/voi-xa-xo-vx01\/","title":{"rendered":"V\u00f2i x\u1ea3 x\u00f4 VX01"},"content":{"rendered":"<p data-start=\"106\" data-end=\"378\"><strong data-start=\"106\" data-end=\"135\">V\u00f2i x\u1ea3 x\u00f4 cao c\u1ea5p Ehrlich<\/strong> l\u00e0 ph\u1ee5 ki\u1ec7n kh\u00f4ng th\u1ec3 thi\u1ebfu trong ph\u00f2ng t\u1eafm, khu v\u1ec7 sinh c\u00f4ng c\u1ed9ng v\u00e0 c\u00e1c c\u00f4ng tr\u00ecnh hi\u1ec7n \u0111\u1ea1i. \u0110\u01b0\u1ee3c ch\u1ebf t\u00e1c t\u1eeb <strong data-start=\"247\" data-end=\"289\">\u0111\u1ed3ng m\u1ea1 chrome s\u00e1ng b\u00f3ng<\/strong>, v\u00f2i c\u00f3 kh\u1ea3 n\u0103ng ch\u1ed1ng g\u1ec9 s\u00e9t, ch\u1ecbu \u00e1p l\u1ef1c n\u01b0\u1edbc cao v\u00e0 v\u1eadn h\u00e0nh b\u1ec1n b\u1ec9 theo th\u1eddi gian.<\/p>\n<p data-start=\"380\" data-end=\"622\">Thi\u1ebft k\u1ebf g\u1ecdn g\u00e0ng, ch\u1eafc ch\u1eafn, tay v\u1eb7n d\u1ec5 thao t\u00e1c, gi\u00fap x\u1ea3 n\u01b0\u1edbc nhanh v\u00e0 m\u1ea1nh \u0111\u1ec3 v\u1ec7 sinh s\u00e0n, d\u1ed9i r\u1eeda x\u00f4 ch\u1eadu ho\u1eb7c c\u1ea5p n\u01b0\u1edbc ti\u1ec7n l\u1ee3i. L\u1edbp m\u1ea1 chrome s\u00e1ng b\u00f3ng mang \u0111\u1ebfn t\u00ednh th\u1ea9m m\u1ef9 cao, \u0111\u1ed3ng b\u1ed9 v\u1edbi c\u00e1c thi\u1ebft b\u1ecb v\u1ec7 sinh kh\u00e1c trong kh\u00f4ng gian.<\/p>\n<p data-start=\"624\" data-end=\"816\"><strong data-start=\"624\" data-end=\"645\">V\u00f2i x\u1ea3 x\u00f4 Ehrlich<\/strong> kh\u00f4ng ch\u1ec9 ti\u1ec7n \u00edch trong gia \u0111\u00ecnh m\u00e0 c\u00f2n \u0111\u01b0\u1ee3c s\u1eed d\u1ee5ng ph\u1ed5 bi\u1ebfn \u1edf kh\u00e1ch s\u1ea1n, nh\u00e0 h\u00e0ng, khu th\u01b0\u01a1ng m\u1ea1i v\u00e0 bi\u1ec7t th\u1ef1 cao c\u1ea5p \u2013 n\u01a1i \u0111\u1ec1 cao s\u1ef1 sang tr\u1ecdng v\u00e0 \u0111\u1ed9 b\u1ec1n v\u01b0\u1ee3t tr\u1ed9i.<\/p>\n","protected":false},"excerpt":{"rendered":"<p data-start=\"1870\" data-end=\"1979\"><strong data-start=\"864\" data-end=\"885\">V\u00f2i x\u1ea3 x\u00f4 Ehrlich<\/strong> \u2013 Nh\u1ecf g\u1ecdn, ch\u1eafc ch\u1eafn, x\u1ea3 n\u01b0\u1edbc m\u1ea1nh m\u1ebd. Ch\u1ea5t li\u1ec7u <strong data-start=\"935\" data-end=\"967\">\u0111\u1ed3ng m\u1ea1 chrome<\/strong>, ch\u1ed1ng g\u1ec9 s\u00e9t, b\u1ec1n \u0111\u1eb9p, d\u1ec5 s\u1eed d\u1ee5ng. Gi\u1ea3i ph\u00e1p ti\u1ec7n l\u1ee3i cho ph\u00f2ng t\u1eafm v\u00e0 c\u00f4ng tr\u00ecnh hi\u1ec7n \u0111\u1ea1i.<\/p>\n","protected":false},"featured_media":3255,"comment_status":"open","ping_status":"closed","template":"","meta":{"_acf_changed":false},"product_brand":[],"product_cat":[23,15,40],"product_tag":[],"class_list":{"0":"post-3402","1":"product","2":"type-product","3":"status-publish","4":"has-post-thumbnail","6":"product_cat-thiet-bi-phong-ve-sinh","7":"product_cat-san-pham","8":"product_cat-phu-kien-phong-tam","10":"first","11":"instock","12":"sale","13":"shipping-taxable","14":"purchasable","15":"product-type-simple"},"acf":[],"_links":{"self":[{"href":"https:\/\/ehrlichvietnam.vn\/en\/wp-json\/wp\/v2\/product\/3402","targetHints":{"allow":["GET"]}}],"collection":[{"href":"https:\/\/ehrlichvietnam.vn\/en\/wp-json\/wp\/v2\/product"}],"about":[{"href":"https:\/\/ehrlichvietnam.vn\/en\/wp-json\/wp\/v2\/types\/product"}],"replies":[{"embeddable":true,"href":"https:\/\/ehrlichvietnam.vn\/en\/wp-json\/wp\/v2\/comments?post=3402"}],"wp:featuredmedia":[{"embeddable":true,"href":"https:\/\/ehrlichvietnam.vn\/en\/wp-json\/wp\/v2\/media\/3255"}],"wp:attachment":[{"href":"https:\/\/ehrlichvietnam.vn\/en\/wp-json\/wp\/v2\/media?parent=3402"}],"wp:term":[{"taxonomy":"product_brand","embeddable":true,"href":"https:\/\/ehrlichvietnam.vn\/en\/wp-json\/wp\/v2\/product_brand?post=3402"},{"taxonomy":"product_cat","embeddable":true,"href":"https:\/\/ehrlichvietnam.vn\/en\/wp-json\/wp\/v2\/product_cat?post=3402"},{"taxonomy":"product_tag","embeddable":true,"href":"https:\/\/ehrlichvietnam.vn\/en\/wp-json\/wp\/v2\/product_tag?post=3402"}],"curies":[{"name":"wp","href":"https:\/\/api.w.org\/{rel}","templated":true}]}}