{"id":3400,"date":"2025-09-29T16:41:51","date_gmt":"2025-09-29T16:41:51","guid":{"rendered":"https:\/\/ehrlichvietnam.vn\/?post_type=product&#038;p=3400"},"modified":"2025-10-22T03:24:29","modified_gmt":"2025-10-22T03:24:29","slug":"van-khoa-nuoc-vk-t1a","status":"publish","type":"product","link":"https:\/\/ehrlichvietnam.vn\/van-khoa-nuoc-vk-t1a\/","title":{"rendered":"Van kh\u00f3a n\u01b0\u1edbc VK-T1A"},"content":{"rendered":"<p data-start=\"128\" data-end=\"423\"><strong data-start=\"128\" data-end=\"161\">Van kh\u00f3a n\u01b0\u1edbc cao c\u1ea5p Ehrlich<\/strong> l\u00e0 ph\u1ee5 ki\u1ec7n quan tr\u1ecdng trong h\u1ec7 th\u1ed1ng c\u1ea5p tho\u00e1t n\u01b0\u1edbc, gi\u00fap \u0111i\u1ec1u ch\u1ec9nh, ng\u1eaft d\u00f2ng ch\u1ea3y m\u1ed9t c\u00e1ch linh ho\u1ea1t v\u00e0 an to\u00e0n. S\u1ea3n ph\u1ea9m \u0111\u01b0\u1ee3c ch\u1ebf t\u00e1c t\u1eeb <strong data-start=\"314\" data-end=\"356\">\u0111\u1ed3ng thau\/inox 304 m\u1ea1 chrome s\u00e1ng b\u00f3ng<\/strong>, ch\u1ed1ng g\u1ec9 s\u00e9t, ch\u1ecbu \u00e1p l\u1ef1c n\u01b0\u1edbc cao v\u00e0 \u0111\u1ea3m b\u1ea3o tu\u1ed5i th\u1ecd b\u1ec1n l\u00e2u.<\/p>\n<p data-start=\"425\" data-end=\"700\">Thi\u1ebft k\u1ebf nh\u1ecf g\u1ecdn, tay v\u1eb7n ch\u1eafc ch\u1eafn, thao t\u00e1c nh\u1eb9 nh\u00e0ng, mang l\u1ea1i s\u1ef1 ti\u1ec7n l\u1ee3i trong qu\u00e1 tr\u00ecnh s\u1eed d\u1ee5ng. Van kh\u00f3a n\u01b0\u1edbc Ehrlich t\u01b0\u01a1ng th\u00edch v\u1edbi h\u1ea7u h\u1ebft h\u1ec7 th\u1ed1ng \u0111\u01b0\u1eddng \u1ed1ng d\u00e2n d\u1ee5ng v\u00e0 c\u00f4ng tr\u00ecnh hi\u1ec7n \u0111\u1ea1i, l\u1eafp \u0111\u1eb7t nhanh ch\u00f3ng, ti\u1ebft ki\u1ec7m th\u1eddi gian nh\u01b0ng v\u1eabn \u0111\u1ea3m b\u1ea3o t\u00ednh \u1ed5n \u0111\u1ecbnh.<\/p>\n<p data-start=\"702\" data-end=\"831\">L\u00e0 l\u1ef1a ch\u1ecdn ho\u00e0n h\u1ea3o cho <strong data-start=\"727\" data-end=\"774\">nh\u00e0 t\u1eafm, nh\u00e0 b\u1ebfp, lavabo, b\u1ed3n c\u1ea7u, m\u00e1y gi\u1eb7t<\/strong>, v\u00e0 c\u1ea3 c\u00e1c c\u00f4ng tr\u00ecnh th\u01b0\u01a1ng m\u1ea1i, kh\u00e1ch s\u1ea1n, bi\u1ec7t th\u1ef1.<\/p>\n","protected":false},"excerpt":{"rendered":"<p data-start=\"1870\" data-end=\"1979\"><strong data-start=\"879\" data-end=\"904\">Van kh\u00f3a n\u01b0\u1edbc Ehrlich<\/strong> \u2013 Nh\u1ecf g\u1ecdn, b\u1ec1n \u0111\u1eb9p, ti\u1ec7n d\u1ee5ng. Ch\u1ea5t li\u1ec7u <strong data-start=\"946\" data-end=\"978\">\u0111\u1ed3ng thau\/inox 304 m\u1ea1 chrome<\/strong>, ch\u1ed1ng g\u1ec9 s\u00e9t, ch\u1ecbu \u00e1p l\u1ef1c cao, thao t\u00e1c d\u1ec5 d\u00e0ng. L\u1ef1a ch\u1ecdn t\u1ed1i \u01b0u cho ph\u00f2ng t\u1eafm, nh\u00e0 b\u1ebfp v\u00e0 nhi\u1ec1u c\u00f4ng tr\u00ecnh hi\u1ec7n \u0111\u1ea1i.<\/p>\n","protected":false},"featured_media":3253,"comment_status":"open","ping_status":"closed","template":"","meta":{"_acf_changed":false},"product_brand":[],"product_cat":[23,15,40],"product_tag":[],"class_list":{"0":"post-3400","1":"product","2":"type-product","3":"status-publish","4":"has-post-thumbnail","6":"product_cat-thiet-bi-phong-ve-sinh","7":"product_cat-san-pham","8":"product_cat-phu-kien-phong-tam","10":"first","11":"instock","12":"sale","13":"shipping-taxable","14":"purchasable","15":"product-type-simple"},"acf":[],"_links":{"self":[{"href":"https:\/\/ehrlichvietnam.vn\/en\/wp-json\/wp\/v2\/product\/3400","targetHints":{"allow":["GET"]}}],"collection":[{"href":"https:\/\/ehrlichvietnam.vn\/en\/wp-json\/wp\/v2\/product"}],"about":[{"href":"https:\/\/ehrlichvietnam.vn\/en\/wp-json\/wp\/v2\/types\/product"}],"replies":[{"embeddable":true,"href":"https:\/\/ehrlichvietnam.vn\/en\/wp-json\/wp\/v2\/comments?post=3400"}],"wp:featuredmedia":[{"embeddable":true,"href":"https:\/\/ehrlichvietnam.vn\/en\/wp-json\/wp\/v2\/media\/3253"}],"wp:attachment":[{"href":"https:\/\/ehrlichvietnam.vn\/en\/wp-json\/wp\/v2\/media?parent=3400"}],"wp:term":[{"taxonomy":"product_brand","embeddable":true,"href":"https:\/\/ehrlichvietnam.vn\/en\/wp-json\/wp\/v2\/product_brand?post=3400"},{"taxonomy":"product_cat","embeddable":true,"href":"https:\/\/ehrlichvietnam.vn\/en\/wp-json\/wp\/v2\/product_cat?post=3400"},{"taxonomy":"product_tag","embeddable":true,"href":"https:\/\/ehrlichvietnam.vn\/en\/wp-json\/wp\/v2\/product_tag?post=3400"}],"curies":[{"name":"wp","href":"https:\/\/api.w.org\/{rel}","templated":true}]}}