{"id":3395,"date":"2025-09-29T16:28:49","date_gmt":"2025-09-29T16:28:49","guid":{"rendered":"https:\/\/ehrlichvietnam.vn\/?post_type=product&#038;p=3395"},"modified":"2025-09-29T16:30:50","modified_gmt":"2025-09-29T16:30:50","slug":"chan-sen-cao-cap-chs-02","status":"publish","type":"product","link":"https:\/\/ehrlichvietnam.vn\/chan-sen-cao-cap-chs-02\/","title":{"rendered":"Ch\u00e2n sen cao c\u1ea5p CHS-02"},"content":{"rendered":"<h3 data-start=\"0\" data-end=\"41\">Ch\u00e2n Sen Cao C\u1ea5p Ehrlich<\/h3>\n<p data-start=\"43\" data-end=\"277\">Ch\u00e2n sen cao c\u1ea5p <strong data-start=\"60\" data-end=\"71\">Ehrlich<\/strong> \u0111\u01b0\u1ee3c thi\u1ebft k\u1ebf t\u1ec9 m\u1ec9, mang \u0111\u1ebfn s\u1ef1 ch\u1eafc ch\u1eafn v\u00e0 b\u1ec1n b\u1ec9 cho h\u1ec7 th\u1ed1ng sen t\u1eafm. S\u1ea3n ph\u1ea9m l\u00e0m t\u1eeb <strong data-start=\"163\" data-end=\"205\">\u0111\u1ed3ng thau\/inox 304 m\u1ea1 chrome s\u00e1ng b\u00f3ng<\/strong>, ch\u1ed1ng g\u1ec9 s\u00e9t v\u00e0 ch\u1ecbu \u0111\u01b0\u1ee3c \u00e1p l\u1ef1c n\u01b0\u1edbc cao, \u0111\u1ea3m b\u1ea3o tu\u1ed5i th\u1ecd l\u00e2u d\u00e0i.<\/p>\n<p data-start=\"279\" data-end=\"617\">V\u1edbi thi\u1ebft k\u1ebf <strong data-start=\"292\" data-end=\"317\">chu\u1ea9n k\u1ebft n\u1ed1i qu\u1ed1c t\u1ebf<\/strong>, ch\u00e2n sen gi\u00fap vi\u1ec7c l\u1eafp \u0111\u1eb7t sen t\u1eafm nhanh ch\u00f3ng, kh\u1edbp n\u1ed1i ch\u00ednh x\u00e1c v\u00e0 an to\u00e0n. Ki\u1ec3u d\u00e1ng nh\u1ecf g\u1ecdn, tinh t\u1ebf, ph\u00f9 h\u1ee3p v\u1edbi m\u1ecdi kh\u00f4ng gian ph\u00f2ng t\u1eafm t\u1eeb hi\u1ec7n \u0111\u1ea1i \u0111\u1ebfn cao c\u1ea5p. \u0110\u00e2y l\u00e0 ph\u1ee5 ki\u1ec7n tuy nh\u1ecf nh\u01b0ng \u0111\u00f3ng vai tr\u00f2 quan tr\u1ecdng, g\u00f3p ph\u1ea7n ho\u00e0n thi\u1ec7n s\u1ef1 \u0111\u1ed3ng b\u1ed9 v\u00e0 sang tr\u1ecdng c\u1ee7a b\u1ed9 sen t\u1eafm <strong data-start=\"603\" data-end=\"614\">Ehrlich<\/strong>.<\/p>\n","protected":false},"excerpt":{"rendered":"<p data-start=\"1870\" data-end=\"1979\">\ud83d\udc49 <strong data-start=\"62\" data-end=\"90\">Ch\u00e2n sen cao c\u1ea5p Ehrlich<\/strong> \u2013 Ph\u1ee5 ki\u1ec7n nh\u1ecf nh\u01b0ng \u201cch\u1ea5t\u201d, l\u00e0m t\u1eeb <strong data-start=\"127\" data-end=\"159\">\u0111\u1ed3ng thau\/inox 304 m\u1ea1 chrome<\/strong> s\u00e1ng b\u00f3ng, ch\u1ed1ng g\u1ec9 s\u00e9t, ch\u1ecbu \u00e1p l\u1ef1c n\u01b0\u1edbc cao. L\u1eafp \u0111\u1eb7t nhanh, b\u1ec1n b\u1ec9, ho\u00e0n thi\u1ec7n tr\u1ecdn v\u1eb9n cho ph\u00f2ng t\u1eafm sang tr\u1ecdng.<\/p>\n","protected":false},"featured_media":3275,"comment_status":"open","ping_status":"closed","template":"","meta":{"_acf_changed":false},"product_brand":[],"product_cat":[23,15,40],"product_tag":[],"class_list":{"0":"post-3395","1":"product","2":"type-product","3":"status-publish","4":"has-post-thumbnail","6":"product_cat-thiet-bi-phong-ve-sinh","7":"product_cat-san-pham","8":"product_cat-phu-kien-phong-tam","10":"first","11":"instock","12":"sale","13":"shipping-taxable","14":"purchasable","15":"product-type-simple"},"acf":[],"_links":{"self":[{"href":"https:\/\/ehrlichvietnam.vn\/en\/wp-json\/wp\/v2\/product\/3395","targetHints":{"allow":["GET"]}}],"collection":[{"href":"https:\/\/ehrlichvietnam.vn\/en\/wp-json\/wp\/v2\/product"}],"about":[{"href":"https:\/\/ehrlichvietnam.vn\/en\/wp-json\/wp\/v2\/types\/product"}],"replies":[{"embeddable":true,"href":"https:\/\/ehrlichvietnam.vn\/en\/wp-json\/wp\/v2\/comments?post=3395"}],"wp:featuredmedia":[{"embeddable":true,"href":"https:\/\/ehrlichvietnam.vn\/en\/wp-json\/wp\/v2\/media\/3275"}],"wp:attachment":[{"href":"https:\/\/ehrlichvietnam.vn\/en\/wp-json\/wp\/v2\/media?parent=3395"}],"wp:term":[{"taxonomy":"product_brand","embeddable":true,"href":"https:\/\/ehrlichvietnam.vn\/en\/wp-json\/wp\/v2\/product_brand?post=3395"},{"taxonomy":"product_cat","embeddable":true,"href":"https:\/\/ehrlichvietnam.vn\/en\/wp-json\/wp\/v2\/product_cat?post=3395"},{"taxonomy":"product_tag","embeddable":true,"href":"https:\/\/ehrlichvietnam.vn\/en\/wp-json\/wp\/v2\/product_tag?post=3395"}],"curies":[{"name":"wp","href":"https:\/\/api.w.org\/{rel}","templated":true}]}}