{"id":3393,"date":"2025-09-29T16:21:00","date_gmt":"2025-09-29T16:21:00","guid":{"rendered":"https:\/\/ehrlichvietnam.vn\/?post_type=product&#038;p=3393"},"modified":"2025-10-22T03:25:15","modified_gmt":"2025-10-22T03:25:15","slug":"xit-ve-sinh-cao-cap-y021","status":"publish","type":"product","link":"https:\/\/ehrlichvietnam.vn\/xit-ve-sinh-cao-cap-y021\/","title":{"rendered":"X\u1ecbt v\u1ec7 sinh cao c\u1ea5p Y021"},"content":{"rendered":"<h2 data-start=\"118\" data-end=\"187\"><strong data-start=\"121\" data-end=\"185\">X\u1ecbt v\u1ec7 sinh cao c\u1ea5p Ehrlich \u2013 Ti\u1ec7n \u00edch, sang tr\u1ecdng v\u00e0 b\u1ec1n b\u1ec9<\/strong><\/h2>\n<p data-start=\"239\" data-end=\"560\">Trong ph\u00f2ng t\u1eafm hi\u1ec7n \u0111\u1ea1i, m\u1ed9t chi\u1ebfc <strong data-start=\"275\" data-end=\"298\">x\u1ecbt v\u1ec7 sinh cao c\u1ea5p<\/strong> kh\u00f4ng ch\u1ec9 l\u00e0 v\u1eadt d\u1ee5ng ti\u1ec7n \u00edch m\u00e0 c\u00f2n th\u1ec3 hi\u1ec7n s\u1ef1 tinh t\u1ebf v\u00e0 quan t\u00e2m \u0111\u1ebfn tr\u1ea3i nghi\u1ec7m ng\u01b0\u1eddi d\u00f9ng. <strong data-start=\"397\" data-end=\"420\">X\u1ecbt v\u1ec7 sinh Ehrlich<\/strong> \u0111\u01b0\u1ee3c ch\u1ebf t\u00e1c t\u1eeb ch\u1ea5t li\u1ec7u <strong>\u00a0Inox + nh\u1ef1a ABS m\u1ea1 crome, ty \u0111\u1ed3ng<\/strong>, mang l\u1ea1i \u0111\u1ed9 b\u1ec1n v\u01b0\u1ee3t tr\u1ed9i, ch\u1ed1ng g\u1ec9 s\u00e9t v\u00e0 lu\u00f4n s\u00e1ng b\u00f3ng nh\u01b0 m\u1edbi.<\/p>\n<p data-start=\"562\" data-end=\"896\">S\u1ea3n ph\u1ea9m \u0111\u01b0\u1ee3c trang b\u1ecb <strong data-start=\"585\" data-end=\"634\">\u0111\u1ea7u x\u1ecbt \u00e1p l\u1ef1c m\u1ea1nh \u2013 tia n\u01b0\u1edbc \u0111\u1ec1u v\u00e0 \u1ed5n \u0111\u1ecbnh<\/strong>, gi\u00fap l\u00e0m s\u1ea1ch nhanh ch\u00f3ng, ti\u1ebft ki\u1ec7m n\u01b0\u1edbc nh\u01b0ng v\u1eabn \u0111\u1ea3m b\u1ea3o v\u1ec7 sinh t\u1ed1i \u01b0u. <strong data-start=\"712\" data-end=\"749\">Tay c\u1ea7m v\u1eeba v\u1eb7n, ch\u1ed1ng tr\u01a1n tr\u01b0\u1ee3t<\/strong> t\u1ea1o c\u1ea3m gi\u00e1c tho\u1ea3i m\u00e1i khi s\u1eed d\u1ee5ng. D\u00e2y d\u1eabn n\u01b0\u1edbc \u0111i k\u00e8m \u0111\u01b0\u1ee3c l\u00e0m t\u1eeb <strong data-start=\"818\" data-end=\"852\">Inox 304 ch\u1ecbu \u00e1p l\u1ef1c<\/strong>, ch\u1ed1ng xo\u1eafn r\u1ed1i, b\u1ec1n ch\u1eafc theo th\u1eddi gian.<\/p>\n<p data-start=\"898\" data-end=\"1185\">Thi\u1ebft k\u1ebf hi\u1ec7n \u0111\u1ea1i, sang tr\u1ecdng v\u1edbi b\u1ec1 m\u1eb7t m\u1ea1 s\u00e1ng g\u01b0\u01a1ng, <strong data-start=\"954\" data-end=\"985\">x\u1ecbt v\u1ec7 sinh cao c\u1ea5p Ehrlich<\/strong> ph\u00f9 h\u1ee3p cho m\u1ecdi phong c\u00e1ch ph\u00f2ng t\u1eafm t\u1eeb nh\u00e0 ph\u1ed1, chung c\u01b0 \u0111\u1ebfn kh\u00e1ch s\u1ea1n, resort. \u0110\u00e2y l\u00e0 s\u1ef1 k\u1ebft h\u1ee3p ho\u00e0n h\u1ea3o gi\u1eefa c\u00f4ng n\u0103ng \u2013 \u0111\u1ed9 b\u1ec1n \u2013 th\u1ea9m m\u1ef9, mang \u0111\u1ebfn s\u1ef1 ti\u1ec7n nghi v\u00e0 \u0111\u1eb3ng c\u1ea5p cho kh\u00f4ng gian s\u1ed1ng.<\/p>\n","protected":false},"excerpt":{"rendered":"<p data-start=\"1870\" data-end=\"1979\">\ud83d\udc49 <strong data-start=\"1856\" data-end=\"1976\">X\u1ecbt v\u1ec7 sinh cao c\u1ea5p Ehrlich \u2013 Nh\u1ecf g\u1ecdn, ti\u1ec7n l\u1ee3i nh\u01b0ng b\u1ec1n b\u1ec9 v\u00e0 sang tr\u1ecdng, n\u00e2ng t\u1ea7m tr\u1ea3i nghi\u1ec7m ph\u00f2ng t\u1eafm hi\u1ec7n \u0111\u1ea1i.<\/strong><\/p>\n","protected":false},"featured_media":3249,"comment_status":"open","ping_status":"closed","template":"","meta":{"_acf_changed":false},"product_brand":[],"product_cat":[23,15,40],"product_tag":[],"class_list":{"0":"post-3393","1":"product","2":"type-product","3":"status-publish","4":"has-post-thumbnail","6":"product_cat-thiet-bi-phong-ve-sinh","7":"product_cat-san-pham","8":"product_cat-phu-kien-phong-tam","10":"first","11":"instock","12":"sale","13":"shipping-taxable","14":"purchasable","15":"product-type-simple"},"acf":[],"_links":{"self":[{"href":"https:\/\/ehrlichvietnam.vn\/en\/wp-json\/wp\/v2\/product\/3393","targetHints":{"allow":["GET"]}}],"collection":[{"href":"https:\/\/ehrlichvietnam.vn\/en\/wp-json\/wp\/v2\/product"}],"about":[{"href":"https:\/\/ehrlichvietnam.vn\/en\/wp-json\/wp\/v2\/types\/product"}],"replies":[{"embeddable":true,"href":"https:\/\/ehrlichvietnam.vn\/en\/wp-json\/wp\/v2\/comments?post=3393"}],"wp:featuredmedia":[{"embeddable":true,"href":"https:\/\/ehrlichvietnam.vn\/en\/wp-json\/wp\/v2\/media\/3249"}],"wp:attachment":[{"href":"https:\/\/ehrlichvietnam.vn\/en\/wp-json\/wp\/v2\/media?parent=3393"}],"wp:term":[{"taxonomy":"product_brand","embeddable":true,"href":"https:\/\/ehrlichvietnam.vn\/en\/wp-json\/wp\/v2\/product_brand?post=3393"},{"taxonomy":"product_cat","embeddable":true,"href":"https:\/\/ehrlichvietnam.vn\/en\/wp-json\/wp\/v2\/product_cat?post=3393"},{"taxonomy":"product_tag","embeddable":true,"href":"https:\/\/ehrlichvietnam.vn\/en\/wp-json\/wp\/v2\/product_tag?post=3393"}],"curies":[{"name":"wp","href":"https:\/\/api.w.org\/{rel}","templated":true}]}}