{"id":3382,"date":"2025-09-29T15:07:07","date_gmt":"2025-09-29T15:07:07","guid":{"rendered":"https:\/\/ehrlichvietnam.vn\/?post_type=product&#038;p=3382"},"modified":"2026-04-06T09:00:46","modified_gmt":"2026-04-06T09:00:46","slug":"sen-cay-ehr-sc6018","status":"publish","type":"product","link":"https:\/\/ehrlichvietnam.vn\/sen-cay-ehr-sc6018\/","title":{"rendered":"Sen c\u00e2y  EHR-SC6018B"},"content":{"rendered":"<h2 data-start=\"127\" data-end=\"204\">\ud83d\udec1 Sen c\u00e2y \u0111\u1ed3ng m\u1ea1 Chrome cao c\u1ea5p Ehrlich \u2013 Sang tr\u1ecdng, b\u1ec1n b\u1ec9 chu\u1ea9n \u0110\u1ee9c<\/h2>\n<p data-start=\"206\" data-end=\"411\">Sen c\u00e2y \u0111\u1ed3ng m\u1ea1 Chrome cao c\u1ea5p c\u1ee7a Ehrlich \u2013 thi\u1ebft k\u1ebf tinh t\u1ebf, ch\u1ea5t li\u1ec7u c\u1ee7 \u0111\u1ed3ng nguy\u00ean kh\u1ed1i b\u1ec1n ch\u1eafc, b\u1ec1 m\u1eb7t s\u00e1ng b\u00f3ng ch\u1ed1ng oxy h\u00f3a. N\u00e2ng t\u1ea7m ph\u00f2ng t\u1eafm hi\u1ec7n \u0111\u1ea1i v\u00e0 ti\u1ec7n nghi.<\/p>\n<h3 data-start=\"413\" data-end=\"438\">Gi\u1edbi thi\u1ec7u s\u1ea3n ph\u1ea9m<\/h3>\n<p data-start=\"439\" data-end=\"725\">Sen c\u00e2y <strong data-start=\"447\" data-end=\"481\">\u0111\u1ed3ng m\u1ea1 Chrome cao c\u1ea5p Ehrlich<\/strong> \u0111\u01b0\u1ee3c ch\u1ebf t\u00e1c t\u1eeb <strong data-start=\"498\" data-end=\"518\">\u0111\u1ed3ng nguy\u00ean kh\u1ed1i<\/strong> ph\u1ee7 l\u1edbp m\u1ea1 Chrome s\u00e1ng b\u00f3ng, mang l\u1ea1i v\u1ebb ngo\u00e0i hi\u1ec7n \u0111\u1ea1i, sang tr\u1ecdng v\u00e0 lu\u00f4n nh\u01b0 m\u1edbi. L\u1edbp m\u1ea1 cao c\u1ea5p gi\u00fap s\u1ea3n ph\u1ea9m <strong data-start=\"633\" data-end=\"679\">ch\u1ed1ng oxy h\u00f3a, ch\u1ed1ng g\u1ec9 s\u00e9t, ch\u1ed1ng b\u00e1m c\u1eb7n<\/strong> v\u00e0 duy tr\u00ec \u0111\u1ed9 b\u1ec1n v\u01b0\u1ee3t tr\u1ed9i theo th\u1eddi gian.<\/p>\n<h3 data-start=\"727\" data-end=\"750\">Thi\u1ebft k\u1ebf hi\u1ec7n \u0111\u1ea1i<\/h3>\n<ul data-start=\"751\" data-end=\"959\">\n<li data-start=\"751\" data-end=\"827\">\n<p data-start=\"753\" data-end=\"827\">Ki\u1ec3u d\u00e1ng hi\u1ec7n \u0111\u1ea1i,<strong data-start=\"763\" data-end=\"785\">\u00a0tinh t\u1ebf<\/strong> ph\u00f9 h\u1ee3p v\u1edbi nhi\u1ec1u phong c\u00e1ch ph\u00f2ng t\u1eafm.<\/p>\n<\/li>\n<li data-start=\"828\" data-end=\"886\">\n<p data-start=\"830\" data-end=\"886\">B\u00e1t sen \u0111\u1ec9nh cho tia n\u01b0\u1edbc \u0111\u1ec1u, \u00eam d\u1ecbu nh\u01b0 m\u01b0a t\u1ef1 nhi\u00ean.<\/p>\n<\/li>\n<li data-start=\"887\" data-end=\"959\">\n<p data-start=\"889\" data-end=\"959\">B\u00e1t sen c\u1ea7m tay ti\u1ec7n d\u1ee5ng, d\u1ec5 d\u00e0ng \u0111i\u1ec1u ch\u1ec9nh khi c\u1ea7n t\u1eafm g\u1ed9i linh ho\u1ea1t.<\/p>\n<\/li>\n<\/ul>\n<h3 data-start=\"961\" data-end=\"984\">T\u00ednh n\u0103ng n\u1ed5i b\u1eadt<\/h3>\n<ul data-start=\"985\" data-end=\"1251\">\n<li data-start=\"985\" data-end=\"1031\">\n<p data-start=\"987\" data-end=\"1031\"><strong data-start=\"987\" data-end=\"1001\">Ch\u1ea5t li\u1ec7u:<\/strong> \u0110\u1ed3ng nguy\u00ean kh\u1ed1i m\u1ea1 Chrome.<\/p>\n<\/li>\n<li data-start=\"1032\" data-end=\"1079\">\n<p data-start=\"1034\" data-end=\"1079\"><strong data-start=\"1034\" data-end=\"1045\">\u0110\u1ed9 b\u1ec1n:<\/strong> Ch\u1ed1ng bong tr\u00f3c, ch\u1ed1ng x\u1ec9n m\u00e0u.<\/p>\n<\/li>\n<li data-start=\"1080\" data-end=\"1171\">\n<p data-start=\"1082\" data-end=\"1171\"><strong data-start=\"1082\" data-end=\"1096\">C\u00f4ng n\u0103ng:<\/strong> D\u1ec5 \u0111i\u1ec1u ch\u1ec9nh nhi\u1ec7t \u0111\u1ed9 v\u00e0 \u00e1p l\u1ef1c n\u01b0\u1edbc, t\u1ea1o tr\u1ea3i nghi\u1ec7m th\u01b0 gi\u00e3n nh\u01b0 spa.<\/p>\n<\/li>\n<li data-start=\"1172\" data-end=\"1251\">\n<p data-start=\"1174\" data-end=\"1251\"><strong data-start=\"1174\" data-end=\"1187\">\u1ee8ng d\u1ee5ng:<\/strong> Th\u00edch h\u1ee3p cho c\u0103n h\u1ed9, nh\u00e0 ph\u1ed1, bi\u1ec7t th\u1ef1 v\u00e0 kh\u00e1ch s\u1ea1n cao c\u1ea5p.<\/p>\n<\/li>\n<\/ul>\n<h3 data-start=\"1253\" data-end=\"1287\">V\u00ec sao ch\u1ecdn sen c\u00e2y Ehrlich?<\/h3>\n<ul data-start=\"1288\" data-end=\"1428\">\n<li data-start=\"1288\" data-end=\"1332\">\n<p data-start=\"1290\" data-end=\"1332\">Th\u01b0\u01a1ng hi\u1ec7u thi\u1ebft b\u1ecb v\u1ec7 sinh \u0110\u1ee9c uy t\u00edn.<\/p>\n<\/li>\n<li data-start=\"1333\" data-end=\"1372\">\n<p data-start=\"1335\" data-end=\"1372\">Ch\u1ea5t l\u01b0\u1ee3ng cao c\u1ea5p, \u0111\u1ed9 b\u1ec1n l\u00e2u d\u00e0i.<\/p>\n<\/li>\n<li data-start=\"1373\" data-end=\"1428\">\n<p data-start=\"1375\" data-end=\"1428\">Thi\u1ebft k\u1ebf sang tr\u1ecdng, n\u00e2ng t\u1ea7m kh\u00f4ng gian ph\u00f2ng t\u1eafm.<\/p>\n<\/li>\n<\/ul>\n<p data-start=\"1430\" data-end=\"1561\">\ud83d\udc49 V\u1edbi <strong data-start=\"1437\" data-end=\"1483\">sen c\u00e2y \u0111\u1ed3ng m\u1ea1 Chrome cao c\u1ea5p c\u1ee7a Ehrlich<\/strong>, kh\u00f4ng gian t\u1eafm kh\u00f4ng ch\u1ec9 ti\u1ec7n nghi m\u00e0 c\u00f2n to\u00e1t l\u00ean s\u1ef1 \u0111\u1eb3ng c\u1ea5p, kh\u00e1c bi\u1ec7t.<\/p>\n","protected":false},"excerpt":{"rendered":"<p data-start=\"143\" data-end=\"366\"><span style=\"font-size: 14pt;\"><strong data-start=\"68\" data-end=\"114\">Sen c\u00e2y \u0111\u1ed3ng nguy\u00ean kh\u1ed1i m\u1ea1 crome cao c\u1ea5p Ehrlich<\/strong> \u2013 l\u1ef1a ch\u1ecdn sang tr\u1ecdng cho ph\u00f2ng t\u1eafm hi\u1ec7n \u0111\u1ea1i.<\/span><br data-start=\"160\" data-end=\"163\" \/><span style=\"font-size: 14pt;\">S\u1ea3n ph\u1ea9m l\u00e0m t\u1eeb <strong data-start=\"68\" data-end=\"114\">\u0111\u1ed3ng nguy\u00ean kh\u1ed1i<\/strong>, ch\u1ed1ng g\u1ec9 s\u00e9t, b\u1ec1n \u0111\u1eb9p v\u1edbi b\u1ec1 m\u1eb7t <strong data-start=\"238\" data-end=\"265\">\u0111\u00e1nh b\u00f3ng cao c\u1ea5p<\/strong> s\u00e1ng b\u00f3ng l\u00e2u d\u00e0i. Thi\u1ebft k\u1ebf tinh t\u1ebf, tia n\u01b0\u1edbc m\u1ea1nh m\u1ebd, mang \u0111\u1ebfn tr\u1ea3i nghi\u1ec7m t\u1eafm th\u01b0 gi\u00e3n chu\u1ea9n phong c\u00e1ch \u0110\u1ee9c.<\/span><\/p>\n","protected":false},"featured_media":3383,"comment_status":"open","ping_status":"closed","template":"","meta":{"_acf_changed":false},"product_brand":[139],"product_cat":[23,15,33],"product_tag":[],"class_list":{"0":"post-3382","1":"product","2":"type-product","3":"status-publish","4":"has-post-thumbnail","6":"product_brand-ehrlich","7":"product_cat-thiet-bi-phong-ve-sinh","8":"product_cat-san-pham","9":"product_cat-sen-cay","11":"first","12":"instock","13":"sale","14":"shipping-taxable","15":"purchasable","16":"product-type-simple"},"acf":[],"_links":{"self":[{"href":"https:\/\/ehrlichvietnam.vn\/en\/wp-json\/wp\/v2\/product\/3382","targetHints":{"allow":["GET"]}}],"collection":[{"href":"https:\/\/ehrlichvietnam.vn\/en\/wp-json\/wp\/v2\/product"}],"about":[{"href":"https:\/\/ehrlichvietnam.vn\/en\/wp-json\/wp\/v2\/types\/product"}],"replies":[{"embeddable":true,"href":"https:\/\/ehrlichvietnam.vn\/en\/wp-json\/wp\/v2\/comments?post=3382"}],"wp:featuredmedia":[{"embeddable":true,"href":"https:\/\/ehrlichvietnam.vn\/en\/wp-json\/wp\/v2\/media\/3383"}],"wp:attachment":[{"href":"https:\/\/ehrlichvietnam.vn\/en\/wp-json\/wp\/v2\/media?parent=3382"}],"wp:term":[{"taxonomy":"product_brand","embeddable":true,"href":"https:\/\/ehrlichvietnam.vn\/en\/wp-json\/wp\/v2\/product_brand?post=3382"},{"taxonomy":"product_cat","embeddable":true,"href":"https:\/\/ehrlichvietnam.vn\/en\/wp-json\/wp\/v2\/product_cat?post=3382"},{"taxonomy":"product_tag","embeddable":true,"href":"https:\/\/ehrlichvietnam.vn\/en\/wp-json\/wp\/v2\/product_tag?post=3382"}],"curies":[{"name":"wp","href":"https:\/\/api.w.org\/{rel}","templated":true}]}}