{"id":3324,"date":"2025-09-29T13:51:47","date_gmt":"2025-09-29T13:51:47","guid":{"rendered":"https:\/\/ehrlichvietnam.vn\/?post_type=product&#038;p=3324"},"modified":"2025-10-22T03:26:51","modified_gmt":"2025-10-22T03:26:51","slug":"ga-thoat-san-cao-cap-ts06a","status":"publish","type":"product","link":"https:\/\/ehrlichvietnam.vn\/ga-thoat-san-cao-cap-ts06a\/","title":{"rendered":"Ga tho\u00e1t s\u00e0n cao c\u1ea5p TS06A"},"content":{"rendered":"<h2 data-start=\"117\" data-end=\"183\"><strong data-start=\"120\" data-end=\"181\">Ga tho\u00e1t s\u00e0n cao c\u1ea5p Ehrlich \u2013 An to\u00e0n, b\u1ec1n b\u1ec9 v\u00e0 th\u1ea9m m\u1ef9<\/strong><\/h2>\n<p data-start=\"235\" data-end=\"524\">Trong m\u1ed7i c\u00f4ng tr\u00ecnh, h\u1ec7 th\u1ed1ng tho\u00e1t n\u01b0\u1edbc \u0111\u00f3ng vai tr\u00f2 quan tr\u1ecdng \u0111\u1ea3m b\u1ea3o v\u1ec7 sinh, ch\u1ed1ng m\u00f9i h\u00f4i v\u00e0 ng\u0103n c\u00f4n tr\u00f9ng x\u00e2m nh\u1eadp. V\u1edbi ti\u00eau chu\u1ea9n \u0110\u1ee9c, <strong data-start=\"380\" data-end=\"412\">ga tho\u00e1t s\u00e0n cao c\u1ea5p Ehrlich<\/strong> \u0111\u01b0\u1ee3c thi\u1ebft k\u1ebf \u0111\u1ec3 mang l\u1ea1i s\u1ef1 an t\u00e2m tuy\u1ec7t \u0111\u1ed1i cho ng\u01b0\u1eddi d\u00f9ng, \u0111\u1ed3ng th\u1eddi n\u00e2ng cao t\u00ednh th\u1ea9m m\u1ef9 cho kh\u00f4ng gian.<\/p>\n<p data-start=\"526\" data-end=\"821\">S\u1ea3n ph\u1ea9m \u0111\u01b0\u1ee3c ch\u1ebf t\u00e1c t\u1eeb <strong data-start=\"551\" data-end=\"589\">Inox 304 \u0111\u00e1nh b\u00f3ng cao c\u1ea5p<\/strong>, cho kh\u1ea3 n\u0103ng ch\u1ed1ng g\u1ec9 s\u00e9t, ch\u1ed1ng \u0103n m\u00f2n v\u00e0 ch\u1ecbu l\u1ef1c v\u01b0\u1ee3t tr\u1ed9i. L\u01b0\u1edbi l\u1ecdc th\u00f4ng minh gi\u00fap ng\u0103n r\u00e1c hi\u1ec7u qu\u1ea3, tr\u00e1nh t\u1eafc ngh\u1ebdn \u0111\u01b0\u1eddng \u1ed1ng, \u0111\u1ed3ng th\u1eddi <strong data-start=\"735\" data-end=\"777\">c\u01a1 ch\u1ebf ch\u1ed1ng m\u00f9i \u2013 ch\u1ed1ng c\u00f4n tr\u00f9ng k\u00e9p<\/strong> \u0111\u1ea3m b\u1ea3o m\u00f4i tr\u01b0\u1eddng trong l\u00e0nh v\u00e0 s\u1ea1ch s\u1ebd.<\/p>\n<p data-start=\"823\" data-end=\"1053\">B\u1ec1 m\u1eb7t ga tho\u00e1t s\u00e0n <strong data-start=\"843\" data-end=\"880\">\u0111\u01b0\u1ee3c \u0111\u00e1nh b\u00f3ng<\/strong>\u00a0s\u00e1ng \u0111\u1eb9p, sang tr\u1ecdng v\u00e0 b\u1ec1n m\u00e0u theo th\u1eddi gian. Thi\u1ebft k\u1ebf \u0111a d\u1ea1ng ki\u1ec3u d\u00e1ng (vu\u00f4ng, tr\u00f2n, ch\u1eef nh\u1eadt), d\u1ec5 d\u00e0ng ph\u1ed1i h\u1ee3p v\u1edbi m\u1ecdi phong c\u00e1ch n\u1ed9i th\u1ea5t t\u1eeb hi\u1ec7n \u0111\u1ea1i \u0111\u1ebfn cao c\u1ea5p.<\/p>\n<p data-start=\"1055\" data-end=\"1236\">V\u1edbi <strong data-start=\"1059\" data-end=\"1083\">ga tho\u00e1t s\u00e0n Ehrlich<\/strong>, gia ch\u1ee7 kh\u00f4ng ch\u1ec9 s\u1edf h\u1eefu m\u1ed9t thi\u1ebft b\u1ecb v\u1ec7 sinh b\u1ec1n ch\u1eafc, m\u00e0 c\u00f2n c\u00f3 gi\u1ea3i ph\u00e1p an to\u00e0n, ti\u1ec7n \u00edch, n\u00e2ng t\u1ea7m ch\u1ea5t l\u01b0\u1ee3ng s\u1ed1ng trong t\u1eebng chi ti\u1ebft nh\u1ecf nh\u1ea5t.<\/p>\n","protected":false},"excerpt":{"rendered":"<p data-start=\"1870\" data-end=\"1979\">\ud83d\udc49 <strong data-start=\"1873\" data-end=\"1977\">Ga tho\u00e1t s\u00e0n cao c\u1ea5p Ehrlich \u2013 nh\u1ecf g\u1ecdn nh\u01b0ng m\u1ea1nh m\u1ebd, b\u1ea3o v\u1ec7 to\u00e0n di\u1ec7n cho kh\u00f4ng gian s\u1ed1ng hi\u1ec7n \u0111\u1ea1i.<\/strong><\/p>\n","protected":false},"featured_media":3244,"comment_status":"open","ping_status":"closed","template":"","meta":{"_acf_changed":false},"product_brand":[],"product_cat":[23,15,40],"product_tag":[],"class_list":{"0":"post-3324","1":"product","2":"type-product","3":"status-publish","4":"has-post-thumbnail","6":"product_cat-thiet-bi-phong-ve-sinh","7":"product_cat-san-pham","8":"product_cat-phu-kien-phong-tam","10":"first","11":"instock","12":"sale","13":"shipping-taxable","14":"purchasable","15":"product-type-simple"},"acf":[],"_links":{"self":[{"href":"https:\/\/ehrlichvietnam.vn\/en\/wp-json\/wp\/v2\/product\/3324","targetHints":{"allow":["GET"]}}],"collection":[{"href":"https:\/\/ehrlichvietnam.vn\/en\/wp-json\/wp\/v2\/product"}],"about":[{"href":"https:\/\/ehrlichvietnam.vn\/en\/wp-json\/wp\/v2\/types\/product"}],"replies":[{"embeddable":true,"href":"https:\/\/ehrlichvietnam.vn\/en\/wp-json\/wp\/v2\/comments?post=3324"}],"wp:featuredmedia":[{"embeddable":true,"href":"https:\/\/ehrlichvietnam.vn\/en\/wp-json\/wp\/v2\/media\/3244"}],"wp:attachment":[{"href":"https:\/\/ehrlichvietnam.vn\/en\/wp-json\/wp\/v2\/media?parent=3324"}],"wp:term":[{"taxonomy":"product_brand","embeddable":true,"href":"https:\/\/ehrlichvietnam.vn\/en\/wp-json\/wp\/v2\/product_brand?post=3324"},{"taxonomy":"product_cat","embeddable":true,"href":"https:\/\/ehrlichvietnam.vn\/en\/wp-json\/wp\/v2\/product_cat?post=3324"},{"taxonomy":"product_tag","embeddable":true,"href":"https:\/\/ehrlichvietnam.vn\/en\/wp-json\/wp\/v2\/product_tag?post=3324"}],"curies":[{"name":"wp","href":"https:\/\/api.w.org\/{rel}","templated":true}]}}