{"id":3322,"date":"2025-09-29T10:19:27","date_gmt":"2025-09-29T10:19:27","guid":{"rendered":"https:\/\/ehrlichvietnam.vn\/?post_type=product&#038;p=3322"},"modified":"2025-10-22T03:27:15","modified_gmt":"2025-10-22T03:27:15","slug":"vat-khan-doi-vk1-855","status":"publish","type":"product","link":"https:\/\/ehrlichvietnam.vn\/vat-khan-doi-vk1-855\/","title":{"rendered":"V\u1eaft kh\u0103n \u0111\u00f4i VK1-855"},"content":{"rendered":"<h2 data-start=\"127\" data-end=\"175\"><strong data-start=\"130\" data-end=\"173\">V\u1eaft kh\u0103n \u0111\u01a1n Inox 304 cao c\u1ea5p \u2013 Ehrlich<\/strong><\/h2>\n<p data-start=\"227\" data-end=\"425\">S\u1ef1 \u0111\u01a1n gi\u1ea3n \u0111\u00f4i khi l\u1ea1i mang \u0111\u1ebfn gi\u00e1 tr\u1ecb tinh t\u1ebf v\u00e0 b\u1ec1n v\u1eefng nh\u1ea5t. <strong data-start=\"294\" data-end=\"335\">V\u1eaft kh\u0103n \u0111\u01a1n Inox 304 cao c\u1ea5p Ehrlich<\/strong> \u0111\u01b0\u1ee3c thi\u1ebft k\u1ebf t\u1ed1i gi\u1ea3n nh\u01b0ng sang tr\u1ecdng, ph\u00f9 h\u1ee3p cho m\u1ecdi kh\u00f4ng gian ph\u00f2ng t\u1eafm hi\u1ec7n \u0111\u1ea1i.<\/p>\n<p data-start=\"427\" data-end=\"705\">S\u1ea3n ph\u1ea9m s\u1eed d\u1ee5ng <strong data-start=\"444\" data-end=\"468\">Inox 304 nguy\u00ean kh\u1ed1i<\/strong> v\u1edbi \u0111\u1ed9 d\u00e0y chu\u1ea9n, ch\u1ed1ng g\u1ec9 s\u00e9t v\u00e0 \u0103n m\u00f2n tuy\u1ec7t \u0111\u1ed1i, \u0111\u1ea3m b\u1ea3o b\u1ec1n b\u1ec9 ngay c\u1ea3 trong m\u00f4i tr\u01b0\u1eddng \u1ea9m \u01b0\u1edbt. <strong data-start=\"569\" data-end=\"595\">Thi\u1ebft k\u1ebf m\u1ed9t thanh \u0111\u01a1n<\/strong> nh\u1ecf g\u1ecdn, gi\u00fap treo kh\u0103n t\u1eafm, kh\u0103n m\u1eb7t ho\u1eb7c kh\u0103n lau tay, t\u1ed1i \u01b0u di\u1ec7n t\u00edch v\u00e0 t\u1ea1o s\u1ef1 g\u1ecdn g\u00e0ng cho ph\u00f2ng t\u1eafm.<\/p>\n<p data-start=\"707\" data-end=\"957\">B\u1ec1 m\u1eb7t inox <strong data-start=\"719\" data-end=\"748\">\u0111\u01b0\u1ee3c \u0111\u00e1nh b\u00f3ng<\/strong>, ch\u1ed1ng b\u00e1m b\u1ea9n, d\u1ec5 v\u1ec7 sinh, gi\u1eef \u0111\u01b0\u1ee3c v\u1ebb s\u00e1ng m\u1edbi l\u00e2u d\u00e0i. V\u1edbi ki\u1ec3u d\u00e1ng tinh g\u1ecdn v\u00e0 ch\u1eafc ch\u1eafn, <strong data-start=\"844\" data-end=\"881\">v\u1eaft kh\u0103n \u0111\u01a1n Inox 304 c\u1ee7a Ehrlich<\/strong> l\u00e0 l\u1ef1a ch\u1ecdn l\u00fd t\u01b0\u1edfng cho gia \u0111\u00ecnh, chung c\u01b0, kh\u00e1ch s\u1ea1n v\u00e0 resort cao c\u1ea5p.<\/p>\n","protected":false},"excerpt":{"rendered":"<p data-start=\"1500\" data-end=\"1598\">\ud83d\udc49 <strong data-start=\"1503\" data-end=\"1596\">V\u1eaft kh\u0103n \u0111\u01a1n Inox 304 Ehrlich \u2013 \u0111\u01a1n gi\u1ea3n, b\u1ec1n b\u1ec9 v\u00e0 tinh t\u1ebf cho m\u1ecdi kh\u00f4ng gian ph\u00f2ng t\u1eafm.<\/strong><\/p>\n","protected":false},"featured_media":3288,"comment_status":"open","ping_status":"closed","template":"","meta":{"_acf_changed":false},"product_brand":[],"product_cat":[23,15,40],"product_tag":[],"class_list":{"0":"post-3322","1":"product","2":"type-product","3":"status-publish","4":"has-post-thumbnail","6":"product_cat-thiet-bi-phong-ve-sinh","7":"product_cat-san-pham","8":"product_cat-phu-kien-phong-tam","10":"first","11":"instock","12":"sale","13":"shipping-taxable","14":"purchasable","15":"product-type-simple"},"acf":[],"_links":{"self":[{"href":"https:\/\/ehrlichvietnam.vn\/en\/wp-json\/wp\/v2\/product\/3322","targetHints":{"allow":["GET"]}}],"collection":[{"href":"https:\/\/ehrlichvietnam.vn\/en\/wp-json\/wp\/v2\/product"}],"about":[{"href":"https:\/\/ehrlichvietnam.vn\/en\/wp-json\/wp\/v2\/types\/product"}],"replies":[{"embeddable":true,"href":"https:\/\/ehrlichvietnam.vn\/en\/wp-json\/wp\/v2\/comments?post=3322"}],"wp:featuredmedia":[{"embeddable":true,"href":"https:\/\/ehrlichvietnam.vn\/en\/wp-json\/wp\/v2\/media\/3288"}],"wp:attachment":[{"href":"https:\/\/ehrlichvietnam.vn\/en\/wp-json\/wp\/v2\/media?parent=3322"}],"wp:term":[{"taxonomy":"product_brand","embeddable":true,"href":"https:\/\/ehrlichvietnam.vn\/en\/wp-json\/wp\/v2\/product_brand?post=3322"},{"taxonomy":"product_cat","embeddable":true,"href":"https:\/\/ehrlichvietnam.vn\/en\/wp-json\/wp\/v2\/product_cat?post=3322"},{"taxonomy":"product_tag","embeddable":true,"href":"https:\/\/ehrlichvietnam.vn\/en\/wp-json\/wp\/v2\/product_tag?post=3322"}],"curies":[{"name":"wp","href":"https:\/\/api.w.org\/{rel}","templated":true}]}}