{"id":3320,"date":"2025-09-29T10:18:12","date_gmt":"2025-09-29T10:18:12","guid":{"rendered":"https:\/\/ehrlichvietnam.vn\/?post_type=product&#038;p=3320"},"modified":"2025-11-27T08:11:22","modified_gmt":"2025-11-27T08:11:22","slug":"vat-khan-doi-vk2-855","status":"publish","type":"product","link":"https:\/\/ehrlichvietnam.vn\/vat-khan-doi-vk2-855\/","title":{"rendered":"V\u1eaft kh\u0103n \u0111\u00f4i VK2-855"},"content":{"rendered":"<h2 data-start=\"128\" data-end=\"176\"><strong data-start=\"131\" data-end=\"174\">V\u1eaft kh\u0103n \u0111\u00f4i Inox 304 cao c\u1ea5p \u2013 Ehrlich<\/strong><\/h2>\n<p data-start=\"228\" data-end=\"457\">Trong kh\u00f4ng gian ph\u00f2ng t\u1eafm hi\u1ec7n \u0111\u1ea1i, nhu c\u1ea7u treo v\u00e0 s\u1eafp x\u1ebfp kh\u0103n m\u1ed9t c\u00e1ch g\u1ecdn g\u00e0ng ng\u00e0y c\u00e0ng \u0111\u01b0\u1ee3c ch\u00fa tr\u1ecdng. \u0110\u00e1p \u1ee9ng \u0111i\u1ec1u \u0111\u00f3, <strong data-start=\"355\" data-end=\"407\">Ehrlich gi\u1edbi thi\u1ec7u v\u1eaft kh\u0103n \u0111\u00f4i Inox 304 cao c\u1ea5p<\/strong> \u2013 gi\u1ea3i ph\u00e1p t\u1ed1i \u01b0u cho s\u1ef1 ti\u1ec7n nghi v\u00e0 th\u1ea9m m\u1ef9.<\/p>\n<p data-start=\"459\" data-end=\"730\">S\u1ea3n ph\u1ea9m \u0111\u01b0\u1ee3c ch\u1ebf t\u00e1c t\u1eeb <strong data-start=\"484\" data-end=\"508\">Inox 304 nguy\u00ean kh\u1ed1i<\/strong>, ch\u1ed1ng g\u1ec9 s\u00e9t tuy\u1ec7t \u0111\u1ed1i, ch\u1ecbu \u1ea9m t\u1ed1t v\u00e0 b\u1ec1n b\u1ec9 theo th\u1eddi gian. <strong data-start=\"572\" data-end=\"604\">Thi\u1ebft k\u1ebf hai thanh song song<\/strong> gi\u00fap treo c\u00f9ng l\u00fac nhi\u1ec1u lo\u1ea1i kh\u0103n kh\u00e1c nhau nh\u01b0 kh\u0103n t\u1eafm, kh\u0103n m\u1eb7t, kh\u0103n lau tay\u2026 v\u1eeba ng\u0103n n\u1eafp v\u1eeba thu\u1eadn ti\u1ec7n khi s\u1eed d\u1ee5ng.<\/p>\n<p data-start=\"732\" data-end=\"995\">B\u1ec1 m\u1eb7t inox \u0111\u01b0\u1ee3c <strong data-start=\"749\" data-end=\"773\">\u0111\u00e1nh b\u00f3ng<\/strong>, kh\u00f4ng b\u00e1m c\u1eb7n b\u1ea9n, d\u1ec5 d\u00e0ng lau ch\u00f9i, gi\u1eef cho s\u1ea3n ph\u1ea9m lu\u00f4n s\u1ea1ch \u0111\u1eb9p nh\u01b0 m\u1edbi. V\u1edbi ki\u1ec3u d\u00e1ng tinh gi\u1ea3n, hi\u1ec7n \u0111\u1ea1i, <strong data-start=\"887\" data-end=\"924\">v\u1eaft kh\u0103n \u0111\u00f4i Inox 304 c\u1ee7a Ehrlich<\/strong> ph\u00f9 h\u1ee3p l\u1eafp \u0111\u1eb7t cho nh\u00e0 ph\u1ed1, chung c\u01b0, kh\u00e1ch s\u1ea1n hay resort cao c\u1ea5p.<\/p>\n<p data-start=\"997\" data-end=\"1126\">Kh\u00f4ng ch\u1ec9 l\u00e0 m\u1ed9t ph\u1ee5 ki\u1ec7n, \u0111\u00e2y c\u00f2n l\u00e0 <strong data-start=\"1035\" data-end=\"1069\">gi\u1ea3i ph\u00e1p ho\u00e0n thi\u1ec7n ph\u00f2ng t\u1eafm<\/strong> v\u1edbi s\u1ef1 k\u1ebft h\u1ee3p h\u00e0i h\u00f2a gi\u1eefa c\u00f4ng n\u0103ng v\u00e0 t\u00ednh th\u1ea9m m\u1ef9.<\/p>\n","protected":false},"excerpt":{"rendered":"<p>\ud83d\udc49 <strong data-start=\"1708\" data-end=\"1798\">V\u1eaft kh\u0103n \u0111\u00f4i Inox 304 Ehrlich \u2013 b\u1ec1n b\u1ec9 v\u01b0\u1ee3t th\u1eddi gian, sang tr\u1ecdng trong t\u1eebng chi ti\u1ebft.<\/strong><\/p>\n","protected":false},"featured_media":4075,"comment_status":"open","ping_status":"closed","template":"","meta":{"_acf_changed":false},"product_brand":[],"product_cat":[23,15,40],"product_tag":[],"class_list":{"0":"post-3320","1":"product","2":"type-product","3":"status-publish","4":"has-post-thumbnail","6":"product_cat-thiet-bi-phong-ve-sinh","7":"product_cat-san-pham","8":"product_cat-phu-kien-phong-tam","10":"first","11":"instock","12":"sale","13":"shipping-taxable","14":"purchasable","15":"product-type-simple"},"acf":[],"_links":{"self":[{"href":"https:\/\/ehrlichvietnam.vn\/en\/wp-json\/wp\/v2\/product\/3320","targetHints":{"allow":["GET"]}}],"collection":[{"href":"https:\/\/ehrlichvietnam.vn\/en\/wp-json\/wp\/v2\/product"}],"about":[{"href":"https:\/\/ehrlichvietnam.vn\/en\/wp-json\/wp\/v2\/types\/product"}],"replies":[{"embeddable":true,"href":"https:\/\/ehrlichvietnam.vn\/en\/wp-json\/wp\/v2\/comments?post=3320"}],"wp:featuredmedia":[{"embeddable":true,"href":"https:\/\/ehrlichvietnam.vn\/en\/wp-json\/wp\/v2\/media\/4075"}],"wp:attachment":[{"href":"https:\/\/ehrlichvietnam.vn\/en\/wp-json\/wp\/v2\/media?parent=3320"}],"wp:term":[{"taxonomy":"product_brand","embeddable":true,"href":"https:\/\/ehrlichvietnam.vn\/en\/wp-json\/wp\/v2\/product_brand?post=3320"},{"taxonomy":"product_cat","embeddable":true,"href":"https:\/\/ehrlichvietnam.vn\/en\/wp-json\/wp\/v2\/product_cat?post=3320"},{"taxonomy":"product_tag","embeddable":true,"href":"https:\/\/ehrlichvietnam.vn\/en\/wp-json\/wp\/v2\/product_tag?post=3320"}],"curies":[{"name":"wp","href":"https:\/\/api.w.org\/{rel}","templated":true}]}}