{"id":3315,"date":"2025-09-29T10:01:34","date_gmt":"2025-09-29T10:01:34","guid":{"rendered":"https:\/\/ehrlichvietnam.vn\/?post_type=product&#038;p=3315"},"modified":"2025-10-22T03:28:01","modified_gmt":"2025-10-22T03:28:01","slug":"vat-khan-don-sieu-cao-cap-danh-cho-biet-thu-vk1-102","status":"publish","type":"product","link":"https:\/\/ehrlichvietnam.vn\/vat-khan-don-sieu-cao-cap-danh-cho-biet-thu-vk1-102\/","title":{"rendered":"V\u1eaft kh\u0103n \u0111\u01a1n si\u00eau cao c\u1ea5p d\u00e0nh cho bi\u1ec7t th\u1ef1 VK1-102"},"content":{"rendered":"<h2 data-start=\"154\" data-end=\"227\"><strong data-start=\"157\" data-end=\"225\">V\u1eaft kh\u0103n \u0111\u01a1n si\u00eau cao c\u1ea5p Ehrlich \u2013 D\u00e0nh cho bi\u1ec7t th\u1ef1 sang tr\u1ecdng<\/strong><\/h2>\n<p data-start=\"279\" data-end=\"515\">Trong thi\u1ebft k\u1ebf ph\u00f2ng t\u1eafm bi\u1ec7t th\u1ef1, \u0111\u00f4i khi s\u1ef1 tinh gi\u1ea3n l\u1ea1i ch\u00ednh l\u00e0 \u0111\u1ec9nh cao c\u1ee7a \u0111\u1eb3ng c\u1ea5p. <strong data-start=\"371\" data-end=\"408\">V\u1eaft kh\u0103n \u0111\u01a1n si\u00eau cao c\u1ea5p Ehrlich<\/strong> ra \u0111\u1eddi \u0111\u1ec3 \u0111\u00e1p \u1ee9ng nhu c\u1ea7u \u0111\u00f3 \u2013 t\u1ed1i \u01b0u c\u00f4ng n\u0103ng, gi\u1eef tr\u1ecdn n\u00e9t sang tr\u1ecdng v\u00e0 tinh t\u1ebf trong t\u1eebng chi ti\u1ebft.<\/p>\n<p data-start=\"517\" data-end=\"885\">S\u1ea3n ph\u1ea9m \u0111\u01b0\u1ee3c ch\u1ebf t\u00e1c t\u1eeb <strong data-start=\"542\" data-end=\"567\">\u0111\u1ed3ng thau nguy\u00ean kh\u1ed1i<\/strong>, ph\u1ee7 l\u1edbp <strong data-start=\"577\" data-end=\"601\">m\u1ea1 Chrome s\u00e1ng b\u00f3ng<\/strong>\u00a0cho v\u1ebb ngo\u00e0i sang tr\u1ecdng, ch\u1ed1ng g\u1ec9 s\u00e9t, ch\u1ed1ng oxy h\u00f3a v\u00e0 lu\u00f4n gi\u1eef \u0111\u1ed9 s\u00e1ng b\u00f3ng nh\u01b0 m\u1edbi. V\u1edbi <strong data-start=\"716\" data-end=\"738\">thi\u1ebft k\u1ebf \u0111\u01a1n thanh<\/strong> t\u1ed1i gi\u1ea3n, v\u1eaft kh\u0103n v\u1eeba ti\u1ebft ki\u1ec7m di\u1ec7n t\u00edch, v\u1eeba mang \u0111\u1ebfn s\u1ef1 g\u1ecdn g\u00e0ng, ph\u00f9 h\u1ee3p cho nh\u1eefng kh\u00f4ng gian bi\u1ec7t th\u1ef1 \u01b0u ti\u00ean phong c\u00e1ch hi\u1ec7n \u0111\u1ea1i tinh t\u1ebf.<\/p>\n<p data-start=\"887\" data-end=\"1150\">T\u1eebng \u0111\u01b0\u1eddng n\u00e9t c\u1ee7a s\u1ea3n ph\u1ea9m \u0111\u01b0\u1ee3c <strong data-start=\"920\" data-end=\"938\">gia c\u00f4ng t\u1ec9 m\u1ec9<\/strong>, \u0111\u1ea3m b\u1ea3o \u0111\u1ed9 ch\u1eafc ch\u1eafn v\u00e0 \u0111\u1ed9 b\u1ec1n v\u01b0\u1ee3t tr\u1ed9i. \u0110\u00e2y kh\u00f4ng ch\u1ec9 l\u00e0 ph\u1ee5 ki\u1ec7n treo kh\u0103n \u0111\u01a1n thu\u1ea7n, m\u00e0 c\u00f2n l\u00e0 <strong data-start=\"1039\" data-end=\"1074\">m\u1ed9t \u0111i\u1ec3m nh\u1ea5n trang tr\u00ed cao c\u1ea5p<\/strong>, g\u00f3p ph\u1ea7n ho\u00e0n thi\u1ec7n v\u1ebb \u0111\u1eb9p sang tr\u1ecdng, ti\u1ec7n nghi cho ph\u00f2ng t\u1eafm bi\u1ec7t th\u1ef1.<\/p>\n","protected":false},"excerpt":{"rendered":"<p>\ud83d\udc49 <strong data-start=\"1768\" data-end=\"1869\">V\u1eaft kh\u0103n \u0111\u01a1n si\u00eau cao c\u1ea5p Ehrlich \u2013 \u0111\u01a1n gi\u1ea3n m\u00e0 tinh t\u1ebf, ho\u00e0n thi\u1ec7n kh\u00f4ng gian bi\u1ec7t th\u1ef1 \u0111\u1eb3ng c\u1ea5p.<\/strong><\/p>\n","protected":false},"featured_media":3291,"comment_status":"open","ping_status":"closed","template":"","meta":{"_acf_changed":false},"product_brand":[],"product_cat":[23,15,40],"product_tag":[],"class_list":{"0":"post-3315","1":"product","2":"type-product","3":"status-publish","4":"has-post-thumbnail","6":"product_cat-thiet-bi-phong-ve-sinh","7":"product_cat-san-pham","8":"product_cat-phu-kien-phong-tam","10":"first","11":"instock","12":"sale","13":"shipping-taxable","14":"purchasable","15":"product-type-simple"},"acf":[],"_links":{"self":[{"href":"https:\/\/ehrlichvietnam.vn\/en\/wp-json\/wp\/v2\/product\/3315","targetHints":{"allow":["GET"]}}],"collection":[{"href":"https:\/\/ehrlichvietnam.vn\/en\/wp-json\/wp\/v2\/product"}],"about":[{"href":"https:\/\/ehrlichvietnam.vn\/en\/wp-json\/wp\/v2\/types\/product"}],"replies":[{"embeddable":true,"href":"https:\/\/ehrlichvietnam.vn\/en\/wp-json\/wp\/v2\/comments?post=3315"}],"wp:featuredmedia":[{"embeddable":true,"href":"https:\/\/ehrlichvietnam.vn\/en\/wp-json\/wp\/v2\/media\/3291"}],"wp:attachment":[{"href":"https:\/\/ehrlichvietnam.vn\/en\/wp-json\/wp\/v2\/media?parent=3315"}],"wp:term":[{"taxonomy":"product_brand","embeddable":true,"href":"https:\/\/ehrlichvietnam.vn\/en\/wp-json\/wp\/v2\/product_brand?post=3315"},{"taxonomy":"product_cat","embeddable":true,"href":"https:\/\/ehrlichvietnam.vn\/en\/wp-json\/wp\/v2\/product_cat?post=3315"},{"taxonomy":"product_tag","embeddable":true,"href":"https:\/\/ehrlichvietnam.vn\/en\/wp-json\/wp\/v2\/product_tag?post=3315"}],"curies":[{"name":"wp","href":"https:\/\/api.w.org\/{rel}","templated":true}]}}