{"id":3313,"date":"2025-09-29T09:53:15","date_gmt":"2025-09-29T09:53:15","guid":{"rendered":"https:\/\/ehrlichvietnam.vn\/?post_type=product&#038;p=3313"},"modified":"2025-10-22T03:28:43","modified_gmt":"2025-10-22T03:28:43","slug":"vat-khan-doi-sieu-cao-cap-danh-cho-biet-thu-vk2-102","status":"publish","type":"product","link":"https:\/\/ehrlichvietnam.vn\/vat-khan-doi-sieu-cao-cap-danh-cho-biet-thu-vk2-102\/","title":{"rendered":"V\u1eaft kh\u0103n \u0111\u00f4i si\u00eau cao c\u1ea5p d\u00e0nh cho bi\u1ec7t th\u1ef1 Vk2-102"},"content":{"rendered":"<h2 data-start=\"156\" data-end=\"229\"><strong data-start=\"159\" data-end=\"227\">V\u1eaft kh\u0103n \u0111\u00f4i si\u00eau cao c\u1ea5p Ehrlich \u2013 D\u00e0nh cho bi\u1ec7t th\u1ef1 sang tr\u1ecdng<\/strong><\/h2>\n<p data-start=\"281\" data-end=\"524\">M\u1ed9t ph\u00f2ng t\u1eafm bi\u1ec7t th\u1ef1 kh\u00f4ng ch\u1ec9 c\u1ea7n ti\u1ec7n nghi m\u00e0 c\u00f2n ph\u1ea3i to\u00e1t l\u00ean v\u1ebb \u0111\u1eb3ng c\u1ea5p v\u00e0 tinh t\u1ebf trong t\u1eebng chi ti\u1ebft. Hi\u1ec3u \u0111i\u1ec1u \u0111\u00f3, <strong data-start=\"407\" data-end=\"455\">Ehrlich gi\u1edbi thi\u1ec7u v\u1eaft kh\u0103n \u0111\u00f4i si\u00eau cao c\u1ea5p<\/strong>, thi\u1ebft k\u1ebf chuy\u00ean bi\u1ec7t cho kh\u00f4ng gian bi\u1ec7t th\u1ef1 v\u00e0 resort h\u1ea1ng sang.<\/p>\n<p data-start=\"526\" data-end=\"800\">S\u1ea3n ph\u1ea9m \u0111\u01b0\u1ee3c ch\u1ebf t\u00e1c t\u1eeb <strong data-start=\"551\" data-end=\"576\">\u0111\u1ed3ng thau nguy\u00ean kh\u1ed1i<\/strong>, ph\u1ee7 l\u1edbp <strong data-start=\"586\" data-end=\"609\">m\u1ea1 Chrome s\u00e1ng b\u00f3ng<\/strong>, mang l\u1ea1i \u0111\u1ed9 b\u1ec1n v\u01b0\u1ee3t tr\u1ed9i v\u00e0 v\u1ebb \u0111\u1eb9p sang tr\u1ecdng. Ch\u1ea5t li\u1ec7u \u0111\u1ed3ng d\u00e0y d\u1eb7n, ch\u1eafc ch\u1eafn, ch\u1ed1ng cong v\u00eanh, ch\u1ed1ng oxy h\u00f3a, \u0111\u1ea3m b\u1ea3o lu\u00f4n gi\u1eef \u0111\u01b0\u1ee3c s\u1ef1 s\u00e1ng m\u1edbi theo th\u1eddi gian.<\/p>\n<p data-start=\"802\" data-end=\"1040\">\u0110i\u1ec3m n\u1ed5i b\u1eadt c\u1ee7a d\u00f2ng s\u1ea3n ph\u1ea9m n\u00e0y l\u00e0 <strong data-start=\"840\" data-end=\"870\">thi\u1ebft k\u1ebf 2 thanh song song<\/strong>, v\u1eeba nh\u00e2n \u0111\u00f4i di\u1ec7n t\u00edch treo kh\u0103n, v\u1eeba s\u1eafp x\u1ebfp g\u1ecdn g\u00e0ng nhi\u1ec1u lo\u1ea1i kh\u0103n kh\u00e1c nhau. T\u1eebng chi ti\u1ebft \u0111\u01b0\u1ee3c gia c\u00f4ng t\u1ec9 m\u1ec9, mang \u0111\u1ebfn c\u1ea3m gi\u00e1c ch\u1eafc ch\u1eafn v\u00e0 th\u1ea9m m\u1ef9 tuy\u1ec7t \u0111\u1ed1i.<\/p>\n<p data-start=\"1042\" data-end=\"1252\">Kh\u00f4ng ch\u1ec9 \u0111\u01a1n thu\u1ea7n l\u00e0 ph\u1ee5 ki\u1ec7n, <strong data-start=\"1075\" data-end=\"1116\">v\u1eaft kh\u0103n \u0111\u00f4i si\u00eau cao c\u1ea5p c\u1ee7a Ehrlich<\/strong> c\u00f2n l\u00e0 <strong data-start=\"1124\" data-end=\"1170\">m\u1ed9t ph\u1ea7n c\u1ee7a ngh\u1ec7 thu\u1eadt s\u1eafp \u0111\u1eb7t kh\u00f4ng gian<\/strong>, ho\u00e0n thi\u1ec7n ph\u00f2ng t\u1eafm bi\u1ec7t th\u1ef1 b\u1eb1ng s\u1ef1 sang tr\u1ecdng, hi\u1ec7n \u0111\u1ea1i v\u00e0 ti\u1ec7n l\u1ee3i t\u1ed1i \u0111a.<\/p>\n","protected":false},"excerpt":{"rendered":"<p>\ud83d\udc49 <strong data-start=\"1872\" data-end=\"1992\">V\u1eaft kh\u0103n \u0111\u00f4i si\u00eau cao c\u1ea5p Ehrlich \u2013 l\u1ef1a ch\u1ecdn ho\u00e0n h\u1ea3o cho ph\u00f2ng t\u1eafm bi\u1ec7t th\u1ef1, kh\u1eb3ng \u0111\u1ecbnh phong c\u00e1ch s\u1ed1ng th\u01b0\u1ee3ng l\u01b0u.<\/strong><\/p>\n","protected":false},"featured_media":3284,"comment_status":"open","ping_status":"closed","template":"","meta":{"_acf_changed":false},"product_brand":[],"product_cat":[23,15,40],"product_tag":[],"class_list":{"0":"post-3313","1":"product","2":"type-product","3":"status-publish","4":"has-post-thumbnail","6":"product_cat-thiet-bi-phong-ve-sinh","7":"product_cat-san-pham","8":"product_cat-phu-kien-phong-tam","10":"first","11":"instock","12":"sale","13":"shipping-taxable","14":"purchasable","15":"product-type-simple"},"acf":[],"_links":{"self":[{"href":"https:\/\/ehrlichvietnam.vn\/en\/wp-json\/wp\/v2\/product\/3313","targetHints":{"allow":["GET"]}}],"collection":[{"href":"https:\/\/ehrlichvietnam.vn\/en\/wp-json\/wp\/v2\/product"}],"about":[{"href":"https:\/\/ehrlichvietnam.vn\/en\/wp-json\/wp\/v2\/types\/product"}],"replies":[{"embeddable":true,"href":"https:\/\/ehrlichvietnam.vn\/en\/wp-json\/wp\/v2\/comments?post=3313"}],"wp:featuredmedia":[{"embeddable":true,"href":"https:\/\/ehrlichvietnam.vn\/en\/wp-json\/wp\/v2\/media\/3284"}],"wp:attachment":[{"href":"https:\/\/ehrlichvietnam.vn\/en\/wp-json\/wp\/v2\/media?parent=3313"}],"wp:term":[{"taxonomy":"product_brand","embeddable":true,"href":"https:\/\/ehrlichvietnam.vn\/en\/wp-json\/wp\/v2\/product_brand?post=3313"},{"taxonomy":"product_cat","embeddable":true,"href":"https:\/\/ehrlichvietnam.vn\/en\/wp-json\/wp\/v2\/product_cat?post=3313"},{"taxonomy":"product_tag","embeddable":true,"href":"https:\/\/ehrlichvietnam.vn\/en\/wp-json\/wp\/v2\/product_tag?post=3313"}],"curies":[{"name":"wp","href":"https:\/\/api.w.org\/{rel}","templated":true}]}}