{"id":3310,"date":"2025-09-29T09:43:15","date_gmt":"2025-09-29T09:43:15","guid":{"rendered":"https:\/\/ehrlichvietnam.vn\/?post_type=product&#038;p=3310"},"modified":"2025-10-22T03:28:55","modified_gmt":"2025-10-22T03:28:55","slug":"vat-khan-gian-sieu-cao-cap-danh-cho-biet-thu-v01","status":"publish","type":"product","link":"https:\/\/ehrlichvietnam.vn\/vat-khan-gian-sieu-cao-cap-danh-cho-biet-thu-v01\/","title":{"rendered":"V\u1eaft kh\u0103n gi\u00e0n si\u00eau cao c\u1ea5p d\u00e0nh cho bi\u1ec7t th\u1ef1 V01"},"content":{"rendered":"<h2 data-start=\"200\" data-end=\"265\"><strong data-start=\"203\" data-end=\"263\">V\u1eaft kh\u0103n gi\u00e0n si\u00eau cao c\u1ea5p b\u1eb1ng \u0111\u1ed3ng m\u1ea1 Chrome \u2013 Ehrlich<\/strong><\/h2>\n<p data-start=\"317\" data-end=\"588\">Trong kh\u00f4ng gian bi\u1ec7t th\u1ef1 sang tr\u1ecdng, t\u1eebng chi ti\u1ebft n\u1ed9i th\u1ea5t \u0111\u1ec1u c\u1ea7n kh\u1eb3ng \u0111\u1ecbnh \u0111\u1eb3ng c\u1ea5p v\u00e0 s\u1ef1 tinh t\u1ebf. Ch\u00ednh v\u00ec th\u1ebf, <strong data-start=\"435\" data-end=\"507\">Ehrlich mang \u0111\u1ebfn d\u00f2ng v\u1eaft kh\u0103n gi\u00e0n si\u00eau cao c\u1ea5p b\u1eb1ng \u0111\u1ed3ng m\u1ea1 Chrome<\/strong>, m\u1ed9t l\u1ef1a ch\u1ecdn ho\u00e0n h\u1ea3o cho nh\u1eefng gia ch\u1ee7 y\u00eau c\u1ea7u cao v\u1ec1 th\u1ea9m m\u1ef9 v\u00e0 ch\u1ea5t l\u01b0\u1ee3ng.<\/p>\n<p data-start=\"590\" data-end=\"837\">S\u1ea3n ph\u1ea9m \u0111\u01b0\u1ee3c ch\u1ebf t\u00e1c t\u1eeb <strong data-start=\"615\" data-end=\"640\">\u0111\u1ed3ng thau nguy\u00ean kh\u1ed1i<\/strong>, ph\u1ee7 l\u1edbp <strong data-start=\"650\" data-end=\"673\">m\u1ea1 Chrome s\u00e1ng b\u00f3ng<\/strong>. Ch\u1ea5t li\u1ec7u \u0111\u1ed3ng d\u00e0y d\u1eb7n cho \u0111\u1ed9 b\u1ec1n v\u01b0\u1ee3t tr\u1ed9i, ch\u1ecbu l\u1ef1c t\u1ed1t, ch\u1ed1ng cong v\u00eanh; b\u1ec1 m\u1eb7t Chrome ch\u1ed1ng g\u1ec9 s\u00e9t, ch\u1ed1ng \u1ed1 v\u00e0ng, gi\u1eef \u0111\u1ed9 s\u00e1ng b\u00f3ng nh\u01b0 g\u01b0\u01a1ng su\u1ed1t nhi\u1ec1u n\u0103m.<\/p>\n<p data-start=\"839\" data-end=\"1108\">Thi\u1ebft k\u1ebf gi\u00e0n \u0111a thanh song song gi\u00fap treo nhi\u1ec1u kh\u0103n c\u00f9ng l\u00fac\u00a0\u0111\u1ec3 t\u1ed1i \u01b0u di\u1ec7n t\u00edch. \u0110\u01b0\u1eddng n\u00e9t tinh t\u1ebf, s\u1eafc s\u1ea3o, ph\u00f9 h\u1ee3p v\u1edbi kh\u00f4ng gian bi\u1ec7t th\u1ef1, resort cao c\u1ea5p n\u01a1i m\u00e0 <strong data-start=\"1056\" data-end=\"1105\">s\u1ef1 ti\u1ec7n nghi ph\u1ea3i song h\u00e0nh c\u00f9ng t\u00ednh th\u1ea9m m\u1ef9<\/strong>.<\/p>\n<p data-start=\"1110\" data-end=\"1298\">Kh\u00f4ng ch\u1ec9 l\u00e0 m\u1ed9t ph\u1ee5 ki\u1ec7n ph\u00f2ng t\u1eafm, <strong data-start=\"1147\" data-end=\"1196\">v\u1eaft kh\u0103n gi\u00e0n b\u1eb1ng \u0111\u1ed3ng m\u1ea1 Chrome c\u1ee7a Ehrlich<\/strong> ch\u00ednh l\u00e0 \u0111i\u1ec3m nh\u1ea5n ho\u00e0n thi\u1ec7n, n\u00e2ng t\u1ea7m gi\u00e1 tr\u1ecb s\u1ed1ng v\u00e0 th\u1ec3 hi\u1ec7n phong c\u00e1ch th\u01b0\u1ee3ng l\u01b0u c\u1ee7a gia ch\u1ee7.<\/p>\n","protected":false},"excerpt":{"rendered":"<p>\ud83d\udc49 <strong data-start=\"1927\" data-end=\"2055\">Ehrlich \u2013 V\u1eaft kh\u0103n gi\u00e0n \u0111\u1ed3ng m\u1ea1 Chrome si\u00eau cao c\u1ea5p: Ho\u00e0n thi\u1ec7n ph\u00f2ng t\u1eafm bi\u1ec7t th\u1ef1 v\u1edbi s\u1ef1 b\u1ec1n b\u1ec9 v\u00e0 \u0111\u1eb3ng c\u1ea5p v\u01b0\u1ee3t th\u1eddi gian.<\/strong><\/p>\n","protected":false},"featured_media":3282,"comment_status":"open","ping_status":"closed","template":"","meta":{"_acf_changed":false},"product_brand":[],"product_cat":[23,15,40],"product_tag":[],"class_list":{"0":"post-3310","1":"product","2":"type-product","3":"status-publish","4":"has-post-thumbnail","6":"product_cat-thiet-bi-phong-ve-sinh","7":"product_cat-san-pham","8":"product_cat-phu-kien-phong-tam","10":"first","11":"instock","12":"sale","13":"shipping-taxable","14":"purchasable","15":"product-type-simple"},"acf":[],"_links":{"self":[{"href":"https:\/\/ehrlichvietnam.vn\/en\/wp-json\/wp\/v2\/product\/3310","targetHints":{"allow":["GET"]}}],"collection":[{"href":"https:\/\/ehrlichvietnam.vn\/en\/wp-json\/wp\/v2\/product"}],"about":[{"href":"https:\/\/ehrlichvietnam.vn\/en\/wp-json\/wp\/v2\/types\/product"}],"replies":[{"embeddable":true,"href":"https:\/\/ehrlichvietnam.vn\/en\/wp-json\/wp\/v2\/comments?post=3310"}],"wp:featuredmedia":[{"embeddable":true,"href":"https:\/\/ehrlichvietnam.vn\/en\/wp-json\/wp\/v2\/media\/3282"}],"wp:attachment":[{"href":"https:\/\/ehrlichvietnam.vn\/en\/wp-json\/wp\/v2\/media?parent=3310"}],"wp:term":[{"taxonomy":"product_brand","embeddable":true,"href":"https:\/\/ehrlichvietnam.vn\/en\/wp-json\/wp\/v2\/product_brand?post=3310"},{"taxonomy":"product_cat","embeddable":true,"href":"https:\/\/ehrlichvietnam.vn\/en\/wp-json\/wp\/v2\/product_cat?post=3310"},{"taxonomy":"product_tag","embeddable":true,"href":"https:\/\/ehrlichvietnam.vn\/en\/wp-json\/wp\/v2\/product_tag?post=3310"}],"curies":[{"name":"wp","href":"https:\/\/api.w.org\/{rel}","templated":true}]}}