{"id":3203,"date":"2025-09-29T07:13:46","date_gmt":"2025-09-29T07:13:46","guid":{"rendered":"https:\/\/ehrlichvietnam.vn\/?post_type=product&#038;p=3203"},"modified":"2025-09-29T07:13:47","modified_gmt":"2025-09-29T07:13:47","slug":"xit-ve-sinh-bep-da-nang-bref-power","status":"publish","type":"product","link":"https:\/\/ehrlichvietnam.vn\/xit-ve-sinh-bep-da-nang-bref-power\/","title":{"rendered":"X\u1ecbt v\u1ec7 sinh b\u1ebfp \u0111a n\u0103ng Bref Power"},"content":{"rendered":"<h3 data-start=\"82\" data-end=\"164\">\u2728 X\u1ecbt v\u1ec7 sinh b\u1ebfp \u0111a n\u0103ng Ehrlich \u2013 \u0110\u00e1nh bay v\u1ebft b\u1ea9n, gi\u1eef b\u1ebfp lu\u00f4n s\u00e1ng b\u00f3ng<\/h3>\n<p data-start=\"166\" data-end=\"452\">X\u1ecbt v\u1ec7 sinh b\u1ebfp <strong data-start=\"182\" data-end=\"193\">Ehrlich<\/strong> l\u00e0 gi\u1ea3i ph\u00e1p ti\u1ec7n l\u1ee3i gi\u00fap anh ch\u1ecb d\u1ec5 d\u00e0ng l\u00e0m s\u1ea1ch d\u1ea7u m\u1ee1, c\u1eb7n b\u00e1m v\u00e0 m\u00f9i kh\u00f3 ch\u1ecbu trong c\u0103n b\u1ebfp. V\u1edbi <strong data-start=\"297\" data-end=\"338\">c\u00f4ng th\u1ee9c t\u1ea9y r\u1eeda chuy\u00ean d\u1ee5ng an to\u00e0n<\/strong>, s\u1ea3n ph\u1ea9m v\u1eeba m\u1ea1nh m\u1ebd trong vi\u1ec7c l\u00e0m s\u1ea1ch, v\u1eeba d\u1ecbu nh\u1eb9, kh\u00f4ng g\u00e2y h\u1ea1i b\u1ec1 m\u1eb7t hay \u1ea3nh h\u01b0\u1edfng s\u1ee9c kh\u1ecfe ng\u01b0\u1eddi d\u00f9ng.<\/p>\n<h4 data-start=\"454\" data-end=\"477\">\u01afu \u0111i\u1ec3m n\u1ed5i b\u1eadt:<\/h4>\n<ul data-start=\"478\" data-end=\"895\">\n<li data-start=\"478\" data-end=\"564\">\n<p data-start=\"480\" data-end=\"564\"><strong data-start=\"480\" data-end=\"492\">\u0110a n\u0103ng:<\/strong> L\u00e0m s\u1ea1ch m\u1eb7t b\u1ebfp t\u1eeb, b\u1ebfp gas, h\u00fat m\u00f9i, t\u1ee7 b\u1ebfp inox, k\u00ednh, g\u1ea1ch men&#8230;<\/p>\n<\/li>\n<li data-start=\"565\" data-end=\"656\">\n<p data-start=\"567\" data-end=\"656\"><strong data-start=\"567\" data-end=\"592\">Hi\u1ec7u qu\u1ea3 nhanh ch\u00f3ng:<\/strong> Lo\u1ea1i b\u1ecf d\u1ea7u m\u1ee1 v\u00e0 v\u1ebft b\u1ea9n c\u1ee9ng \u0111\u1ea7u ch\u1ec9 sau v\u00e0i l\u1ea7n x\u1ecbt \u2013 lau.<\/p>\n<\/li>\n<li data-start=\"657\" data-end=\"740\">\n<p data-start=\"659\" data-end=\"740\"><strong data-start=\"659\" data-end=\"671\">An to\u00e0n:<\/strong> C\u00f4ng th\u1ee9c th\u00e2n thi\u1ec7n, kh\u00f4ng g\u00e2y \u0103n m\u00f2n, kh\u00f4ng \u0111\u1ec3 l\u1ea1i m\u00f9i kh\u00f3 ch\u1ecbu.<\/p>\n<\/li>\n<li data-start=\"741\" data-end=\"815\">\n<p data-start=\"743\" data-end=\"815\"><strong data-start=\"743\" data-end=\"757\">Ti\u1ec7n d\u1ee5ng:<\/strong> D\u1ea1ng chai x\u1ecbt phun s\u01b0\u01a1ng, d\u1ec5 d\u00f9ng, ti\u1ebft ki\u1ec7m dung d\u1ecbch.<\/p>\n<\/li>\n<li data-start=\"816\" data-end=\"895\">\n<p data-start=\"818\" data-end=\"895\"><strong data-start=\"818\" data-end=\"836\">B\u1ea3o v\u1ec7 b\u1ec1 m\u1eb7t:<\/strong> Gi\u1eef cho b\u1ebfp v\u00e0 thi\u1ebft b\u1ecb lu\u00f4n s\u00e1ng b\u00f3ng, b\u1ec1n \u0111\u1eb9p nh\u01b0 m\u1edbi.<\/p>\n<\/li>\n<\/ul>\n<p data-start=\"897\" data-end=\"1075\">V\u1edbi <strong data-start=\"901\" data-end=\"936\">x\u1ecbt v\u1ec7 sinh b\u1ebfp \u0111a n\u0103ng Ehrlich<\/strong>, vi\u1ec7c d\u1ecdn d\u1eb9p b\u1ebfp ch\u01b0a bao gi\u1edd nhanh ch\u00f3ng v\u00e0 nh\u1eb9 nh\u00e0ng \u0111\u1ebfn th\u1ebf \u2013 gi\u00fap anh ch\u1ecb lu\u00f4n s\u1edf h\u1eefu m\u1ed9t c\u0103n b\u1ebfp <strong data-start=\"1040\" data-end=\"1072\">s\u1ea1ch s\u1ebd, g\u1ecdn g\u00e0ng v\u00e0 an to\u00e0n<\/strong>.<\/p>\n","protected":false},"excerpt":{"rendered":"<p>\u2728 <strong data-start=\"96\" data-end=\"131\">X\u1ecbt v\u1ec7 sinh b\u1ebfp \u0111a n\u0103ng Ehrlich<\/strong> \u2013 L\u00e0m s\u1ea1ch d\u1ea7u m\u1ee1, c\u1eb7n b\u1ea9n nhanh ch\u00f3ng, an to\u00e0n cho b\u1ec1 m\u1eb7t, gi\u1eef c\u0103n b\u1ebfp s\u00e1ng b\u00f3ng v\u00e0 g\u1ecdn g\u00e0ng m\u1ed7i ng\u00e0y.<\/p>\n","protected":false},"featured_media":3204,"comment_status":"open","ping_status":"closed","template":"","meta":{"_acf_changed":false},"product_brand":[],"product_cat":[117,15,44],"product_tag":[],"class_list":{"0":"post-3203","1":"product","2":"type-product","3":"status-publish","4":"has-post-thumbnail","6":"product_cat-dung-dich-ve-sinh-phong-bep","7":"product_cat-san-pham","8":"product_cat-thiet-bi-phong-bep","10":"first","11":"instock","12":"sale","13":"shipping-taxable","14":"purchasable","15":"product-type-simple"},"acf":[],"_links":{"self":[{"href":"https:\/\/ehrlichvietnam.vn\/en\/wp-json\/wp\/v2\/product\/3203","targetHints":{"allow":["GET"]}}],"collection":[{"href":"https:\/\/ehrlichvietnam.vn\/en\/wp-json\/wp\/v2\/product"}],"about":[{"href":"https:\/\/ehrlichvietnam.vn\/en\/wp-json\/wp\/v2\/types\/product"}],"replies":[{"embeddable":true,"href":"https:\/\/ehrlichvietnam.vn\/en\/wp-json\/wp\/v2\/comments?post=3203"}],"wp:featuredmedia":[{"embeddable":true,"href":"https:\/\/ehrlichvietnam.vn\/en\/wp-json\/wp\/v2\/media\/3204"}],"wp:attachment":[{"href":"https:\/\/ehrlichvietnam.vn\/en\/wp-json\/wp\/v2\/media?parent=3203"}],"wp:term":[{"taxonomy":"product_brand","embeddable":true,"href":"https:\/\/ehrlichvietnam.vn\/en\/wp-json\/wp\/v2\/product_brand?post=3203"},{"taxonomy":"product_cat","embeddable":true,"href":"https:\/\/ehrlichvietnam.vn\/en\/wp-json\/wp\/v2\/product_cat?post=3203"},{"taxonomy":"product_tag","embeddable":true,"href":"https:\/\/ehrlichvietnam.vn\/en\/wp-json\/wp\/v2\/product_tag?post=3203"}],"curies":[{"name":"wp","href":"https:\/\/api.w.org\/{rel}","templated":true}]}}