{"id":3183,"date":"2025-09-29T04:28:33","date_gmt":"2025-09-29T04:28:33","guid":{"rendered":"https:\/\/ehrlichvietnam.vn\/?post_type=product&#038;p=3183"},"modified":"2025-10-17T04:40:19","modified_gmt":"2025-10-17T04:40:19","slug":"bon-tam-massage-cao-cap-btm1787a","status":"publish","type":"product","link":"https:\/\/ehrlichvietnam.vn\/bon-tam-massage-cao-cap-btm1787a\/","title":{"rendered":"B\u1ed3n t\u1eafm massage cao c\u1ea5p BTM1787A"},"content":{"rendered":"<h3 data-start=\"77\" data-end=\"141\">\ud83d\udec1 B\u1ed3n t\u1eafm massage cao c\u1ea5p Ehrlich \u2013 T\u1eadn h\u01b0\u1edfng spa t\u1ea1i gia<\/h3>\n<p data-start=\"143\" data-end=\"458\">B\u1ed3n t\u1eafm massage <strong data-start=\"159\" data-end=\"170\">Ehrlich<\/strong> l\u00e0 l\u1ef1a ch\u1ecdn ho\u00e0n h\u1ea3o cho nh\u1eefng ai mong mu\u1ed1n v\u1eeba th\u01b0 gi\u00e3n, v\u1eeba ch\u0103m s\u00f3c s\u1ee9c kh\u1ecfe ngay t\u1ea1i nh\u00e0. V\u1edbi <strong data-start=\"269\" data-end=\"351\">thi\u1ebft k\u1ebf sang tr\u1ecdng, ch\u1ea5t li\u1ec7u cao c\u1ea5p v\u00e0 c\u00f4ng ngh\u1ec7 massage th\u1ee7y l\u1ef1c ti\u00ean ti\u1ebfn<\/strong>, s\u1ea3n ph\u1ea9m mang \u0111\u1ebfn tr\u1ea3i nghi\u1ec7m nh\u01b0 m\u1ed9t spa thu nh\u1ecf, gi\u00fap xua tan c\u0103ng th\u1eb3ng v\u00e0 n\u00e2ng cao ch\u1ea5t l\u01b0\u1ee3ng s\u1ed1ng.<\/p>\n<h4 data-start=\"460\" data-end=\"508\">\u0110i\u1ec3m n\u1ed5i b\u1eadt c\u1ee7a b\u1ed3n t\u1eafm massage Ehrlich:<\/h4>\n<ul data-start=\"509\" data-end=\"1094\">\n<li data-start=\"509\" data-end=\"591\">\n<p data-start=\"511\" data-end=\"591\"><strong data-start=\"511\" data-end=\"532\">Ch\u1ea5t li\u1ec7u b\u1ec1n b\u1ec9:<\/strong> Acrylic nguy\u00ean kh\u1ed1i cao c\u1ea5p ch\u1ed1ng b\u00e1m b\u1ea9n, ch\u1ed1ng \u1ed1 v\u00e0ng, d\u1ec5 v\u1ec7 sinh.<\/p>\n<\/li>\n<li data-start=\"592\" data-end=\"751\">\n<p data-start=\"594\" data-end=\"751\"><strong data-start=\"594\" data-end=\"635\">C\u00f4ng ngh\u1ec7 massage th\u1ee7y l\u1ef1c &amp; s\u1ee5c kh\u00ed:<\/strong> K\u1ebft h\u1ee3p h\u1ec7 th\u1ed1ng b\u01a1m n\u01b0\u1edbc m\u1ea1nh m\u1ebd v\u00e0 c\u00e1c \u0111\u1ea7u phun kh\u00ed, t\u1ea1o c\u1ea3m gi\u00e1c th\u01b0 gi\u00e3n to\u00e0n th\u00e2n, k\u00edch th\u00edch l\u01b0u th\u00f4ng m\u00e1u.<\/p>\n<\/li>\n<li data-start=\"752\" data-end=\"864\">\n<p data-start=\"754\" data-end=\"864\"><strong data-start=\"754\" data-end=\"775\">Thi\u1ebft k\u1ebf tinh t\u1ebf:<\/strong> Ki\u1ec3u d\u00e1ng \u0111a d\u1ea1ng t\u1eeb b\u1ed3n g\u00f3c, b\u1ed3n n\u1eb1m \u0111\u1ebfn b\u1ed3n \u0111\u00f4i, ph\u00f9 h\u1ee3p nhi\u1ec1u kh\u00f4ng gian ph\u00f2ng t\u1eafm.<\/p>\n<\/li>\n<li data-start=\"1000\" data-end=\"1094\">\n<p data-start=\"1002\" data-end=\"1094\"><strong data-start=\"1002\" data-end=\"1026\">An to\u00e0n &amp; ti\u1ebft ki\u1ec7m:<\/strong> V\u1eadn h\u00e0nh \u1ed5n \u0111\u1ecbnh, ti\u1ebft ki\u1ec7m \u0111i\u1ec7n v\u00e0 n\u01b0\u1edbc, \u0111\u1ea3m b\u1ea3o \u0111\u1ed9 b\u1ec1n l\u00e2u d\u00e0i.<\/p>\n<\/li>\n<\/ul>\n<p data-start=\"1096\" data-end=\"1271\">V\u1edbi b\u1ed3n t\u1eafm massage <strong data-start=\"1116\" data-end=\"1127\">Ehrlich<\/strong>, anh ch\u1ecb kh\u00f4ng ch\u1ec9 s\u1edf h\u1eefu m\u1ed9t s\u1ea3n ph\u1ea9m v\u1ec7 sinh cao c\u1ea5p m\u00e0 c\u00f2n mang v\u1ec1 c\u1ea3 m\u1ed9t <strong data-start=\"1205\" data-end=\"1268\">kh\u00f4ng gian th\u01b0 gi\u00e3n, ch\u0103m s\u00f3c s\u1ee9c kh\u1ecfe chu\u1ea9n phong c\u00e1ch \u0110\u1ee9c<\/strong>.<\/p>\n","protected":false},"excerpt":{"rendered":"<p>\ud83d\udec1 <strong data-start=\"84\" data-end=\"111\">B\u1ed3n t\u1eafm massage Ehrlich<\/strong> \u2013 Thi\u1ebft k\u1ebf sang tr\u1ecdng, ch\u1ea5t li\u1ec7u cao c\u1ea5p, t\u00edch h\u1ee3p h\u1ec7 th\u1ed1ng massage th\u1ee7y l\u1ef1c &amp; s\u1ee5c kh\u00ed gi\u00fap th\u01b0 gi\u00e3n to\u00e0n th\u00e2n, ch\u0103m s\u00f3c s\u1ee9c kh\u1ecfe t\u1ea1i nh\u00e0 nh\u01b0 spa.<\/p>\n","protected":false},"featured_media":3189,"comment_status":"open","ping_status":"closed","template":"","meta":{"_acf_changed":false},"product_brand":[],"product_cat":[23,15,42],"product_tag":[],"class_list":{"0":"post-3183","1":"product","2":"type-product","3":"status-publish","4":"has-post-thumbnail","6":"product_cat-thiet-bi-phong-ve-sinh","7":"product_cat-san-pham","8":"product_cat-bon-tam","10":"first","11":"instock","12":"sale","13":"shipping-taxable","14":"purchasable","15":"product-type-simple"},"acf":[],"_links":{"self":[{"href":"https:\/\/ehrlichvietnam.vn\/en\/wp-json\/wp\/v2\/product\/3183","targetHints":{"allow":["GET"]}}],"collection":[{"href":"https:\/\/ehrlichvietnam.vn\/en\/wp-json\/wp\/v2\/product"}],"about":[{"href":"https:\/\/ehrlichvietnam.vn\/en\/wp-json\/wp\/v2\/types\/product"}],"replies":[{"embeddable":true,"href":"https:\/\/ehrlichvietnam.vn\/en\/wp-json\/wp\/v2\/comments?post=3183"}],"wp:featuredmedia":[{"embeddable":true,"href":"https:\/\/ehrlichvietnam.vn\/en\/wp-json\/wp\/v2\/media\/3189"}],"wp:attachment":[{"href":"https:\/\/ehrlichvietnam.vn\/en\/wp-json\/wp\/v2\/media?parent=3183"}],"wp:term":[{"taxonomy":"product_brand","embeddable":true,"href":"https:\/\/ehrlichvietnam.vn\/en\/wp-json\/wp\/v2\/product_brand?post=3183"},{"taxonomy":"product_cat","embeddable":true,"href":"https:\/\/ehrlichvietnam.vn\/en\/wp-json\/wp\/v2\/product_cat?post=3183"},{"taxonomy":"product_tag","embeddable":true,"href":"https:\/\/ehrlichvietnam.vn\/en\/wp-json\/wp\/v2\/product_tag?post=3183"}],"curies":[{"name":"wp","href":"https:\/\/api.w.org\/{rel}","templated":true}]}}