{"id":3165,"date":"2025-09-29T02:27:46","date_gmt":"2025-09-29T02:27:46","guid":{"rendered":"https:\/\/ehrlichvietnam.vn\/?post_type=product&#038;p=3165"},"modified":"2026-04-06T09:04:48","modified_gmt":"2026-04-06T09:04:48","slug":"tieu-nam-tn516","status":"publish","type":"product","link":"https:\/\/ehrlichvietnam.vn\/tieu-nam-tn516\/","title":{"rendered":"Ti\u1ec3u nam TN516"},"content":{"rendered":"<h2 data-start=\"87\" data-end=\"122\">\ud83d\udeb9 Ti\u1ec3u nam Ehrlich<\/h2>\n<p data-start=\"124\" data-end=\"396\"><strong data-start=\"124\" data-end=\"144\">Ti\u1ec3u nam Ehrlich<\/strong> \u0111\u01b0\u1ee3c thi\u1ebft k\u1ebf theo phong c\u00e1ch chu\u1ea9n \u0110\u1ee9c, hi\u1ec7n \u0111\u1ea1i v\u00e0 tinh g\u1ecdn, ph\u00f9 h\u1ee3p cho c\u1ea3 <strong data-start=\"223\" data-end=\"275\">nh\u00e0 ph\u1ed1, chung c\u01b0, kh\u00e1ch s\u1ea1n v\u00e0 d\u1ef1 \u00e1n c\u00f4ng tr\u00ecnh<\/strong>. S\u1ea3n ph\u1ea9m s\u1eed d\u1ee5ng <strong data-start=\"294\" data-end=\"341\">s\u1ee9 v\u1ec7 sinh cao c\u1ea5p ph\u1ee7 men Aquaceramic kh\u00e1ng khu\u1ea9n<\/strong>, b\u1ec1 m\u1eb7t s\u00e1ng b\u00f3ng, ch\u1ed1ng b\u00e1m b\u1ea9n v\u00e0 d\u1ec5 d\u00e0ng v\u1ec7 sinh.<\/p>\n<p data-start=\"398\" data-end=\"721\">V\u1edbi thi\u1ebft k\u1ebf <strong data-start=\"411\" data-end=\"456\">treo t\u01b0\u1eddng g\u1ecdn g\u00e0ng ho\u1eb7c \u0111\u1eb7t s\u00e0n ti\u1ec7n l\u1ee3i<\/strong>, ti\u1ec3u nam Ehrlich mang l\u1ea1i s\u1ef1 ti\u1ec7n nghi, ti\u1ebft ki\u1ec7m di\u1ec7n t\u00edch v\u00e0 g\u00f3p ph\u1ea7n t\u1ea1o n\u00ean kh\u00f4ng gian v\u1ec7 sinh sang tr\u1ecdng, \u0111\u1eb3ng c\u1ea5p. Ngo\u00e0i t\u00ednh th\u1ea9m m\u1ef9, s\u1ea3n ph\u1ea9m c\u00f2n \u0111\u01b0\u1ee3c trang b\u1ecb <strong data-start=\"626\" data-end=\"663\">h\u1ec7 th\u1ed1ng x\u1ea3 m\u1ea1nh \u2013 ti\u1ebft ki\u1ec7m n\u01b0\u1edbc<\/strong>, \u0111\u1ea3m b\u1ea3o hi\u1ec7u qu\u1ea3 s\u1eed d\u1ee5ng v\u00e0 th\u00e2n thi\u1ec7n v\u1edbi m\u00f4i tr\u01b0\u1eddng.<\/p>\n<p data-start=\"723\" data-end=\"862\">\ud83d\udc49 <strong data-start=\"726\" data-end=\"746\">Ti\u1ec3u nam Ehrlich<\/strong> \u2013 l\u1ef1a ch\u1ecdn ho\u00e0n h\u1ea3o cho kh\u00f4ng gian v\u1ec7 sinh hi\u1ec7n \u0111\u1ea1i, k\u1ebft h\u1ee3p h\u00e0i h\u00f2a gi\u1eefa c\u00f4ng n\u0103ng, th\u1ea9m m\u1ef9 v\u00e0 \u0111\u1ed9 b\u1ec1n v\u01b0\u1ee3t tr\u1ed9i.<\/p>\n","protected":false},"excerpt":{"rendered":"<p><strong data-start=\"74\" data-end=\"94\">Ti\u1ec3u nam Ehrlich<\/strong> l\u00e0m t\u1eeb s\u1ee9 cao c\u1ea5p ph\u1ee7 men Aquaceramic kh\u00e1ng khu\u1ea9n, ch\u1ed1ng b\u00e1m b\u1ea9n, d\u1ec5 v\u1ec7 sinh. Thi\u1ebft k\u1ebf hi\u1ec7n \u0111\u1ea1i, g\u1ecdn g\u00e0ng, ti\u1ebft ki\u1ec7m di\u1ec7n t\u00edch v\u00e0 n\u01b0\u1edbc, ph\u00f9 h\u1ee3p cho gia \u0111\u00ecnh, kh\u00e1ch s\u1ea1n, c\u00f4ng tr\u00ecnh.<\/p>\n","protected":false},"featured_media":3166,"comment_status":"open","ping_status":"closed","template":"","meta":{"_acf_changed":false},"product_brand":[139],"product_cat":[23,15,120],"product_tag":[],"class_list":{"0":"post-3165","1":"product","2":"type-product","3":"status-publish","4":"has-post-thumbnail","6":"product_brand-ehrlich","7":"product_cat-thiet-bi-phong-ve-sinh","8":"product_cat-san-pham","9":"product_cat-tieu-nam","11":"first","12":"instock","13":"sale","14":"shipping-taxable","15":"purchasable","16":"product-type-simple"},"acf":[],"_links":{"self":[{"href":"https:\/\/ehrlichvietnam.vn\/en\/wp-json\/wp\/v2\/product\/3165","targetHints":{"allow":["GET"]}}],"collection":[{"href":"https:\/\/ehrlichvietnam.vn\/en\/wp-json\/wp\/v2\/product"}],"about":[{"href":"https:\/\/ehrlichvietnam.vn\/en\/wp-json\/wp\/v2\/types\/product"}],"replies":[{"embeddable":true,"href":"https:\/\/ehrlichvietnam.vn\/en\/wp-json\/wp\/v2\/comments?post=3165"}],"wp:featuredmedia":[{"embeddable":true,"href":"https:\/\/ehrlichvietnam.vn\/en\/wp-json\/wp\/v2\/media\/3166"}],"wp:attachment":[{"href":"https:\/\/ehrlichvietnam.vn\/en\/wp-json\/wp\/v2\/media?parent=3165"}],"wp:term":[{"taxonomy":"product_brand","embeddable":true,"href":"https:\/\/ehrlichvietnam.vn\/en\/wp-json\/wp\/v2\/product_brand?post=3165"},{"taxonomy":"product_cat","embeddable":true,"href":"https:\/\/ehrlichvietnam.vn\/en\/wp-json\/wp\/v2\/product_cat?post=3165"},{"taxonomy":"product_tag","embeddable":true,"href":"https:\/\/ehrlichvietnam.vn\/en\/wp-json\/wp\/v2\/product_tag?post=3165"}],"curies":[{"name":"wp","href":"https:\/\/api.w.org\/{rel}","templated":true}]}}